{"id":7540,"date":"2024-07-10T16:08:18","date_gmt":"2024-07-10T19:08:18","guid":{"rendered":"https:\/\/geracaoamanha.org.br\/teste\/?page_id=7540"},"modified":"2024-07-10T16:14:19","modified_gmt":"2024-07-10T19:14:19","slug":"convivencia-familiar-e-comunitaria","status":"publish","type":"page","link":"https:\/\/geracaoamanha.org.br\/teste\/convivencia-familiar-e-comunitaria\/","title":{"rendered":"Conviv\u00eancia Familiar e Comunit\u00e1ria"},"content":{"rendered":"<div class=\"wpb-content-wrapper\"><p>[vc_row][vc_column width=&#8221;2\/3&#8243;][vc_empty_space alter_height=&#8221;small&#8221; hide_on_mobile=&#8221;&#8221;][vc_column_text]Quando a crian\u00e7a\/adolescente vive longe de um conv\u00edvio familiar e comunit\u00e1rio saud\u00e1vel, sua vida pode sofrer grandes impactos negativos. Por isso, cada vez mais os especialistas defendem e elaboram pol\u00edticas p\u00fablicas, que priorizam a perman\u00eancia da crian\u00e7a junto a a fam\u00edlia, seja ela na fam\u00edlia de origem, na fam\u00edlia extensa ou numa fam\u00edlia substituta, em detrimento \u00e0 op\u00e7\u00e3o da perman\u00eancia no acolhimento institucional.<\/p>\n<p>O Instituto Gera\u00e7\u00e3o Amanh\u00e3 \u00e9 signat\u00e1rio do Movimento Nacional Pr\u00f3-Conviv\u00eancia Familiar e Comunit\u00e1ria (MNPCFC), um grupo de forte atua\u00e7\u00e3o nacional formado por profissionais e institui\u00e7\u00f5es de todo o pa\u00eds, que realiza v\u00e1rias a\u00e7\u00f5es, estudos, eventos e mobiliza\u00e7\u00f5es para assegurar cada vez mais, a garantia desse direito a todas as crian\u00e7as e adolescentes.[\/vc_column_text][\/vc_column][vc_column width=&#8221;1\/3&#8243;][vc_column_text][\/vc_column_text][vc_empty_space alter_height=&#8221;small&#8221; hide_on_mobile=&#8221;&#8221;][vc_single_image image=&#8221;7145&#8243; img_size=&#8221;medium&#8221; alignment=&#8221;center&#8221; onclick=&#8221;custom_link&#8221; img_link_target=&#8221;_blank&#8221;][\/vc_column][\/vc_row][vc_row][vc_column][vc_separator color=&#8221;turquoise&#8221;][\/vc_column][\/vc_row][vc_row][vc_column]<div id=\"sc_title_1202757471\"\n\t\tclass=\"sc_title sc_title_default\"><h1 class=\"sc_item_title sc_title_title sc_align_center sc_item_title_style_default sc_item_title_tag\">Quer saber mais?<\/h1><\/div><!-- \/.sc_title -->[vc_empty_space alter_height=&#8221;medium&#8221; hide_on_mobile=&#8221;&#8221;][\/vc_column][\/vc_row][vc_row][vc_column width=&#8221;2\/3&#8243;][vc_empty_space alter_height=&#8221;small&#8221; hide_on_mobile=&#8221;&#8221;][vc_column_text]<\/p>\n<h3 style=\"text-align: center;\">Informa\u00e7\u00f5es Relevantes<\/h3>\n<p>[\/vc_column_text][vc_empty_space alter_height=&#8221;small&#8221; hide_on_mobile=&#8221;&#8221;][vc_single_image image=&#8221;7543&#8243; img_size=&#8221;large&#8221; alignment=&#8221;center&#8221; onclick=&#8221;custom_link&#8221; img_link_target=&#8221;_blank&#8221; link=&#8221;https:\/\/geracaoamanha.org.br\/teste\/categoria\/convivenciafc\/&#8221;][vc_empty_space alter_height=&#8221;small&#8221; hide_on_mobile=&#8221;&#8221;][vc_column_text]<\/p>\n<p style=\"text-align: center;\">Atualiza\u00e7\u00f5es nas orienta\u00e7\u00f5es t\u00e9cnicas, novidades sobre eventos e demais informa\u00e7\u00f5es relevantes sobre conviv\u00eancia familiar e comunit\u00e1ria, s\u00e3o temas dos artigos do nosso blog.<\/p>\n<p style=\"text-align: center;\">E para consultar publica\u00e7\u00f5es especializadas, orienta\u00e7\u00f5es t\u00e9cnicas, estat\u00edsticas e outros conte\u00fados acesse tamb\u00e9m a nossa <span style=\"color: #00ccff;\"><strong><a style=\"color: #00ccff;\" href=\"https:\/\/geracaoamanha.org.br\/teste\/biblioteca\/\" target=\"_blank\" rel=\"noopener noreferrer\">biblioteca<\/a><\/strong><\/span><\/p>\n<p>[\/vc_column_text][vc_empty_space height=&#8221;10px&#8221; alter_height=&#8221;small&#8221; hide_on_mobile=&#8221;&#8221;][vc_btn title=&#8221;LER O BLOG&#8221; style=&#8221;custom&#8221; custom_background=&#8221;#ffe164&#8243; custom_text=&#8221;#1b7091&#8243; align=&#8221;center&#8221; link=&#8221;url:https%3A%2F%2Fgeracaoamanha.org.br%2Fteste%2Fcategoria%2Fconvivenciafc%2F||target:%20_blank|&#8221; el_class=&#8221;sc_item_button&#8221;][\/vc_column][vc_column width=&#8221;1\/3&#8243;][vc_empty_space alter_height=&#8221;small&#8221; hide_on_mobile=&#8221;&#8221;][vc_column_text]<\/p>\n<h3 style=\"text-align: center;\">V\u00eddeos<\/h3>\n<p>[\/vc_column_text][vc_empty_space alter_height=&#8221;small&#8221; hide_on_mobile=&#8221;&#8221;][vc_single_image image=&#8221;7544&#8243; img_size=&#8221;large&#8221; alignment=&#8221;center&#8221; onclick=&#8221;custom_link&#8221; img_link_target=&#8221;_blank&#8221; link=&#8221;https:\/\/www.youtube.com\/playlist?list=PLvL7fvVsqLGriggbB3b-mxS6TZcgMg0w5&#8243;][vc_empty_space alter_height=&#8221;small&#8221; hide_on_mobile=&#8221;&#8221;][vc_column_text]<\/p>\n<p style=\"text-align: center;\">O &#8220;Semin\u00e1rio Minha Vida Fora do Acolhimento&#8221; organizado pelo MNPCFC com o apoio do IGA, reuniu jovens que j\u00e1 passaram pelos Servi\u00e7os de Acolhimento Institucional e Familiar, al\u00e9m de especialistas e estudiosos, enriquecendo as discuss\u00f5es sobre pol\u00edticas p\u00fablicas voltadas para os jovens em processo de transi\u00e7\u00e3o dos servi\u00e7os alternativos.<\/p>\n<p>[\/vc_column_text][vc_empty_space alter_height=&#8221;small&#8221; hide_on_mobile=&#8221;&#8221;][vc_btn title=&#8221;ASSISTIR&#8221; style=&#8221;custom&#8221; custom_background=&#8221;#ffe164&#8243; custom_text=&#8221;#1b7091&#8243; align=&#8221;center&#8221; link=&#8221;url:https%3A%2F%2Fwww.youtube.com%2Fplaylist%3Flist%3DPLvL7fvVsqLGriggbB3b-mxS6TZcgMg0w5||target:%20_blank|&#8221; el_class=&#8221;sc_item_button&#8221;][\/vc_column][\/vc_row][vc_row][vc_column][\/vc_column][\/vc_row]<\/p>\n<\/div>","protected":false},"excerpt":{"rendered":"<p>[vc_row][vc_column width=&#8221;2\/3&#8243;][vc_empty_space alter_height=&#8221;small&#8221; hide_on_mobile=&#8221;&#8221;][vc_column_text]Quando a crian\u00e7a\/adolescente vive longe de um conv\u00edvio familiar e comunit\u00e1rio saud\u00e1vel, sua vida pode sofrer grandes impactos negativos. Por isso, cada vez mais os especialistas defendem e elaboram pol\u00edticas p\u00fablicas, que priorizam a perman\u00eancia da crian\u00e7a junto a a fam\u00edlia, seja ela na fam\u00edlia de origem, na fam\u00edlia extensa ou numa fam\u00edlia substituta, em detrimento \u00e0&hellip;<\/p>\n","protected":false},"author":4,"featured_media":0,"parent":0,"menu_order":0,"comment_status":"closed","ping_status":"closed","template":"","meta":{"give_campaign_id":0,"footnotes":""},"class_list":["post-7540","page","type-page","status-publish","hentry"],"yoast_head":"<!-- This site is optimized with the Yoast SEO plugin v27.2 - https:\/\/yoast.com\/product\/yoast-seo-wordpress\/ -->\n<title>Conviv\u00eancia Familiar e Comunit\u00e1ria - Instituto Gera\u00e7\u00e3o Amanh\u00e3<\/title>\n<meta name=\"robots\" content=\"noindex, follow, max-snippet:-1, max-image-preview:large, max-video-preview:-1\" \/>\n<meta property=\"og:locale\" content=\"pt_BR\" \/>\n<meta property=\"og:type\" content=\"article\" \/>\n<meta property=\"og:title\" content=\"Conviv\u00eancia Familiar e Comunit\u00e1ria - Instituto Gera\u00e7\u00e3o Amanh\u00e3\" \/>\n<meta property=\"og:description\" content=\"[vc_row][vc_column width=&#8221;2\/3&#8243;][vc_empty_space alter_height=&#8221;small&#8221; hide_on_mobile=&#8221;&#8221;][vc_column_text]Quando a crian\u00e7a\/adolescente vive longe de um conv\u00edvio familiar e comunit\u00e1rio saud\u00e1vel, sua vida pode sofrer grandes impactos negativos. Por isso, cada vez mais os especialistas defendem e elaboram pol\u00edticas p\u00fablicas, que priorizam a perman\u00eancia da crian\u00e7a junto a a fam\u00edlia, seja ela na fam\u00edlia de origem, na fam\u00edlia extensa ou numa fam\u00edlia substituta, em detrimento \u00e0&hellip;\" \/>\n<meta property=\"og:url\" content=\"https:\/\/geracaoamanha.org.br\/teste\/convivencia-familiar-e-comunitaria\/\" \/>\n<meta property=\"og:site_name\" content=\"Instituto Gera\u00e7\u00e3o Amanh\u00e3\" \/>\n<meta property=\"article:modified_time\" content=\"2024-07-10T19:14:19+00:00\" \/>\n<meta name=\"twitter:card\" content=\"summary_large_image\" \/>\n<meta name=\"twitter:label1\" content=\"Est. tempo de leitura\" \/>\n\t<meta name=\"twitter:data1\" content=\"3 minutos\" \/>\n<script type=\"application\/ld+json\" class=\"yoast-schema-graph\">{\"@context\":\"https:\/\/schema.org\",\"@graph\":[{\"@type\":\"WebPage\",\"@id\":\"https:\/\/geracaoamanha.org.br\/teste\/convivencia-familiar-e-comunitaria\/\",\"url\":\"https:\/\/geracaoamanha.org.br\/teste\/convivencia-familiar-e-comunitaria\/\",\"name\":\"Conviv\u00eancia Familiar e Comunit\u00e1ria - Instituto Gera\u00e7\u00e3o Amanh\u00e3\",\"isPartOf\":{\"@id\":\"https:\/\/geracaoamanha.org.br\/teste\/#website\"},\"datePublished\":\"2024-07-10T19:08:18+00:00\",\"dateModified\":\"2024-07-10T19:14:19+00:00\",\"breadcrumb\":{\"@id\":\"https:\/\/geracaoamanha.org.br\/teste\/convivencia-familiar-e-comunitaria\/#breadcrumb\"},\"inLanguage\":\"pt-BR\",\"potentialAction\":[{\"@type\":\"ReadAction\",\"target\":[\"https:\/\/geracaoamanha.org.br\/teste\/convivencia-familiar-e-comunitaria\/\"]}]},{\"@type\":\"BreadcrumbList\",\"@id\":\"https:\/\/geracaoamanha.org.br\/teste\/convivencia-familiar-e-comunitaria\/#breadcrumb\",\"itemListElement\":[{\"@type\":\"ListItem\",\"position\":1,\"name\":\"Home\",\"item\":\"https:\/\/geracaoamanha.org.br\/teste\/\"},{\"@type\":\"ListItem\",\"position\":2,\"name\":\"Conviv\u00eancia Familiar e Comunit\u00e1ria\"}]},{\"@type\":\"WebSite\",\"@id\":\"https:\/\/geracaoamanha.org.br\/teste\/#website\",\"url\":\"https:\/\/geracaoamanha.org.br\/teste\/\",\"name\":\"Instituto Gera\u00e7\u00e3o Amanh\u00e3\",\"description\":\"Tudo sobre acolhimento familiar e ado\u00e7\u00e3o\",\"potentialAction\":[{\"@type\":\"SearchAction\",\"target\":{\"@type\":\"EntryPoint\",\"urlTemplate\":\"https:\/\/geracaoamanha.org.br\/teste\/?s={search_term_string}\"},\"query-input\":{\"@type\":\"PropertyValueSpecification\",\"valueRequired\":true,\"valueName\":\"search_term_string\"}}],\"inLanguage\":\"pt-BR\"}]}<\/script>\n<!-- \/ Yoast SEO plugin. -->","yoast_head_json":{"title":"Conviv\u00eancia Familiar e Comunit\u00e1ria - Instituto Gera\u00e7\u00e3o Amanh\u00e3","robots":{"index":"noindex","follow":"follow","max-snippet":"max-snippet:-1","max-image-preview":"max-image-preview:large","max-video-preview":"max-video-preview:-1"},"og_locale":"pt_BR","og_type":"article","og_title":"Conviv\u00eancia Familiar e Comunit\u00e1ria - Instituto Gera\u00e7\u00e3o Amanh\u00e3","og_description":"[vc_row][vc_column width=&#8221;2\/3&#8243;][vc_empty_space alter_height=&#8221;small&#8221; hide_on_mobile=&#8221;&#8221;][vc_column_text]Quando a crian\u00e7a\/adolescente vive longe de um conv\u00edvio familiar e comunit\u00e1rio saud\u00e1vel, sua vida pode sofrer grandes impactos negativos. Por isso, cada vez mais os especialistas defendem e elaboram pol\u00edticas p\u00fablicas, que priorizam a perman\u00eancia da crian\u00e7a junto a a fam\u00edlia, seja ela na fam\u00edlia de origem, na fam\u00edlia extensa ou numa fam\u00edlia substituta, em detrimento \u00e0&hellip;","og_url":"https:\/\/geracaoamanha.org.br\/teste\/convivencia-familiar-e-comunitaria\/","og_site_name":"Instituto Gera\u00e7\u00e3o Amanh\u00e3","article_modified_time":"2024-07-10T19:14:19+00:00","twitter_card":"summary_large_image","twitter_misc":{"Est. tempo de leitura":"3 minutos"},"schema":{"@context":"https:\/\/schema.org","@graph":[{"@type":"WebPage","@id":"https:\/\/geracaoamanha.org.br\/teste\/convivencia-familiar-e-comunitaria\/","url":"https:\/\/geracaoamanha.org.br\/teste\/convivencia-familiar-e-comunitaria\/","name":"Conviv\u00eancia Familiar e Comunit\u00e1ria - Instituto Gera\u00e7\u00e3o Amanh\u00e3","isPartOf":{"@id":"https:\/\/geracaoamanha.org.br\/teste\/#website"},"datePublished":"2024-07-10T19:08:18+00:00","dateModified":"2024-07-10T19:14:19+00:00","breadcrumb":{"@id":"https:\/\/geracaoamanha.org.br\/teste\/convivencia-familiar-e-comunitaria\/#breadcrumb"},"inLanguage":"pt-BR","potentialAction":[{"@type":"ReadAction","target":["https:\/\/geracaoamanha.org.br\/teste\/convivencia-familiar-e-comunitaria\/"]}]},{"@type":"BreadcrumbList","@id":"https:\/\/geracaoamanha.org.br\/teste\/convivencia-familiar-e-comunitaria\/#breadcrumb","itemListElement":[{"@type":"ListItem","position":1,"name":"Home","item":"https:\/\/geracaoamanha.org.br\/teste\/"},{"@type":"ListItem","position":2,"name":"Conviv\u00eancia Familiar e Comunit\u00e1ria"}]},{"@type":"WebSite","@id":"https:\/\/geracaoamanha.org.br\/teste\/#website","url":"https:\/\/geracaoamanha.org.br\/teste\/","name":"Instituto Gera\u00e7\u00e3o Amanh\u00e3","description":"Tudo sobre acolhimento familiar e ado\u00e7\u00e3o","potentialAction":[{"@type":"SearchAction","target":{"@type":"EntryPoint","urlTemplate":"https:\/\/geracaoamanha.org.br\/teste\/?s={search_term_string}"},"query-input":{"@type":"PropertyValueSpecification","valueRequired":true,"valueName":"search_term_string"}}],"inLanguage":"pt-BR"}]}},"campaignId":"","_links":{"self":[{"href":"https:\/\/geracaoamanha.org.br\/teste\/wp-json\/wp\/v2\/pages\/7540","targetHints":{"allow":["GET"]}}],"collection":[{"href":"https:\/\/geracaoamanha.org.br\/teste\/wp-json\/wp\/v2\/pages"}],"about":[{"href":"https:\/\/geracaoamanha.org.br\/teste\/wp-json\/wp\/v2\/types\/page"}],"author":[{"embeddable":true,"href":"https:\/\/geracaoamanha.org.br\/teste\/wp-json\/wp\/v2\/users\/4"}],"replies":[{"embeddable":true,"href":"https:\/\/geracaoamanha.org.br\/teste\/wp-json\/wp\/v2\/comments?post=7540"}],"version-history":[{"count":8,"href":"https:\/\/geracaoamanha.org.br\/teste\/wp-json\/wp\/v2\/pages\/7540\/revisions"}],"predecessor-version":[{"id":7546,"href":"https:\/\/geracaoamanha.org.br\/teste\/wp-json\/wp\/v2\/pages\/7540\/revisions\/7546"}],"wp:attachment":[{"href":"https:\/\/geracaoamanha.org.br\/teste\/wp-json\/wp\/v2\/media?parent=7540"}],"curies":[{"name":"wp","href":"https:\/\/api.w.org\/{rel}","templated":true}]}}