{"id":7510,"date":"2024-07-10T12:50:02","date_gmt":"2024-07-10T15:50:02","guid":{"rendered":"https:\/\/geracaoamanha.org.br\/teste\/?page_id=7510"},"modified":"2024-07-10T13:54:29","modified_gmt":"2024-07-10T16:54:29","slug":"fim-da-violencia","status":"publish","type":"page","link":"https:\/\/geracaoamanha.org.br\/teste\/fim-da-violencia\/","title":{"rendered":"Fim da Viol\u00eancia"},"content":{"rendered":"<div class=\"wpb-content-wrapper\"><p>[vc_row][vc_column width=&#8221;2\/3&#8243;][vc_empty_space alter_height=&#8221;small&#8221; hide_on_mobile=&#8221;&#8221;][vc_empty_space alter_height=&#8221;small&#8221; hide_on_mobile=&#8221;&#8221;][vc_column_text]Existem diversas formas de viol\u00eancia contra crian\u00e7as e adolescentes. Muitas delas s\u00e3o cometidas por quem deveria exercer o papel de protetor da crian\u00e7a, o que gera subnotifica\u00e7\u00f5es e dificulta a identifica\u00e7\u00e3o dessas viol\u00eancias para a tomada das devidas medidas de prote\u00e7\u00e3o. Por isso, \u00e9 necess\u00e1rio que toda a sociedade esteja atenta, saiba identificar os sinais e conhe\u00e7a os meios e canais para denunciar e ajudar na defesa das crian\u00e7as e adolescentes.<\/p>\n<p>Podemos citar como formas de viol\u00eancia mais frequentes: a neglig\u00eancia, o abandono, a viol\u00eancia f\u00edsica, que pode chegar ao hom\u00edcidio, a viol\u00eancia sexual, que se divide em abuso e explora\u00e7\u00e3o sexual e a viol\u00eancia psicol\u00f3gica (associada \u00e0 outras viol\u00eancias, na maioria das vezes). Mais recentemente, o bullying e o cyberbullying tamb\u00e9m foram acrescentados \u00e0 lista das viol\u00eancias psicol\u00f3gicas, com graves consequ\u00eancias \u00e0 sa\u00fade mental das crian\u00e7as e adolescentes.[\/vc_column_text][\/vc_column][vc_column width=&#8221;1\/3&#8243;][vc_column_text][\/vc_column_text][vc_empty_space alter_height=&#8221;medium&#8221; hide_on_mobile=&#8221;&#8221;][vc_single_image image=&#8221;7142&#8243; img_size=&#8221;medium&#8221; alignment=&#8221;center&#8221; onclick=&#8221;custom_link&#8221; img_link_target=&#8221;_blank&#8221;][\/vc_column][\/vc_row][vc_row][vc_column][vc_separator color=&#8221;turquoise&#8221;][\/vc_column][\/vc_row][vc_row][vc_column]<div id=\"sc_title_385238274\"\n\t\tclass=\"sc_title sc_title_default\"><h1 class=\"sc_item_title sc_title_title sc_align_center sc_item_title_style_default sc_item_title_tag\">Quer saber mais?<\/h1><\/div><!-- \/.sc_title -->[vc_empty_space alter_height=&#8221;medium&#8221; hide_on_mobile=&#8221;&#8221;][\/vc_column][\/vc_row][vc_row][vc_column width=&#8221;2\/3&#8243;][vc_column_text]<\/p>\n<h3 style=\"text-align: center;\">Curso Gratuito<\/h3>\n<p>[\/vc_column_text][vc_empty_space alter_height=&#8221;small&#8221; hide_on_mobile=&#8221;&#8221;][vc_single_image image=&#8221;7516&#8243; img_size=&#8221;large&#8221; alignment=&#8221;center&#8221; onclick=&#8221;custom_link&#8221; img_link_target=&#8221;_blank&#8221; link=&#8221;https:\/\/www.eadgeracaoamanha.com.br\/gratuito\/9\/violencia-contra-criancas-e-adolescentes-perfil-psicologico-e-sinais-de\/&#8221;][vc_empty_space alter_height=&#8221;small&#8221; hide_on_mobile=&#8221;&#8221;][vc_column_text]<\/p>\n<p style=\"text-align: center;\">O Instituto Gera\u00e7\u00e3o Amanh\u00e3 em parceria com a psic\u00f3loga Carolina Bernardo, especialista em Terapia Cognitivo Comportamental, disponibiliza de forma totalmente gratuita, o curso \u201cViol\u00eancia contra crian\u00e7as e adolescentes \u2013 perfil psicol\u00f3gico e sinais de alerta\u201d, para todos os interessados em defender os direitos das nossas crian\u00e7as.<\/p>\n<p style=\"text-align: center;\">O curso \u00e9 composto por 7 aulas e tem como objetivo disseminar o conhecimento sobre as poss\u00edveis viol\u00eancias sofridas por crian\u00e7as e adolescentes e como podemos ajudar na preven\u00e7\u00e3o, combate e enfrentamento desse grave problema que atinge crian\u00e7as e adolescentes de todas as idades e classes sociais.<\/p>\n<p>[\/vc_column_text][vc_empty_space alter_height=&#8221;small&#8221; hide_on_mobile=&#8221;&#8221;][vc_btn title=&#8221;VER O CURSO&#8221; style=&#8221;custom&#8221; custom_background=&#8221;#ffe164&#8243; custom_text=&#8221;#1b7091&#8243; align=&#8221;center&#8221; link=&#8221;url:https%3A%2F%2Fwww.eadgeracaoamanha.com.br%2Fgratuito%2F9%2Fviolencia-contra-criancas-e-adolescentes-perfil-psicologico-e-sinais-de%2F||target:%20_blank|&#8221; el_class=&#8221;sc_item_button&#8221;][\/vc_column][vc_column width=&#8221;1\/3&#8243;][vc_column_text]<\/p>\n<h3 style=\"text-align: center;\">Panorama<\/h3>\n<p>[\/vc_column_text][vc_empty_space alter_height=&#8221;small&#8221; hide_on_mobile=&#8221;&#8221;][vc_single_image image=&#8221;7533&#8243; img_size=&#8221;large&#8221; alignment=&#8221;center&#8221; onclick=&#8221;custom_link&#8221; img_link_target=&#8221;_blank&#8221; link=&#8221;https:\/\/geracaoamanha.org.br\/teste\/wp-content\/uploads\/2024\/07\/Anuario-SegPub-2023-Dimensao-Viol-Criancas-e-Adolesc.pdf&#8221;][vc_empty_space alter_height=&#8221;small&#8221; hide_on_mobile=&#8221;&#8221;][vc_column_text]<\/p>\n<p style=\"text-align: center;\">Os n\u00fameros da viol\u00eancia, embora subnotificados, s\u00e3o assustadores. Acreditamos que a sensibiliza\u00e7\u00e3o e a informa\u00e7\u00e3o s\u00e3o os primeiros passos para o desenvolvimento de a\u00e7\u00f5es efetivas, por isso fizemos um recorte dessa dimens\u00e3o do Anu\u00e1rio Brasileiro de Seguran\u00e7a P\u00fablica 2023.<\/p>\n<p>[\/vc_column_text][vc_empty_space alter_height=&#8221;small&#8221; hide_on_mobile=&#8221;&#8221;][vc_btn title=&#8221;ACESSAR&#8221; style=&#8221;custom&#8221; custom_background=&#8221;#ffe164&#8243; custom_text=&#8221;#1b7091&#8243; align=&#8221;center&#8221; link=&#8221;url:https%3A%2F%2Fgeracaoamanha.org.br%2Fteste%2Fwp-content%2Fuploads%2F2024%2F07%2FAnuario-SegPub-2023-Dimensao-Viol-Criancas-e-Adolesc.pdf||target:%20_blank|&#8221; el_class=&#8221;sc_item_button&#8221;][\/vc_column][\/vc_row][vc_row][vc_column][vc_empty_space alter_height=&#8221;medium&#8221; hide_on_mobile=&#8221;&#8221;][vc_column_text]<\/p>\n<h3 style=\"text-align: center;\">Informa\u00e7\u00f5es Relevantes<\/h3>\n<p>[\/vc_column_text][vc_empty_space alter_height=&#8221;small&#8221; hide_on_mobile=&#8221;&#8221;][vc_single_image image=&#8221;7518&#8243; img_size=&#8221;large&#8221; alignment=&#8221;center&#8221; onclick=&#8221;custom_link&#8221; img_link_target=&#8221;_blank&#8221; link=&#8221;https:\/\/geracaoamanha.org.br\/teste\/categoria\/violencia\/&#8221;][vc_empty_space alter_height=&#8221;small&#8221; hide_on_mobile=&#8221;&#8221;][vc_column_text]<\/p>\n<p style=\"text-align: center;\">Atualiza\u00e7\u00f5es nas leis, novidades sobre eventos e demais informa\u00e7\u00f5es sobre a preven\u00e7\u00e3o e o combate a viol\u00eancia contra e adolescentes s\u00e3o temas dos artigos do nosso blog.<\/p>\n<p style=\"text-align: center;\">E para consultar publica\u00e7\u00f5es especializadas, estat\u00edsticas e outros conte\u00fados acesse tamb\u00e9m a nossa <span style=\"color: #00ccff;\"><strong><a style=\"color: #00ccff;\" href=\"https:\/\/geracaoamanha.org.br\/teste\/biblioteca\/\" target=\"_blank\" rel=\"noopener noreferrer\">biblioteca<\/a><\/strong><\/span><\/p>\n<p>[\/vc_column_text][vc_empty_space alter_height=&#8221;small&#8221; hide_on_mobile=&#8221;&#8221;][vc_btn title=&#8221;LER O BLOG&#8221; style=&#8221;custom&#8221; custom_background=&#8221;#ffe164&#8243; custom_text=&#8221;#1b7091&#8243; align=&#8221;center&#8221; link=&#8221;url:https%3A%2F%2Fgeracaoamanha.org.br%2Fteste%2Fcategoria%2Fviolencia%2F||target:%20_blank|&#8221; el_class=&#8221;sc_item_button&#8221;][\/vc_column][\/vc_row][vc_row][vc_column][\/vc_column][\/vc_row]<\/p>\n<\/div>","protected":false},"excerpt":{"rendered":"<p>[vc_row][vc_column width=&#8221;2\/3&#8243;][vc_empty_space alter_height=&#8221;small&#8221; hide_on_mobile=&#8221;&#8221;][vc_empty_space alter_height=&#8221;small&#8221; hide_on_mobile=&#8221;&#8221;][vc_column_text]Existem diversas formas de viol\u00eancia contra crian\u00e7as e adolescentes. Muitas delas s\u00e3o cometidas por quem deveria exercer o papel de protetor da crian\u00e7a, o que gera subnotifica\u00e7\u00f5es e dificulta a identifica\u00e7\u00e3o dessas viol\u00eancias para a tomada das devidas medidas de prote\u00e7\u00e3o. Por isso, \u00e9 necess\u00e1rio que toda a sociedade esteja atenta, saiba identificar os sinais&hellip;<\/p>\n","protected":false},"author":4,"featured_media":0,"parent":0,"menu_order":0,"comment_status":"closed","ping_status":"closed","template":"","meta":{"give_campaign_id":0,"footnotes":""},"class_list":["post-7510","page","type-page","status-publish","hentry"],"yoast_head":"<!-- This site is optimized with the Yoast SEO plugin v27.2 - https:\/\/yoast.com\/product\/yoast-seo-wordpress\/ -->\n<title>Fim da Viol\u00eancia - Instituto Gera\u00e7\u00e3o Amanh\u00e3<\/title>\n<meta name=\"robots\" content=\"noindex, follow, max-snippet:-1, max-image-preview:large, max-video-preview:-1\" \/>\n<meta property=\"og:locale\" content=\"pt_BR\" \/>\n<meta property=\"og:type\" content=\"article\" \/>\n<meta property=\"og:title\" content=\"Fim da Viol\u00eancia - Instituto Gera\u00e7\u00e3o Amanh\u00e3\" \/>\n<meta property=\"og:description\" content=\"[vc_row][vc_column width=&#8221;2\/3&#8243;][vc_empty_space alter_height=&#8221;small&#8221; hide_on_mobile=&#8221;&#8221;][vc_empty_space alter_height=&#8221;small&#8221; hide_on_mobile=&#8221;&#8221;][vc_column_text]Existem diversas formas de viol\u00eancia contra crian\u00e7as e adolescentes. Muitas delas s\u00e3o cometidas por quem deveria exercer o papel de protetor da crian\u00e7a, o que gera subnotifica\u00e7\u00f5es e dificulta a identifica\u00e7\u00e3o dessas viol\u00eancias para a tomada das devidas medidas de prote\u00e7\u00e3o. Por isso, \u00e9 necess\u00e1rio que toda a sociedade esteja atenta, saiba identificar os sinais&hellip;\" \/>\n<meta property=\"og:url\" content=\"https:\/\/geracaoamanha.org.br\/teste\/fim-da-violencia\/\" \/>\n<meta property=\"og:site_name\" content=\"Instituto Gera\u00e7\u00e3o Amanh\u00e3\" \/>\n<meta property=\"article:modified_time\" content=\"2024-07-10T16:54:29+00:00\" \/>\n<meta name=\"twitter:card\" content=\"summary_large_image\" \/>\n<meta name=\"twitter:label1\" content=\"Est. tempo de leitura\" \/>\n\t<meta name=\"twitter:data1\" content=\"4 minutos\" \/>\n<script type=\"application\/ld+json\" class=\"yoast-schema-graph\">{\"@context\":\"https:\/\/schema.org\",\"@graph\":[{\"@type\":\"WebPage\",\"@id\":\"https:\/\/geracaoamanha.org.br\/teste\/fim-da-violencia\/\",\"url\":\"https:\/\/geracaoamanha.org.br\/teste\/fim-da-violencia\/\",\"name\":\"Fim da Viol\u00eancia - Instituto Gera\u00e7\u00e3o Amanh\u00e3\",\"isPartOf\":{\"@id\":\"https:\/\/geracaoamanha.org.br\/teste\/#website\"},\"datePublished\":\"2024-07-10T15:50:02+00:00\",\"dateModified\":\"2024-07-10T16:54:29+00:00\",\"breadcrumb\":{\"@id\":\"https:\/\/geracaoamanha.org.br\/teste\/fim-da-violencia\/#breadcrumb\"},\"inLanguage\":\"pt-BR\",\"potentialAction\":[{\"@type\":\"ReadAction\",\"target\":[\"https:\/\/geracaoamanha.org.br\/teste\/fim-da-violencia\/\"]}]},{\"@type\":\"BreadcrumbList\",\"@id\":\"https:\/\/geracaoamanha.org.br\/teste\/fim-da-violencia\/#breadcrumb\",\"itemListElement\":[{\"@type\":\"ListItem\",\"position\":1,\"name\":\"Home\",\"item\":\"https:\/\/geracaoamanha.org.br\/teste\/\"},{\"@type\":\"ListItem\",\"position\":2,\"name\":\"Fim da Viol\u00eancia\"}]},{\"@type\":\"WebSite\",\"@id\":\"https:\/\/geracaoamanha.org.br\/teste\/#website\",\"url\":\"https:\/\/geracaoamanha.org.br\/teste\/\",\"name\":\"Instituto Gera\u00e7\u00e3o Amanh\u00e3\",\"description\":\"Tudo sobre acolhimento familiar e ado\u00e7\u00e3o\",\"potentialAction\":[{\"@type\":\"SearchAction\",\"target\":{\"@type\":\"EntryPoint\",\"urlTemplate\":\"https:\/\/geracaoamanha.org.br\/teste\/?s={search_term_string}\"},\"query-input\":{\"@type\":\"PropertyValueSpecification\",\"valueRequired\":true,\"valueName\":\"search_term_string\"}}],\"inLanguage\":\"pt-BR\"}]}<\/script>\n<!-- \/ Yoast SEO plugin. -->","yoast_head_json":{"title":"Fim da Viol\u00eancia - Instituto Gera\u00e7\u00e3o Amanh\u00e3","robots":{"index":"noindex","follow":"follow","max-snippet":"max-snippet:-1","max-image-preview":"max-image-preview:large","max-video-preview":"max-video-preview:-1"},"og_locale":"pt_BR","og_type":"article","og_title":"Fim da Viol\u00eancia - Instituto Gera\u00e7\u00e3o Amanh\u00e3","og_description":"[vc_row][vc_column width=&#8221;2\/3&#8243;][vc_empty_space alter_height=&#8221;small&#8221; hide_on_mobile=&#8221;&#8221;][vc_empty_space alter_height=&#8221;small&#8221; hide_on_mobile=&#8221;&#8221;][vc_column_text]Existem diversas formas de viol\u00eancia contra crian\u00e7as e adolescentes. Muitas delas s\u00e3o cometidas por quem deveria exercer o papel de protetor da crian\u00e7a, o que gera subnotifica\u00e7\u00f5es e dificulta a identifica\u00e7\u00e3o dessas viol\u00eancias para a tomada das devidas medidas de prote\u00e7\u00e3o. Por isso, \u00e9 necess\u00e1rio que toda a sociedade esteja atenta, saiba identificar os sinais&hellip;","og_url":"https:\/\/geracaoamanha.org.br\/teste\/fim-da-violencia\/","og_site_name":"Instituto Gera\u00e7\u00e3o Amanh\u00e3","article_modified_time":"2024-07-10T16:54:29+00:00","twitter_card":"summary_large_image","twitter_misc":{"Est. tempo de leitura":"4 minutos"},"schema":{"@context":"https:\/\/schema.org","@graph":[{"@type":"WebPage","@id":"https:\/\/geracaoamanha.org.br\/teste\/fim-da-violencia\/","url":"https:\/\/geracaoamanha.org.br\/teste\/fim-da-violencia\/","name":"Fim da Viol\u00eancia - Instituto Gera\u00e7\u00e3o Amanh\u00e3","isPartOf":{"@id":"https:\/\/geracaoamanha.org.br\/teste\/#website"},"datePublished":"2024-07-10T15:50:02+00:00","dateModified":"2024-07-10T16:54:29+00:00","breadcrumb":{"@id":"https:\/\/geracaoamanha.org.br\/teste\/fim-da-violencia\/#breadcrumb"},"inLanguage":"pt-BR","potentialAction":[{"@type":"ReadAction","target":["https:\/\/geracaoamanha.org.br\/teste\/fim-da-violencia\/"]}]},{"@type":"BreadcrumbList","@id":"https:\/\/geracaoamanha.org.br\/teste\/fim-da-violencia\/#breadcrumb","itemListElement":[{"@type":"ListItem","position":1,"name":"Home","item":"https:\/\/geracaoamanha.org.br\/teste\/"},{"@type":"ListItem","position":2,"name":"Fim da Viol\u00eancia"}]},{"@type":"WebSite","@id":"https:\/\/geracaoamanha.org.br\/teste\/#website","url":"https:\/\/geracaoamanha.org.br\/teste\/","name":"Instituto Gera\u00e7\u00e3o Amanh\u00e3","description":"Tudo sobre acolhimento familiar e ado\u00e7\u00e3o","potentialAction":[{"@type":"SearchAction","target":{"@type":"EntryPoint","urlTemplate":"https:\/\/geracaoamanha.org.br\/teste\/?s={search_term_string}"},"query-input":{"@type":"PropertyValueSpecification","valueRequired":true,"valueName":"search_term_string"}}],"inLanguage":"pt-BR"}]}},"campaignId":"","_links":{"self":[{"href":"https:\/\/geracaoamanha.org.br\/teste\/wp-json\/wp\/v2\/pages\/7510","targetHints":{"allow":["GET"]}}],"collection":[{"href":"https:\/\/geracaoamanha.org.br\/teste\/wp-json\/wp\/v2\/pages"}],"about":[{"href":"https:\/\/geracaoamanha.org.br\/teste\/wp-json\/wp\/v2\/types\/page"}],"author":[{"embeddable":true,"href":"https:\/\/geracaoamanha.org.br\/teste\/wp-json\/wp\/v2\/users\/4"}],"replies":[{"embeddable":true,"href":"https:\/\/geracaoamanha.org.br\/teste\/wp-json\/wp\/v2\/comments?post=7510"}],"version-history":[{"count":20,"href":"https:\/\/geracaoamanha.org.br\/teste\/wp-json\/wp\/v2\/pages\/7510\/revisions"}],"predecessor-version":[{"id":7539,"href":"https:\/\/geracaoamanha.org.br\/teste\/wp-json\/wp\/v2\/pages\/7510\/revisions\/7539"}],"wp:attachment":[{"href":"https:\/\/geracaoamanha.org.br\/teste\/wp-json\/wp\/v2\/media?parent=7510"}],"curies":[{"name":"wp","href":"https:\/\/api.w.org\/{rel}","templated":true}]}}