{"id":7453,"date":"2024-07-08T18:19:44","date_gmt":"2024-07-08T21:19:44","guid":{"rendered":"https:\/\/geracaoamanha.org.br\/teste\/?page_id=7453"},"modified":"2024-07-29T11:15:06","modified_gmt":"2024-07-29T14:15:06","slug":"adocao","status":"publish","type":"page","link":"https:\/\/geracaoamanha.org.br\/teste\/adocao\/","title":{"rendered":"Ado\u00e7\u00e3o"},"content":{"rendered":"<div class=\"wpb-content-wrapper\"><p>[vc_row][vc_column width=&#8221;2\/3&#8243;][vc_empty_space alter_height=&#8221;small&#8221; hide_on_mobile=&#8221;&#8221;][vc_empty_space alter_height=&#8221;small&#8221; hide_on_mobile=&#8221;&#8221;][vc_column_text]A palavra ado\u00e7\u00e3o vem do latim ADOPTARE, que significa perfilhar, dar o seu nome a, escolher, ajuntar. Juridicamente podemos definir ado\u00e7\u00e3o como \u201cprocedimento legal que transfere todos os direitos e deveres dos pais biol\u00f3gicos para uma fam\u00edlia adotiva\u201d ou \u201cdecis\u00e3o legal a partir da qual uma crian\u00e7a ou adolescente n\u00e3o gerado biologicamente pelo adotante torna-se seu filho de modo definitivo e irrevog\u00e1vel\u201d.<\/p>\n<p>Segundo o Estatuto da Crian\u00e7a e do Adolescente (ECA), \u00e9 direito da crian\u00e7a permanecer com sua fam\u00edlia biol\u00f3gica, por isso considera a ado\u00e7\u00e3o uma medida a ser aplicada \u201cexcepcionalmente\u201d (art. 19), para assegurar o direito constitucional \u00e0 conviv\u00eancia familiar e comunit\u00e1ria, somente quando se concluir ser imposs\u00edvel a manuten\u00e7\u00e3o das crian\u00e7as ou adolescentes na fam\u00edlia de origem ou extensa.<\/p>\n<p><strong>Quem pode adotar?<\/strong> Qualquer pessoa maior de 18 (dezoito) anos pode adotar, independentemente do estado civil, orienta\u00e7\u00e3o sexual ou classe social. O pretendente dever\u00e1 apresentar uma diferen\u00e7a m\u00ednima de 16 (dezesseis) anos em rela\u00e7\u00e3o \u00e0 idade da crian\u00e7a ou adolescente que for adotado, desde que n\u00e3o apresente uma das condi\u00e7\u00f5es abaixo: ser parente em linha reta ascendente (av\u00f3s) e irm\u00e3o, chamados juridicamente de fam\u00edlia extensa. Nesses casos \u00e9 poss\u00edvel a concess\u00e3o de guarda ou tutela. Obs: tios podem adotar. O impedimento legal \u00e0 ado\u00e7\u00e3o \u00e9 somente para ascendentes e irm\u00e3os do adotando \u2013 ECA Art.42 \/ tutores n\u00e3o podem adotar tutelados, enquanto n\u00e3o der conta de sua administra\u00e7\u00e3o e saldar o seu alcance\/ pessoas que n\u00e3o gozam plenamente de suas faculdades mentais\/ pessoas com antecedentes criminais. Obs: eventualmente, pessoas com antecedentes podem adotar, a depender do crime e das condi\u00e7\u00f5es em que foi praticado.[\/vc_column_text][\/vc_column][vc_column width=&#8221;1\/3&#8243;][vc_column_text][\/vc_column_text][vc_empty_space alter_height=&#8221;huge&#8221; hide_on_mobile=&#8221;&#8221;][vc_single_image image=&#8221;7140&#8243; img_size=&#8221;medium&#8221; alignment=&#8221;center&#8221; onclick=&#8221;custom_link&#8221; img_link_target=&#8221;_blank&#8221;][\/vc_column][\/vc_row][vc_row][vc_column][vc_separator color=&#8221;turquoise&#8221;][\/vc_column][\/vc_row][vc_row][vc_column]<div id=\"sc_title_72025127\"\n\t\tclass=\"sc_title sc_title_default\"><h1 class=\"sc_item_title sc_title_title sc_align_center sc_item_title_style_default sc_item_title_tag\">Quer saber mais?<\/h1><\/div><!-- \/.sc_title -->[vc_empty_space alter_height=&#8221;medium&#8221; hide_on_mobile=&#8221;&#8221;][\/vc_column][\/vc_row][vc_row][vc_column width=&#8221;2\/3&#8243;][vc_column_text]<\/p>\n<h3 style=\"text-align: center;\">Cursos de Aperfei\u00e7oamento em Ado\u00e7\u00e3o<\/h3>\n<p>[\/vc_column_text][vc_empty_space alter_height=&#8221;small&#8221; hide_on_mobile=&#8221;&#8221;][vc_single_image image=&#8221;7406&#8243; img_size=&#8221;large&#8221; alignment=&#8221;center&#8221; onclick=&#8221;custom_link&#8221; img_link_target=&#8221;_blank&#8221; link=&#8221;https:\/\/www.eadgeracaoamanha.com.br\/categoria\/2\/2\/adocao\/&#8221;][vc_empty_space alter_height=&#8221;small&#8221; hide_on_mobile=&#8221;&#8221;][vc_column_text]Os profissionais do Sistema de Garantia de Direitos de Crian\u00e7as e Adolescentes que atuam direta ou indiretamente com a ado\u00e7\u00e3o, que buscam ferramentas para se manter atualizados nas melhores pr\u00e1ticas, leis e metodologias na defesa do melhor interesse da crian\u00e7a, encontram uma excelente alternativa nos cursos do IGA. Divididos por temas, os profissionais podem buscar a forma\u00e7\u00e3o por assunto ou optar pelo combo completo, num total de 31 horas\/aula, com certificado.<\/p>\n<p>Todas as aulas s\u00e3o ministradas por especialistas, com vasta experi\u00eancia em suas \u00e1reas de atua\u00e7\u00e3o. ADO\u00c7\u00c3O I: Fluxo do trabalho em rede e pr\u00e1ticas na habilita\u00e7\u00e3o e prepara\u00e7\u00e3o de pretendentes \u00e0 ado\u00e7\u00e3o \/ ADO\u00c7\u00c3O II: A prepara\u00e7\u00e3o de crian\u00e7as e adolescentes para ado\u00e7\u00e3o, est\u00e1gio de aproxima\u00e7\u00e3o e conviv\u00eancia e como evitar as devolu\u00e7\u00f5es na ado\u00e7\u00e3o. \/ ADO\u00c7\u00c3O III: A import\u00e2ncia do p\u00f3s-ado\u00e7\u00e3o e saberes complementares essenciais.[\/vc_column_text][vc_empty_space alter_height=&#8221;small&#8221; hide_on_mobile=&#8221;&#8221;][vc_btn title=&#8221;VER OS CURSOS&#8221; style=&#8221;custom&#8221; custom_background=&#8221;#ffe164&#8243; custom_text=&#8221;#1b7091&#8243; align=&#8221;center&#8221; link=&#8221;url:https%3A%2F%2Fwww.eadgeracaoamanha.com.br%2Fcategoria%2F2%2F2%2Fadocao%2F||target:%20_blank|&#8221; el_class=&#8221;sc_item_button&#8221;][\/vc_column][vc_column width=&#8221;1\/3&#8243;][vc_column_text]<\/p>\n<h3 style=\"text-align: center;\">Baixe o E-book<\/h3>\n<p>[\/vc_column_text][vc_empty_space alter_height=&#8221;small&#8221; hide_on_mobile=&#8221;&#8221;][vc_single_image image=&#8221;7464&#8243; img_size=&#8221;large&#8221; alignment=&#8221;center&#8221; onclick=&#8221;custom_link&#8221; img_link_target=&#8221;_blank&#8221; link=&#8221;https:\/\/geracaoamanha.org.br\/teste\/ebook-adocao\/&#8221;][vc_empty_space alter_height=&#8221;small&#8221; hide_on_mobile=&#8221;&#8221;][vc_column_text]<\/p>\n<p style=\"text-align: center;\">O Guia da Ado\u00e7\u00e3o traz um entendimento geral sobre as quest\u00f5es da ado\u00e7\u00e3o, apresenta as d\u00favidas mais frequentes, ensina os caminhos para a habilita\u00e7\u00e3o \u00e0 ado\u00e7\u00e3o, al\u00e9m de propor exerc\u00edcios e reflex\u00f5es diferentes para quem quer se preparar para ado\u00e7\u00e3o e para quem j\u00e1 adotou. Clique no bot\u00e3o abaixo e fa\u00e7a o donwload gratuito do<\/p>\n<p style=\"text-align: center;\"><strong>\u201cGuia da Ado\u00e7\u00e3o: o guia definitivo para quem pensa em adotar!\u201d<\/strong><\/p>\n<p>[\/vc_column_text][vc_empty_space alter_height=&#8221;small&#8221; hide_on_mobile=&#8221;&#8221;][vc_btn title=&#8221;BAIXAR E-BOOK&#8221; style=&#8221;custom&#8221; custom_background=&#8221;#ffe164&#8243; custom_text=&#8221;#1b7091&#8243; align=&#8221;center&#8221; link=&#8221;url:https%3A%2F%2Fgeracaoamanha.org.br%2Fteste%2Febook-adocao%2F||target:%20_blank|&#8221; el_class=&#8221;sc_item_button&#8221;][vc_empty_space alter_height=&#8221;small&#8221; hide_on_mobile=&#8221;&#8221;][vc_empty_space alter_height=&#8221;small&#8221; hide_on_mobile=&#8221;&#8221;][\/vc_column][\/vc_row][vc_row][vc_column width=&#8221;2\/3&#8243;][vc_empty_space alter_height=&#8221;small&#8221; hide_on_mobile=&#8221;&#8221;][vc_column_text]<\/p>\n<h3 style=\"text-align: center;\">Informa\u00e7\u00f5es Relevantes<\/h3>\n<p>[\/vc_column_text][vc_empty_space alter_height=&#8221;small&#8221; hide_on_mobile=&#8221;&#8221;][vc_single_image image=&#8221;7455&#8243; img_size=&#8221;large&#8221; alignment=&#8221;center&#8221; onclick=&#8221;custom_link&#8221; img_link_target=&#8221;_blank&#8221; link=&#8221;https:\/\/geracaoamanha.org.br\/teste\/categoria\/adocao\/&#8221;][vc_empty_space alter_height=&#8221;small&#8221; hide_on_mobile=&#8221;&#8221;][vc_column_text]<\/p>\n<p style=\"text-align: center;\">Atualiza\u00e7\u00f5es nas leis, novidades sobre eventos e demais informa\u00e7\u00f5es relevantes sobre ado\u00e7\u00e3o s\u00e3o temas dos artigos do nosso blog. E para consultar publica\u00e7\u00f5es especializadas, orienta\u00e7\u00f5es t\u00e9cnicas, estat\u00edsticas e outros conte\u00fados acesse tamb\u00e9m a nossa <span style=\"color: #00ccff;\"><strong><a style=\"color: #00ccff;\" href=\"https:\/\/geracaoamanha.org.br\/teste\/biblioteca\/\" target=\"_blank\" rel=\"noopener noreferrer\">biblioteca<\/a><\/strong><\/span><\/p>\n<p>[\/vc_column_text][vc_empty_space height=&#8221;10px&#8221; alter_height=&#8221;small&#8221; hide_on_mobile=&#8221;&#8221;][vc_btn title=&#8221;LER O BLOG&#8221; style=&#8221;custom&#8221; custom_background=&#8221;#ffe164&#8243; custom_text=&#8221;#1b7091&#8243; align=&#8221;center&#8221; link=&#8221;url:https%3A%2F%2Fgeracaoamanha.org.br%2Fteste%2Fcategoria%2Fadocao%2F||target:%20_blank|&#8221; el_class=&#8221;sc_item_button&#8221;][\/vc_column][vc_column width=&#8221;1\/3&#8243;][vc_empty_space alter_height=&#8221;small&#8221; hide_on_mobile=&#8221;&#8221;][vc_column_text]<\/p>\n<h3 style=\"text-align: center;\">V\u00eddeos<\/h3>\n<p>[\/vc_column_text][vc_empty_space alter_height=&#8221;small&#8221; hide_on_mobile=&#8221;&#8221;][vc_single_image image=&#8221;7456&#8243; img_size=&#8221;large&#8221; alignment=&#8221;center&#8221; onclick=&#8221;custom_link&#8221; img_link_target=&#8221;_blank&#8221; link=&#8221;https:\/\/www.youtube.com\/playlist?list=PLvL7fvVsqLGo-gjwo6wyCfhwbqcPED9ge&#8221;][vc_empty_space alter_height=&#8221;small&#8221; hide_on_mobile=&#8221;&#8221;][vc_column_text]<\/p>\n<p style=\"text-align: center;\">&#8220;A Voz do Especialista&#8221; \u00e9 uma playlist que re\u00fane o conhecimento de profissionais com a mais vasta experi\u00eancia nas diversas especialidades no universo da ado\u00e7\u00e3o.<\/p>\n<p>[\/vc_column_text][vc_empty_space alter_height=&#8221;small&#8221; hide_on_mobile=&#8221;&#8221;][vc_btn title=&#8221;ASSISTIR&#8221; style=&#8221;custom&#8221; custom_background=&#8221;#ffe164&#8243; custom_text=&#8221;#1b7091&#8243; align=&#8221;center&#8221; link=&#8221;url:https%3A%2F%2Fwww.youtube.com%2Fplaylist%3Flist%3DPLvL7fvVsqLGo-gjwo6wyCfhwbqcPED9ge||target:%20_blank|&#8221; el_class=&#8221;sc_item_button&#8221;][\/vc_column][\/vc_row][vc_row][vc_column][\/vc_column][\/vc_row]<\/p>\n<\/div>","protected":false},"excerpt":{"rendered":"<p>[vc_row][vc_column width=&#8221;2\/3&#8243;][vc_empty_space alter_height=&#8221;small&#8221; hide_on_mobile=&#8221;&#8221;][vc_empty_space alter_height=&#8221;small&#8221; hide_on_mobile=&#8221;&#8221;][vc_column_text]A palavra ado\u00e7\u00e3o vem do latim ADOPTARE, que significa perfilhar, dar o seu nome a, escolher, ajuntar. Juridicamente podemos definir ado\u00e7\u00e3o como \u201cprocedimento legal que transfere todos os direitos e deveres dos pais biol\u00f3gicos para uma fam\u00edlia adotiva\u201d ou \u201cdecis\u00e3o legal a partir da qual uma crian\u00e7a ou adolescente n\u00e3o gerado biologicamente pelo adotante torna-se&hellip;<\/p>\n","protected":false},"author":4,"featured_media":0,"parent":0,"menu_order":0,"comment_status":"closed","ping_status":"closed","template":"","meta":{"give_campaign_id":0,"footnotes":""},"class_list":["post-7453","page","type-page","status-publish","hentry"],"yoast_head":"<!-- This site is optimized with the Yoast SEO plugin v27.2 - https:\/\/yoast.com\/product\/yoast-seo-wordpress\/ -->\n<title>Ado\u00e7\u00e3o - Instituto Gera\u00e7\u00e3o Amanh\u00e3<\/title>\n<meta name=\"robots\" content=\"noindex, follow, max-snippet:-1, max-image-preview:large, max-video-preview:-1\" \/>\n<meta property=\"og:locale\" content=\"pt_BR\" \/>\n<meta property=\"og:type\" content=\"article\" \/>\n<meta property=\"og:title\" content=\"Ado\u00e7\u00e3o - Instituto Gera\u00e7\u00e3o Amanh\u00e3\" \/>\n<meta property=\"og:description\" content=\"[vc_row][vc_column width=&#8221;2\/3&#8243;][vc_empty_space alter_height=&#8221;small&#8221; hide_on_mobile=&#8221;&#8221;][vc_empty_space alter_height=&#8221;small&#8221; hide_on_mobile=&#8221;&#8221;][vc_column_text]A palavra ado\u00e7\u00e3o vem do latim ADOPTARE, que significa perfilhar, dar o seu nome a, escolher, ajuntar. Juridicamente podemos definir ado\u00e7\u00e3o como \u201cprocedimento legal que transfere todos os direitos e deveres dos pais biol\u00f3gicos para uma fam\u00edlia adotiva\u201d ou \u201cdecis\u00e3o legal a partir da qual uma crian\u00e7a ou adolescente n\u00e3o gerado biologicamente pelo adotante torna-se&hellip;\" \/>\n<meta property=\"og:url\" content=\"https:\/\/geracaoamanha.org.br\/teste\/adocao\/\" \/>\n<meta property=\"og:site_name\" content=\"Instituto Gera\u00e7\u00e3o Amanh\u00e3\" \/>\n<meta property=\"article:modified_time\" content=\"2024-07-29T14:15:06+00:00\" \/>\n<meta name=\"twitter:card\" content=\"summary_large_image\" \/>\n<meta name=\"twitter:label1\" content=\"Est. tempo de leitura\" \/>\n\t<meta name=\"twitter:data1\" content=\"6 minutos\" \/>\n<script type=\"application\/ld+json\" class=\"yoast-schema-graph\">{\"@context\":\"https:\/\/schema.org\",\"@graph\":[{\"@type\":\"WebPage\",\"@id\":\"https:\/\/geracaoamanha.org.br\/teste\/adocao\/\",\"url\":\"https:\/\/geracaoamanha.org.br\/teste\/adocao\/\",\"name\":\"Ado\u00e7\u00e3o - Instituto Gera\u00e7\u00e3o Amanh\u00e3\",\"isPartOf\":{\"@id\":\"https:\/\/geracaoamanha.org.br\/teste\/#website\"},\"datePublished\":\"2024-07-08T21:19:44+00:00\",\"dateModified\":\"2024-07-29T14:15:06+00:00\",\"breadcrumb\":{\"@id\":\"https:\/\/geracaoamanha.org.br\/teste\/adocao\/#breadcrumb\"},\"inLanguage\":\"pt-BR\",\"potentialAction\":[{\"@type\":\"ReadAction\",\"target\":[\"https:\/\/geracaoamanha.org.br\/teste\/adocao\/\"]}]},{\"@type\":\"BreadcrumbList\",\"@id\":\"https:\/\/geracaoamanha.org.br\/teste\/adocao\/#breadcrumb\",\"itemListElement\":[{\"@type\":\"ListItem\",\"position\":1,\"name\":\"Home\",\"item\":\"https:\/\/geracaoamanha.org.br\/teste\/\"},{\"@type\":\"ListItem\",\"position\":2,\"name\":\"Ado\u00e7\u00e3o\"}]},{\"@type\":\"WebSite\",\"@id\":\"https:\/\/geracaoamanha.org.br\/teste\/#website\",\"url\":\"https:\/\/geracaoamanha.org.br\/teste\/\",\"name\":\"Instituto Gera\u00e7\u00e3o Amanh\u00e3\",\"description\":\"Tudo sobre acolhimento familiar e ado\u00e7\u00e3o\",\"potentialAction\":[{\"@type\":\"SearchAction\",\"target\":{\"@type\":\"EntryPoint\",\"urlTemplate\":\"https:\/\/geracaoamanha.org.br\/teste\/?s={search_term_string}\"},\"query-input\":{\"@type\":\"PropertyValueSpecification\",\"valueRequired\":true,\"valueName\":\"search_term_string\"}}],\"inLanguage\":\"pt-BR\"}]}<\/script>\n<!-- \/ Yoast SEO plugin. -->","yoast_head_json":{"title":"Ado\u00e7\u00e3o - Instituto Gera\u00e7\u00e3o Amanh\u00e3","robots":{"index":"noindex","follow":"follow","max-snippet":"max-snippet:-1","max-image-preview":"max-image-preview:large","max-video-preview":"max-video-preview:-1"},"og_locale":"pt_BR","og_type":"article","og_title":"Ado\u00e7\u00e3o - Instituto Gera\u00e7\u00e3o Amanh\u00e3","og_description":"[vc_row][vc_column width=&#8221;2\/3&#8243;][vc_empty_space alter_height=&#8221;small&#8221; hide_on_mobile=&#8221;&#8221;][vc_empty_space alter_height=&#8221;small&#8221; hide_on_mobile=&#8221;&#8221;][vc_column_text]A palavra ado\u00e7\u00e3o vem do latim ADOPTARE, que significa perfilhar, dar o seu nome a, escolher, ajuntar. Juridicamente podemos definir ado\u00e7\u00e3o como \u201cprocedimento legal que transfere todos os direitos e deveres dos pais biol\u00f3gicos para uma fam\u00edlia adotiva\u201d ou \u201cdecis\u00e3o legal a partir da qual uma crian\u00e7a ou adolescente n\u00e3o gerado biologicamente pelo adotante torna-se&hellip;","og_url":"https:\/\/geracaoamanha.org.br\/teste\/adocao\/","og_site_name":"Instituto Gera\u00e7\u00e3o Amanh\u00e3","article_modified_time":"2024-07-29T14:15:06+00:00","twitter_card":"summary_large_image","twitter_misc":{"Est. tempo de leitura":"6 minutos"},"schema":{"@context":"https:\/\/schema.org","@graph":[{"@type":"WebPage","@id":"https:\/\/geracaoamanha.org.br\/teste\/adocao\/","url":"https:\/\/geracaoamanha.org.br\/teste\/adocao\/","name":"Ado\u00e7\u00e3o - Instituto Gera\u00e7\u00e3o Amanh\u00e3","isPartOf":{"@id":"https:\/\/geracaoamanha.org.br\/teste\/#website"},"datePublished":"2024-07-08T21:19:44+00:00","dateModified":"2024-07-29T14:15:06+00:00","breadcrumb":{"@id":"https:\/\/geracaoamanha.org.br\/teste\/adocao\/#breadcrumb"},"inLanguage":"pt-BR","potentialAction":[{"@type":"ReadAction","target":["https:\/\/geracaoamanha.org.br\/teste\/adocao\/"]}]},{"@type":"BreadcrumbList","@id":"https:\/\/geracaoamanha.org.br\/teste\/adocao\/#breadcrumb","itemListElement":[{"@type":"ListItem","position":1,"name":"Home","item":"https:\/\/geracaoamanha.org.br\/teste\/"},{"@type":"ListItem","position":2,"name":"Ado\u00e7\u00e3o"}]},{"@type":"WebSite","@id":"https:\/\/geracaoamanha.org.br\/teste\/#website","url":"https:\/\/geracaoamanha.org.br\/teste\/","name":"Instituto Gera\u00e7\u00e3o Amanh\u00e3","description":"Tudo sobre acolhimento familiar e ado\u00e7\u00e3o","potentialAction":[{"@type":"SearchAction","target":{"@type":"EntryPoint","urlTemplate":"https:\/\/geracaoamanha.org.br\/teste\/?s={search_term_string}"},"query-input":{"@type":"PropertyValueSpecification","valueRequired":true,"valueName":"search_term_string"}}],"inLanguage":"pt-BR"}]}},"campaignId":"","_links":{"self":[{"href":"https:\/\/geracaoamanha.org.br\/teste\/wp-json\/wp\/v2\/pages\/7453","targetHints":{"allow":["GET"]}}],"collection":[{"href":"https:\/\/geracaoamanha.org.br\/teste\/wp-json\/wp\/v2\/pages"}],"about":[{"href":"https:\/\/geracaoamanha.org.br\/teste\/wp-json\/wp\/v2\/types\/page"}],"author":[{"embeddable":true,"href":"https:\/\/geracaoamanha.org.br\/teste\/wp-json\/wp\/v2\/users\/4"}],"replies":[{"embeddable":true,"href":"https:\/\/geracaoamanha.org.br\/teste\/wp-json\/wp\/v2\/comments?post=7453"}],"version-history":[{"count":14,"href":"https:\/\/geracaoamanha.org.br\/teste\/wp-json\/wp\/v2\/pages\/7453\/revisions"}],"predecessor-version":[{"id":7572,"href":"https:\/\/geracaoamanha.org.br\/teste\/wp-json\/wp\/v2\/pages\/7453\/revisions\/7572"}],"wp:attachment":[{"href":"https:\/\/geracaoamanha.org.br\/teste\/wp-json\/wp\/v2\/media?parent=7453"}],"curies":[{"name":"wp","href":"https:\/\/api.w.org\/{rel}","templated":true}]}}