{"id":7309,"date":"2024-05-13T08:16:16","date_gmt":"2024-05-13T11:16:16","guid":{"rendered":"https:\/\/geracaoamanha.org.br\/teste\/?page_id=7309"},"modified":"2024-12-11T17:46:56","modified_gmt":"2024-12-11T20:46:56","slug":"iga-eventos","status":"publish","type":"page","link":"https:\/\/geracaoamanha.org.br\/teste\/iga-eventos\/","title":{"rendered":"IGA Eventos"},"content":{"rendered":"<div class=\"wpb-content-wrapper\"><p>[vc_row full_width=&#8221;stretch_row&#8221; css=&#8221;.vc_custom_1715278512881{background-position: center !important;background-repeat: no-repeat !important;background-size: cover !important;}&#8221;][vc_column][vc_empty_space height=&#8221;10px&#8221; alter_height=&#8221;small&#8221; hide_on_mobile=&#8221;&#8221; css=&#8221;.vc_custom_1534434613739{margin-top: 0.7rem !important;}&#8221;][vc_column_text]<\/p>\n<h4><\/h4>\n<h6>O Instituto Gera\u00e7\u00e3o Amanh\u00e3 \u00e9 respons\u00e1vel pela organiza\u00e7\u00e3o e coordena\u00e7\u00e3o de grandes eventos que divulgam e promovem os temas do Acolhimento Familiar, Ado\u00e7\u00e3o, Enfrentamento \u00e0s Viol\u00eancias e Traumas, Conviv\u00eancia Familiar e Primeira Inf\u00e2ncia, para os profissionais do SGDCA \u2013 Sistema de Garantia de Direitos de Crian\u00e7as e Adolescentes.<\/h6>\n<h6>Al\u00e9m de organizar, o IGA tamb\u00e9m exerce atividades como Apoiador, sobretudo em eventos os realizados pelo Poder P\u00fablico e outras OSCs, contribuindo com sua experi\u00eancia em planejamento das programa\u00e7\u00f5es, relacionamento e coordena\u00e7\u00e3o de palestrantes nacionais e internacionais, materiais de comunica\u00e7\u00e3o, entre outras atividades.<\/h6>\n<p>[\/vc_column_text][vc_empty_space height=&#8221;10px&#8221; alter_height=&#8221;small&#8221; hide_on_mobile=&#8221;&#8221; css=&#8221;.vc_custom_1534434613739{margin-top: 0.7rem !important;}&#8221;][vc_column_text]<\/p>\n<h2><span class=\"trx_addons_hover\">Pr\u00f3ximos Eventos: <\/span>novidades em breve<\/h2>\n<p>[\/vc_column_text][vc_empty_space height=&#8221;10px&#8221; alter_height=&#8221;small&#8221; hide_on_mobile=&#8221;&#8221; css=&#8221;.vc_custom_1534434613739{margin-top: 0.7rem !important;}&#8221;][\/vc_column][\/vc_row][vc_row full_width=&#8221;stretch_row&#8221; css=&#8221;.vc_custom_1715596120497{background-color: #0f6292 !important;background-position: center !important;background-repeat: no-repeat !important;background-size: cover !important;}&#8221;][vc_column][vc_empty_space height=&#8221;10px&#8221; alter_height=&#8221;small&#8221; hide_on_mobile=&#8221;&#8221; css=&#8221;.vc_custom_1534434613739{margin-top: 0.7rem !important;}&#8221;][vc_column_text]<span style=\"color: #ffffff;\"><strong>Eventos j\u00e1 realizados<\/strong><\/span><\/p>\n<p>[\/vc_column_text][vc_column_text]<\/p>\n<h2><span class=\"trx_addons_hover\" style=\"color: #ffffff;\">IGA como Organizador<\/span><\/h2>\n<h6><\/h6>\n<p>[\/vc_column_text][vc_empty_space height=&#8221;10px&#8221; alter_height=&#8221;small&#8221; hide_on_mobile=&#8221;&#8221; css=&#8221;.vc_custom_1534434613739{margin-top: 0.7rem !important;}&#8221;][\/vc_column][\/vc_row][vc_row full_width=&#8221;stretch_row&#8221; css=&#8221;.vc_custom_1715596630634{background-color: #ffffff !important;background-position: center !important;background-repeat: no-repeat !important;background-size: cover !important;}&#8221;][vc_column][vc_empty_space height=&#8221;10px&#8221; alter_height=&#8221;small&#8221; hide_on_mobile=&#8221;&#8221; css=&#8221;.vc_custom_1534434613739{margin-top: 0.7rem !important;}&#8221;][vc_column_text css=&#8221;&#8221;]<\/p>\n<h6><img loading=\"lazy\" decoding=\"async\" class=\"alignleft wp-image-6275 size-medium\" src=\"https:\/\/geracaoamanha.org.br\/teste\/wp-content\/uploads\/2022\/09\/post-blog-300x200.png\" alt=\"\" width=\"300\" height=\"200\" srcset=\"https:\/\/geracaoamanha.org.br\/teste\/wp-content\/uploads\/2022\/09\/post-blog-300x200.png 300w, https:\/\/geracaoamanha.org.br\/teste\/wp-content\/uploads\/2022\/09\/post-blog-370x246.png 370w, https:\/\/geracaoamanha.org.br\/teste\/wp-content\/uploads\/2022\/09\/post-blog.png 500w\" sizes=\"auto, (max-width: 300px) 100vw, 300px\" \/>IV SIMAF &#8211; Simp\u00f3sio Internacional de Acolhimento Familiar\u00a0 \u00a0<a href=\"https:\/\/simaf.com.br\/\" target=\"_blank\" rel=\"noopener noreferrer\">www.simaf.com.br<\/a><\/h6>\n<p>O IV Simp\u00f3sio Internacional de Acolhimento Familiar, realizado em Mar\u00e7o de 2023 em Campinas\/SP, representou uma iniciativa pioneira na constru\u00e7\u00e3o do conhecimento sobre fam\u00edlia acolhedora: foi a primeira vez que um evento desta natureza no Brasil teve apresenta\u00e7\u00e3o de trabalhos e ocorreu a partir de uma universidade.<\/p>\n<p>O SIMAF contou com patroc\u00ednio do Minist\u00e9rio dos Direitos Humanos e da Cidadania (atrav\u00e9s de Emenda Parlamentar &#8211; ver abaixo), do Governo Estadual de S\u00e3o Paulo, da Prefeitura Municipal de Campinas, do Conselho Municipal dos Direitos da Crian\u00e7a e do Adolescente de Campinas (CMDCA), da Funda\u00e7\u00e3o FEAC e da Aldeias Infantis SOS, al\u00e9m de apoio de v\u00e1rias institui\u00e7\u00f5es.<\/p>\n<p>Para o IGA, a organiza\u00e7\u00e3o de um evento desse porte (realizado juntamente com a Unicamp, o NEPP e o OIA &#8211; Observat\u00f3rio da Inf\u00e2ncia e Adolesc\u00eancia da Unicamp), de forma totalmente gratuita, representou um enorme desafio: al\u00e9m da integra\u00e7\u00e3o e coordena\u00e7\u00e3o de todos os patrocinadores e apoiadores, com administra\u00e7\u00e3o de verba p\u00fablica (uma parte do evento foi financiado atrav\u00e9s de emenda federal), ficou sob responsabilidade do IGA a coordena\u00e7\u00e3o de todos os palestrantes e especialistas convidados (mais de 120 no total, provenientes de 5 pa\u00edses), as inscri\u00e7\u00f5es e o recebimento dos mais de 100 trabalhos, a inscri\u00e7\u00e3o dos quase 700 participantes presenciais, produ\u00e7\u00e3o dos materiais de identidade visual, sinaliza\u00e7\u00e3o e registros \u00e1udio visuais, que viabilizaram mais 4 mil visualiza\u00e7\u00f5es nas transmiss\u00f5es de palestras principais e minicursos, al\u00e9m de toda log\u00edstica envolvida no evento. Ao final dos 4 dias do evento, o balan\u00e7o foi extremamente positivo, com avalia\u00e7\u00e3o geral do p\u00fablico com 99,64% entre bom e \u00f3timo, o que nos deixa com a sensa\u00e7\u00e3o de miss\u00e3o cumprida. Para saber mais, assistir os v\u00eddeos e conhecer os patrocinadores e realizadores acesse o site do evento <a href=\"https:\/\/simaf.com.br\/\" target=\"_blank\" rel=\"noopener\">CLICANDO AQUI<\/a><\/p>\n<p><a href=\"https:\/\/geracaoamanha.org.br\/teste\/transparencia\/\" target=\"_blank\" rel=\"noopener\"><strong>TRANSPAR\u00caNCIA<\/strong> &#8211; PARA INFORMA\u00c7\u00d5ES SOBRE EMENDA PARLAMENTAR QUE FINANCIOU PARTE DESSE PROJETO, CLIQUE AQUI<\/a>[\/vc_column_text][vc_empty_space height=&#8221;10px&#8221; alter_height=&#8221;small&#8221; hide_on_mobile=&#8221;&#8221; css=&#8221;.vc_custom_1534434613739{margin-top: 0.7rem !important;}&#8221;][vc_separator style=&#8221;shadow&#8221;][vc_column_text]<\/p>\n<h6><img loading=\"lazy\" decoding=\"async\" class=\"alignleft wp-image-6067 size-medium\" src=\"https:\/\/geracaoamanha.org.br\/teste\/wp-content\/uploads\/2022\/01\/enafam-capa-300x200.jpg\" alt=\"enafam capa\" width=\"300\" height=\"200\" srcset=\"https:\/\/geracaoamanha.org.br\/teste\/wp-content\/uploads\/2022\/01\/enafam-capa-300x200.jpg 300w, https:\/\/geracaoamanha.org.br\/teste\/wp-content\/uploads\/2022\/01\/enafam-capa-370x246.jpg 370w, https:\/\/geracaoamanha.org.br\/teste\/wp-content\/uploads\/2022\/01\/enafam-capa.jpg 500w\" sizes=\"auto, (max-width: 300px) 100vw, 300px\" \/>ENAFAM &#8211; Encontro Nacional On-line sobre Acolhimento Familiar\u00a0 <a href=\"https:\/\/enafam.com.br\/\" target=\"_blank\" rel=\"noopener noreferrer\">www.enafam.com.br<\/a><\/h6>\n<p>Em 2020, com a pandemia, criamos, organizamos e promovemos o ENAFAM, o primeiro encontro on-line sobre acolhimento familiar, com a presen\u00e7a de quase 1000 participantes, diretamente conectados ao vivo, para ver, ouvir e interagir com 50 palestrantes entre especialistas nacionais e internacionais. Na 2\u00aa. Edi\u00e7\u00e3o, em 2021, o sucesso que se repetiu. O ENAFAM se tornou o maior evento sobre acolhimento familiar do pa\u00eds, com quase 2 mil profissionais de todas as partes do Brasil, cumprindo seu principal objetivo de sensibilizar e informar profissionais que trabalham com crian\u00e7as em situa\u00e7\u00e3o de vulnerabiidade sobre a import\u00e2ncia do acolhimento em fam\u00edlias acolhedoras. Em 2022, o ENAFAM foi reconhecido na<span style=\"text-decoration: underline;\"><strong><span style=\"color: #00ccff;\"> <a style=\"color: #00ccff; text-decoration: underline;\" href=\"https:\/\/geracaoamanha.org.br\/teste\/representatividade\/\" target=\"_blank\" rel=\"noopener noreferrer\">2\u00aa. Edi\u00e7\u00e3o do Pr\u00eamio Prioridade Absoluta do Conselho Nacional de Justi\u00e7a (CNJ),<\/a><\/span><\/strong><\/span> com men\u00e7\u00e3o honrosa na categoria Empresas e Sociedade Civil Organizada. Foi a primeira vez que um evento de Acolhimento Familiar ganhou esse pr\u00eamio do CNJ.[\/vc_column_text][vc_empty_space height=&#8221;10px&#8221; hide_on_mobile=&#8221;&#8221; css=&#8221;.vc_custom_1715709905967{margin-top: 0.7rem !important;}&#8221;][vc_separator style=&#8221;shadow&#8221;][vc_column_text]<\/p>\n<h6><img loading=\"lazy\" decoding=\"async\" class=\"alignleft wp-image-7399 size-medium\" src=\"https:\/\/geracaoamanha.org.br\/teste\/wp-content\/uploads\/2024\/05\/CIAF-300x199.jpg\" alt=\"\" width=\"300\" height=\"199\" srcset=\"https:\/\/geracaoamanha.org.br\/teste\/wp-content\/uploads\/2024\/05\/CIAF-300x199.jpg 300w, https:\/\/geracaoamanha.org.br\/teste\/wp-content\/uploads\/2024\/05\/CIAF.jpg 370w\" sizes=\"auto, (max-width: 300px) 100vw, 300px\" \/><strong>III CIAF \u2013 Congresso Internacional de Acolhimento Familiar <\/strong><\/h6>\n<p>Congresso Internacional, com a participa\u00e7\u00e3o dos neurocientistas coordenadores do Programa de Interven\u00e7\u00e3o Precoce de Bucareste, conhecido como <span style=\"text-decoration: underline; color: #00ccff;\"><strong><a style=\"color: #00ccff; text-decoration: underline;\" href=\"https:\/\/geracaoamanha.org.br\/teste\/pdf-orfaos-da-romenia\/\" target=\"_blank\" rel=\"noopener noreferrer\">\u201c\u00d3rf\u00e3os da Rom\u00eania\u201d<\/a><\/strong><\/span> al\u00e9m de renomados magistrados e especialistas no tema. Realizado em Agosto\/2019 em Curitiba\/PR[\/vc_column_text][vc_empty_space height=&#8221;10px&#8221; alter_height=&#8221;small&#8221; hide_on_mobile=&#8221;&#8221; css=&#8221;.vc_custom_1715709985766{margin-top: 0.7rem !important;}&#8221;][vc_separator style=&#8221;shadow&#8221;][vc_column_text]<\/p>\n<h6><img loading=\"lazy\" decoding=\"async\" class=\"alignleft wp-image-7401 size-medium\" src=\"https:\/\/geracaoamanha.org.br\/teste\/wp-content\/uploads\/2024\/05\/SIAF-300x199.jpg\" alt=\"\" width=\"300\" height=\"199\" srcset=\"https:\/\/geracaoamanha.org.br\/teste\/wp-content\/uploads\/2024\/05\/SIAF-300x199.jpg 300w, https:\/\/geracaoamanha.org.br\/teste\/wp-content\/uploads\/2024\/05\/SIAF.jpg 370w\" sizes=\"auto, (max-width: 300px) 100vw, 300px\" \/><strong>III SIAF \u2013 Semin\u00e1rio Internacional de Acolhimento Familiar <\/strong><\/h6>\n<p>Semin\u00e1rio Internacional, com a apresenta\u00e7\u00e3o dos especialistas internacionais Jes\u00fas Pal\u00e1cios (Espanha), Paulo Delgado (Portugal), e profissionais brasileiros atuantes nos EUA e Fran\u00e7a e renomados especialistas nacionais. Realizado em Outubro\/2019 em Campinas\/SP[\/vc_column_text][vc_empty_space height=&#8221;10px&#8221; alter_height=&#8221;small&#8221; hide_on_mobile=&#8221;&#8221; css=&#8221;.vc_custom_1534434613739{margin-top: 0.7rem !important;}&#8221;][vc_separator style=&#8221;shadow&#8221;][\/vc_column][\/vc_row][vc_row full_width=&#8221;stretch_row&#8221; css=&#8221;.vc_custom_1715596120497{background-color: #0f6292 !important;background-position: center !important;background-repeat: no-repeat !important;background-size: cover !important;}&#8221;][vc_column][vc_empty_space height=&#8221;10px&#8221; alter_height=&#8221;small&#8221; hide_on_mobile=&#8221;&#8221; css=&#8221;.vc_custom_1534434613739{margin-top: 0.7rem !important;}&#8221;][vc_column_text]<span style=\"color: #ffffff;\"><strong>Eventos j\u00e1 realizados<\/strong><\/span><\/p>\n<p>[\/vc_column_text][vc_column_text]<\/p>\n<h2><span class=\"trx_addons_hover\" style=\"color: #ffffff;\">IGA como Apoiador<\/span><\/h2>\n<h6><\/h6>\n<p>[\/vc_column_text][vc_empty_space height=&#8221;10px&#8221; alter_height=&#8221;small&#8221; hide_on_mobile=&#8221;&#8221; css=&#8221;.vc_custom_1534434613739{margin-top: 0.7rem !important;}&#8221;][\/vc_column][\/vc_row][vc_row full_width=&#8221;stretch_row&#8221; css=&#8221;.vc_custom_1715596630634{background-color: #ffffff !important;background-position: center !important;background-repeat: no-repeat !important;background-size: cover !important;}&#8221;][vc_column][vc_empty_space height=&#8221;10px&#8221; alter_height=&#8221;small&#8221; hide_on_mobile=&#8221;&#8221; css=&#8221;.vc_custom_1534434613739{margin-top: 0.7rem !important;}&#8221;][vc_column_text]<\/p>\n<h6><img loading=\"lazy\" decoding=\"async\" class=\"size-full wp-image-7340 alignleft\" src=\"https:\/\/geracaoamanha.org.br\/teste\/wp-content\/uploads\/2024\/05\/econtr-sist-justica.jpg\" alt=\"\" width=\"300\" height=\"200\" \/> Encontro do Sistema de Justi\u00e7a\u00a0<a href=\"https:\/\/www.youtube.com\/watch?v=9zJe3LfE2ZY\" target=\"_blank\" rel=\"noopener noreferrer\">Transmiss\u00e3o do Evento<\/a><\/h6>\n<p>Evento realizado pelo CNJ e CNM, com o objetivo de sensibilizar e informar os profissionais do Sistema de Justi\u00e7a para a import\u00e2ncia da prioridade do acolhimento em fam\u00edlia acolhedora. O IGA participou da organiza\u00e7\u00e3o e foi um dos apoiadores oficiais do evento, nas duas edi\u00e7\u00f5es realizadas em 2021 e 2023.[\/vc_column_text][vc_separator style=&#8221;shadow&#8221;][vc_column_text]<\/p>\n<h6><img loading=\"lazy\" decoding=\"async\" class=\"size-full wp-image-7346 alignleft\" src=\"https:\/\/geracaoamanha.org.br\/teste\/wp-content\/uploads\/2024\/05\/COMESP.jpg\" alt=\"\" width=\"300\" height=\"200\" \/>Semin\u00e1rio Regional Fam\u00edlia Acolhedora &#8211; COMESP<\/h6>\n<p>Evento realizado pelo Cons\u00f3rcio Metropolitano de Servi\u00e7os do Paran\u00e1 &#8211; COMESP, com o objetivo de sensibilizar os profissionais dos munic\u00edpios consorciados do Estado do Paran\u00e1 sobre a import\u00e2ncia do acolhimento em fam\u00edlia acolhedora. Duas edi\u00e7\u00f5es realizadas, em 2022 e 2023 no Paran\u00e1.[\/vc_column_text][vc_empty_space height=&#8221;10px&#8221; alter_height=&#8221;small&#8221; hide_on_mobile=&#8221;&#8221; css=&#8221;.vc_custom_1534434613739{margin-top: 0.7rem !important;}&#8221;][\/vc_column][\/vc_row]<\/p>\n<\/div>","protected":false},"excerpt":{"rendered":"<p>[vc_row full_width=&#8221;stretch_row&#8221; css=&#8221;.vc_custom_1715278512881{background-position: center !important;background-repeat: no-repeat !important;background-size: cover !important;}&#8221;][vc_column][vc_empty_space height=&#8221;10px&#8221; alter_height=&#8221;small&#8221; hide_on_mobile=&#8221;&#8221; css=&#8221;.vc_custom_1534434613739{margin-top: 0.7rem !important;}&#8221;][vc_column_text] O Instituto Gera\u00e7\u00e3o Amanh\u00e3 \u00e9 respons\u00e1vel pela organiza\u00e7\u00e3o e coordena\u00e7\u00e3o de grandes eventos que divulgam e promovem os temas do Acolhimento Familiar, Ado\u00e7\u00e3o, Enfrentamento \u00e0s Viol\u00eancias e Traumas, Conviv\u00eancia Familiar e Primeira Inf\u00e2ncia, para os profissionais do SGDCA \u2013 Sistema de Garantia de Direitos de&hellip;<\/p>\n","protected":false},"author":4,"featured_media":0,"parent":0,"menu_order":0,"comment_status":"closed","ping_status":"closed","template":"","meta":{"give_campaign_id":0,"footnotes":""},"class_list":["post-7309","page","type-page","status-publish","hentry"],"yoast_head":"<!-- This site is optimized with the Yoast SEO plugin v27.2 - https:\/\/yoast.com\/product\/yoast-seo-wordpress\/ -->\n<title>IGA Eventos - Instituto Gera\u00e7\u00e3o Amanh\u00e3<\/title>\n<meta name=\"robots\" content=\"noindex, follow, max-snippet:-1, max-image-preview:large, max-video-preview:-1\" \/>\n<meta property=\"og:locale\" content=\"pt_BR\" \/>\n<meta property=\"og:type\" content=\"article\" \/>\n<meta property=\"og:title\" content=\"IGA Eventos - Instituto Gera\u00e7\u00e3o Amanh\u00e3\" \/>\n<meta property=\"og:description\" content=\"[vc_row full_width=&#8221;stretch_row&#8221; css=&#8221;.vc_custom_1715278512881{background-position: center !important;background-repeat: no-repeat !important;background-size: cover !important;}&#8221;][vc_column][vc_empty_space height=&#8221;10px&#8221; alter_height=&#8221;small&#8221; hide_on_mobile=&#8221;&#8221; css=&#8221;.vc_custom_1534434613739{margin-top: 0.7rem !important;}&#8221;][vc_column_text] O Instituto Gera\u00e7\u00e3o Amanh\u00e3 \u00e9 respons\u00e1vel pela organiza\u00e7\u00e3o e coordena\u00e7\u00e3o de grandes eventos que divulgam e promovem os temas do Acolhimento Familiar, Ado\u00e7\u00e3o, Enfrentamento \u00e0s Viol\u00eancias e Traumas, Conviv\u00eancia Familiar e Primeira Inf\u00e2ncia, para os profissionais do SGDCA \u2013 Sistema de Garantia de Direitos de&hellip;\" \/>\n<meta property=\"og:url\" content=\"https:\/\/geracaoamanha.org.br\/teste\/iga-eventos\/\" \/>\n<meta property=\"og:site_name\" content=\"Instituto Gera\u00e7\u00e3o Amanh\u00e3\" \/>\n<meta property=\"article:modified_time\" content=\"2024-12-11T20:46:56+00:00\" \/>\n<meta property=\"og:image\" content=\"https:\/\/geracaoamanha.org.br\/teste\/wp-content\/uploads\/2022\/09\/post-blog-300x200.png\" \/>\n<meta name=\"twitter:card\" content=\"summary_large_image\" \/>\n<meta name=\"twitter:label1\" content=\"Est. tempo de leitura\" \/>\n\t<meta name=\"twitter:data1\" content=\"7 minutos\" \/>\n<script type=\"application\/ld+json\" class=\"yoast-schema-graph\">{\"@context\":\"https:\/\/schema.org\",\"@graph\":[{\"@type\":\"WebPage\",\"@id\":\"https:\/\/geracaoamanha.org.br\/teste\/iga-eventos\/\",\"url\":\"https:\/\/geracaoamanha.org.br\/teste\/iga-eventos\/\",\"name\":\"IGA Eventos - Instituto Gera\u00e7\u00e3o Amanh\u00e3\",\"isPartOf\":{\"@id\":\"https:\/\/geracaoamanha.org.br\/teste\/#website\"},\"primaryImageOfPage\":{\"@id\":\"https:\/\/geracaoamanha.org.br\/teste\/iga-eventos\/#primaryimage\"},\"image\":{\"@id\":\"https:\/\/geracaoamanha.org.br\/teste\/iga-eventos\/#primaryimage\"},\"thumbnailUrl\":\"https:\/\/geracaoamanha.org.br\/teste\/wp-content\/uploads\/2022\/09\/post-blog-300x200.png\",\"datePublished\":\"2024-05-13T11:16:16+00:00\",\"dateModified\":\"2024-12-11T20:46:56+00:00\",\"breadcrumb\":{\"@id\":\"https:\/\/geracaoamanha.org.br\/teste\/iga-eventos\/#breadcrumb\"},\"inLanguage\":\"pt-BR\",\"potentialAction\":[{\"@type\":\"ReadAction\",\"target\":[\"https:\/\/geracaoamanha.org.br\/teste\/iga-eventos\/\"]}]},{\"@type\":\"ImageObject\",\"inLanguage\":\"pt-BR\",\"@id\":\"https:\/\/geracaoamanha.org.br\/teste\/iga-eventos\/#primaryimage\",\"url\":\"https:\/\/geracaoamanha.org.br\/teste\/wp-content\/uploads\/2022\/09\/post-blog-300x200.png\",\"contentUrl\":\"https:\/\/geracaoamanha.org.br\/teste\/wp-content\/uploads\/2022\/09\/post-blog-300x200.png\"},{\"@type\":\"BreadcrumbList\",\"@id\":\"https:\/\/geracaoamanha.org.br\/teste\/iga-eventos\/#breadcrumb\",\"itemListElement\":[{\"@type\":\"ListItem\",\"position\":1,\"name\":\"Home\",\"item\":\"https:\/\/geracaoamanha.org.br\/teste\/\"},{\"@type\":\"ListItem\",\"position\":2,\"name\":\"IGA Eventos\"}]},{\"@type\":\"WebSite\",\"@id\":\"https:\/\/geracaoamanha.org.br\/teste\/#website\",\"url\":\"https:\/\/geracaoamanha.org.br\/teste\/\",\"name\":\"Instituto Gera\u00e7\u00e3o Amanh\u00e3\",\"description\":\"Tudo sobre acolhimento familiar e ado\u00e7\u00e3o\",\"potentialAction\":[{\"@type\":\"SearchAction\",\"target\":{\"@type\":\"EntryPoint\",\"urlTemplate\":\"https:\/\/geracaoamanha.org.br\/teste\/?s={search_term_string}\"},\"query-input\":{\"@type\":\"PropertyValueSpecification\",\"valueRequired\":true,\"valueName\":\"search_term_string\"}}],\"inLanguage\":\"pt-BR\"}]}<\/script>\n<!-- \/ Yoast SEO plugin. -->","yoast_head_json":{"title":"IGA Eventos - Instituto Gera\u00e7\u00e3o Amanh\u00e3","robots":{"index":"noindex","follow":"follow","max-snippet":"max-snippet:-1","max-image-preview":"max-image-preview:large","max-video-preview":"max-video-preview:-1"},"og_locale":"pt_BR","og_type":"article","og_title":"IGA Eventos - Instituto Gera\u00e7\u00e3o Amanh\u00e3","og_description":"[vc_row full_width=&#8221;stretch_row&#8221; css=&#8221;.vc_custom_1715278512881{background-position: center !important;background-repeat: no-repeat !important;background-size: cover !important;}&#8221;][vc_column][vc_empty_space height=&#8221;10px&#8221; alter_height=&#8221;small&#8221; hide_on_mobile=&#8221;&#8221; css=&#8221;.vc_custom_1534434613739{margin-top: 0.7rem !important;}&#8221;][vc_column_text] O Instituto Gera\u00e7\u00e3o Amanh\u00e3 \u00e9 respons\u00e1vel pela organiza\u00e7\u00e3o e coordena\u00e7\u00e3o de grandes eventos que divulgam e promovem os temas do Acolhimento Familiar, Ado\u00e7\u00e3o, Enfrentamento \u00e0s Viol\u00eancias e Traumas, Conviv\u00eancia Familiar e Primeira Inf\u00e2ncia, para os profissionais do SGDCA \u2013 Sistema de Garantia de Direitos de&hellip;","og_url":"https:\/\/geracaoamanha.org.br\/teste\/iga-eventos\/","og_site_name":"Instituto Gera\u00e7\u00e3o Amanh\u00e3","article_modified_time":"2024-12-11T20:46:56+00:00","og_image":[{"url":"https:\/\/geracaoamanha.org.br\/teste\/wp-content\/uploads\/2022\/09\/post-blog-300x200.png","type":"","width":"","height":""}],"twitter_card":"summary_large_image","twitter_misc":{"Est. tempo de leitura":"7 minutos"},"schema":{"@context":"https:\/\/schema.org","@graph":[{"@type":"WebPage","@id":"https:\/\/geracaoamanha.org.br\/teste\/iga-eventos\/","url":"https:\/\/geracaoamanha.org.br\/teste\/iga-eventos\/","name":"IGA Eventos - Instituto Gera\u00e7\u00e3o Amanh\u00e3","isPartOf":{"@id":"https:\/\/geracaoamanha.org.br\/teste\/#website"},"primaryImageOfPage":{"@id":"https:\/\/geracaoamanha.org.br\/teste\/iga-eventos\/#primaryimage"},"image":{"@id":"https:\/\/geracaoamanha.org.br\/teste\/iga-eventos\/#primaryimage"},"thumbnailUrl":"https:\/\/geracaoamanha.org.br\/teste\/wp-content\/uploads\/2022\/09\/post-blog-300x200.png","datePublished":"2024-05-13T11:16:16+00:00","dateModified":"2024-12-11T20:46:56+00:00","breadcrumb":{"@id":"https:\/\/geracaoamanha.org.br\/teste\/iga-eventos\/#breadcrumb"},"inLanguage":"pt-BR","potentialAction":[{"@type":"ReadAction","target":["https:\/\/geracaoamanha.org.br\/teste\/iga-eventos\/"]}]},{"@type":"ImageObject","inLanguage":"pt-BR","@id":"https:\/\/geracaoamanha.org.br\/teste\/iga-eventos\/#primaryimage","url":"https:\/\/geracaoamanha.org.br\/teste\/wp-content\/uploads\/2022\/09\/post-blog-300x200.png","contentUrl":"https:\/\/geracaoamanha.org.br\/teste\/wp-content\/uploads\/2022\/09\/post-blog-300x200.png"},{"@type":"BreadcrumbList","@id":"https:\/\/geracaoamanha.org.br\/teste\/iga-eventos\/#breadcrumb","itemListElement":[{"@type":"ListItem","position":1,"name":"Home","item":"https:\/\/geracaoamanha.org.br\/teste\/"},{"@type":"ListItem","position":2,"name":"IGA Eventos"}]},{"@type":"WebSite","@id":"https:\/\/geracaoamanha.org.br\/teste\/#website","url":"https:\/\/geracaoamanha.org.br\/teste\/","name":"Instituto Gera\u00e7\u00e3o Amanh\u00e3","description":"Tudo sobre acolhimento familiar e ado\u00e7\u00e3o","potentialAction":[{"@type":"SearchAction","target":{"@type":"EntryPoint","urlTemplate":"https:\/\/geracaoamanha.org.br\/teste\/?s={search_term_string}"},"query-input":{"@type":"PropertyValueSpecification","valueRequired":true,"valueName":"search_term_string"}}],"inLanguage":"pt-BR"}]}},"campaignId":"","_links":{"self":[{"href":"https:\/\/geracaoamanha.org.br\/teste\/wp-json\/wp\/v2\/pages\/7309","targetHints":{"allow":["GET"]}}],"collection":[{"href":"https:\/\/geracaoamanha.org.br\/teste\/wp-json\/wp\/v2\/pages"}],"about":[{"href":"https:\/\/geracaoamanha.org.br\/teste\/wp-json\/wp\/v2\/types\/page"}],"author":[{"embeddable":true,"href":"https:\/\/geracaoamanha.org.br\/teste\/wp-json\/wp\/v2\/users\/4"}],"replies":[{"embeddable":true,"href":"https:\/\/geracaoamanha.org.br\/teste\/wp-json\/wp\/v2\/comments?post=7309"}],"version-history":[{"count":52,"href":"https:\/\/geracaoamanha.org.br\/teste\/wp-json\/wp\/v2\/pages\/7309\/revisions"}],"predecessor-version":[{"id":7582,"href":"https:\/\/geracaoamanha.org.br\/teste\/wp-json\/wp\/v2\/pages\/7309\/revisions\/7582"}],"wp:attachment":[{"href":"https:\/\/geracaoamanha.org.br\/teste\/wp-json\/wp\/v2\/media?parent=7309"}],"curies":[{"name":"wp","href":"https:\/\/api.w.org\/{rel}","templated":true}]}}