{"id":7269,"date":"2024-05-10T15:59:03","date_gmt":"2024-05-10T18:59:03","guid":{"rendered":"https:\/\/geracaoamanha.org.br\/teste\/?page_id=7269"},"modified":"2024-05-10T16:00:52","modified_gmt":"2024-05-10T19:00:52","slug":"producao-de-conteudo","status":"publish","type":"page","link":"https:\/\/geracaoamanha.org.br\/teste\/producao-de-conteudo\/","title":{"rendered":"Produ\u00e7\u00e3o de Conte\u00fado"},"content":{"rendered":"<div class=\"wpb-content-wrapper\"><p>[vc_row full_width=&#8221;stretch_row&#8221; css=&#8221;.vc_custom_1715278512881{background-position: center !important;background-repeat: no-repeat !important;background-size: cover !important;}&#8221;][vc_column][vc_empty_space height=&#8221;10px&#8221; alter_height=&#8221;small&#8221; hide_on_mobile=&#8221;&#8221; css=&#8221;.vc_custom_1534434613739{margin-top: 0.7rem !important;}&#8221;][vc_column_text]<\/p>\n<h6>O Instituto Gera\u00e7\u00e3o Amanh\u00e3 foi uma das institui\u00e7\u00f5es pioneiras no sentido de informar e sensibilizar toda a sociedade no tema do acolhimento familiar, al\u00e9m de uma vasta produ\u00e7\u00e3o de conte\u00fado sobre ado\u00e7\u00e3o, conviv\u00eancia familiar e comunit\u00e1ria, Primeira Inf\u00e2ncia e enfrentamento da viol\u00eancia.<\/h6>\n<h6>Tem como foco a produ\u00e7\u00e3o de informa\u00e7\u00f5es e conte\u00fados s\u00e9rios, de qualidade e aprofundados sobre esses temas, para profissionais e a sociedade em geral, distribu\u00eddos de forma gratuita, por diversos meios de comunica\u00e7\u00e3o:<\/h6>\n<h6><span style=\"color: #3366ff;\"><a style=\"color: #3366ff;\" href=\"https:\/\/geracaoamanha.org.br\/teste\/nossas-publicacoes\/\" target=\"_blank\" rel=\"noopener noreferrer\">Publica\u00e7\u00f5es Exclusivas<\/a><\/span><\/h6>\n<h6><span style=\"color: #3366ff;\"><a style=\"color: #3366ff;\" href=\"https:\/\/www.youtube.com\/GeracaoAmanha\" target=\"_blank\" rel=\"noopener noreferrer\">V\u00eddeos<\/a><\/span><\/h6>\n<h6><span style=\"color: #3366ff;\"><a style=\"color: #3366ff;\" href=\"https:\/\/geracaoamanha.org.br\/teste\/blog\/\" target=\"_blank\" rel=\"noopener noreferrer\">Artigos<\/a><\/span><\/h6>\n<h6><span style=\"color: #3366ff;\"><a style=\"color: #3366ff;\" href=\"https:\/\/www.instagram.com\/geracaoamanha\" target=\"_blank\" rel=\"noopener noreferrer\">Posts<\/a><\/span><\/h6>\n<h6><\/h6>\n<p>[\/vc_column_text][vc_empty_space height=&#8221;10px&#8221; alter_height=&#8221;small&#8221; hide_on_mobile=&#8221;&#8221; css=&#8221;.vc_custom_1534434613739{margin-top: 0.7rem !important;}&#8221;][\/vc_column][\/vc_row]<\/p>\n<\/div>","protected":false},"excerpt":{"rendered":"<p>[vc_row full_width=&#8221;stretch_row&#8221; css=&#8221;.vc_custom_1715278512881{background-position: center !important;background-repeat: no-repeat !important;background-size: cover !important;}&#8221;][vc_column][vc_empty_space height=&#8221;10px&#8221; alter_height=&#8221;small&#8221; hide_on_mobile=&#8221;&#8221; css=&#8221;.vc_custom_1534434613739{margin-top: 0.7rem !important;}&#8221;][vc_column_text] O Instituto Gera\u00e7\u00e3o Amanh\u00e3 foi uma das institui\u00e7\u00f5es pioneiras no sentido de informar e sensibilizar toda a sociedade no tema do acolhimento familiar, al\u00e9m de uma vasta produ\u00e7\u00e3o de conte\u00fado sobre ado\u00e7\u00e3o, conviv\u00eancia familiar e comunit\u00e1ria, Primeira Inf\u00e2ncia e enfrentamento da viol\u00eancia. Tem como foco&hellip;<\/p>\n","protected":false},"author":4,"featured_media":0,"parent":0,"menu_order":0,"comment_status":"closed","ping_status":"closed","template":"","meta":{"give_campaign_id":0,"footnotes":""},"class_list":["post-7269","page","type-page","status-publish","hentry"],"yoast_head":"<!-- This site is optimized with the Yoast SEO plugin v27.2 - https:\/\/yoast.com\/product\/yoast-seo-wordpress\/ -->\n<title>Produ\u00e7\u00e3o de Conte\u00fado - Instituto Gera\u00e7\u00e3o Amanh\u00e3<\/title>\n<meta name=\"robots\" content=\"noindex, follow, max-snippet:-1, max-image-preview:large, max-video-preview:-1\" \/>\n<meta property=\"og:locale\" content=\"pt_BR\" \/>\n<meta property=\"og:type\" content=\"article\" \/>\n<meta property=\"og:title\" content=\"Produ\u00e7\u00e3o de Conte\u00fado - Instituto Gera\u00e7\u00e3o Amanh\u00e3\" \/>\n<meta property=\"og:description\" content=\"[vc_row full_width=&#8221;stretch_row&#8221; css=&#8221;.vc_custom_1715278512881{background-position: center !important;background-repeat: no-repeat !important;background-size: cover !important;}&#8221;][vc_column][vc_empty_space height=&#8221;10px&#8221; alter_height=&#8221;small&#8221; hide_on_mobile=&#8221;&#8221; css=&#8221;.vc_custom_1534434613739{margin-top: 0.7rem !important;}&#8221;][vc_column_text] O Instituto Gera\u00e7\u00e3o Amanh\u00e3 foi uma das institui\u00e7\u00f5es pioneiras no sentido de informar e sensibilizar toda a sociedade no tema do acolhimento familiar, al\u00e9m de uma vasta produ\u00e7\u00e3o de conte\u00fado sobre ado\u00e7\u00e3o, conviv\u00eancia familiar e comunit\u00e1ria, Primeira Inf\u00e2ncia e enfrentamento da viol\u00eancia. Tem como foco&hellip;\" \/>\n<meta property=\"og:url\" content=\"https:\/\/geracaoamanha.org.br\/teste\/producao-de-conteudo\/\" \/>\n<meta property=\"og:site_name\" content=\"Instituto Gera\u00e7\u00e3o Amanh\u00e3\" \/>\n<meta property=\"article:modified_time\" content=\"2024-05-10T19:00:52+00:00\" \/>\n<meta name=\"twitter:card\" content=\"summary_large_image\" \/>\n<meta name=\"twitter:label1\" content=\"Est. tempo de leitura\" \/>\n\t<meta name=\"twitter:data1\" content=\"1 minuto\" \/>\n<script type=\"application\/ld+json\" class=\"yoast-schema-graph\">{\"@context\":\"https:\/\/schema.org\",\"@graph\":[{\"@type\":\"WebPage\",\"@id\":\"https:\/\/geracaoamanha.org.br\/teste\/producao-de-conteudo\/\",\"url\":\"https:\/\/geracaoamanha.org.br\/teste\/producao-de-conteudo\/\",\"name\":\"Produ\u00e7\u00e3o de Conte\u00fado - Instituto Gera\u00e7\u00e3o Amanh\u00e3\",\"isPartOf\":{\"@id\":\"https:\/\/geracaoamanha.org.br\/teste\/#website\"},\"datePublished\":\"2024-05-10T18:59:03+00:00\",\"dateModified\":\"2024-05-10T19:00:52+00:00\",\"breadcrumb\":{\"@id\":\"https:\/\/geracaoamanha.org.br\/teste\/producao-de-conteudo\/#breadcrumb\"},\"inLanguage\":\"pt-BR\",\"potentialAction\":[{\"@type\":\"ReadAction\",\"target\":[\"https:\/\/geracaoamanha.org.br\/teste\/producao-de-conteudo\/\"]}]},{\"@type\":\"BreadcrumbList\",\"@id\":\"https:\/\/geracaoamanha.org.br\/teste\/producao-de-conteudo\/#breadcrumb\",\"itemListElement\":[{\"@type\":\"ListItem\",\"position\":1,\"name\":\"Home\",\"item\":\"https:\/\/geracaoamanha.org.br\/teste\/\"},{\"@type\":\"ListItem\",\"position\":2,\"name\":\"Produ\u00e7\u00e3o de Conte\u00fado\"}]},{\"@type\":\"WebSite\",\"@id\":\"https:\/\/geracaoamanha.org.br\/teste\/#website\",\"url\":\"https:\/\/geracaoamanha.org.br\/teste\/\",\"name\":\"Instituto Gera\u00e7\u00e3o Amanh\u00e3\",\"description\":\"Tudo sobre acolhimento familiar e ado\u00e7\u00e3o\",\"potentialAction\":[{\"@type\":\"SearchAction\",\"target\":{\"@type\":\"EntryPoint\",\"urlTemplate\":\"https:\/\/geracaoamanha.org.br\/teste\/?s={search_term_string}\"},\"query-input\":{\"@type\":\"PropertyValueSpecification\",\"valueRequired\":true,\"valueName\":\"search_term_string\"}}],\"inLanguage\":\"pt-BR\"}]}<\/script>\n<!-- \/ Yoast SEO plugin. -->","yoast_head_json":{"title":"Produ\u00e7\u00e3o de Conte\u00fado - Instituto Gera\u00e7\u00e3o Amanh\u00e3","robots":{"index":"noindex","follow":"follow","max-snippet":"max-snippet:-1","max-image-preview":"max-image-preview:large","max-video-preview":"max-video-preview:-1"},"og_locale":"pt_BR","og_type":"article","og_title":"Produ\u00e7\u00e3o de Conte\u00fado - Instituto Gera\u00e7\u00e3o Amanh\u00e3","og_description":"[vc_row full_width=&#8221;stretch_row&#8221; css=&#8221;.vc_custom_1715278512881{background-position: center !important;background-repeat: no-repeat !important;background-size: cover !important;}&#8221;][vc_column][vc_empty_space height=&#8221;10px&#8221; alter_height=&#8221;small&#8221; hide_on_mobile=&#8221;&#8221; css=&#8221;.vc_custom_1534434613739{margin-top: 0.7rem !important;}&#8221;][vc_column_text] O Instituto Gera\u00e7\u00e3o Amanh\u00e3 foi uma das institui\u00e7\u00f5es pioneiras no sentido de informar e sensibilizar toda a sociedade no tema do acolhimento familiar, al\u00e9m de uma vasta produ\u00e7\u00e3o de conte\u00fado sobre ado\u00e7\u00e3o, conviv\u00eancia familiar e comunit\u00e1ria, Primeira Inf\u00e2ncia e enfrentamento da viol\u00eancia. Tem como foco&hellip;","og_url":"https:\/\/geracaoamanha.org.br\/teste\/producao-de-conteudo\/","og_site_name":"Instituto Gera\u00e7\u00e3o Amanh\u00e3","article_modified_time":"2024-05-10T19:00:52+00:00","twitter_card":"summary_large_image","twitter_misc":{"Est. tempo de leitura":"1 minuto"},"schema":{"@context":"https:\/\/schema.org","@graph":[{"@type":"WebPage","@id":"https:\/\/geracaoamanha.org.br\/teste\/producao-de-conteudo\/","url":"https:\/\/geracaoamanha.org.br\/teste\/producao-de-conteudo\/","name":"Produ\u00e7\u00e3o de Conte\u00fado - Instituto Gera\u00e7\u00e3o Amanh\u00e3","isPartOf":{"@id":"https:\/\/geracaoamanha.org.br\/teste\/#website"},"datePublished":"2024-05-10T18:59:03+00:00","dateModified":"2024-05-10T19:00:52+00:00","breadcrumb":{"@id":"https:\/\/geracaoamanha.org.br\/teste\/producao-de-conteudo\/#breadcrumb"},"inLanguage":"pt-BR","potentialAction":[{"@type":"ReadAction","target":["https:\/\/geracaoamanha.org.br\/teste\/producao-de-conteudo\/"]}]},{"@type":"BreadcrumbList","@id":"https:\/\/geracaoamanha.org.br\/teste\/producao-de-conteudo\/#breadcrumb","itemListElement":[{"@type":"ListItem","position":1,"name":"Home","item":"https:\/\/geracaoamanha.org.br\/teste\/"},{"@type":"ListItem","position":2,"name":"Produ\u00e7\u00e3o de Conte\u00fado"}]},{"@type":"WebSite","@id":"https:\/\/geracaoamanha.org.br\/teste\/#website","url":"https:\/\/geracaoamanha.org.br\/teste\/","name":"Instituto Gera\u00e7\u00e3o Amanh\u00e3","description":"Tudo sobre acolhimento familiar e ado\u00e7\u00e3o","potentialAction":[{"@type":"SearchAction","target":{"@type":"EntryPoint","urlTemplate":"https:\/\/geracaoamanha.org.br\/teste\/?s={search_term_string}"},"query-input":{"@type":"PropertyValueSpecification","valueRequired":true,"valueName":"search_term_string"}}],"inLanguage":"pt-BR"}]}},"campaignId":"","_links":{"self":[{"href":"https:\/\/geracaoamanha.org.br\/teste\/wp-json\/wp\/v2\/pages\/7269","targetHints":{"allow":["GET"]}}],"collection":[{"href":"https:\/\/geracaoamanha.org.br\/teste\/wp-json\/wp\/v2\/pages"}],"about":[{"href":"https:\/\/geracaoamanha.org.br\/teste\/wp-json\/wp\/v2\/types\/page"}],"author":[{"embeddable":true,"href":"https:\/\/geracaoamanha.org.br\/teste\/wp-json\/wp\/v2\/users\/4"}],"replies":[{"embeddable":true,"href":"https:\/\/geracaoamanha.org.br\/teste\/wp-json\/wp\/v2\/comments?post=7269"}],"version-history":[{"count":3,"href":"https:\/\/geracaoamanha.org.br\/teste\/wp-json\/wp\/v2\/pages\/7269\/revisions"}],"predecessor-version":[{"id":7272,"href":"https:\/\/geracaoamanha.org.br\/teste\/wp-json\/wp\/v2\/pages\/7269\/revisions\/7272"}],"wp:attachment":[{"href":"https:\/\/geracaoamanha.org.br\/teste\/wp-json\/wp\/v2\/media?parent=7269"}],"curies":[{"name":"wp","href":"https:\/\/api.w.org\/{rel}","templated":true}]}}