{"id":7261,"date":"2024-05-10T15:47:00","date_gmt":"2024-05-10T18:47:00","guid":{"rendered":"https:\/\/geracaoamanha.org.br\/teste\/?page_id=7261"},"modified":"2024-05-10T15:48:01","modified_gmt":"2024-05-10T18:48:01","slug":"advocacy","status":"publish","type":"page","link":"https:\/\/geracaoamanha.org.br\/teste\/advocacy\/","title":{"rendered":"Advocacy"},"content":{"rendered":"<div class=\"wpb-content-wrapper\"><p>[vc_row full_width=&#8221;stretch_row&#8221; css=&#8221;.vc_custom_1715278512881{background-position: center !important;background-repeat: no-repeat !important;background-size: cover !important;}&#8221;][vc_column][vc_empty_space height=&#8221;10px&#8221; alter_height=&#8221;small&#8221; hide_on_mobile=&#8221;&#8221; css=&#8221;.vc_custom_1534434613739{margin-top: 0.7rem !important;}&#8221;][vc_column_text]<\/p>\n<h6>O advocacy \u00e9 uma pr\u00e1tica realizada por organiza\u00e7\u00f5es ou indiv\u00edduos, que tem como finalidade defender causas e direitos, atrav\u00e9s da fomenta\u00e7\u00e3o, discuss\u00e3o, formula\u00e7\u00e3o e implementa\u00e7\u00e3o de pol\u00edticas p\u00fablicas, que tragam impactos efetivos nas causas defendidas.<\/h6>\n<h6>Desde a sua funda\u00e7\u00e3o, uma das principais frentes de trabalho do Instituto Gera\u00e7\u00e3o Amanh\u00e3 tem sido o Advocacy pela causa do Acolhimento Familiar. Em 2023, pudemos ver materializadas em a\u00e7\u00f5es concretas, muito dos esfor\u00e7os realizados ao longo desses anos, com a implanta\u00e7\u00e3o de a\u00e7\u00f5es relevantes pela causa do Acolhimento Familiar:<\/h6>\n<h6><strong><span style=\"color: #00ccff;\">RECOMENDA\u00c7\u00c3O CONJUNTA CNJ E CNMP<\/span><\/strong><\/h6>\n<h6><strong>H\u00e1 v\u00e1rios anos, o Instituto Gera\u00e7<\/strong>\u00e3o Amanh\u00e3 vem colaborando, atrav\u00e9s de apoio t\u00e9cnico, na elabora\u00e7\u00e3o da reda\u00e7\u00e3o da Recomenda\u00e7\u00e3o Conjunta assinada pelo CNJ, CNMP e signat\u00e1rios. Lan\u00e7ada em janeiro de 2024, a Recomenda\u00e7\u00e3o disp\u00f5e sobre a integra\u00e7\u00e3o de esfor\u00e7os para o fortalecimento do Servi\u00e7o de Acolhimento em Fam\u00edlia Acolhedora.<\/h6>\n<h6><strong><span style=\"color: #00ccff;\">ATUALIZA\u00c7\u00c3O SNA\/CNJ &#8211; M\u00d3DULO ACOLHIMENTO FAMILIAR<\/span><\/strong><\/h6>\n<h6>O Sistema Nacional de Acolhimento e Ado\u00e7\u00e3o (SNA) \u00e9 uma das principais ferramentas para monitoramento de crian\u00e7as e adolescentes em servi\u00e7o de acolhimento no Brasil. As informa\u00e7\u00f5es sobre acolhimento em fam\u00edlia acolhedora v\u00eam sendo ampliadas no Sistema e desde 2023 o IGA reuniu um grupo de especialistas, incluindo ju\u00edzes e promotores, para contribuir com o CNJ no aprimoramento dos dados sobre acolhimento familiar.<\/h6>\n<h6><\/h6>\n<h6><\/h6>\n<p>[\/vc_column_text][vc_empty_space height=&#8221;10px&#8221; alter_height=&#8221;small&#8221; hide_on_mobile=&#8221;&#8221; css=&#8221;.vc_custom_1534434613739{margin-top: 0.7rem !important;}&#8221;][\/vc_column][\/vc_row]<\/p>\n<\/div>","protected":false},"excerpt":{"rendered":"<p>[vc_row full_width=&#8221;stretch_row&#8221; css=&#8221;.vc_custom_1715278512881{background-position: center !important;background-repeat: no-repeat !important;background-size: cover !important;}&#8221;][vc_column][vc_empty_space height=&#8221;10px&#8221; alter_height=&#8221;small&#8221; hide_on_mobile=&#8221;&#8221; css=&#8221;.vc_custom_1534434613739{margin-top: 0.7rem !important;}&#8221;][vc_column_text] O advocacy \u00e9 uma pr\u00e1tica realizada por organiza\u00e7\u00f5es ou indiv\u00edduos, que tem como finalidade defender causas e direitos, atrav\u00e9s da fomenta\u00e7\u00e3o, discuss\u00e3o, formula\u00e7\u00e3o e implementa\u00e7\u00e3o de pol\u00edticas p\u00fablicas, que tragam impactos efetivos nas causas defendidas. Desde a sua funda\u00e7\u00e3o, uma das principais frentes de trabalho&hellip;<\/p>\n","protected":false},"author":4,"featured_media":0,"parent":0,"menu_order":0,"comment_status":"closed","ping_status":"closed","template":"","meta":{"give_campaign_id":0,"footnotes":""},"class_list":["post-7261","page","type-page","status-publish","hentry"],"yoast_head":"<!-- This site is optimized with the Yoast SEO plugin v27.2 - https:\/\/yoast.com\/product\/yoast-seo-wordpress\/ -->\n<title>Advocacy - Instituto Gera\u00e7\u00e3o Amanh\u00e3<\/title>\n<meta name=\"robots\" content=\"noindex, follow, max-snippet:-1, max-image-preview:large, max-video-preview:-1\" \/>\n<meta property=\"og:locale\" content=\"pt_BR\" \/>\n<meta property=\"og:type\" content=\"article\" \/>\n<meta property=\"og:title\" content=\"Advocacy - Instituto Gera\u00e7\u00e3o Amanh\u00e3\" \/>\n<meta property=\"og:description\" content=\"[vc_row full_width=&#8221;stretch_row&#8221; css=&#8221;.vc_custom_1715278512881{background-position: center !important;background-repeat: no-repeat !important;background-size: cover !important;}&#8221;][vc_column][vc_empty_space height=&#8221;10px&#8221; alter_height=&#8221;small&#8221; hide_on_mobile=&#8221;&#8221; css=&#8221;.vc_custom_1534434613739{margin-top: 0.7rem !important;}&#8221;][vc_column_text] O advocacy \u00e9 uma pr\u00e1tica realizada por organiza\u00e7\u00f5es ou indiv\u00edduos, que tem como finalidade defender causas e direitos, atrav\u00e9s da fomenta\u00e7\u00e3o, discuss\u00e3o, formula\u00e7\u00e3o e implementa\u00e7\u00e3o de pol\u00edticas p\u00fablicas, que tragam impactos efetivos nas causas defendidas. Desde a sua funda\u00e7\u00e3o, uma das principais frentes de trabalho&hellip;\" \/>\n<meta property=\"og:url\" content=\"https:\/\/geracaoamanha.org.br\/teste\/advocacy\/\" \/>\n<meta property=\"og:site_name\" content=\"Instituto Gera\u00e7\u00e3o Amanh\u00e3\" \/>\n<meta property=\"article:modified_time\" content=\"2024-05-10T18:48:01+00:00\" \/>\n<meta name=\"twitter:card\" content=\"summary_large_image\" \/>\n<meta name=\"twitter:label1\" content=\"Est. tempo de leitura\" \/>\n\t<meta name=\"twitter:data1\" content=\"2 minutos\" \/>\n<script type=\"application\/ld+json\" class=\"yoast-schema-graph\">{\"@context\":\"https:\/\/schema.org\",\"@graph\":[{\"@type\":\"WebPage\",\"@id\":\"https:\/\/geracaoamanha.org.br\/teste\/advocacy\/\",\"url\":\"https:\/\/geracaoamanha.org.br\/teste\/advocacy\/\",\"name\":\"Advocacy - Instituto Gera\u00e7\u00e3o Amanh\u00e3\",\"isPartOf\":{\"@id\":\"https:\/\/geracaoamanha.org.br\/teste\/#website\"},\"datePublished\":\"2024-05-10T18:47:00+00:00\",\"dateModified\":\"2024-05-10T18:48:01+00:00\",\"breadcrumb\":{\"@id\":\"https:\/\/geracaoamanha.org.br\/teste\/advocacy\/#breadcrumb\"},\"inLanguage\":\"pt-BR\",\"potentialAction\":[{\"@type\":\"ReadAction\",\"target\":[\"https:\/\/geracaoamanha.org.br\/teste\/advocacy\/\"]}]},{\"@type\":\"BreadcrumbList\",\"@id\":\"https:\/\/geracaoamanha.org.br\/teste\/advocacy\/#breadcrumb\",\"itemListElement\":[{\"@type\":\"ListItem\",\"position\":1,\"name\":\"Home\",\"item\":\"https:\/\/geracaoamanha.org.br\/teste\/\"},{\"@type\":\"ListItem\",\"position\":2,\"name\":\"Advocacy\"}]},{\"@type\":\"WebSite\",\"@id\":\"https:\/\/geracaoamanha.org.br\/teste\/#website\",\"url\":\"https:\/\/geracaoamanha.org.br\/teste\/\",\"name\":\"Instituto Gera\u00e7\u00e3o Amanh\u00e3\",\"description\":\"Tudo sobre acolhimento familiar e ado\u00e7\u00e3o\",\"potentialAction\":[{\"@type\":\"SearchAction\",\"target\":{\"@type\":\"EntryPoint\",\"urlTemplate\":\"https:\/\/geracaoamanha.org.br\/teste\/?s={search_term_string}\"},\"query-input\":{\"@type\":\"PropertyValueSpecification\",\"valueRequired\":true,\"valueName\":\"search_term_string\"}}],\"inLanguage\":\"pt-BR\"}]}<\/script>\n<!-- \/ Yoast SEO plugin. -->","yoast_head_json":{"title":"Advocacy - Instituto Gera\u00e7\u00e3o Amanh\u00e3","robots":{"index":"noindex","follow":"follow","max-snippet":"max-snippet:-1","max-image-preview":"max-image-preview:large","max-video-preview":"max-video-preview:-1"},"og_locale":"pt_BR","og_type":"article","og_title":"Advocacy - Instituto Gera\u00e7\u00e3o Amanh\u00e3","og_description":"[vc_row full_width=&#8221;stretch_row&#8221; css=&#8221;.vc_custom_1715278512881{background-position: center !important;background-repeat: no-repeat !important;background-size: cover !important;}&#8221;][vc_column][vc_empty_space height=&#8221;10px&#8221; alter_height=&#8221;small&#8221; hide_on_mobile=&#8221;&#8221; css=&#8221;.vc_custom_1534434613739{margin-top: 0.7rem !important;}&#8221;][vc_column_text] O advocacy \u00e9 uma pr\u00e1tica realizada por organiza\u00e7\u00f5es ou indiv\u00edduos, que tem como finalidade defender causas e direitos, atrav\u00e9s da fomenta\u00e7\u00e3o, discuss\u00e3o, formula\u00e7\u00e3o e implementa\u00e7\u00e3o de pol\u00edticas p\u00fablicas, que tragam impactos efetivos nas causas defendidas. Desde a sua funda\u00e7\u00e3o, uma das principais frentes de trabalho&hellip;","og_url":"https:\/\/geracaoamanha.org.br\/teste\/advocacy\/","og_site_name":"Instituto Gera\u00e7\u00e3o Amanh\u00e3","article_modified_time":"2024-05-10T18:48:01+00:00","twitter_card":"summary_large_image","twitter_misc":{"Est. tempo de leitura":"2 minutos"},"schema":{"@context":"https:\/\/schema.org","@graph":[{"@type":"WebPage","@id":"https:\/\/geracaoamanha.org.br\/teste\/advocacy\/","url":"https:\/\/geracaoamanha.org.br\/teste\/advocacy\/","name":"Advocacy - Instituto Gera\u00e7\u00e3o Amanh\u00e3","isPartOf":{"@id":"https:\/\/geracaoamanha.org.br\/teste\/#website"},"datePublished":"2024-05-10T18:47:00+00:00","dateModified":"2024-05-10T18:48:01+00:00","breadcrumb":{"@id":"https:\/\/geracaoamanha.org.br\/teste\/advocacy\/#breadcrumb"},"inLanguage":"pt-BR","potentialAction":[{"@type":"ReadAction","target":["https:\/\/geracaoamanha.org.br\/teste\/advocacy\/"]}]},{"@type":"BreadcrumbList","@id":"https:\/\/geracaoamanha.org.br\/teste\/advocacy\/#breadcrumb","itemListElement":[{"@type":"ListItem","position":1,"name":"Home","item":"https:\/\/geracaoamanha.org.br\/teste\/"},{"@type":"ListItem","position":2,"name":"Advocacy"}]},{"@type":"WebSite","@id":"https:\/\/geracaoamanha.org.br\/teste\/#website","url":"https:\/\/geracaoamanha.org.br\/teste\/","name":"Instituto Gera\u00e7\u00e3o Amanh\u00e3","description":"Tudo sobre acolhimento familiar e ado\u00e7\u00e3o","potentialAction":[{"@type":"SearchAction","target":{"@type":"EntryPoint","urlTemplate":"https:\/\/geracaoamanha.org.br\/teste\/?s={search_term_string}"},"query-input":{"@type":"PropertyValueSpecification","valueRequired":true,"valueName":"search_term_string"}}],"inLanguage":"pt-BR"}]}},"campaignId":"","_links":{"self":[{"href":"https:\/\/geracaoamanha.org.br\/teste\/wp-json\/wp\/v2\/pages\/7261","targetHints":{"allow":["GET"]}}],"collection":[{"href":"https:\/\/geracaoamanha.org.br\/teste\/wp-json\/wp\/v2\/pages"}],"about":[{"href":"https:\/\/geracaoamanha.org.br\/teste\/wp-json\/wp\/v2\/types\/page"}],"author":[{"embeddable":true,"href":"https:\/\/geracaoamanha.org.br\/teste\/wp-json\/wp\/v2\/users\/4"}],"replies":[{"embeddable":true,"href":"https:\/\/geracaoamanha.org.br\/teste\/wp-json\/wp\/v2\/comments?post=7261"}],"version-history":[{"count":3,"href":"https:\/\/geracaoamanha.org.br\/teste\/wp-json\/wp\/v2\/pages\/7261\/revisions"}],"predecessor-version":[{"id":7263,"href":"https:\/\/geracaoamanha.org.br\/teste\/wp-json\/wp\/v2\/pages\/7261\/revisions\/7263"}],"wp:attachment":[{"href":"https:\/\/geracaoamanha.org.br\/teste\/wp-json\/wp\/v2\/media?parent=7261"}],"curies":[{"name":"wp","href":"https:\/\/api.w.org\/{rel}","templated":true}]}}