{"id":7247,"date":"2024-05-10T13:55:09","date_gmt":"2024-05-10T16:55:09","guid":{"rendered":"https:\/\/geracaoamanha.org.br\/teste\/?page_id=7247"},"modified":"2024-05-14T15:30:59","modified_gmt":"2024-05-14T18:30:59","slug":"oqf-cursos-e-treinamentos","status":"publish","type":"page","link":"https:\/\/geracaoamanha.org.br\/teste\/oqf-cursos-e-treinamentos\/","title":{"rendered":"Cursos e Treinamentos"},"content":{"rendered":"<div class=\"wpb-content-wrapper\"><p>[vc_row full_width=&#8221;stretch_row&#8221; css=&#8221;.vc_custom_1715278512881{background-position: center !important;background-repeat: no-repeat !important;background-size: cover !important;}&#8221;][vc_column][vc_empty_space height=&#8221;10px&#8221; alter_height=&#8221;small&#8221; hide_on_mobile=&#8221;&#8221; css=&#8221;.vc_custom_1534434613739{margin-top: 0.7rem !important;}&#8221;][vc_column_text]<\/p>\n<h6>O IGA realiza forma\u00e7\u00f5es completas, cursos e treinamentos dirigidos aos profissionais do SGDCA, nas diferentes modalidades de ensino presencial ou online, em cursos ao vivo, gravados ou no sistema h\u00edbrido, dentro da grade curricular j\u00e1 pronta ou em cursos produzidos sob demanda, nos temas do Acolhimento Familiar, Ado\u00e7\u00e3o, Preven\u00e7\u00e3o e Enfrentamento de Viol\u00eancias, Primeira Inf\u00e2ncia, ECA \u2013 Estatuto da Crian\u00e7a e do Adolescente. Conhe\u00e7a abaixo os cursos dispon\u00edveis ou entre em contato para mais informa\u00e7\u00f5es sobre cursos sob demanda.<\/h6>\n<h6><\/h6>\n<p>[\/vc_column_text][vc_empty_space height=&#8221;10px&#8221; alter_height=&#8221;small&#8221; hide_on_mobile=&#8221;&#8221; css=&#8221;.vc_custom_1534434613739{margin-top: 0.7rem !important;}&#8221;][vc_separator style=&#8221;shadow&#8221;][vc_empty_space height=&#8221;10px&#8221; alter_height=&#8221;small&#8221; hide_on_mobile=&#8221;&#8221; css=&#8221;.vc_custom_1534434613739{margin-top: 0.7rem !important;}&#8221;][vc_column_text]<\/p>\n<h4 style=\"text-align: center;\"><a href=\"https:\/\/www.eadgeracaoamanha.com.br\/categoria\/2\/2\/adocao\/\" target=\"_blank\" rel=\"noopener noreferrer\">Cursos Ado\u00e7\u00e3o para Profissionais I, II, III<\/a><a href=\"https:\/\/www.eadgeracaoamanha.com.br\/categoria\/2\/2\/adocao\/\" target=\"_blank\" rel=\"noopener noreferrer\"><img loading=\"lazy\" decoding=\"async\" class=\"aligncenter wp-image-7406 size-full\" style=\"color: #1d1d1d; font-family: Montserrat, sans-serif; font-size: 17.0002px; font-weight: 600; text-align: center;\" src=\"https:\/\/geracaoamanha.org.br\/teste\/wp-content\/uploads\/2024\/05\/cursos-adoc.jpg\" alt=\"\" width=\"934\" height=\"344\" srcset=\"https:\/\/geracaoamanha.org.br\/teste\/wp-content\/uploads\/2024\/05\/cursos-adoc.jpg 934w, https:\/\/geracaoamanha.org.br\/teste\/wp-content\/uploads\/2024\/05\/cursos-adoc-300x110.jpg 300w, https:\/\/geracaoamanha.org.br\/teste\/wp-content\/uploads\/2024\/05\/cursos-adoc-768x283.jpg 768w, https:\/\/geracaoamanha.org.br\/teste\/wp-content\/uploads\/2024\/05\/cursos-adoc-370x136.jpg 370w, https:\/\/geracaoamanha.org.br\/teste\/wp-content\/uploads\/2024\/05\/cursos-adoc-760x280.jpg 760w\" sizes=\"auto, (max-width: 934px) 100vw, 934px\" \/><\/a><\/h4>\n<p>[\/vc_column_text][vc_empty_space height=&#8221;10px&#8221; alter_height=&#8221;small&#8221; hide_on_mobile=&#8221;&#8221; css=&#8221;.vc_custom_1534434613739{margin-top: 0.7rem !important;}&#8221;][\/vc_column][\/vc_row][vc_row full_width=&#8221;stretch_row&#8221; css=&#8221;.vc_custom_1715278512881{background-position: center !important;background-repeat: no-repeat !important;background-size: cover !important;}&#8221;][vc_column][vc_empty_space height=&#8221;10px&#8221; alter_height=&#8221;small&#8221; hide_on_mobile=&#8221;&#8221; css=&#8221;.vc_custom_1534434613739{margin-top: 0.7rem !important;}&#8221;][vc_column_text]<\/p>\n<h6 style=\"text-align: center;\"><span style=\"font-size: 18pt;\"><a style=\"letter-spacing: -0.3px;\" href=\"https:\/\/www.eadgeracaoamanha.com.br\/categoria\/2\/1\/familia-acolhedora\/\" target=\"_blank\" rel=\"noopener noreferrer\">Forma\u00e7\u00e3o Completa em Servi\u00e7o Fam\u00edlia Acolhedora &#8211; SFA<\/a><\/span><a href=\"https:\/\/www.eadgeracaoamanha.com.br\/categoria\/2\/1\/familia-acolhedora\/\" target=\"_blank\" rel=\"noopener noreferrer\"><img loading=\"lazy\" decoding=\"async\" class=\"aligncenter wp-image-7408 size-full\" src=\"https:\/\/geracaoamanha.org.br\/teste\/wp-content\/uploads\/2024\/05\/cursos-sfa.jpg\" alt=\"\" width=\"934\" height=\"344\" srcset=\"https:\/\/geracaoamanha.org.br\/teste\/wp-content\/uploads\/2024\/05\/cursos-sfa.jpg 934w, https:\/\/geracaoamanha.org.br\/teste\/wp-content\/uploads\/2024\/05\/cursos-sfa-300x110.jpg 300w, https:\/\/geracaoamanha.org.br\/teste\/wp-content\/uploads\/2024\/05\/cursos-sfa-768x283.jpg 768w, https:\/\/geracaoamanha.org.br\/teste\/wp-content\/uploads\/2024\/05\/cursos-sfa-370x136.jpg 370w, https:\/\/geracaoamanha.org.br\/teste\/wp-content\/uploads\/2024\/05\/cursos-sfa-760x280.jpg 760w\" sizes=\"auto, (max-width: 934px) 100vw, 934px\" \/><\/a><\/h6>\n<p>[\/vc_column_text][vc_empty_space height=&#8221;10px&#8221; alter_height=&#8221;small&#8221; hide_on_mobile=&#8221;&#8221; css=&#8221;.vc_custom_1534434613739{margin-top: 0.7rem !important;}&#8221;][\/vc_column][\/vc_row][vc_row full_width=&#8221;stretch_row&#8221; css=&#8221;.vc_custom_1715278512881{background-position: center !important;background-repeat: no-repeat !important;background-size: cover !important;}&#8221;][vc_column][vc_empty_space height=&#8221;10px&#8221; alter_height=&#8221;small&#8221; hide_on_mobile=&#8221;&#8221; css=&#8221;.vc_custom_1534434613739{margin-top: 0.7rem !important;}&#8221;][vc_column_text]<\/p>\n<h6 style=\"text-align: center;\"><a href=\"https:\/\/bit.ly\/cursoeadviolencia\" target=\"_blank\" rel=\"noopener noreferrer\"><span style=\"font-size: 18pt;\">Viol\u00eancia contra Crian\u00e7as e Adolescentes<\/span><\/a><a href=\"https:\/\/www.eadgeracaoamanha.com.br\/gratuito\/9\/violencia-contra-criancas-e-adolescentes-perfil-psicologico-e-sinais-de\/\" target=\"_blank\" rel=\"noopener noreferrer\"><img loading=\"lazy\" decoding=\"async\" class=\"aligncenter wp-image-7410 size-full\" src=\"https:\/\/geracaoamanha.org.br\/teste\/wp-content\/uploads\/2024\/05\/cursos-viol.jpg\" alt=\"\" width=\"934\" height=\"344\" srcset=\"https:\/\/geracaoamanha.org.br\/teste\/wp-content\/uploads\/2024\/05\/cursos-viol.jpg 934w, https:\/\/geracaoamanha.org.br\/teste\/wp-content\/uploads\/2024\/05\/cursos-viol-300x110.jpg 300w, https:\/\/geracaoamanha.org.br\/teste\/wp-content\/uploads\/2024\/05\/cursos-viol-768x283.jpg 768w, https:\/\/geracaoamanha.org.br\/teste\/wp-content\/uploads\/2024\/05\/cursos-viol-370x136.jpg 370w, https:\/\/geracaoamanha.org.br\/teste\/wp-content\/uploads\/2024\/05\/cursos-viol-760x280.jpg 760w\" sizes=\"auto, (max-width: 934px) 100vw, 934px\" \/><\/a><\/h6>\n<p>[\/vc_column_text][vc_empty_space height=&#8221;10px&#8221; alter_height=&#8221;small&#8221; hide_on_mobile=&#8221;&#8221; css=&#8221;.vc_custom_1534434613739{margin-top: 0.7rem !important;}&#8221;][vc_column_text]<\/p>\n<h6 style=\"text-align: center;\"><span style=\"font-size: 18pt;\"><a href=\"https:\/\/www.eadgeracaoamanha.com.br\/gratuito\/1\/serie-saber-mais\/\" target=\"_blank\" rel=\"noopener noreferrer\">Primeira Inf\u00e2ncia &#8211; S\u00e9rie Saber Mais<\/a><\/span><\/h6>\n<p><a href=\"https:\/\/www.eadgeracaoamanha.com.br\/gratuito\/1\/serie-saber-mais\/\" target=\"_blank\" rel=\"noopener noreferrer\"><img loading=\"lazy\" decoding=\"async\" class=\"aligncenter wp-image-7411 size-full\" src=\"https:\/\/geracaoamanha.org.br\/teste\/wp-content\/uploads\/2024\/05\/cursos-1a-inf.jpg\" alt=\"\" width=\"934\" height=\"344\" srcset=\"https:\/\/geracaoamanha.org.br\/teste\/wp-content\/uploads\/2024\/05\/cursos-1a-inf.jpg 934w, https:\/\/geracaoamanha.org.br\/teste\/wp-content\/uploads\/2024\/05\/cursos-1a-inf-300x110.jpg 300w, https:\/\/geracaoamanha.org.br\/teste\/wp-content\/uploads\/2024\/05\/cursos-1a-inf-768x283.jpg 768w, https:\/\/geracaoamanha.org.br\/teste\/wp-content\/uploads\/2024\/05\/cursos-1a-inf-370x136.jpg 370w, https:\/\/geracaoamanha.org.br\/teste\/wp-content\/uploads\/2024\/05\/cursos-1a-inf-760x280.jpg 760w\" sizes=\"auto, (max-width: 934px) 100vw, 934px\" \/><\/a>[\/vc_column_text][vc_empty_space height=&#8221;10px&#8221; alter_height=&#8221;small&#8221; hide_on_mobile=&#8221;&#8221; css=&#8221;.vc_custom_1534434613739{margin-top: 0.7rem !important;}&#8221;][\/vc_column][\/vc_row]<\/p>\n<\/div>","protected":false},"excerpt":{"rendered":"<p>[vc_row full_width=&#8221;stretch_row&#8221; css=&#8221;.vc_custom_1715278512881{background-position: center !important;background-repeat: no-repeat !important;background-size: cover !important;}&#8221;][vc_column][vc_empty_space height=&#8221;10px&#8221; alter_height=&#8221;small&#8221; hide_on_mobile=&#8221;&#8221; css=&#8221;.vc_custom_1534434613739{margin-top: 0.7rem !important;}&#8221;][vc_column_text] O IGA realiza forma\u00e7\u00f5es completas, cursos e treinamentos dirigidos aos profissionais do SGDCA, nas diferentes modalidades de ensino presencial ou online, em cursos ao vivo, gravados ou no sistema h\u00edbrido, dentro da grade curricular j\u00e1 pronta ou em cursos produzidos sob demanda, nos temas do&hellip;<\/p>\n","protected":false},"author":4,"featured_media":0,"parent":0,"menu_order":0,"comment_status":"closed","ping_status":"closed","template":"","meta":{"give_campaign_id":0,"footnotes":""},"class_list":["post-7247","page","type-page","status-publish","hentry"],"yoast_head":"<!-- This site is optimized with the Yoast SEO plugin v27.2 - https:\/\/yoast.com\/product\/yoast-seo-wordpress\/ -->\n<title>Cursos e Treinamentos - Instituto Gera\u00e7\u00e3o Amanh\u00e3<\/title>\n<meta name=\"robots\" content=\"noindex, follow, max-snippet:-1, max-image-preview:large, max-video-preview:-1\" \/>\n<meta property=\"og:locale\" content=\"pt_BR\" \/>\n<meta property=\"og:type\" content=\"article\" \/>\n<meta property=\"og:title\" content=\"Cursos e Treinamentos - Instituto Gera\u00e7\u00e3o Amanh\u00e3\" \/>\n<meta property=\"og:description\" content=\"[vc_row full_width=&#8221;stretch_row&#8221; css=&#8221;.vc_custom_1715278512881{background-position: center !important;background-repeat: no-repeat !important;background-size: cover !important;}&#8221;][vc_column][vc_empty_space height=&#8221;10px&#8221; alter_height=&#8221;small&#8221; hide_on_mobile=&#8221;&#8221; css=&#8221;.vc_custom_1534434613739{margin-top: 0.7rem !important;}&#8221;][vc_column_text] O IGA realiza forma\u00e7\u00f5es completas, cursos e treinamentos dirigidos aos profissionais do SGDCA, nas diferentes modalidades de ensino presencial ou online, em cursos ao vivo, gravados ou no sistema h\u00edbrido, dentro da grade curricular j\u00e1 pronta ou em cursos produzidos sob demanda, nos temas do&hellip;\" \/>\n<meta property=\"og:url\" content=\"https:\/\/geracaoamanha.org.br\/teste\/oqf-cursos-e-treinamentos\/\" \/>\n<meta property=\"og:site_name\" content=\"Instituto Gera\u00e7\u00e3o Amanh\u00e3\" \/>\n<meta property=\"article:modified_time\" content=\"2024-05-14T18:30:59+00:00\" \/>\n<meta property=\"og:image\" content=\"https:\/\/geracaoamanha.org.br\/teste\/wp-content\/uploads\/2024\/05\/cursos-adoc.jpg\" \/>\n<meta name=\"twitter:card\" content=\"summary_large_image\" \/>\n<meta name=\"twitter:label1\" content=\"Est. tempo de leitura\" \/>\n\t<meta name=\"twitter:data1\" content=\"2 minutos\" \/>\n<script type=\"application\/ld+json\" class=\"yoast-schema-graph\">{\"@context\":\"https:\/\/schema.org\",\"@graph\":[{\"@type\":\"WebPage\",\"@id\":\"https:\/\/geracaoamanha.org.br\/teste\/oqf-cursos-e-treinamentos\/\",\"url\":\"https:\/\/geracaoamanha.org.br\/teste\/oqf-cursos-e-treinamentos\/\",\"name\":\"Cursos e Treinamentos - Instituto Gera\u00e7\u00e3o Amanh\u00e3\",\"isPartOf\":{\"@id\":\"https:\/\/geracaoamanha.org.br\/teste\/#website\"},\"primaryImageOfPage\":{\"@id\":\"https:\/\/geracaoamanha.org.br\/teste\/oqf-cursos-e-treinamentos\/#primaryimage\"},\"image\":{\"@id\":\"https:\/\/geracaoamanha.org.br\/teste\/oqf-cursos-e-treinamentos\/#primaryimage\"},\"thumbnailUrl\":\"https:\/\/geracaoamanha.org.br\/teste\/wp-content\/uploads\/2024\/05\/cursos-adoc.jpg\",\"datePublished\":\"2024-05-10T16:55:09+00:00\",\"dateModified\":\"2024-05-14T18:30:59+00:00\",\"breadcrumb\":{\"@id\":\"https:\/\/geracaoamanha.org.br\/teste\/oqf-cursos-e-treinamentos\/#breadcrumb\"},\"inLanguage\":\"pt-BR\",\"potentialAction\":[{\"@type\":\"ReadAction\",\"target\":[\"https:\/\/geracaoamanha.org.br\/teste\/oqf-cursos-e-treinamentos\/\"]}]},{\"@type\":\"ImageObject\",\"inLanguage\":\"pt-BR\",\"@id\":\"https:\/\/geracaoamanha.org.br\/teste\/oqf-cursos-e-treinamentos\/#primaryimage\",\"url\":\"https:\/\/geracaoamanha.org.br\/teste\/wp-content\/uploads\/2024\/05\/cursos-adoc.jpg\",\"contentUrl\":\"https:\/\/geracaoamanha.org.br\/teste\/wp-content\/uploads\/2024\/05\/cursos-adoc.jpg\",\"width\":934,\"height\":344},{\"@type\":\"BreadcrumbList\",\"@id\":\"https:\/\/geracaoamanha.org.br\/teste\/oqf-cursos-e-treinamentos\/#breadcrumb\",\"itemListElement\":[{\"@type\":\"ListItem\",\"position\":1,\"name\":\"Home\",\"item\":\"https:\/\/geracaoamanha.org.br\/teste\/\"},{\"@type\":\"ListItem\",\"position\":2,\"name\":\"Cursos e Treinamentos\"}]},{\"@type\":\"WebSite\",\"@id\":\"https:\/\/geracaoamanha.org.br\/teste\/#website\",\"url\":\"https:\/\/geracaoamanha.org.br\/teste\/\",\"name\":\"Instituto Gera\u00e7\u00e3o Amanh\u00e3\",\"description\":\"Tudo sobre acolhimento familiar e ado\u00e7\u00e3o\",\"potentialAction\":[{\"@type\":\"SearchAction\",\"target\":{\"@type\":\"EntryPoint\",\"urlTemplate\":\"https:\/\/geracaoamanha.org.br\/teste\/?s={search_term_string}\"},\"query-input\":{\"@type\":\"PropertyValueSpecification\",\"valueRequired\":true,\"valueName\":\"search_term_string\"}}],\"inLanguage\":\"pt-BR\"}]}<\/script>\n<!-- \/ Yoast SEO plugin. -->","yoast_head_json":{"title":"Cursos e Treinamentos - Instituto Gera\u00e7\u00e3o Amanh\u00e3","robots":{"index":"noindex","follow":"follow","max-snippet":"max-snippet:-1","max-image-preview":"max-image-preview:large","max-video-preview":"max-video-preview:-1"},"og_locale":"pt_BR","og_type":"article","og_title":"Cursos e Treinamentos - Instituto Gera\u00e7\u00e3o Amanh\u00e3","og_description":"[vc_row full_width=&#8221;stretch_row&#8221; css=&#8221;.vc_custom_1715278512881{background-position: center !important;background-repeat: no-repeat !important;background-size: cover !important;}&#8221;][vc_column][vc_empty_space height=&#8221;10px&#8221; alter_height=&#8221;small&#8221; hide_on_mobile=&#8221;&#8221; css=&#8221;.vc_custom_1534434613739{margin-top: 0.7rem !important;}&#8221;][vc_column_text] O IGA realiza forma\u00e7\u00f5es completas, cursos e treinamentos dirigidos aos profissionais do SGDCA, nas diferentes modalidades de ensino presencial ou online, em cursos ao vivo, gravados ou no sistema h\u00edbrido, dentro da grade curricular j\u00e1 pronta ou em cursos produzidos sob demanda, nos temas do&hellip;","og_url":"https:\/\/geracaoamanha.org.br\/teste\/oqf-cursos-e-treinamentos\/","og_site_name":"Instituto Gera\u00e7\u00e3o Amanh\u00e3","article_modified_time":"2024-05-14T18:30:59+00:00","og_image":[{"url":"https:\/\/geracaoamanha.org.br\/teste\/wp-content\/uploads\/2024\/05\/cursos-adoc.jpg","type":"","width":"","height":""}],"twitter_card":"summary_large_image","twitter_misc":{"Est. tempo de leitura":"2 minutos"},"schema":{"@context":"https:\/\/schema.org","@graph":[{"@type":"WebPage","@id":"https:\/\/geracaoamanha.org.br\/teste\/oqf-cursos-e-treinamentos\/","url":"https:\/\/geracaoamanha.org.br\/teste\/oqf-cursos-e-treinamentos\/","name":"Cursos e Treinamentos - Instituto Gera\u00e7\u00e3o Amanh\u00e3","isPartOf":{"@id":"https:\/\/geracaoamanha.org.br\/teste\/#website"},"primaryImageOfPage":{"@id":"https:\/\/geracaoamanha.org.br\/teste\/oqf-cursos-e-treinamentos\/#primaryimage"},"image":{"@id":"https:\/\/geracaoamanha.org.br\/teste\/oqf-cursos-e-treinamentos\/#primaryimage"},"thumbnailUrl":"https:\/\/geracaoamanha.org.br\/teste\/wp-content\/uploads\/2024\/05\/cursos-adoc.jpg","datePublished":"2024-05-10T16:55:09+00:00","dateModified":"2024-05-14T18:30:59+00:00","breadcrumb":{"@id":"https:\/\/geracaoamanha.org.br\/teste\/oqf-cursos-e-treinamentos\/#breadcrumb"},"inLanguage":"pt-BR","potentialAction":[{"@type":"ReadAction","target":["https:\/\/geracaoamanha.org.br\/teste\/oqf-cursos-e-treinamentos\/"]}]},{"@type":"ImageObject","inLanguage":"pt-BR","@id":"https:\/\/geracaoamanha.org.br\/teste\/oqf-cursos-e-treinamentos\/#primaryimage","url":"https:\/\/geracaoamanha.org.br\/teste\/wp-content\/uploads\/2024\/05\/cursos-adoc.jpg","contentUrl":"https:\/\/geracaoamanha.org.br\/teste\/wp-content\/uploads\/2024\/05\/cursos-adoc.jpg","width":934,"height":344},{"@type":"BreadcrumbList","@id":"https:\/\/geracaoamanha.org.br\/teste\/oqf-cursos-e-treinamentos\/#breadcrumb","itemListElement":[{"@type":"ListItem","position":1,"name":"Home","item":"https:\/\/geracaoamanha.org.br\/teste\/"},{"@type":"ListItem","position":2,"name":"Cursos e Treinamentos"}]},{"@type":"WebSite","@id":"https:\/\/geracaoamanha.org.br\/teste\/#website","url":"https:\/\/geracaoamanha.org.br\/teste\/","name":"Instituto Gera\u00e7\u00e3o Amanh\u00e3","description":"Tudo sobre acolhimento familiar e ado\u00e7\u00e3o","potentialAction":[{"@type":"SearchAction","target":{"@type":"EntryPoint","urlTemplate":"https:\/\/geracaoamanha.org.br\/teste\/?s={search_term_string}"},"query-input":{"@type":"PropertyValueSpecification","valueRequired":true,"valueName":"search_term_string"}}],"inLanguage":"pt-BR"}]}},"campaignId":"","_links":{"self":[{"href":"https:\/\/geracaoamanha.org.br\/teste\/wp-json\/wp\/v2\/pages\/7247","targetHints":{"allow":["GET"]}}],"collection":[{"href":"https:\/\/geracaoamanha.org.br\/teste\/wp-json\/wp\/v2\/pages"}],"about":[{"href":"https:\/\/geracaoamanha.org.br\/teste\/wp-json\/wp\/v2\/types\/page"}],"author":[{"embeddable":true,"href":"https:\/\/geracaoamanha.org.br\/teste\/wp-json\/wp\/v2\/users\/4"}],"replies":[{"embeddable":true,"href":"https:\/\/geracaoamanha.org.br\/teste\/wp-json\/wp\/v2\/comments?post=7247"}],"version-history":[{"count":9,"href":"https:\/\/geracaoamanha.org.br\/teste\/wp-json\/wp\/v2\/pages\/7247\/revisions"}],"predecessor-version":[{"id":7407,"href":"https:\/\/geracaoamanha.org.br\/teste\/wp-json\/wp\/v2\/pages\/7247\/revisions\/7407"}],"wp:attachment":[{"href":"https:\/\/geracaoamanha.org.br\/teste\/wp-json\/wp\/v2\/media?parent=7247"}],"curies":[{"name":"wp","href":"https:\/\/api.w.org\/{rel}","templated":true}]}}