{"id":7223,"date":"2024-05-09T22:30:35","date_gmt":"2024-05-10T01:30:35","guid":{"rendered":"https:\/\/geracaoamanha.org.br\/teste\/?page_id=7223"},"modified":"2024-05-10T08:10:22","modified_gmt":"2024-05-10T11:10:22","slug":"familias-e-seus-arranjos","status":"publish","type":"page","link":"https:\/\/geracaoamanha.org.br\/teste\/familias-e-seus-arranjos\/","title":{"rendered":"As fam\u00edlias em seus diferentes arranjos"},"content":{"rendered":"<div class=\"wpb-content-wrapper\"><p>[vc_row][vc_column][vc_empty_space height=&#8221;12px&#8221; alter_height=&#8221;small&#8221; hide_on_mobile=&#8221;&#8221;][vc_column_text]<span style=\"font-size: 14pt;\">As significativas transforma\u00e7\u00f5es que t\u00eam ocorrido na sociedade atual atingem diretamente as composi\u00e7\u00f5es no contexto familiar. Muitos arranjos e modelos de fam\u00edlias, em diversos arranjos que se formam em diferentes modalidades. \u00c9 isso que esse e-book exclusivo apresenta de forma did\u00e1tica, tanto para adultos em termos mais conceituais, quanto para as crian\u00e7as, com ilustra\u00e7\u00f5es e linguagem simples e direta. Preencha o formul\u00e1rio e fa\u00e7a o seu download gratuitamente. Boa leitura.<\/span>[\/vc_column_text][vc_empty_space height=&#8221;12px&#8221; alter_height=&#8221;small&#8221; hide_on_mobile=&#8221;&#8221;][\/vc_column][\/vc_row][vc_row gap=&#8221;20&#8243;][vc_column width=&#8221;1\/2&#8243;]<div id=\"sc_title_40420955\"\n\t\tclass=\"sc_title sc_title_default\"><h5 class=\"sc_item_title sc_title_title sc_align_left sc_item_title_style_default sc_item_title_tag\">E-Book<\/h5><\/div><!-- \/.sc_title -->[vc_empty_space alter_height=&#8221;small&#8221; hide_on_mobile=&#8221;&#8221;][vc_single_image image=&#8221;7237&#8243; img_size=&#8221;full&#8221; style=&#8221;vc_box_shadow&#8221; onclick=&#8221;zoom&#8221;][vc_empty_space alter_height=&#8221;small&#8221; hide_on_mobile=&#8221;&#8221;][\/vc_column][vc_column width=&#8221;1\/2&#8243;]<div id=\"sc_title_1462319629\"\n\t\tclass=\"sc_title sc_title_default\"><h5 class=\"sc_item_title sc_title_title sc_align_left sc_item_title_style_default sc_item_title_tag\">Preencha e baixe o seu<\/h5><\/div><!-- \/.sc_title -->[vc_empty_space height=&#8221;12px&#8221; alter_height=&#8221;small&#8221; hide_on_mobile=&#8221;&#8221;]\n<div class=\"wpcf7 no-js\" id=\"wpcf7-f7221-o1\" lang=\"pt-BR\" dir=\"ltr\" data-wpcf7-id=\"7221\">\n<div class=\"screen-reader-response\"><p role=\"status\" aria-live=\"polite\" aria-atomic=\"true\"><\/p> <ul><\/ul><\/div>\n<form action=\"\/teste\/wp-json\/wp\/v2\/pages\/7223#wpcf7-f7221-o1\" method=\"post\" class=\"wpcf7-form init\" aria-label=\"Formul\u00e1rios de contato\" novalidate=\"novalidate\" data-status=\"init\">\n<fieldset class=\"hidden-fields-container\"><input type=\"hidden\" name=\"_wpcf7\" value=\"7221\" \/><input type=\"hidden\" name=\"_wpcf7_version\" value=\"6.1.1\" \/><input type=\"hidden\" name=\"_wpcf7_locale\" value=\"pt_BR\" \/><input type=\"hidden\" name=\"_wpcf7_unit_tag\" value=\"wpcf7-f7221-o1\" \/><input type=\"hidden\" name=\"_wpcf7_container_post\" value=\"0\" \/><input type=\"hidden\" name=\"_wpcf7_posted_data_hash\" value=\"\" \/>\n<\/fieldset>\n<p><label> Seu nome<br \/>\n<span class=\"wpcf7-form-control-wrap\" data-name=\"remetente\"><input size=\"40\" maxlength=\"400\" class=\"wpcf7-form-control wpcf7-text wpcf7-validates-as-required\" id=\"remetente\" aria-required=\"true\" aria-invalid=\"false\" value=\"\" type=\"text\" name=\"remetente\" \/><\/span> <\/label>\n<\/p>\n<p><label> Seu e-mail<br \/>\n<span class=\"wpcf7-form-control-wrap\" data-name=\"emailremetente\"><input size=\"40\" maxlength=\"400\" class=\"wpcf7-form-control wpcf7-email wpcf7-validates-as-required wpcf7-text wpcf7-validates-as-email\" id=\"emailremetente\" aria-required=\"true\" aria-invalid=\"false\" value=\"\" type=\"email\" name=\"emailremetente\" \/><\/span> <\/label>\n<\/p>\n<p><label> Sua cidade<br \/>\n<span class=\"wpcf7-form-control-wrap\" data-name=\"your-city\"><input size=\"40\" maxlength=\"400\" class=\"wpcf7-form-control wpcf7-text wpcf7-validates-as-required\" id=\"your-city\" aria-required=\"true\" aria-invalid=\"false\" value=\"\" type=\"text\" name=\"your-city\" \/><\/span> <\/label>\n<\/p>\n<p><label> Seu estado<br \/>\n<span class=\"wpcf7-form-control-wrap\" data-name=\"your-state\"><input size=\"40\" maxlength=\"400\" class=\"wpcf7-form-control wpcf7-text wpcf7-validates-as-required\" id=\"your-state\" aria-required=\"true\" aria-invalid=\"false\" value=\"\" type=\"text\" name=\"your-state\" \/><\/span> <\/label>\n<\/p>\n<p><input class=\"wpcf7-form-control wpcf7-submit has-spinner\" type=\"submit\" value=\"Enviar\" \/>\n<\/p><noscript>\n\t\t\t<div class=\"wpcf7-response-output wpcf7-spam-blocked\">Your browser does not support JavaScript!. Please enable javascript in your browser in order to get form work properly.<\/div>\n\t<\/noscript><script type='text\/javascript'>\n\n\t\t\t\t\t\tif(contactform === undefined){\n\t\t\t\t\t\t\tvar contactform = [];\n\t\t\t\t\t\t}\n\t\t\t\t\t\tvar innerVal = [7221,'mail_sent_ok','SEU PDF EST&Aacute; DISPON&Iacute;VEL. SE N&Atilde;O ABRIR AUTOMATICAMENTE, VERIFIQUE NA PASTA DOWNLOAD DO SEU COMPUTADOR'];\n\t\t\t\t\t\tcontactform.push(innerVal);\n\t\t\t\t\t\tvar innerVal = [7221,'mail_sent_ng','Ocorreu um erro ao tentar enviar sua mensagem. Tente novamente mais tarde.'];\n\t\t\t\t\t\tcontactform.push(innerVal);\n\t\t\t\t\t\tvar innerVal = [7221,'validation_error','Um ou mais campos possuem um erro. Verifique e tente novamente.'];\n\t\t\t\t\t\tcontactform.push(innerVal);\n\t\t\t\t\t\tvar innerVal = [7221,'spam','Ocorreu um erro ao tentar enviar sua mensagem. Tente novamente mais tarde.'];\n\t\t\t\t\t\tcontactform.push(innerVal);\n\t\t\t\t\t\tvar innerVal = [7221,'accept_terms','Voc&ecirc; deve aceitar os termos e condi&ccedil;&otilde;es antes de enviar sua mensagem.'];\n\t\t\t\t\t\tcontactform.push(innerVal);\n\t\t\t\t\t\tvar innerVal = [7221,'invalid_required','O campo &eacute; obrigat&oacute;rio.'];\n\t\t\t\t\t\tcontactform.push(innerVal);\n\t\t\t\t\t\tvar innerVal = [7221,'invalid_too_long','O campo &eacute; muito longo.'];\n\t\t\t\t\t\tcontactform.push(innerVal);\n\t\t\t\t\t\tvar innerVal = [7221,'invalid_too_short','O campo &eacute; muito curto.'];\n\t\t\t\t\t\tcontactform.push(innerVal);\n\t\t\t\t\t\tvar innerVal = [7221,'invalid_email','O endere&ccedil;o de e-mail informado &eacute; inv&aacute;lido.'];\n\t\t\t\t\t\tcontactform.push(innerVal);\n\t\t\t\t\t\tvar innerVal = [7221,'invalid_url','A URL &eacute; inv&aacute;lida.'];\n\t\t\t\t\t\tcontactform.push(innerVal);\n\t\t\t\t\t\tvar innerVal = [7221,'invalid_tel','O n&uacute;mero de telefone &eacute; inv&aacute;lido.'];\n\t\t\t\t\t\tcontactform.push(innerVal);\n\t\t\t\t\t\tvar innerVal = [7221,'invalid_date','O formato de data est&aacute; incorreto.'];\n\t\t\t\t\t\tcontactform.push(innerVal);\n\t\t\t\t\t\tvar innerVal = [7221,'date_too_early','A data &eacute; anterior &agrave; mais antiga permitida.'];\n\t\t\t\t\t\tcontactform.push(innerVal);\n\t\t\t\t\t\tvar innerVal = [7221,'date_too_late','A data &eacute; posterior &agrave; maior data permitida.'];\n\t\t\t\t\t\tcontactform.push(innerVal);\n\t\t\t\t\t\tvar innerVal = [7221,'upload_failed','Ocorreu um erro desconhecido ao enviar o arquivo.'];\n\t\t\t\t\t\tcontactform.push(innerVal);\n\t\t\t\t\t\tvar innerVal = [7221,'upload_file_type_invalid','Voc&ecirc; n&atilde;o tem permiss&atilde;o para enviar esse tipo de arquivo.'];\n\t\t\t\t\t\tcontactform.push(innerVal);\n\t\t\t\t\t\tvar innerVal = [7221,'upload_file_too_large','O arquivo &eacute; muito grande.'];\n\t\t\t\t\t\tcontactform.push(innerVal);\n\t\t\t\t\t\tvar innerVal = [7221,'upload_failed_php_error','Ocorreu um erro ao enviar o arquivo.'];\n\t\t\t\t\t\tcontactform.push(innerVal);\n\t\t\t\t\t\tvar innerVal = [7221,'invalid_number','O formato de n&uacute;mero &eacute; inv&aacute;lido.'];\n\t\t\t\t\t\tcontactform.push(innerVal);\n\t\t\t\t\t\tvar innerVal = [7221,'number_too_small','O n&uacute;mero &eacute; menor do que o m&iacute;nimo permitido.'];\n\t\t\t\t\t\tcontactform.push(innerVal);\n\t\t\t\t\t\tvar innerVal = [7221,'number_too_large','O n&uacute;mero &eacute; maior do que o m&aacute;ximo permitido.'];\n\t\t\t\t\t\tcontactform.push(innerVal);\n\t\t\t\t\t\tvar innerVal = [7221,'quiz_answer_not_correct','A resposta para o quiz est&aacute; incorreta.'];\n\t\t\t\t\t\tcontactform.push(innerVal);\n\t\t\t\t\t\tvar innerVal = [7221,'gdpr',''];\n\t\t\t\t\t\tcontactform.push(innerVal);\n\t\t\t\t\t\t<\/script><div class=\"wpcf7-response-output\" aria-hidden=\"true\"><\/div>\n<\/form>\n<\/div>\n[\/vc_column][\/vc_row][vc_row][vc_column][vc_empty_space height=&#8221;12px&#8221; hide_on_mobile=&#8221;&#8221;][vc_column_text]<span style=\"font-size: 14pt;\">O Instituto Gera\u00e7\u00e3o Amanh\u00e3 \u00e9 uma Organiza\u00e7\u00e3o da Sociedade Civil (OSC), sem fins lucrativos, que luta pelo direito de toda crian\u00e7a e adolescente viver em fam\u00edlia. Para isso, realizamos in\u00fameras atividades que visam incentivar e promover o acolhimento familiar, a ado\u00e7\u00e3o, a conviv\u00eancia familiar e comunit\u00e1ria, com \u00eanfase na Primeira Inf\u00e2ncia.<\/span><\/p>\n<p><span style=\"font-size: 14pt;\">Temos como foco a produ\u00e7\u00e3o de informa\u00e7\u00f5es e conte\u00fados aprofundados e de qualidade sobre esses temas, porque acreditamos que para mudar \u00e9 preciso conscientiza\u00e7\u00e3o. E que n\u00e3o se pode exigir conscientiza\u00e7\u00e3o se n\u00e3o houver acesso \u00e0 informa\u00e7\u00e3o.<\/span>[\/vc_column_text][\/vc_column][\/vc_row]<\/p>\n<\/div>","protected":false},"excerpt":{"rendered":"<p>[vc_row][vc_column][vc_empty_space height=&#8221;12px&#8221; alter_height=&#8221;small&#8221; hide_on_mobile=&#8221;&#8221;][vc_column_text]As significativas transforma\u00e7\u00f5es que t\u00eam ocorrido na sociedade atual atingem diretamente as composi\u00e7\u00f5es no contexto familiar. Muitos arranjos e modelos de fam\u00edlias, em diversos arranjos que se formam em diferentes modalidades. \u00c9 isso que esse e-book exclusivo apresenta de forma did\u00e1tica, tanto para adultos em termos mais conceituais, quanto para as crian\u00e7as, com ilustra\u00e7\u00f5es e linguagem simples&hellip;<\/p>\n","protected":false},"author":4,"featured_media":0,"parent":0,"menu_order":0,"comment_status":"closed","ping_status":"closed","template":"","meta":{"give_campaign_id":0,"footnotes":""},"class_list":["post-7223","page","type-page","status-publish","hentry"],"yoast_head":"<!-- This site is optimized with the Yoast SEO plugin v27.2 - https:\/\/yoast.com\/product\/yoast-seo-wordpress\/ -->\n<title>As fam\u00edlias em seus diferentes arranjos - Instituto Gera\u00e7\u00e3o Amanh\u00e3<\/title>\n<meta name=\"robots\" content=\"noindex, follow, max-snippet:-1, max-image-preview:large, max-video-preview:-1\" \/>\n<meta property=\"og:locale\" content=\"pt_BR\" \/>\n<meta property=\"og:type\" content=\"article\" \/>\n<meta property=\"og:title\" content=\"As fam\u00edlias em seus diferentes arranjos - Instituto Gera\u00e7\u00e3o Amanh\u00e3\" \/>\n<meta property=\"og:description\" content=\"[vc_row][vc_column][vc_empty_space height=&#8221;12px&#8221; alter_height=&#8221;small&#8221; hide_on_mobile=&#8221;&#8221;][vc_column_text]As significativas transforma\u00e7\u00f5es que t\u00eam ocorrido na sociedade atual atingem diretamente as composi\u00e7\u00f5es no contexto familiar. Muitos arranjos e modelos de fam\u00edlias, em diversos arranjos que se formam em diferentes modalidades. \u00c9 isso que esse e-book exclusivo apresenta de forma did\u00e1tica, tanto para adultos em termos mais conceituais, quanto para as crian\u00e7as, com ilustra\u00e7\u00f5es e linguagem simples&hellip;\" \/>\n<meta property=\"og:url\" content=\"https:\/\/geracaoamanha.org.br\/teste\/familias-e-seus-arranjos\/\" \/>\n<meta property=\"og:site_name\" content=\"Instituto Gera\u00e7\u00e3o Amanh\u00e3\" \/>\n<meta property=\"article:modified_time\" content=\"2024-05-10T11:10:22+00:00\" \/>\n<meta name=\"twitter:card\" content=\"summary_large_image\" \/>\n<meta name=\"twitter:label1\" content=\"Est. tempo de leitura\" \/>\n\t<meta name=\"twitter:data1\" content=\"2 minutos\" \/>\n<script type=\"application\/ld+json\" class=\"yoast-schema-graph\">{\"@context\":\"https:\/\/schema.org\",\"@graph\":[{\"@type\":\"WebPage\",\"@id\":\"https:\/\/geracaoamanha.org.br\/teste\/familias-e-seus-arranjos\/\",\"url\":\"https:\/\/geracaoamanha.org.br\/teste\/familias-e-seus-arranjos\/\",\"name\":\"As fam\u00edlias em seus diferentes arranjos - Instituto Gera\u00e7\u00e3o Amanh\u00e3\",\"isPartOf\":{\"@id\":\"https:\/\/geracaoamanha.org.br\/teste\/#website\"},\"datePublished\":\"2024-05-10T01:30:35+00:00\",\"dateModified\":\"2024-05-10T11:10:22+00:00\",\"breadcrumb\":{\"@id\":\"https:\/\/geracaoamanha.org.br\/teste\/familias-e-seus-arranjos\/#breadcrumb\"},\"inLanguage\":\"pt-BR\",\"potentialAction\":[{\"@type\":\"ReadAction\",\"target\":[\"https:\/\/geracaoamanha.org.br\/teste\/familias-e-seus-arranjos\/\"]}]},{\"@type\":\"BreadcrumbList\",\"@id\":\"https:\/\/geracaoamanha.org.br\/teste\/familias-e-seus-arranjos\/#breadcrumb\",\"itemListElement\":[{\"@type\":\"ListItem\",\"position\":1,\"name\":\"Home\",\"item\":\"https:\/\/geracaoamanha.org.br\/teste\/\"},{\"@type\":\"ListItem\",\"position\":2,\"name\":\"As fam\u00edlias em seus diferentes arranjos\"}]},{\"@type\":\"WebSite\",\"@id\":\"https:\/\/geracaoamanha.org.br\/teste\/#website\",\"url\":\"https:\/\/geracaoamanha.org.br\/teste\/\",\"name\":\"Instituto Gera\u00e7\u00e3o Amanh\u00e3\",\"description\":\"Tudo sobre acolhimento familiar e ado\u00e7\u00e3o\",\"potentialAction\":[{\"@type\":\"SearchAction\",\"target\":{\"@type\":\"EntryPoint\",\"urlTemplate\":\"https:\/\/geracaoamanha.org.br\/teste\/?s={search_term_string}\"},\"query-input\":{\"@type\":\"PropertyValueSpecification\",\"valueRequired\":true,\"valueName\":\"search_term_string\"}}],\"inLanguage\":\"pt-BR\"}]}<\/script>\n<!-- \/ Yoast SEO plugin. -->","yoast_head_json":{"title":"As fam\u00edlias em seus diferentes arranjos - Instituto Gera\u00e7\u00e3o Amanh\u00e3","robots":{"index":"noindex","follow":"follow","max-snippet":"max-snippet:-1","max-image-preview":"max-image-preview:large","max-video-preview":"max-video-preview:-1"},"og_locale":"pt_BR","og_type":"article","og_title":"As fam\u00edlias em seus diferentes arranjos - Instituto Gera\u00e7\u00e3o Amanh\u00e3","og_description":"[vc_row][vc_column][vc_empty_space height=&#8221;12px&#8221; alter_height=&#8221;small&#8221; hide_on_mobile=&#8221;&#8221;][vc_column_text]As significativas transforma\u00e7\u00f5es que t\u00eam ocorrido na sociedade atual atingem diretamente as composi\u00e7\u00f5es no contexto familiar. Muitos arranjos e modelos de fam\u00edlias, em diversos arranjos que se formam em diferentes modalidades. \u00c9 isso que esse e-book exclusivo apresenta de forma did\u00e1tica, tanto para adultos em termos mais conceituais, quanto para as crian\u00e7as, com ilustra\u00e7\u00f5es e linguagem simples&hellip;","og_url":"https:\/\/geracaoamanha.org.br\/teste\/familias-e-seus-arranjos\/","og_site_name":"Instituto Gera\u00e7\u00e3o Amanh\u00e3","article_modified_time":"2024-05-10T11:10:22+00:00","twitter_card":"summary_large_image","twitter_misc":{"Est. tempo de leitura":"2 minutos"},"schema":{"@context":"https:\/\/schema.org","@graph":[{"@type":"WebPage","@id":"https:\/\/geracaoamanha.org.br\/teste\/familias-e-seus-arranjos\/","url":"https:\/\/geracaoamanha.org.br\/teste\/familias-e-seus-arranjos\/","name":"As fam\u00edlias em seus diferentes arranjos - Instituto Gera\u00e7\u00e3o Amanh\u00e3","isPartOf":{"@id":"https:\/\/geracaoamanha.org.br\/teste\/#website"},"datePublished":"2024-05-10T01:30:35+00:00","dateModified":"2024-05-10T11:10:22+00:00","breadcrumb":{"@id":"https:\/\/geracaoamanha.org.br\/teste\/familias-e-seus-arranjos\/#breadcrumb"},"inLanguage":"pt-BR","potentialAction":[{"@type":"ReadAction","target":["https:\/\/geracaoamanha.org.br\/teste\/familias-e-seus-arranjos\/"]}]},{"@type":"BreadcrumbList","@id":"https:\/\/geracaoamanha.org.br\/teste\/familias-e-seus-arranjos\/#breadcrumb","itemListElement":[{"@type":"ListItem","position":1,"name":"Home","item":"https:\/\/geracaoamanha.org.br\/teste\/"},{"@type":"ListItem","position":2,"name":"As fam\u00edlias em seus diferentes arranjos"}]},{"@type":"WebSite","@id":"https:\/\/geracaoamanha.org.br\/teste\/#website","url":"https:\/\/geracaoamanha.org.br\/teste\/","name":"Instituto Gera\u00e7\u00e3o Amanh\u00e3","description":"Tudo sobre acolhimento familiar e ado\u00e7\u00e3o","potentialAction":[{"@type":"SearchAction","target":{"@type":"EntryPoint","urlTemplate":"https:\/\/geracaoamanha.org.br\/teste\/?s={search_term_string}"},"query-input":{"@type":"PropertyValueSpecification","valueRequired":true,"valueName":"search_term_string"}}],"inLanguage":"pt-BR"}]}},"campaignId":"","_links":{"self":[{"href":"https:\/\/geracaoamanha.org.br\/teste\/wp-json\/wp\/v2\/pages\/7223","targetHints":{"allow":["GET"]}}],"collection":[{"href":"https:\/\/geracaoamanha.org.br\/teste\/wp-json\/wp\/v2\/pages"}],"about":[{"href":"https:\/\/geracaoamanha.org.br\/teste\/wp-json\/wp\/v2\/types\/page"}],"author":[{"embeddable":true,"href":"https:\/\/geracaoamanha.org.br\/teste\/wp-json\/wp\/v2\/users\/4"}],"replies":[{"embeddable":true,"href":"https:\/\/geracaoamanha.org.br\/teste\/wp-json\/wp\/v2\/comments?post=7223"}],"version-history":[{"count":7,"href":"https:\/\/geracaoamanha.org.br\/teste\/wp-json\/wp\/v2\/pages\/7223\/revisions"}],"predecessor-version":[{"id":7235,"href":"https:\/\/geracaoamanha.org.br\/teste\/wp-json\/wp\/v2\/pages\/7223\/revisions\/7235"}],"wp:attachment":[{"href":"https:\/\/geracaoamanha.org.br\/teste\/wp-json\/wp\/v2\/media?parent=7223"}],"curies":[{"name":"wp","href":"https:\/\/api.w.org\/{rel}","templated":true}]}}