{"id":7191,"date":"2024-05-09T21:07:04","date_gmt":"2024-05-10T00:07:04","guid":{"rendered":"https:\/\/geracaoamanha.org.br\/teste\/?page_id=7191"},"modified":"2024-05-10T08:03:17","modified_gmt":"2024-05-10T11:03:17","slug":"nossas-publicacoes","status":"publish","type":"page","link":"https:\/\/geracaoamanha.org.br\/teste\/nossas-publicacoes\/","title":{"rendered":"Nossas Publica\u00e7\u00f5es"},"content":{"rendered":"<div class='content-column one_fourth'><figure id=\"attachment_7202\" aria-describedby=\"caption-attachment-7202\" style=\"width: 225px\" class=\"wp-caption alignnone\"><a href=\"https:\/\/geracaoamanha.org.br\/teste\/ebook-adocao\/\" target=\"_blank\" rel=\"noopener noreferrer\"><img loading=\"lazy\" decoding=\"async\" class=\"wp-image-7202 size-medium\" src=\"https:\/\/geracaoamanha.org.br\/teste\/wp-content\/uploads\/2024\/05\/2-225x300.jpg\" alt=\"\" width=\"225\" height=\"300\" srcset=\"https:\/\/geracaoamanha.org.br\/teste\/wp-content\/uploads\/2024\/05\/2-225x300.jpg 225w, https:\/\/geracaoamanha.org.br\/teste\/wp-content\/uploads\/2024\/05\/2.jpg 300w\" sizes=\"auto, (max-width: 225px) 100vw, 225px\" \/><\/a><figcaption id=\"caption-attachment-7202\" class=\"wp-caption-text\">Guia da Ado\u00e7\u00e3o<\/figcaption><\/figure><\/div>\n<div class='content-column one_fourth'><figure id=\"attachment_7204\" aria-describedby=\"caption-attachment-7204\" style=\"width: 225px\" class=\"wp-caption alignnone\"><a href=\"https:\/\/geracaoamanha.org.br\/teste\/ebookaf\/\" target=\"_blank\" rel=\"noopener noreferrer\"><img loading=\"lazy\" decoding=\"async\" class=\"wp-image-7204 size-medium\" src=\"https:\/\/geracaoamanha.org.br\/teste\/wp-content\/uploads\/2024\/05\/1-225x300.jpg\" alt=\"\" width=\"225\" height=\"300\" srcset=\"https:\/\/geracaoamanha.org.br\/teste\/wp-content\/uploads\/2024\/05\/1-225x300.jpg 225w, https:\/\/geracaoamanha.org.br\/teste\/wp-content\/uploads\/2024\/05\/1.jpg 300w\" sizes=\"auto, (max-width: 225px) 100vw, 225px\" \/><\/a><figcaption id=\"caption-attachment-7204\" class=\"wp-caption-text\">Guia do Acolhimento Familiar<\/figcaption><\/figure><\/div>\n<div class='content-column one_fourth'><figure id=\"attachment_7203\" aria-describedby=\"caption-attachment-7203\" style=\"width: 225px\" class=\"wp-caption alignnone\"><a href=\"https:\/\/geracaoamanha.org.br\/teste\/familias-e-seus-arranjos\/\" target=\"_blank\" rel=\"noopener noreferrer\"><img loading=\"lazy\" decoding=\"async\" class=\"wp-image-7203 size-medium\" src=\"https:\/\/geracaoamanha.org.br\/teste\/wp-content\/uploads\/2024\/05\/3-225x300.jpg\" alt=\"\" width=\"225\" height=\"300\" srcset=\"https:\/\/geracaoamanha.org.br\/teste\/wp-content\/uploads\/2024\/05\/3-225x300.jpg 225w, https:\/\/geracaoamanha.org.br\/teste\/wp-content\/uploads\/2024\/05\/3.jpg 300w\" sizes=\"auto, (max-width: 225px) 100vw, 225px\" \/><\/a><figcaption id=\"caption-attachment-7203\" class=\"wp-caption-text\">As fam\u00edlias em seus diferentes arranjos<\/figcaption><\/figure><\/div>\n<div class='content-column one_fourth'><figure id=\"attachment_5105\" aria-describedby=\"caption-attachment-5105\" style=\"width: 225px\" class=\"wp-caption alignnone\"><a href=\"https:\/\/geracaoamanha.org.br\/teste\/wp-content\/uploads\/2020\/04\/EPISODIO-4-MATL-COMPL-TEORIAS-DESENV-1.pdf\" target=\"_blank\" rel=\"noopener noreferrer\"><img loading=\"lazy\" decoding=\"async\" class=\"wp-image-5105 size-medium\" src=\"https:\/\/geracaoamanha.org.br\/teste\/wp-content\/uploads\/2020\/08\/capa-teorias-desenvol-para-site-225x300.jpg\" alt=\"\" width=\"225\" height=\"300\" srcset=\"https:\/\/geracaoamanha.org.br\/teste\/wp-content\/uploads\/2020\/08\/capa-teorias-desenvol-para-site-225x300.jpg 225w, https:\/\/geracaoamanha.org.br\/teste\/wp-content\/uploads\/2020\/08\/capa-teorias-desenvol-para-site.jpg 300w\" sizes=\"auto, (max-width: 225px) 100vw, 225px\" \/><\/a><figcaption id=\"caption-attachment-5105\" class=\"wp-caption-text\">Teorias do Desenvolvimento Humano<\/figcaption><\/figure><\/div>\n<p>&nbsp;<\/p>\n<div class='content-column one_fourth'><figure id=\"attachment_7210\" aria-describedby=\"caption-attachment-7210\" style=\"width: 225px\" class=\"wp-caption alignnone\"><a href=\"https:\/\/geracaoamanha.org.br\/teste\/wp-content\/uploads\/2020\/04\/Serie-Saber-Mais-Episodio_4-1.pdf\" target=\"_blank\" rel=\"noopener noreferrer\"><img loading=\"lazy\" decoding=\"async\" class=\"wp-image-7210 size-medium\" src=\"https:\/\/geracaoamanha.org.br\/teste\/wp-content\/uploads\/2024\/05\/a-importancia-da-1a-inf-225x300.jpg\" alt=\"\" width=\"225\" height=\"300\" srcset=\"https:\/\/geracaoamanha.org.br\/teste\/wp-content\/uploads\/2024\/05\/a-importancia-da-1a-inf-225x300.jpg 225w, https:\/\/geracaoamanha.org.br\/teste\/wp-content\/uploads\/2024\/05\/a-importancia-da-1a-inf.jpg 300w\" sizes=\"auto, (max-width: 225px) 100vw, 225px\" \/><\/a><figcaption id=\"caption-attachment-7210\" class=\"wp-caption-text\">A import\u00e2ncia da 1a. Inf\u00e2ncia segundo a neuroci\u00eancia<\/figcaption><\/figure><\/div>\n<div class='content-column one_fourth'><figure id=\"attachment_7211\" aria-describedby=\"caption-attachment-7211\" style=\"width: 225px\" class=\"wp-caption alignnone\"><a href=\"https:\/\/geracaoamanha.org.br\/teste\/wp-content\/uploads\/2020\/05\/Serie-Saber-Mais-Episodio_6.pdf\" target=\"_blank\" rel=\"noopener noreferrer\"><img loading=\"lazy\" decoding=\"async\" class=\"wp-image-7211 size-medium\" src=\"https:\/\/geracaoamanha.org.br\/teste\/wp-content\/uploads\/2024\/05\/a-crianca-como-suj-direito-225x300.jpg\" alt=\"\" width=\"225\" height=\"300\" srcset=\"https:\/\/geracaoamanha.org.br\/teste\/wp-content\/uploads\/2024\/05\/a-crianca-como-suj-direito-225x300.jpg 225w, https:\/\/geracaoamanha.org.br\/teste\/wp-content\/uploads\/2024\/05\/a-crianca-como-suj-direito.jpg 300w\" sizes=\"auto, (max-width: 225px) 100vw, 225px\" \/><\/a><figcaption id=\"caption-attachment-7211\" class=\"wp-caption-text\">A crian\u00e7a como sujeito de direito<\/figcaption><\/figure><\/div>\n<div class='content-column one_fourth'><figure id=\"attachment_7212\" aria-describedby=\"caption-attachment-7212\" style=\"width: 225px\" class=\"wp-caption alignnone\"><a href=\"https:\/\/geracaoamanha.org.br\/teste\/pdf-orfaos-da-romenia\/\" target=\"_blank\" rel=\"noopener noreferrer\"><img loading=\"lazy\" decoding=\"async\" class=\"wp-image-7212 size-medium\" src=\"https:\/\/geracaoamanha.org.br\/teste\/wp-content\/uploads\/2024\/05\/10-225x300.jpg\" alt=\"\" width=\"225\" height=\"300\" srcset=\"https:\/\/geracaoamanha.org.br\/teste\/wp-content\/uploads\/2024\/05\/10-225x300.jpg 225w, https:\/\/geracaoamanha.org.br\/teste\/wp-content\/uploads\/2024\/05\/10.jpg 300w\" sizes=\"auto, (max-width: 225px) 100vw, 225px\" \/><\/a><figcaption id=\"caption-attachment-7212\" class=\"wp-caption-text\">Os \u00f3rf\u00e3os da Rom\u00eania<\/figcaption><\/figure><\/div>\n<div class='content-column one_fourth'><figure id=\"attachment_7213\" aria-describedby=\"caption-attachment-7213\" style=\"width: 225px\" class=\"wp-caption alignnone\"><a href=\"https:\/\/geracaoamanha.org.br\/teste\/pdf-teoria-do-apego\/\" target=\"_blank\" rel=\"noopener noreferrer\"><img loading=\"lazy\" decoding=\"async\" class=\"wp-image-7213 size-medium\" src=\"https:\/\/geracaoamanha.org.br\/teste\/wp-content\/uploads\/2024\/05\/9-225x300.jpg\" alt=\"\" width=\"225\" height=\"300\" srcset=\"https:\/\/geracaoamanha.org.br\/teste\/wp-content\/uploads\/2024\/05\/9-225x300.jpg 225w, https:\/\/geracaoamanha.org.br\/teste\/wp-content\/uploads\/2024\/05\/9.jpg 300w\" sizes=\"auto, (max-width: 225px) 100vw, 225px\" \/><\/a><figcaption id=\"caption-attachment-7213\" class=\"wp-caption-text\">Teoria do Apego<\/figcaption><\/figure><\/div>\n<p>&nbsp;<\/p>\n<div class='content-column one_fourth'><figure id=\"attachment_7215\" aria-describedby=\"caption-attachment-7215\" style=\"width: 225px\" class=\"wp-caption alignnone\"><a href=\"https:\/\/geracaoamanha.org.br\/teste\/pdf-a-adocao-e-o-acolhimento-no-brasil\/\" target=\"_blank\" rel=\"noopener noreferrer\"><img loading=\"lazy\" decoding=\"async\" class=\"wp-image-7215 size-medium\" src=\"https:\/\/geracaoamanha.org.br\/teste\/wp-content\/uploads\/2024\/05\/7-225x300.jpg\" alt=\"\" width=\"225\" height=\"300\" srcset=\"https:\/\/geracaoamanha.org.br\/teste\/wp-content\/uploads\/2024\/05\/7-225x300.jpg 225w, https:\/\/geracaoamanha.org.br\/teste\/wp-content\/uploads\/2024\/05\/7.jpg 300w\" sizes=\"auto, (max-width: 225px) 100vw, 225px\" \/><\/a><figcaption id=\"caption-attachment-7215\" class=\"wp-caption-text\">A ado\u00e7\u00e3o e o acolhimento no Brasil<\/figcaption><\/figure><\/div>\n<div class='content-column one_fourth'><figure id=\"attachment_7216\" aria-describedby=\"caption-attachment-7216\" style=\"width: 225px\" class=\"wp-caption alignnone\"><a href=\"https:\/\/geracaoamanha.org.br\/teste\/pdf-criancas-e-adolescentes-como-cidadaos\/\" target=\"_blank\" rel=\"noopener noreferrer\"><img loading=\"lazy\" decoding=\"async\" class=\"wp-image-7216 size-medium\" src=\"https:\/\/geracaoamanha.org.br\/teste\/wp-content\/uploads\/2024\/05\/6-225x300.jpg\" alt=\"\" width=\"225\" height=\"300\" srcset=\"https:\/\/geracaoamanha.org.br\/teste\/wp-content\/uploads\/2024\/05\/6-225x300.jpg 225w, https:\/\/geracaoamanha.org.br\/teste\/wp-content\/uploads\/2024\/05\/6.jpg 300w\" sizes=\"auto, (max-width: 225px) 100vw, 225px\" \/><\/a><figcaption id=\"caption-attachment-7216\" class=\"wp-caption-text\">As crian\u00e7as e o adolescentes como cidad\u00e3os na sociedade<\/figcaption><\/figure><\/div>\n<div class='content-column one_fourth'><figure id=\"attachment_7217\" aria-describedby=\"caption-attachment-7217\" style=\"width: 225px\" class=\"wp-caption alignnone\"><a href=\"https:\/\/geracaoamanha.org.br\/teste\/pdf-o-lugar-da-crianca\/\" target=\"_blank\" rel=\"noopener noreferrer\"><img loading=\"lazy\" decoding=\"async\" class=\"wp-image-7217 size-medium\" src=\"https:\/\/geracaoamanha.org.br\/teste\/wp-content\/uploads\/2024\/05\/8-225x300.jpg\" alt=\"\" width=\"225\" height=\"300\" srcset=\"https:\/\/geracaoamanha.org.br\/teste\/wp-content\/uploads\/2024\/05\/8-225x300.jpg 225w, https:\/\/geracaoamanha.org.br\/teste\/wp-content\/uploads\/2024\/05\/8.jpg 300w\" sizes=\"auto, (max-width: 225px) 100vw, 225px\" \/><\/a><figcaption id=\"caption-attachment-7217\" class=\"wp-caption-text\">O lugar da crian\u00e7a na evolu\u00e7\u00e3o hist\u00f3rica das composi\u00e7\u00f5es familiares<\/figcaption><\/figure><\/div>\n","protected":false},"excerpt":{"rendered":"<p>&nbsp; &nbsp;<\/p>\n","protected":false},"author":4,"featured_media":0,"parent":0,"menu_order":0,"comment_status":"closed","ping_status":"closed","template":"","meta":{"give_campaign_id":0,"footnotes":""},"class_list":["post-7191","page","type-page","status-publish","hentry"],"yoast_head":"<!-- This site is optimized with the Yoast SEO plugin v27.2 - https:\/\/yoast.com\/product\/yoast-seo-wordpress\/ -->\n<title>Nossas Publica\u00e7\u00f5es - Instituto Gera\u00e7\u00e3o Amanh\u00e3<\/title>\n<meta name=\"description\" content=\"Baixe aqui os estatutos, leis e manuais criados para assegurar os direitos das crian\u00e7as e adolescentes crescerem saud\u00e1veis e viverem em fam\u00edlia\" \/>\n<meta name=\"robots\" content=\"noindex, follow, max-snippet:-1, max-image-preview:large, max-video-preview:-1\" \/>\n<meta property=\"og:locale\" content=\"pt_BR\" \/>\n<meta property=\"og:type\" content=\"article\" \/>\n<meta property=\"og:title\" content=\"Nossas Publica\u00e7\u00f5es - Instituto Gera\u00e7\u00e3o Amanh\u00e3\" \/>\n<meta property=\"og:description\" content=\"Baixe aqui os estatutos, leis e manuais criados para assegurar os direitos das crian\u00e7as e adolescentes crescerem saud\u00e1veis e viverem em fam\u00edlia\" \/>\n<meta property=\"og:url\" content=\"https:\/\/geracaoamanha.org.br\/teste\/nossas-publicacoes\/\" \/>\n<meta property=\"og:site_name\" content=\"Instituto Gera\u00e7\u00e3o Amanh\u00e3\" \/>\n<meta property=\"article:modified_time\" content=\"2024-05-10T11:03:17+00:00\" \/>\n<meta property=\"og:image\" content=\"https:\/\/geracaoamanha.org.br\/teste\/wp-content\/uploads\/2024\/05\/2-225x300.jpg\" \/>\n<meta name=\"twitter:card\" content=\"summary_large_image\" \/>\n<meta name=\"twitter:label1\" content=\"Est. tempo de leitura\" \/>\n\t<meta name=\"twitter:data1\" content=\"1 minuto\" \/>\n<script type=\"application\/ld+json\" class=\"yoast-schema-graph\">{\"@context\":\"https:\/\/schema.org\",\"@graph\":[{\"@type\":\"WebPage\",\"@id\":\"https:\/\/geracaoamanha.org.br\/teste\/nossas-publicacoes\/\",\"url\":\"https:\/\/geracaoamanha.org.br\/teste\/nossas-publicacoes\/\",\"name\":\"Nossas Publica\u00e7\u00f5es - Instituto Gera\u00e7\u00e3o Amanh\u00e3\",\"isPartOf\":{\"@id\":\"https:\/\/geracaoamanha.org.br\/teste\/#website\"},\"primaryImageOfPage\":{\"@id\":\"https:\/\/geracaoamanha.org.br\/teste\/nossas-publicacoes\/#primaryimage\"},\"image\":{\"@id\":\"https:\/\/geracaoamanha.org.br\/teste\/nossas-publicacoes\/#primaryimage\"},\"thumbnailUrl\":\"https:\/\/geracaoamanha.org.br\/teste\/wp-content\/uploads\/2024\/05\/2-225x300.jpg\",\"datePublished\":\"2024-05-10T00:07:04+00:00\",\"dateModified\":\"2024-05-10T11:03:17+00:00\",\"description\":\"Baixe aqui os estatutos, leis e manuais criados para assegurar os direitos das crian\u00e7as e adolescentes crescerem saud\u00e1veis e viverem em fam\u00edlia\",\"breadcrumb\":{\"@id\":\"https:\/\/geracaoamanha.org.br\/teste\/nossas-publicacoes\/#breadcrumb\"},\"inLanguage\":\"pt-BR\",\"potentialAction\":[{\"@type\":\"ReadAction\",\"target\":[\"https:\/\/geracaoamanha.org.br\/teste\/nossas-publicacoes\/\"]}]},{\"@type\":\"ImageObject\",\"inLanguage\":\"pt-BR\",\"@id\":\"https:\/\/geracaoamanha.org.br\/teste\/nossas-publicacoes\/#primaryimage\",\"url\":\"https:\/\/geracaoamanha.org.br\/teste\/wp-content\/uploads\/2024\/05\/2-225x300.jpg\",\"contentUrl\":\"https:\/\/geracaoamanha.org.br\/teste\/wp-content\/uploads\/2024\/05\/2-225x300.jpg\"},{\"@type\":\"BreadcrumbList\",\"@id\":\"https:\/\/geracaoamanha.org.br\/teste\/nossas-publicacoes\/#breadcrumb\",\"itemListElement\":[{\"@type\":\"ListItem\",\"position\":1,\"name\":\"Home\",\"item\":\"https:\/\/geracaoamanha.org.br\/teste\/\"},{\"@type\":\"ListItem\",\"position\":2,\"name\":\"Nossas Publica\u00e7\u00f5es\"}]},{\"@type\":\"WebSite\",\"@id\":\"https:\/\/geracaoamanha.org.br\/teste\/#website\",\"url\":\"https:\/\/geracaoamanha.org.br\/teste\/\",\"name\":\"Instituto Gera\u00e7\u00e3o Amanh\u00e3\",\"description\":\"Tudo sobre acolhimento familiar e ado\u00e7\u00e3o\",\"potentialAction\":[{\"@type\":\"SearchAction\",\"target\":{\"@type\":\"EntryPoint\",\"urlTemplate\":\"https:\/\/geracaoamanha.org.br\/teste\/?s={search_term_string}\"},\"query-input\":{\"@type\":\"PropertyValueSpecification\",\"valueRequired\":true,\"valueName\":\"search_term_string\"}}],\"inLanguage\":\"pt-BR\"}]}<\/script>\n<!-- \/ Yoast SEO plugin. -->","yoast_head_json":{"title":"Nossas Publica\u00e7\u00f5es - Instituto Gera\u00e7\u00e3o Amanh\u00e3","description":"Baixe aqui os estatutos, leis e manuais criados para assegurar os direitos das crian\u00e7as e adolescentes crescerem saud\u00e1veis e viverem em fam\u00edlia","robots":{"index":"noindex","follow":"follow","max-snippet":"max-snippet:-1","max-image-preview":"max-image-preview:large","max-video-preview":"max-video-preview:-1"},"og_locale":"pt_BR","og_type":"article","og_title":"Nossas Publica\u00e7\u00f5es - Instituto Gera\u00e7\u00e3o Amanh\u00e3","og_description":"Baixe aqui os estatutos, leis e manuais criados para assegurar os direitos das crian\u00e7as e adolescentes crescerem saud\u00e1veis e viverem em fam\u00edlia","og_url":"https:\/\/geracaoamanha.org.br\/teste\/nossas-publicacoes\/","og_site_name":"Instituto Gera\u00e7\u00e3o Amanh\u00e3","article_modified_time":"2024-05-10T11:03:17+00:00","og_image":[{"url":"https:\/\/geracaoamanha.org.br\/teste\/wp-content\/uploads\/2024\/05\/2-225x300.jpg","type":"","width":"","height":""}],"twitter_card":"summary_large_image","twitter_misc":{"Est. tempo de leitura":"1 minuto"},"schema":{"@context":"https:\/\/schema.org","@graph":[{"@type":"WebPage","@id":"https:\/\/geracaoamanha.org.br\/teste\/nossas-publicacoes\/","url":"https:\/\/geracaoamanha.org.br\/teste\/nossas-publicacoes\/","name":"Nossas Publica\u00e7\u00f5es - Instituto Gera\u00e7\u00e3o Amanh\u00e3","isPartOf":{"@id":"https:\/\/geracaoamanha.org.br\/teste\/#website"},"primaryImageOfPage":{"@id":"https:\/\/geracaoamanha.org.br\/teste\/nossas-publicacoes\/#primaryimage"},"image":{"@id":"https:\/\/geracaoamanha.org.br\/teste\/nossas-publicacoes\/#primaryimage"},"thumbnailUrl":"https:\/\/geracaoamanha.org.br\/teste\/wp-content\/uploads\/2024\/05\/2-225x300.jpg","datePublished":"2024-05-10T00:07:04+00:00","dateModified":"2024-05-10T11:03:17+00:00","description":"Baixe aqui os estatutos, leis e manuais criados para assegurar os direitos das crian\u00e7as e adolescentes crescerem saud\u00e1veis e viverem em fam\u00edlia","breadcrumb":{"@id":"https:\/\/geracaoamanha.org.br\/teste\/nossas-publicacoes\/#breadcrumb"},"inLanguage":"pt-BR","potentialAction":[{"@type":"ReadAction","target":["https:\/\/geracaoamanha.org.br\/teste\/nossas-publicacoes\/"]}]},{"@type":"ImageObject","inLanguage":"pt-BR","@id":"https:\/\/geracaoamanha.org.br\/teste\/nossas-publicacoes\/#primaryimage","url":"https:\/\/geracaoamanha.org.br\/teste\/wp-content\/uploads\/2024\/05\/2-225x300.jpg","contentUrl":"https:\/\/geracaoamanha.org.br\/teste\/wp-content\/uploads\/2024\/05\/2-225x300.jpg"},{"@type":"BreadcrumbList","@id":"https:\/\/geracaoamanha.org.br\/teste\/nossas-publicacoes\/#breadcrumb","itemListElement":[{"@type":"ListItem","position":1,"name":"Home","item":"https:\/\/geracaoamanha.org.br\/teste\/"},{"@type":"ListItem","position":2,"name":"Nossas Publica\u00e7\u00f5es"}]},{"@type":"WebSite","@id":"https:\/\/geracaoamanha.org.br\/teste\/#website","url":"https:\/\/geracaoamanha.org.br\/teste\/","name":"Instituto Gera\u00e7\u00e3o Amanh\u00e3","description":"Tudo sobre acolhimento familiar e ado\u00e7\u00e3o","potentialAction":[{"@type":"SearchAction","target":{"@type":"EntryPoint","urlTemplate":"https:\/\/geracaoamanha.org.br\/teste\/?s={search_term_string}"},"query-input":{"@type":"PropertyValueSpecification","valueRequired":true,"valueName":"search_term_string"}}],"inLanguage":"pt-BR"}]}},"campaignId":"","_links":{"self":[{"href":"https:\/\/geracaoamanha.org.br\/teste\/wp-json\/wp\/v2\/pages\/7191","targetHints":{"allow":["GET"]}}],"collection":[{"href":"https:\/\/geracaoamanha.org.br\/teste\/wp-json\/wp\/v2\/pages"}],"about":[{"href":"https:\/\/geracaoamanha.org.br\/teste\/wp-json\/wp\/v2\/types\/page"}],"author":[{"embeddable":true,"href":"https:\/\/geracaoamanha.org.br\/teste\/wp-json\/wp\/v2\/users\/4"}],"replies":[{"embeddable":true,"href":"https:\/\/geracaoamanha.org.br\/teste\/wp-json\/wp\/v2\/comments?post=7191"}],"version-history":[{"count":16,"href":"https:\/\/geracaoamanha.org.br\/teste\/wp-json\/wp\/v2\/pages\/7191\/revisions"}],"predecessor-version":[{"id":7232,"href":"https:\/\/geracaoamanha.org.br\/teste\/wp-json\/wp\/v2\/pages\/7191\/revisions\/7232"}],"wp:attachment":[{"href":"https:\/\/geracaoamanha.org.br\/teste\/wp-json\/wp\/v2\/media?parent=7191"}],"curies":[{"name":"wp","href":"https:\/\/api.w.org\/{rel}","templated":true}]}}