{"id":7181,"date":"2024-05-09T19:58:22","date_gmt":"2024-05-09T22:58:22","guid":{"rendered":"https:\/\/geracaoamanha.org.br\/teste\/?page_id=7181"},"modified":"2024-05-09T19:58:22","modified_gmt":"2024-05-09T22:58:22","slug":"a-importancia-do-vinculo","status":"publish","type":"page","link":"https:\/\/geracaoamanha.org.br\/teste\/a-importancia-do-vinculo\/","title":{"rendered":"A Import\u00e2ncia do V\u00ednculo"},"content":{"rendered":"<div class=\"wpb-content-wrapper\"><p>[vc_row][vc_column]<div id=\"sc_title_1737604692\"\n\t\tclass=\"sc_title sc_title_default\"><h4 class=\"sc_item_title sc_title_title sc_align_center sc_item_title_style_default sc_item_title_tag\">A ci\u00eancia do afeto<\/h4><\/div><!-- \/.sc_title -->[vc_empty_space alter_height=&#8221;small&#8221; hide_on_mobile=&#8221;&#8221;][vc_column_text]<\/p>\n<p style=\"text-align: left;\"><big>A ci\u00eancia confirmou o que muitos educadores, psic\u00f3logos, pais e\u00a0cuidadores\u00a0j\u00e1 haviam percebido na pr\u00e1tica. Al\u00e9m de traumas psicol\u00f3gicos, o abandono nos primeiros anos de vida pode causar danos graves no desenvolvimento neurol\u00f3gico das crian\u00e7as.<\/big><\/p>\n<p style=\"text-align: left;\"><big>Um estudo de alto n\u00edvel de precis\u00e3o e rigor cient\u00edfico, feito pelo Hospital de Crian\u00e7as de Boston, da Universidade de Harvard, mapeou por cerca de 20 anos os efeitos da institucionaliza\u00e7\u00e3o precoce no desenvolvimento do c\u00e9rebro de crian\u00e7as. Os resultados s\u00e3o avassaladores. A pesquisa conhecida como <a href=\"http:\/\/www.bucharestearlyinterventionproject.org\" target=\"_blank\" rel=\"noopener noreferrer\">\u201cOrf\u00e3os da Rom\u00eania\u201d<\/a> revelou que crian\u00e7as acolhidas institucionalmente por tempo prolongado, especialmente durante os primeiros anos de vida, t\u00eam d\u00e9ficits cognitivos significativos (incluindo diminui\u00e7\u00e3o de QI), aumento do risco de dist\u00farbios psicol\u00f3gicos, redu\u00e7\u00e3o da capacidade lingu\u00edstica, dificuldade de cria\u00e7\u00e3o de v\u00ednculos afetivos, crescimento f\u00edsico atrofiado, entre in\u00fameros outros s\u00e9rios problemas, alguns deles irrevers\u00edveis.<\/big><\/p>\n<p style=\"text-align: left;\"><big>Por outro lado, uma an\u00e1lise comparativa, com base em mapeamento da atividade cerebral (EEG) mostrou que a interven\u00e7\u00e3o precoce e eficaz pode ter um impacto positivo nos resultados a longo prazo. Nesse estudo, constataram que existe uma janela de tempo, denominada\u00a0<strong>per\u00edodo cr\u00edtico<\/strong>,\u00a0que afetam campos cognitivos e emocionais. J\u00e1 sab\u00edamos das car\u00eancias e\u00a0consequ\u00eancias\u00a0emocionais. Agora temos provas e urg\u00eancias ligadas aos processos neurol\u00f3gicos:\u00a0<strong>cada ano<\/strong>\u00a0que uma crian\u00e7a vive em acolhimento institucional aguardando a reintegra\u00e7\u00e3o \u00e0 fam\u00edlia de origem ou a decis\u00e3o da lei sobre sua ado\u00e7\u00e3o resulta em\u00a0<strong>quatro meses de d\u00e9ficit\u00a0<\/strong>na cogni\u00e7\u00e3o geral.<\/big><\/p>\n<p style=\"text-align: left;\"><big>Muitos estudos ser\u00e3o divulgados pelo Instituto Gera\u00e7\u00e3o Amanh\u00e3. Vamos trabalhar incansavelmente para divulgar e disseminar informa\u00e7\u00f5es que ajudem a conscientizar a sociedade sobre um tema de import\u00e2ncia vital e demandas urgentes. E tamb\u00e9m vamos consolidar parcerias e buscar os v\u00ednculos sociais que ajudem a mudar realidades, pois como disse um dos pesquisadores, encontramos experi\u00eancias tanto de ang\u00fastia quanto de esperan\u00e7a.<\/big><\/p>\n<p><span class=\"trx_addons_dark\"><big>Para saber mais, leia os estudos e assista aos v\u00eddeos abaixo, que comprovam os danos causados pela falta de v\u00ednculos na primeira inf\u00e2ncia.<\/big><\/span>[\/vc_column_text][\/vc_column][\/vc_row][vc_row][vc_column][vc_separator border_width=&#8221;3&#8243; css=&#8221;.vc_custom_1534584582444{background-color: #43cec6 !important;}&#8221;][\/vc_column][\/vc_row][vc_row][vc_column width=&#8221;1\/2&#8243;]<div id=\"sc_title_2145046300\"\n\t\tclass=\"sc_title sc_title_default\"><h5 class=\"sc_item_title sc_title_title sc_align_left sc_item_title_style_default sc_item_title_tag\">Afeto<\/h5><\/div><!-- \/.sc_title -->[vc_empty_space alter_height=&#8221;small&#8221; hide_on_mobile=&#8221;&#8221;]<div id=\"widget_video_1902274190\" class=\"widget_area sc_widget_video vc_widget_video wpb_content_element\"><aside id=\"widget_video_1902274190_widget\" class=\"widget widget_video\"><div class=\"trx_addons_video_player without_cover\"><div class=\"video_embed video_frame\"><iframe loading=\"lazy\" src=\"https:\/\/player.vimeo.com\/video\/185862180?app_id=122963\" width=\"1170\" height=\"658\" frameborder=\"0\" title=\"03. Afeto | Transcri&ccedil;&atilde;o em Portugu&ecirc;s\" allow=\"autoplay; fullscreen\" allowfullscreen><\/iframe><\/div><\/div><\/aside><\/div>[vc_empty_space alter_height=&#8221;small&#8221; hide_on_mobile=&#8221;&#8221;][\/vc_column][vc_column width=&#8221;1\/2&#8243;][vc_empty_space alter_height=&#8221;large&#8221; hide_on_mobile=&#8221;&#8221;][vc_column_text]<\/p>\n<p style=\"text-align: center;\"><a href=\"https:\/\/geracaoamanha.org.br\/teste\/pdf-teoria-do-apego\/\" target=\"_blank\" rel=\"noopener noreferrer\"><img loading=\"lazy\" decoding=\"async\" class=\"aligncenter wp-image-1043\" src=\"https:\/\/geracaoamanha.org.br\/teste\/wp-content\/uploads\/2018\/08\/teoria_apego-231x300.jpg\" alt=\"\" width=\"191\" height=\"248\" srcset=\"https:\/\/geracaoamanha.org.br\/teste\/wp-content\/uploads\/2018\/08\/teoria_apego-231x300.jpg 231w, https:\/\/geracaoamanha.org.br\/teste\/wp-content\/uploads\/2018\/08\/teoria_apego.jpg 326w\" sizes=\"auto, (max-width: 191px) 100vw, 191px\" \/><\/a><\/p>\n<p style=\"text-align: center;\"><a href=\"https:\/\/geracaoamanha.org.br\/teste\/pdf-teoria-do-apego\/\" target=\"_blank\" rel=\"noopener noreferrer\">CLIQUE AQUI PARA LER O ESTUDO<\/a><\/p>\n<p>[\/vc_column_text][vc_empty_space alter_height=&#8221;small&#8221; hide_on_mobile=&#8221;&#8221;][\/vc_column][\/vc_row][vc_row][vc_column width=&#8221;1\/2&#8243;]<div id=\"sc_title_1618718892\"\n\t\tclass=\"sc_title sc_title_default\"><h5 class=\"sc_item_title sc_title_title sc_align_left sc_item_title_style_default sc_item_title_tag\">Os \u00f3rf\u00e3os da Rom\u00eania<\/h5><\/div><!-- \/.sc_title -->[vc_empty_space alter_height=&#8221;small&#8221; hide_on_mobile=&#8221;&#8221;]<div id=\"widget_video_1403452250\" class=\"widget_area sc_widget_video vc_widget_video wpb_content_element\"><aside id=\"widget_video_1403452250_widget\" class=\"widget widget_video\"><div class=\"trx_addons_video_player with_cover hover_play\"><img loading=\"lazy\" decoding=\"async\" src=\"https:\/\/geracaoamanha.org.br\/teste\/wp-content\/uploads\/2018\/08\/fotoromenia.jpg\" alt=\"\" width=\"299\" height=\"170\"><div class=\"video_mask\"><\/div><div class=\"video_hover\" data-video=\"&lt;iframe src=&quot;https:\/\/player.vimeo.com\/video\/235105321?app_id=122963&amp;autoplay=1&quot; width=&quot;1170&quot; height=&quot;658&quot; frameborder=&quot;0&quot; title=&quot;49. O caso dos &oacute;rf&atilde;os da Rom&ecirc;nia | Transcri&ccedil;&atilde;o em Portugu&ecirc;s&quot; allow=&quot;autoplay; fullscreen&quot; allowfullscreen&gt;&lt;\/iframe&gt;\"><\/div><div class=\"video_embed video_frame\"><\/div><\/div><\/aside><\/div>[vc_empty_space alter_height=&#8221;small&#8221; hide_on_mobile=&#8221;&#8221;][\/vc_column][vc_column width=&#8221;1\/2&#8243;][vc_empty_space alter_height=&#8221;large&#8221; hide_on_mobile=&#8221;&#8221;][vc_column_text]<\/p>\n<p style=\"text-align: center;\"><a href=\"https:\/\/geracaoamanha.org.br\/teste\/pdf-orfaos-da-romenia\/\" target=\"_blank\" rel=\"noopener noreferrer\"><img loading=\"lazy\" decoding=\"async\" class=\"aligncenter wp-image-1048\" src=\"https:\/\/geracaoamanha.org.br\/teste\/wp-content\/uploads\/2018\/08\/orfaos_romenia-234x300.jpg\" alt=\"\" width=\"190\" height=\"244\" srcset=\"https:\/\/geracaoamanha.org.br\/teste\/wp-content\/uploads\/2018\/08\/orfaos_romenia-234x300.jpg 234w, https:\/\/geracaoamanha.org.br\/teste\/wp-content\/uploads\/2018\/08\/orfaos_romenia-370x474.jpg 370w, https:\/\/geracaoamanha.org.br\/teste\/wp-content\/uploads\/2018\/08\/orfaos_romenia.jpg 418w\" sizes=\"auto, (max-width: 190px) 100vw, 190px\" \/><\/a><\/p>\n<p style=\"text-align: center;\"><a href=\"https:\/\/geracaoamanha.org.br\/teste\/pdf-orfaos-da-romenia\/\" target=\"_blank\" rel=\"noopener noreferrer\">CLIQUE AQUI PARA LER O ESTUDO<\/a><\/p>\n<p>[\/vc_column_text][\/vc_column][\/vc_row][vc_row][vc_column][\/vc_column][\/vc_row][vc_row][vc_column][vc_empty_space height=&#8221;&#8221; alter_height=&#8221;medium&#8221; hide_on_mobile=&#8221;&#8221;]<div id=\"sc_content_828410472\"\n\t\tclass=\"sc_content sc_content_default sc_float_center sc_align_center\"><div class=\"sc_content_container\"><div class=\"sc_item_button sc_button_wrap sc_align_center\"><a href=\"https:\/\/geracaoamanha.org.br\/teste\/videoteca\/\" id=\"sc_button_1478792831\" class=\"sc_button sc_button_default sc_button_size_normal sc_button_icon_left\"><span class=\"sc_button_text sc_align_center\"><span class=\"sc_button_title\">Mais p\u00edlulas ``O Come\u00e7o da Vida``<\/span><\/span><!-- \/.sc_button_text --><\/a><!-- \/.sc_button --><\/div><!-- \/.sc_item_button --><\/div><\/div><!-- \/.sc_content -->[\/vc_column][\/vc_row]<\/p>\n<\/div>","protected":false},"excerpt":{"rendered":"<p>[vc_row][vc_column][vc_empty_space alter_height=&#8221;small&#8221; hide_on_mobile=&#8221;&#8221;][vc_column_text] A ci\u00eancia confirmou o que muitos educadores, psic\u00f3logos, pais e\u00a0cuidadores\u00a0j\u00e1 haviam percebido na pr\u00e1tica. Al\u00e9m de traumas psicol\u00f3gicos, o abandono nos primeiros anos de vida pode causar danos graves no desenvolvimento neurol\u00f3gico das crian\u00e7as. Um estudo de alto n\u00edvel de precis\u00e3o e rigor cient\u00edfico, feito pelo Hospital de Crian\u00e7as de Boston, da Universidade de Harvard, mapeou por&hellip;<\/p>\n","protected":false},"author":4,"featured_media":0,"parent":0,"menu_order":0,"comment_status":"closed","ping_status":"closed","template":"","meta":{"give_campaign_id":0,"footnotes":""},"class_list":["post-7181","page","type-page","status-publish","hentry"],"yoast_head":"<!-- This site is optimized with the Yoast SEO plugin v27.2 - https:\/\/yoast.com\/product\/yoast-seo-wordpress\/ -->\n<title>A Import\u00e2ncia do V\u00ednculo - Instituto Gera\u00e7\u00e3o Amanh\u00e3<\/title>\n<meta name=\"robots\" content=\"noindex, follow, max-snippet:-1, max-image-preview:large, max-video-preview:-1\" \/>\n<meta property=\"og:locale\" content=\"pt_BR\" \/>\n<meta property=\"og:type\" content=\"article\" \/>\n<meta property=\"og:title\" content=\"A Import\u00e2ncia do V\u00ednculo - Instituto Gera\u00e7\u00e3o Amanh\u00e3\" \/>\n<meta property=\"og:description\" content=\"[vc_row][vc_column][vc_empty_space alter_height=&#8221;small&#8221; hide_on_mobile=&#8221;&#8221;][vc_column_text] A ci\u00eancia confirmou o que muitos educadores, psic\u00f3logos, pais e\u00a0cuidadores\u00a0j\u00e1 haviam percebido na pr\u00e1tica. Al\u00e9m de traumas psicol\u00f3gicos, o abandono nos primeiros anos de vida pode causar danos graves no desenvolvimento neurol\u00f3gico das crian\u00e7as. Um estudo de alto n\u00edvel de precis\u00e3o e rigor cient\u00edfico, feito pelo Hospital de Crian\u00e7as de Boston, da Universidade de Harvard, mapeou por&hellip;\" \/>\n<meta property=\"og:url\" content=\"https:\/\/geracaoamanha.org.br\/teste\/a-importancia-do-vinculo\/\" \/>\n<meta property=\"og:site_name\" content=\"Instituto Gera\u00e7\u00e3o Amanh\u00e3\" \/>\n<meta property=\"og:image\" content=\"https:\/\/geracaoamanha.org.br\/teste\/wp-content\/uploads\/2018\/08\/teoria_apego-231x300.jpg\" \/>\n<meta name=\"twitter:card\" content=\"summary_large_image\" \/>\n<meta name=\"twitter:label1\" content=\"Est. tempo de leitura\" \/>\n\t<meta name=\"twitter:data1\" content=\"3 minutos\" \/>\n<script type=\"application\/ld+json\" class=\"yoast-schema-graph\">{\"@context\":\"https:\/\/schema.org\",\"@graph\":[{\"@type\":\"WebPage\",\"@id\":\"https:\/\/geracaoamanha.org.br\/teste\/a-importancia-do-vinculo\/\",\"url\":\"https:\/\/geracaoamanha.org.br\/teste\/a-importancia-do-vinculo\/\",\"name\":\"A Import\u00e2ncia do V\u00ednculo - Instituto Gera\u00e7\u00e3o Amanh\u00e3\",\"isPartOf\":{\"@id\":\"https:\/\/geracaoamanha.org.br\/teste\/#website\"},\"primaryImageOfPage\":{\"@id\":\"https:\/\/geracaoamanha.org.br\/teste\/a-importancia-do-vinculo\/#primaryimage\"},\"image\":{\"@id\":\"https:\/\/geracaoamanha.org.br\/teste\/a-importancia-do-vinculo\/#primaryimage\"},\"thumbnailUrl\":\"https:\/\/geracaoamanha.org.br\/teste\/wp-content\/uploads\/2018\/08\/teoria_apego-231x300.jpg\",\"datePublished\":\"2024-05-09T22:58:22+00:00\",\"breadcrumb\":{\"@id\":\"https:\/\/geracaoamanha.org.br\/teste\/a-importancia-do-vinculo\/#breadcrumb\"},\"inLanguage\":\"pt-BR\",\"potentialAction\":[{\"@type\":\"ReadAction\",\"target\":[\"https:\/\/geracaoamanha.org.br\/teste\/a-importancia-do-vinculo\/\"]}]},{\"@type\":\"ImageObject\",\"inLanguage\":\"pt-BR\",\"@id\":\"https:\/\/geracaoamanha.org.br\/teste\/a-importancia-do-vinculo\/#primaryimage\",\"url\":\"https:\/\/geracaoamanha.org.br\/teste\/wp-content\/uploads\/2018\/08\/teoria_apego-231x300.jpg\",\"contentUrl\":\"https:\/\/geracaoamanha.org.br\/teste\/wp-content\/uploads\/2018\/08\/teoria_apego-231x300.jpg\"},{\"@type\":\"BreadcrumbList\",\"@id\":\"https:\/\/geracaoamanha.org.br\/teste\/a-importancia-do-vinculo\/#breadcrumb\",\"itemListElement\":[{\"@type\":\"ListItem\",\"position\":1,\"name\":\"Home\",\"item\":\"https:\/\/geracaoamanha.org.br\/teste\/\"},{\"@type\":\"ListItem\",\"position\":2,\"name\":\"A Import\u00e2ncia do V\u00ednculo\"}]},{\"@type\":\"WebSite\",\"@id\":\"https:\/\/geracaoamanha.org.br\/teste\/#website\",\"url\":\"https:\/\/geracaoamanha.org.br\/teste\/\",\"name\":\"Instituto Gera\u00e7\u00e3o Amanh\u00e3\",\"description\":\"Tudo sobre acolhimento familiar e ado\u00e7\u00e3o\",\"potentialAction\":[{\"@type\":\"SearchAction\",\"target\":{\"@type\":\"EntryPoint\",\"urlTemplate\":\"https:\/\/geracaoamanha.org.br\/teste\/?s={search_term_string}\"},\"query-input\":{\"@type\":\"PropertyValueSpecification\",\"valueRequired\":true,\"valueName\":\"search_term_string\"}}],\"inLanguage\":\"pt-BR\"}]}<\/script>\n<!-- \/ Yoast SEO plugin. -->","yoast_head_json":{"title":"A Import\u00e2ncia do V\u00ednculo - Instituto Gera\u00e7\u00e3o Amanh\u00e3","robots":{"index":"noindex","follow":"follow","max-snippet":"max-snippet:-1","max-image-preview":"max-image-preview:large","max-video-preview":"max-video-preview:-1"},"og_locale":"pt_BR","og_type":"article","og_title":"A Import\u00e2ncia do V\u00ednculo - Instituto Gera\u00e7\u00e3o Amanh\u00e3","og_description":"[vc_row][vc_column][vc_empty_space alter_height=&#8221;small&#8221; hide_on_mobile=&#8221;&#8221;][vc_column_text] A ci\u00eancia confirmou o que muitos educadores, psic\u00f3logos, pais e\u00a0cuidadores\u00a0j\u00e1 haviam percebido na pr\u00e1tica. Al\u00e9m de traumas psicol\u00f3gicos, o abandono nos primeiros anos de vida pode causar danos graves no desenvolvimento neurol\u00f3gico das crian\u00e7as. Um estudo de alto n\u00edvel de precis\u00e3o e rigor cient\u00edfico, feito pelo Hospital de Crian\u00e7as de Boston, da Universidade de Harvard, mapeou por&hellip;","og_url":"https:\/\/geracaoamanha.org.br\/teste\/a-importancia-do-vinculo\/","og_site_name":"Instituto Gera\u00e7\u00e3o Amanh\u00e3","og_image":[{"url":"https:\/\/geracaoamanha.org.br\/teste\/wp-content\/uploads\/2018\/08\/teoria_apego-231x300.jpg","type":"","width":"","height":""}],"twitter_card":"summary_large_image","twitter_misc":{"Est. tempo de leitura":"3 minutos"},"schema":{"@context":"https:\/\/schema.org","@graph":[{"@type":"WebPage","@id":"https:\/\/geracaoamanha.org.br\/teste\/a-importancia-do-vinculo\/","url":"https:\/\/geracaoamanha.org.br\/teste\/a-importancia-do-vinculo\/","name":"A Import\u00e2ncia do V\u00ednculo - Instituto Gera\u00e7\u00e3o Amanh\u00e3","isPartOf":{"@id":"https:\/\/geracaoamanha.org.br\/teste\/#website"},"primaryImageOfPage":{"@id":"https:\/\/geracaoamanha.org.br\/teste\/a-importancia-do-vinculo\/#primaryimage"},"image":{"@id":"https:\/\/geracaoamanha.org.br\/teste\/a-importancia-do-vinculo\/#primaryimage"},"thumbnailUrl":"https:\/\/geracaoamanha.org.br\/teste\/wp-content\/uploads\/2018\/08\/teoria_apego-231x300.jpg","datePublished":"2024-05-09T22:58:22+00:00","breadcrumb":{"@id":"https:\/\/geracaoamanha.org.br\/teste\/a-importancia-do-vinculo\/#breadcrumb"},"inLanguage":"pt-BR","potentialAction":[{"@type":"ReadAction","target":["https:\/\/geracaoamanha.org.br\/teste\/a-importancia-do-vinculo\/"]}]},{"@type":"ImageObject","inLanguage":"pt-BR","@id":"https:\/\/geracaoamanha.org.br\/teste\/a-importancia-do-vinculo\/#primaryimage","url":"https:\/\/geracaoamanha.org.br\/teste\/wp-content\/uploads\/2018\/08\/teoria_apego-231x300.jpg","contentUrl":"https:\/\/geracaoamanha.org.br\/teste\/wp-content\/uploads\/2018\/08\/teoria_apego-231x300.jpg"},{"@type":"BreadcrumbList","@id":"https:\/\/geracaoamanha.org.br\/teste\/a-importancia-do-vinculo\/#breadcrumb","itemListElement":[{"@type":"ListItem","position":1,"name":"Home","item":"https:\/\/geracaoamanha.org.br\/teste\/"},{"@type":"ListItem","position":2,"name":"A Import\u00e2ncia do V\u00ednculo"}]},{"@type":"WebSite","@id":"https:\/\/geracaoamanha.org.br\/teste\/#website","url":"https:\/\/geracaoamanha.org.br\/teste\/","name":"Instituto Gera\u00e7\u00e3o Amanh\u00e3","description":"Tudo sobre acolhimento familiar e ado\u00e7\u00e3o","potentialAction":[{"@type":"SearchAction","target":{"@type":"EntryPoint","urlTemplate":"https:\/\/geracaoamanha.org.br\/teste\/?s={search_term_string}"},"query-input":{"@type":"PropertyValueSpecification","valueRequired":true,"valueName":"search_term_string"}}],"inLanguage":"pt-BR"}]}},"campaignId":"","_links":{"self":[{"href":"https:\/\/geracaoamanha.org.br\/teste\/wp-json\/wp\/v2\/pages\/7181","targetHints":{"allow":["GET"]}}],"collection":[{"href":"https:\/\/geracaoamanha.org.br\/teste\/wp-json\/wp\/v2\/pages"}],"about":[{"href":"https:\/\/geracaoamanha.org.br\/teste\/wp-json\/wp\/v2\/types\/page"}],"author":[{"embeddable":true,"href":"https:\/\/geracaoamanha.org.br\/teste\/wp-json\/wp\/v2\/users\/4"}],"replies":[{"embeddable":true,"href":"https:\/\/geracaoamanha.org.br\/teste\/wp-json\/wp\/v2\/comments?post=7181"}],"version-history":[{"count":1,"href":"https:\/\/geracaoamanha.org.br\/teste\/wp-json\/wp\/v2\/pages\/7181\/revisions"}],"predecessor-version":[{"id":7182,"href":"https:\/\/geracaoamanha.org.br\/teste\/wp-json\/wp\/v2\/pages\/7181\/revisions\/7182"}],"wp:attachment":[{"href":"https:\/\/geracaoamanha.org.br\/teste\/wp-json\/wp\/v2\/media?parent=7181"}],"curies":[{"name":"wp","href":"https:\/\/api.w.org\/{rel}","templated":true}]}}