{"id":7132,"date":"2024-05-09T19:10:57","date_gmt":"2024-05-09T22:10:57","guid":{"rendered":"https:\/\/geracaoamanha.org.br\/teste\/?page_id=7132"},"modified":"2024-07-10T16:33:19","modified_gmt":"2024-07-10T19:33:19","slug":"nossas-causas","status":"publish","type":"page","link":"https:\/\/geracaoamanha.org.br\/teste\/nossas-causas\/","title":{"rendered":"Nossas Causas"},"content":{"rendered":"<div class=\"wpb-content-wrapper\"><p>[vc_row full_width=&#8221;stretch_row&#8221; css=&#8221;.vc_custom_1715278512881{background-position: center !important;background-repeat: no-repeat !important;background-size: cover !important;}&#8221;][vc_column][vc_empty_space height=&#8221;10px&#8221; alter_height=&#8221;small&#8221; hide_on_mobile=&#8221;&#8221; css=&#8221;.vc_custom_1715290282149{margin-top: 0.7rem !important;}&#8221;][vc_column_text]<\/p>\n<h5>Para realizar nossa miss\u00e3o de defender o direito de todas as crian\u00e7as e adolescente viverem em fam\u00edlia de maneira integral, saud\u00e1vel e segura, atuamos de forma estrat\u00e9gica em diversas frentes denominadas &#8220;Nossas Causas&#8221;, que embora espec\u00edficas, se sobrep\u00f5em e se complementam.<\/h5>\n<p><img loading=\"lazy\" decoding=\"async\" class=\"aligncenter wp-image-7133\" src=\"https:\/\/geracaoamanha.org.br\/teste\/wp-content\/uploads\/2024\/05\/NOSSAS-C-2-770x428.jpg\" alt=\"\" width=\"500\" height=\"375\" srcset=\"https:\/\/geracaoamanha.org.br\/teste\/wp-content\/uploads\/2024\/05\/NOSSAS-C-2-300x225.jpg 300w, https:\/\/geracaoamanha.org.br\/teste\/wp-content\/uploads\/2024\/05\/NOSSAS-C-2-768x576.jpg 768w, https:\/\/geracaoamanha.org.br\/teste\/wp-content\/uploads\/2024\/05\/NOSSAS-C-2-370x278.jpg 370w, https:\/\/geracaoamanha.org.br\/teste\/wp-content\/uploads\/2024\/05\/NOSSAS-C-2-760x570.jpg 760w, https:\/\/geracaoamanha.org.br\/teste\/wp-content\/uploads\/2024\/05\/NOSSAS-C-2.jpg 1024w\" sizes=\"auto, (max-width: 500px) 100vw, 500px\" \/>[\/vc_column_text][vc_empty_space height=&#8221;10px&#8221; hide_on_mobile=&#8221;&#8221; css=&#8221;.vc_custom_1715290952033{margin-top: 0.7rem !important;}&#8221;][vc_separator style=&#8221;shadow&#8221;][\/vc_column][\/vc_row][vc_row full_width=&#8221;stretch_row&#8221; css=&#8221;.vc_custom_1715278512881{background-position: center !important;background-repeat: no-repeat !important;background-size: cover !important;}&#8221;][vc_column][vc_column_text]<\/p>\n<h4><img loading=\"lazy\" decoding=\"async\" class=\"alignleft wp-image-7141\" src=\"https:\/\/geracaoamanha.org.br\/teste\/wp-content\/uploads\/2024\/05\/2-150x150.png\" alt=\"\" width=\"120\" height=\"120\" srcset=\"https:\/\/geracaoamanha.org.br\/teste\/wp-content\/uploads\/2024\/05\/2-150x150.png 150w, https:\/\/geracaoamanha.org.br\/teste\/wp-content\/uploads\/2024\/05\/2-300x300.png 300w, https:\/\/geracaoamanha.org.br\/teste\/wp-content\/uploads\/2024\/05\/2-768x768.png 768w, https:\/\/geracaoamanha.org.br\/teste\/wp-content\/uploads\/2024\/05\/2-370x370.png 370w, https:\/\/geracaoamanha.org.br\/teste\/wp-content\/uploads\/2024\/05\/2-555x555.png 555w, https:\/\/geracaoamanha.org.br\/teste\/wp-content\/uploads\/2024\/05\/2-90x90.png 90w, https:\/\/geracaoamanha.org.br\/teste\/wp-content\/uploads\/2024\/05\/2-760x760.png 760w, https:\/\/geracaoamanha.org.br\/teste\/wp-content\/uploads\/2024\/05\/2.png 800w\" sizes=\"auto, (max-width: 120px) 100vw, 120px\" \/><\/h4>\n<h6 style=\"text-align: left;\">Medida protetiva excepcional e tempor\u00e1ria, que coloca crian\u00e7as e adolescentes em situa\u00e7\u00e3o de risco em uma fam\u00edlia acolhedora previamente habilitada, at\u00e9 que sua situa\u00e7\u00e3o seja definida.<\/h6>\n<h6 style=\"text-align: left;\"><span style=\"text-decoration: underline;\"><strong><span style=\"color: #00ccff;\"><a style=\"color: #00ccff; text-decoration: underline;\" href=\"https:\/\/geracaoamanha.org.br\/teste\/acolhimento-familiar\/\">Saiba mais<\/a><\/span><\/strong><\/span><\/h6>\n<p><span style=\"font-size: 11pt;\">\u00a0<\/span>[\/vc_column_text][\/vc_column][\/vc_row][vc_row full_width=&#8221;stretch_row&#8221; css=&#8221;.vc_custom_1715278512881{background-position: center !important;background-repeat: no-repeat !important;background-size: cover !important;}&#8221;][vc_column][vc_empty_space height=&#8221;10px&#8221; alter_height=&#8221;small&#8221; hide_on_mobile=&#8221;&#8221; css=&#8221;.vc_custom_1534434613739{margin-top: 0.7rem !important;}&#8221;][vc_column_text]<\/p>\n<h4><img loading=\"lazy\" decoding=\"async\" class=\"alignleft wp-image-7140\" src=\"https:\/\/geracaoamanha.org.br\/teste\/wp-content\/uploads\/2024\/05\/1-300x300.png\" alt=\"\" width=\"120\" height=\"120\" srcset=\"https:\/\/geracaoamanha.org.br\/teste\/wp-content\/uploads\/2024\/05\/1-300x300.png 300w, https:\/\/geracaoamanha.org.br\/teste\/wp-content\/uploads\/2024\/05\/1-150x150.png 150w, https:\/\/geracaoamanha.org.br\/teste\/wp-content\/uploads\/2024\/05\/1-768x768.png 768w, https:\/\/geracaoamanha.org.br\/teste\/wp-content\/uploads\/2024\/05\/1-370x370.png 370w, https:\/\/geracaoamanha.org.br\/teste\/wp-content\/uploads\/2024\/05\/1-555x555.png 555w, https:\/\/geracaoamanha.org.br\/teste\/wp-content\/uploads\/2024\/05\/1-90x90.png 90w, https:\/\/geracaoamanha.org.br\/teste\/wp-content\/uploads\/2024\/05\/1-760x760.png 760w, https:\/\/geracaoamanha.org.br\/teste\/wp-content\/uploads\/2024\/05\/1.png 800w\" sizes=\"auto, (max-width: 120px) 100vw, 120px\" \/><\/h4>\n<h6 style=\"text-align: left;\">Processo judicial definitivo e irrevog\u00e1vel, que permite que uma crian\u00e7a ou adolescente se torne legalmente filho (a) de uma fam\u00edlia com a qual n\u00e3o possua la\u00e7os gen\u00e9ticos.<\/h6>\n<h6 style=\"text-align: left;\"><a href=\"https:\/\/geracaoamanha.org.br\/teste\/adocao\/\"><span style=\"text-decoration: underline; color: #00ccff;\"><strong>Saiba mais<\/strong><\/span><\/a><\/h6>\n<p><span style=\"font-size: 11pt;\">\u00a0<\/span>[\/vc_column_text][\/vc_column][\/vc_row][vc_row full_width=&#8221;stretch_row&#8221; css=&#8221;.vc_custom_1715278512881{background-position: center !important;background-repeat: no-repeat !important;background-size: cover !important;}&#8221;][vc_column][vc_empty_space height=&#8221;10px&#8221; alter_height=&#8221;small&#8221; hide_on_mobile=&#8221;&#8221; css=&#8221;.vc_custom_1534434613739{margin-top: 0.7rem !important;}&#8221;][vc_column_text]<\/p>\n<h6><img loading=\"lazy\" decoding=\"async\" class=\"alignleft wp-image-7142\" src=\"https:\/\/geracaoamanha.org.br\/teste\/wp-content\/uploads\/2024\/05\/3-300x300.png\" alt=\"\" width=\"120\" height=\"120\" srcset=\"https:\/\/geracaoamanha.org.br\/teste\/wp-content\/uploads\/2024\/05\/3-300x300.png 300w, https:\/\/geracaoamanha.org.br\/teste\/wp-content\/uploads\/2024\/05\/3-150x150.png 150w, https:\/\/geracaoamanha.org.br\/teste\/wp-content\/uploads\/2024\/05\/3-768x768.png 768w, https:\/\/geracaoamanha.org.br\/teste\/wp-content\/uploads\/2024\/05\/3-370x370.png 370w, https:\/\/geracaoamanha.org.br\/teste\/wp-content\/uploads\/2024\/05\/3-555x555.png 555w, https:\/\/geracaoamanha.org.br\/teste\/wp-content\/uploads\/2024\/05\/3-90x90.png 90w, https:\/\/geracaoamanha.org.br\/teste\/wp-content\/uploads\/2024\/05\/3-760x760.png 760w, https:\/\/geracaoamanha.org.br\/teste\/wp-content\/uploads\/2024\/05\/3.png 800w\" sizes=\"auto, (max-width: 120px) 100vw, 120px\" \/>Um grave problema que atinge crian\u00e7as e adolescentes de todas as idades e classes sociais. Existem diversas formas de viol\u00eancia e precisamos nos unir para prevenir e enfrentar essa triste realidade.<\/h6>\n<h6><span style=\"text-decoration: underline;\"><span style=\"color: #00ccff;\"><strong><a style=\"color: #00ccff; text-decoration: underline;\" href=\"https:\/\/geracaoamanha.org.br\/teste\/fim-da-violencia\">Saiba mais<\/a><\/strong><\/span><\/span><\/h6>\n<p><span style=\"font-size: 11pt;\">\u00a0<\/span>[\/vc_column_text][\/vc_column][\/vc_row][vc_row full_width=&#8221;stretch_row&#8221; css=&#8221;.vc_custom_1715278512881{background-position: center !important;background-repeat: no-repeat !important;background-size: cover !important;}&#8221;][vc_column][vc_empty_space height=&#8221;10px&#8221; alter_height=&#8221;small&#8221; hide_on_mobile=&#8221;&#8221; css=&#8221;.vc_custom_1534434613739{margin-top: 0.7rem !important;}&#8221;][vc_column_text]<\/p>\n<h6><img loading=\"lazy\" decoding=\"async\" class=\"alignleft wp-image-7144\" src=\"https:\/\/geracaoamanha.org.br\/teste\/wp-content\/uploads\/2024\/05\/5-300x300.png\" alt=\"\" width=\"120\" height=\"120\" srcset=\"https:\/\/geracaoamanha.org.br\/teste\/wp-content\/uploads\/2024\/05\/5-300x300.png 300w, https:\/\/geracaoamanha.org.br\/teste\/wp-content\/uploads\/2024\/05\/5-150x150.png 150w, https:\/\/geracaoamanha.org.br\/teste\/wp-content\/uploads\/2024\/05\/5-768x768.png 768w, https:\/\/geracaoamanha.org.br\/teste\/wp-content\/uploads\/2024\/05\/5-370x370.png 370w, https:\/\/geracaoamanha.org.br\/teste\/wp-content\/uploads\/2024\/05\/5-555x555.png 555w, https:\/\/geracaoamanha.org.br\/teste\/wp-content\/uploads\/2024\/05\/5-90x90.png 90w, https:\/\/geracaoamanha.org.br\/teste\/wp-content\/uploads\/2024\/05\/5-760x760.png 760w, https:\/\/geracaoamanha.org.br\/teste\/wp-content\/uploads\/2024\/05\/5.png 800w\" sizes=\"auto, (max-width: 120px) 100vw, 120px\" \/>A exposi\u00e7\u00e3o a traumas severos e ao estresse t\u00f3xico na inf\u00e2ncia implica em consequ\u00eancias graves na vida adulta. Urgente difundir o conhecimento e complexidade dessa tem\u00e1tica e metodologias de ressignifica\u00e7\u00e3o.<\/h6>\n<h6><a href=\"https:\/\/geracaoamanha.org.br\/teste\/trauma-e-estresse\/\"><span style=\"text-decoration: underline;\"><strong><span style=\"color: #00ccff; text-decoration: underline;\">Saiba mais<\/span><\/strong><\/span><\/a><\/h6>\n<p>[\/vc_column_text][vc_empty_space height=&#8221;10px&#8221; alter_height=&#8221;small&#8221; hide_on_mobile=&#8221;&#8221; css=&#8221;.vc_custom_1534434613739{margin-top: 0.7rem !important;}&#8221;][\/vc_column][\/vc_row][vc_row full_width=&#8221;stretch_row&#8221; css=&#8221;.vc_custom_1715278512881{background-position: center !important;background-repeat: no-repeat !important;background-size: cover !important;}&#8221;][vc_column][vc_empty_space height=&#8221;10px&#8221; alter_height=&#8221;small&#8221; hide_on_mobile=&#8221;&#8221; css=&#8221;.vc_custom_1534434613739{margin-top: 0.7rem !important;}&#8221;][vc_column_text]<\/p>\n<h6><img loading=\"lazy\" decoding=\"async\" class=\"alignleft wp-image-7145\" src=\"https:\/\/geracaoamanha.org.br\/teste\/wp-content\/uploads\/2024\/05\/6-300x300.png\" alt=\"\" width=\"120\" height=\"120\" srcset=\"https:\/\/geracaoamanha.org.br\/teste\/wp-content\/uploads\/2024\/05\/6-300x300.png 300w, https:\/\/geracaoamanha.org.br\/teste\/wp-content\/uploads\/2024\/05\/6-150x150.png 150w, https:\/\/geracaoamanha.org.br\/teste\/wp-content\/uploads\/2024\/05\/6-768x768.png 768w, https:\/\/geracaoamanha.org.br\/teste\/wp-content\/uploads\/2024\/05\/6-370x370.png 370w, https:\/\/geracaoamanha.org.br\/teste\/wp-content\/uploads\/2024\/05\/6-555x555.png 555w, https:\/\/geracaoamanha.org.br\/teste\/wp-content\/uploads\/2024\/05\/6-90x90.png 90w, https:\/\/geracaoamanha.org.br\/teste\/wp-content\/uploads\/2024\/05\/6-760x760.png 760w, https:\/\/geracaoamanha.org.br\/teste\/wp-content\/uploads\/2024\/05\/6.png 800w\" sizes=\"auto, (max-width: 120px) 100vw, 120px\" \/>Assegurada \u00e0s crian\u00e7as e adolescentes pela Constitui\u00e7\u00e3o, a conviv\u00eancia familiar visa garantir o desenvolvimento integral da crian\u00e7a em um n\u00facleo familiar que lhe ofere\u00e7a educa\u00e7\u00e3o, amor, prote\u00e7\u00e3o e sa\u00fade f\u00edsica e psicol\u00f3gica.<\/h6>\n<h6><span style=\"text-decoration: underline;\"><span style=\"color: #00ccff;\"> <a style=\"color: #00ccff; text-decoration: underline;\" href=\"https:\/\/geracaoamanha.org.br\/teste\/convivencia-familiar-e-comunitaria\/\">Saiba mais<\/a><\/span><\/span><\/h6>\n<p>[\/vc_column_text][vc_empty_space height=&#8221;10px&#8221; alter_height=&#8221;small&#8221; hide_on_mobile=&#8221;&#8221; css=&#8221;.vc_custom_1534434613739{margin-top: 0.7rem !important;}&#8221;][\/vc_column][\/vc_row][vc_row full_width=&#8221;stretch_row&#8221; css=&#8221;.vc_custom_1715278512881{background-position: center !important;background-repeat: no-repeat !important;background-size: cover !important;}&#8221;][vc_column][vc_empty_space height=&#8221;10px&#8221; alter_height=&#8221;small&#8221; hide_on_mobile=&#8221;&#8221; css=&#8221;.vc_custom_1534434613739{margin-top: 0.7rem !important;}&#8221;][vc_column_text]<\/p>\n<h6><img loading=\"lazy\" decoding=\"async\" class=\"alignleft wp-image-7143\" src=\"https:\/\/geracaoamanha.org.br\/teste\/wp-content\/uploads\/2024\/05\/4-300x300.png\" alt=\"\" width=\"120\" height=\"120\" srcset=\"https:\/\/geracaoamanha.org.br\/teste\/wp-content\/uploads\/2024\/05\/4-300x300.png 300w, https:\/\/geracaoamanha.org.br\/teste\/wp-content\/uploads\/2024\/05\/4-150x150.png 150w, https:\/\/geracaoamanha.org.br\/teste\/wp-content\/uploads\/2024\/05\/4-768x768.png 768w, https:\/\/geracaoamanha.org.br\/teste\/wp-content\/uploads\/2024\/05\/4-370x370.png 370w, https:\/\/geracaoamanha.org.br\/teste\/wp-content\/uploads\/2024\/05\/4-555x555.png 555w, https:\/\/geracaoamanha.org.br\/teste\/wp-content\/uploads\/2024\/05\/4-90x90.png 90w, https:\/\/geracaoamanha.org.br\/teste\/wp-content\/uploads\/2024\/05\/4-760x760.png 760w, https:\/\/geracaoamanha.org.br\/teste\/wp-content\/uploads\/2024\/05\/4.png 800w\" sizes=\"auto, (max-width: 120px) 100vw, 120px\" \/>O que acontece nos primeiros anos de uma crian\u00e7a far\u00e1 diferen\u00e7a por toda sua vida, porque \u00e9 entre os 0 e os 6 anos de idade que se constr\u00f3i a base para o funcionamento do c\u00e9rebro.<\/h6>\n<h6><a href=\"https:\/\/geracaoamanha.org.br\/teste\/primeira-infancia\/\"><span style=\"text-decoration: underline; color: #00ccff;\"><strong>Saiba mais<\/strong><\/span><\/a><\/h6>\n<p><span style=\"font-size: 11pt;\">\u00a0<\/span>[\/vc_column_text][vc_empty_space height=&#8221;10px&#8221; alter_height=&#8221;small&#8221; hide_on_mobile=&#8221;&#8221; css=&#8221;.vc_custom_1534434613739{margin-top: 0.7rem !important;}&#8221;][\/vc_column][\/vc_row]<\/p>\n<\/div>","protected":false},"excerpt":{"rendered":"<p>[vc_row full_width=&#8221;stretch_row&#8221; css=&#8221;.vc_custom_1715278512881{background-position: center !important;background-repeat: no-repeat !important;background-size: cover !important;}&#8221;][vc_column][vc_empty_space height=&#8221;10px&#8221; alter_height=&#8221;small&#8221; hide_on_mobile=&#8221;&#8221; css=&#8221;.vc_custom_1715290282149{margin-top: 0.7rem !important;}&#8221;][vc_column_text] Para realizar nossa miss\u00e3o de defender o direito de todas as crian\u00e7as e adolescente viverem em fam\u00edlia de maneira integral, saud\u00e1vel e segura, atuamos de forma estrat\u00e9gica em diversas frentes denominadas &#8220;Nossas Causas&#8221;, que embora espec\u00edficas, se sobrep\u00f5em e se complementam. [\/vc_column_text][vc_empty_space height=&#8221;10px&#8221; hide_on_mobile=&#8221;&#8221; css=&#8221;.vc_custom_1715290952033{margin-top:&hellip;<\/p>\n","protected":false},"author":4,"featured_media":0,"parent":0,"menu_order":0,"comment_status":"closed","ping_status":"closed","template":"","meta":{"give_campaign_id":0,"footnotes":""},"class_list":["post-7132","page","type-page","status-publish","hentry"],"yoast_head":"<!-- This site is optimized with the Yoast SEO plugin v27.2 - https:\/\/yoast.com\/product\/yoast-seo-wordpress\/ -->\n<title>Nossas Causas - Instituto Gera\u00e7\u00e3o Amanh\u00e3<\/title>\n<meta name=\"robots\" content=\"noindex, follow, max-snippet:-1, max-image-preview:large, max-video-preview:-1\" \/>\n<meta property=\"og:locale\" content=\"pt_BR\" \/>\n<meta property=\"og:type\" content=\"article\" \/>\n<meta property=\"og:title\" content=\"Nossas Causas - Instituto Gera\u00e7\u00e3o Amanh\u00e3\" \/>\n<meta property=\"og:description\" content=\"[vc_row full_width=&#8221;stretch_row&#8221; css=&#8221;.vc_custom_1715278512881{background-position: center !important;background-repeat: no-repeat !important;background-size: cover !important;}&#8221;][vc_column][vc_empty_space height=&#8221;10px&#8221; alter_height=&#8221;small&#8221; hide_on_mobile=&#8221;&#8221; css=&#8221;.vc_custom_1715290282149{margin-top: 0.7rem !important;}&#8221;][vc_column_text] Para realizar nossa miss\u00e3o de defender o direito de todas as crian\u00e7as e adolescente viverem em fam\u00edlia de maneira integral, saud\u00e1vel e segura, atuamos de forma estrat\u00e9gica em diversas frentes denominadas &#8220;Nossas Causas&#8221;, que embora espec\u00edficas, se sobrep\u00f5em e se complementam. [\/vc_column_text][vc_empty_space height=&#8221;10px&#8221; hide_on_mobile=&#8221;&#8221; css=&#8221;.vc_custom_1715290952033{margin-top:&hellip;\" \/>\n<meta property=\"og:url\" content=\"https:\/\/geracaoamanha.org.br\/teste\/nossas-causas\/\" \/>\n<meta property=\"og:site_name\" content=\"Instituto Gera\u00e7\u00e3o Amanh\u00e3\" \/>\n<meta property=\"article:modified_time\" content=\"2024-07-10T19:33:19+00:00\" \/>\n<meta property=\"og:image\" content=\"https:\/\/geracaoamanha.org.br\/teste\/wp-content\/uploads\/2024\/05\/NOSSAS-C-2-770x428.jpg\" \/>\n<meta name=\"twitter:card\" content=\"summary_large_image\" \/>\n<meta name=\"twitter:label1\" content=\"Est. tempo de leitura\" \/>\n\t<meta name=\"twitter:data1\" content=\"3 minutos\" \/>\n<script type=\"application\/ld+json\" class=\"yoast-schema-graph\">{\"@context\":\"https:\/\/schema.org\",\"@graph\":[{\"@type\":\"WebPage\",\"@id\":\"https:\/\/geracaoamanha.org.br\/teste\/nossas-causas\/\",\"url\":\"https:\/\/geracaoamanha.org.br\/teste\/nossas-causas\/\",\"name\":\"Nossas Causas - Instituto Gera\u00e7\u00e3o Amanh\u00e3\",\"isPartOf\":{\"@id\":\"https:\/\/geracaoamanha.org.br\/teste\/#website\"},\"primaryImageOfPage\":{\"@id\":\"https:\/\/geracaoamanha.org.br\/teste\/nossas-causas\/#primaryimage\"},\"image\":{\"@id\":\"https:\/\/geracaoamanha.org.br\/teste\/nossas-causas\/#primaryimage\"},\"thumbnailUrl\":\"https:\/\/geracaoamanha.org.br\/teste\/wp-content\/uploads\/2024\/05\/NOSSAS-C-2-770x428.jpg\",\"datePublished\":\"2024-05-09T22:10:57+00:00\",\"dateModified\":\"2024-07-10T19:33:19+00:00\",\"breadcrumb\":{\"@id\":\"https:\/\/geracaoamanha.org.br\/teste\/nossas-causas\/#breadcrumb\"},\"inLanguage\":\"pt-BR\",\"potentialAction\":[{\"@type\":\"ReadAction\",\"target\":[\"https:\/\/geracaoamanha.org.br\/teste\/nossas-causas\/\"]}]},{\"@type\":\"ImageObject\",\"inLanguage\":\"pt-BR\",\"@id\":\"https:\/\/geracaoamanha.org.br\/teste\/nossas-causas\/#primaryimage\",\"url\":\"https:\/\/geracaoamanha.org.br\/teste\/wp-content\/uploads\/2024\/05\/NOSSAS-C-2-770x428.jpg\",\"contentUrl\":\"https:\/\/geracaoamanha.org.br\/teste\/wp-content\/uploads\/2024\/05\/NOSSAS-C-2-770x428.jpg\"},{\"@type\":\"BreadcrumbList\",\"@id\":\"https:\/\/geracaoamanha.org.br\/teste\/nossas-causas\/#breadcrumb\",\"itemListElement\":[{\"@type\":\"ListItem\",\"position\":1,\"name\":\"Home\",\"item\":\"https:\/\/geracaoamanha.org.br\/teste\/\"},{\"@type\":\"ListItem\",\"position\":2,\"name\":\"Nossas Causas\"}]},{\"@type\":\"WebSite\",\"@id\":\"https:\/\/geracaoamanha.org.br\/teste\/#website\",\"url\":\"https:\/\/geracaoamanha.org.br\/teste\/\",\"name\":\"Instituto Gera\u00e7\u00e3o Amanh\u00e3\",\"description\":\"Tudo sobre acolhimento familiar e ado\u00e7\u00e3o\",\"potentialAction\":[{\"@type\":\"SearchAction\",\"target\":{\"@type\":\"EntryPoint\",\"urlTemplate\":\"https:\/\/geracaoamanha.org.br\/teste\/?s={search_term_string}\"},\"query-input\":{\"@type\":\"PropertyValueSpecification\",\"valueRequired\":true,\"valueName\":\"search_term_string\"}}],\"inLanguage\":\"pt-BR\"}]}<\/script>\n<!-- \/ Yoast SEO plugin. -->","yoast_head_json":{"title":"Nossas Causas - Instituto Gera\u00e7\u00e3o Amanh\u00e3","robots":{"index":"noindex","follow":"follow","max-snippet":"max-snippet:-1","max-image-preview":"max-image-preview:large","max-video-preview":"max-video-preview:-1"},"og_locale":"pt_BR","og_type":"article","og_title":"Nossas Causas - Instituto Gera\u00e7\u00e3o Amanh\u00e3","og_description":"[vc_row full_width=&#8221;stretch_row&#8221; css=&#8221;.vc_custom_1715278512881{background-position: center !important;background-repeat: no-repeat !important;background-size: cover !important;}&#8221;][vc_column][vc_empty_space height=&#8221;10px&#8221; alter_height=&#8221;small&#8221; hide_on_mobile=&#8221;&#8221; css=&#8221;.vc_custom_1715290282149{margin-top: 0.7rem !important;}&#8221;][vc_column_text] Para realizar nossa miss\u00e3o de defender o direito de todas as crian\u00e7as e adolescente viverem em fam\u00edlia de maneira integral, saud\u00e1vel e segura, atuamos de forma estrat\u00e9gica em diversas frentes denominadas &#8220;Nossas Causas&#8221;, que embora espec\u00edficas, se sobrep\u00f5em e se complementam. [\/vc_column_text][vc_empty_space height=&#8221;10px&#8221; hide_on_mobile=&#8221;&#8221; css=&#8221;.vc_custom_1715290952033{margin-top:&hellip;","og_url":"https:\/\/geracaoamanha.org.br\/teste\/nossas-causas\/","og_site_name":"Instituto Gera\u00e7\u00e3o Amanh\u00e3","article_modified_time":"2024-07-10T19:33:19+00:00","og_image":[{"url":"https:\/\/geracaoamanha.org.br\/teste\/wp-content\/uploads\/2024\/05\/NOSSAS-C-2-770x428.jpg","type":"","width":"","height":""}],"twitter_card":"summary_large_image","twitter_misc":{"Est. tempo de leitura":"3 minutos"},"schema":{"@context":"https:\/\/schema.org","@graph":[{"@type":"WebPage","@id":"https:\/\/geracaoamanha.org.br\/teste\/nossas-causas\/","url":"https:\/\/geracaoamanha.org.br\/teste\/nossas-causas\/","name":"Nossas Causas - Instituto Gera\u00e7\u00e3o Amanh\u00e3","isPartOf":{"@id":"https:\/\/geracaoamanha.org.br\/teste\/#website"},"primaryImageOfPage":{"@id":"https:\/\/geracaoamanha.org.br\/teste\/nossas-causas\/#primaryimage"},"image":{"@id":"https:\/\/geracaoamanha.org.br\/teste\/nossas-causas\/#primaryimage"},"thumbnailUrl":"https:\/\/geracaoamanha.org.br\/teste\/wp-content\/uploads\/2024\/05\/NOSSAS-C-2-770x428.jpg","datePublished":"2024-05-09T22:10:57+00:00","dateModified":"2024-07-10T19:33:19+00:00","breadcrumb":{"@id":"https:\/\/geracaoamanha.org.br\/teste\/nossas-causas\/#breadcrumb"},"inLanguage":"pt-BR","potentialAction":[{"@type":"ReadAction","target":["https:\/\/geracaoamanha.org.br\/teste\/nossas-causas\/"]}]},{"@type":"ImageObject","inLanguage":"pt-BR","@id":"https:\/\/geracaoamanha.org.br\/teste\/nossas-causas\/#primaryimage","url":"https:\/\/geracaoamanha.org.br\/teste\/wp-content\/uploads\/2024\/05\/NOSSAS-C-2-770x428.jpg","contentUrl":"https:\/\/geracaoamanha.org.br\/teste\/wp-content\/uploads\/2024\/05\/NOSSAS-C-2-770x428.jpg"},{"@type":"BreadcrumbList","@id":"https:\/\/geracaoamanha.org.br\/teste\/nossas-causas\/#breadcrumb","itemListElement":[{"@type":"ListItem","position":1,"name":"Home","item":"https:\/\/geracaoamanha.org.br\/teste\/"},{"@type":"ListItem","position":2,"name":"Nossas Causas"}]},{"@type":"WebSite","@id":"https:\/\/geracaoamanha.org.br\/teste\/#website","url":"https:\/\/geracaoamanha.org.br\/teste\/","name":"Instituto Gera\u00e7\u00e3o Amanh\u00e3","description":"Tudo sobre acolhimento familiar e ado\u00e7\u00e3o","potentialAction":[{"@type":"SearchAction","target":{"@type":"EntryPoint","urlTemplate":"https:\/\/geracaoamanha.org.br\/teste\/?s={search_term_string}"},"query-input":{"@type":"PropertyValueSpecification","valueRequired":true,"valueName":"search_term_string"}}],"inLanguage":"pt-BR"}]}},"campaignId":"","_links":{"self":[{"href":"https:\/\/geracaoamanha.org.br\/teste\/wp-json\/wp\/v2\/pages\/7132","targetHints":{"allow":["GET"]}}],"collection":[{"href":"https:\/\/geracaoamanha.org.br\/teste\/wp-json\/wp\/v2\/pages"}],"about":[{"href":"https:\/\/geracaoamanha.org.br\/teste\/wp-json\/wp\/v2\/types\/page"}],"author":[{"embeddable":true,"href":"https:\/\/geracaoamanha.org.br\/teste\/wp-json\/wp\/v2\/users\/4"}],"replies":[{"embeddable":true,"href":"https:\/\/geracaoamanha.org.br\/teste\/wp-json\/wp\/v2\/comments?post=7132"}],"version-history":[{"count":39,"href":"https:\/\/geracaoamanha.org.br\/teste\/wp-json\/wp\/v2\/pages\/7132\/revisions"}],"predecessor-version":[{"id":7555,"href":"https:\/\/geracaoamanha.org.br\/teste\/wp-json\/wp\/v2\/pages\/7132\/revisions\/7555"}],"wp:attachment":[{"href":"https:\/\/geracaoamanha.org.br\/teste\/wp-json\/wp\/v2\/media?parent=7132"}],"curies":[{"name":"wp","href":"https:\/\/api.w.org\/{rel}","templated":true}]}}