{"id":6767,"date":"2024-05-09T20:03:27","date_gmt":"2024-05-09T23:03:27","guid":{"rendered":"https:\/\/geracaoamanha.org.br\/teste\/?page_id=6767"},"modified":"2024-05-10T18:14:24","modified_gmt":"2024-05-10T21:14:24","slug":"biblioteca","status":"publish","type":"page","link":"https:\/\/geracaoamanha.org.br\/teste\/biblioteca\/","title":{"rendered":"Biblioteca"},"content":{"rendered":"<div class=\"wpb-content-wrapper\"><p>[vc_row][vc_column width=&#8221;1\/2&#8243;]<div id=\"sc_title_1826068961\"\n\t\tclass=\"sc_title sc_title_default\"><h4 class=\"sc_item_title sc_title_title sc_align_center sc_item_title_style_default sc_item_title_tag\">Nossas Publica\u00e7\u00f5es<\/h4><\/div><!-- \/.sc_title -->[vc_empty_space alter_height=&#8221;small&#8221; hide_on_mobile=&#8221;&#8221;][vc_hoverbox image=&#8221;6769&#8243; primary_title=&#8221;&#8221; hover_title=&#8221;&#8221; hover_background_color=&#8221;turquoise&#8221; hover_btn_title=&#8221;CLIQUE&#8221; hover_btn_color=&#8221;white&#8221; hover_btn_size=&#8221;lg&#8221; hover_btn_align=&#8221;center&#8221; hover_add_button=&#8221;true&#8221; hover_btn_link=&#8221;url:https%3A%2F%2Fgeracaoamanha.org.br%2Fteste%2Fnossas-publicacoes%2F|||&#8221;]<span style=\"font-size: 14pt; color: #ffffff;\">Clique abaixo para ler e baixar gratuitamente as publica\u00e7\u00f5es exclusivas criadas e produzidas pelo Instituto Gera\u00e7\u00e3o Amanh\u00e3 sobre ado\u00e7\u00e3o, acolhimento, entre outros.<\/span>[\/vc_hoverbox][vc_empty_space height=&#8221;&#8221; alter_height=&#8221;small&#8221; hide_on_mobile=&#8221;&#8221;][\/vc_column][vc_column width=&#8221;1\/2&#8243;]<div id=\"sc_title_983224170\"\n\t\tclass=\"sc_title sc_title_default\"><h4 class=\"sc_item_title sc_title_title sc_align_center sc_item_title_style_default sc_item_title_tag\">Livros, Artigos e V\u00eddeos<\/h4><\/div><!-- \/.sc_title -->[vc_empty_space alter_height=&#8221;small&#8221; hide_on_mobile=&#8221;&#8221;][vc_hoverbox image=&#8221;1262&#8243; primary_title=&#8221;&#8221; hover_title=&#8221;&#8221; hover_background_color=&#8221;turquoise&#8221; hover_btn_title=&#8221;CLIQUE&#8221; hover_btn_color=&#8221;white&#8221; hover_btn_size=&#8221;lg&#8221; hover_btn_align=&#8221;center&#8221; hover_add_button=&#8221;true&#8221; hover_btn_link=&#8221;url:https%3A%2F%2Fgeracaoamanha.org.br%2Fteste%2Fpublicacoes|||&#8221;]<span style=\"font-size: 14pt; color: #ffffff;\"><big>Clique abaixo para acessar livros, estudos, teses, pesquisas e muito mais sobre Acolhimento Familiar, Ado\u00e7\u00e3o e os direitos das crian\u00e7as e dos adolescentes brasileiros.<\/big><\/span>[\/vc_hoverbox][vc_empty_space height=&#8221;&#8221; alter_height=&#8221;small&#8221; hide_on_mobile=&#8221;&#8221;][\/vc_column][\/vc_row][vc_row][vc_column width=&#8221;1\/2&#8243;]<div id=\"sc_title_1272808482\"\n\t\tclass=\"sc_title sc_title_default\"><h4 class=\"sc_item_title sc_title_title sc_align_center sc_item_title_style_default sc_item_title_tag\">Cartilhas, Leis e Manuais<\/h4><\/div><!-- \/.sc_title -->[vc_empty_space alter_height=&#8221;small&#8221; hide_on_mobile=&#8221;&#8221;][vc_hoverbox image=&#8221;1263&#8243; primary_title=&#8221;&#8221; hover_title=&#8221;&#8221; hover_background_color=&#8221;turquoise&#8221; hover_btn_title=&#8221;CLIQUE&#8221; hover_btn_color=&#8221;white&#8221; hover_btn_size=&#8221;lg&#8221; hover_btn_align=&#8221;center&#8221; hover_add_button=&#8221;true&#8221; hover_btn_link=&#8221;url:https%3A%2F%2Fgeracaoamanha.org.br%2Fteste%2Fleis-e-manuais%2F|||&#8221;]<span style=\"font-size: 14pt; color: #ffffff;\"><big>Cli<\/big><big>que abaixo para acessar estatutos, leis, cartilhas e manuais sobre Acolhimento Familiar, Ado\u00e7\u00e3o e os direitos das crian\u00e7as e dos adolescentes brasileiros.<\/big><\/span>[\/vc_hoverbox][vc_empty_space height=&#8221;&#8221; alter_height=&#8221;small&#8221; hide_on_mobile=&#8221;&#8221;][\/vc_column][vc_column width=&#8221;1\/2&#8243;]<div id=\"sc_title_1224480640\"\n\t\tclass=\"sc_title sc_title_default\"><h4 class=\"sc_item_title sc_title_title sc_align_center sc_item_title_style_default sc_item_title_tag\">Clube do Livro Infantil<\/h4><\/div><!-- \/.sc_title -->[vc_empty_space alter_height=&#8221;small&#8221; hide_on_mobile=&#8221;&#8221;][vc_hoverbox image=&#8221;6771&#8243; primary_title=&#8221;&#8221; hover_title=&#8221;&#8221; hover_background_color=&#8221;turquoise&#8221; hover_btn_title=&#8221;CLIQUE&#8221; hover_btn_color=&#8221;white&#8221; hover_btn_size=&#8221;lg&#8221; hover_btn_align=&#8221;center&#8221; hover_add_button=&#8221;true&#8221; hover_btn_link=&#8221;url:https%3A%2F%2Fgeracaoamanha.org.br%2Fteste%2Fclube-do-livro%2F|||&#8221;]<span style=\"font-size: 14pt; color: #ffffff;\">Clique abaixo para ler e baixar os livros que selecionamos especialmente para o nosso clube. Ler e contar\u00a0 hist\u00f3rias para as crian\u00e7as \u00e9 uma excelente forma de criar v\u00ednculos!<\/span>[\/vc_hoverbox][vc_empty_space height=&#8221;&#8221; alter_height=&#8221;small&#8221; hide_on_mobile=&#8221;&#8221;][\/vc_column][\/vc_row][vc_row][vc_column][vc_empty_space height=&#8221;&#8221; alter_height=&#8221;medium&#8221; hide_on_mobile=&#8221;&#8221;][\/vc_column][\/vc_row]<\/p>\n<\/div>","protected":false},"excerpt":{"rendered":"<p>[vc_row][vc_column width=&#8221;1\/2&#8243;][vc_empty_space alter_height=&#8221;small&#8221; hide_on_mobile=&#8221;&#8221;][vc_hoverbox image=&#8221;6769&#8243; primary_title=&#8221;&#8221; hover_title=&#8221;&#8221; hover_background_color=&#8221;turquoise&#8221; hover_btn_title=&#8221;CLIQUE&#8221; hover_btn_color=&#8221;white&#8221; hover_btn_size=&#8221;lg&#8221; hover_btn_align=&#8221;center&#8221; hover_add_button=&#8221;true&#8221; hover_btn_link=&#8221;url:https%3A%2F%2Fgeracaoamanha.org.br%2Fteste%2Fnossas-publicacoes%2F|||&#8221;]Clique abaixo para ler e baixar gratuitamente as publica\u00e7\u00f5es exclusivas criadas e produzidas pelo Instituto Gera\u00e7\u00e3o Amanh\u00e3 sobre ado\u00e7\u00e3o, acolhimento, entre outros.[\/vc_hoverbox][vc_empty_space height=&#8221;&#8221; alter_height=&#8221;small&#8221; hide_on_mobile=&#8221;&#8221;][\/vc_column][vc_column width=&#8221;1\/2&#8243;][vc_empty_space alter_height=&#8221;small&#8221; hide_on_mobile=&#8221;&#8221;][vc_hoverbox image=&#8221;1262&#8243; primary_title=&#8221;&#8221; hover_title=&#8221;&#8221; hover_background_color=&#8221;turquoise&#8221; hover_btn_title=&#8221;CLIQUE&#8221; hover_btn_color=&#8221;white&#8221; hover_btn_size=&#8221;lg&#8221; hover_btn_align=&#8221;center&#8221; hover_add_button=&#8221;true&#8221; hover_btn_link=&#8221;url:https%3A%2F%2Fgeracaoamanha.org.br%2Fteste%2Fpublicacoes|||&#8221;]Clique abaixo para acessar livros, estudos, teses, pesquisas e muito&hellip;<\/p>\n","protected":false},"author":1,"featured_media":0,"parent":0,"menu_order":0,"comment_status":"closed","ping_status":"closed","template":"","meta":{"give_campaign_id":0,"footnotes":""},"class_list":["post-6767","page","type-page","status-publish","hentry"],"yoast_head":"<!-- This site is optimized with the Yoast SEO plugin v27.2 - https:\/\/yoast.com\/product\/yoast-seo-wordpress\/ -->\n<title>Biblioteca - Instituto Gera\u00e7\u00e3o Amanh\u00e3<\/title>\n<meta name=\"description\" content=\"Leia e baixe livros, artigos, newsletter, manuais, guias e cartilhas sobre acolhimento familiar, ado\u00e7\u00e3o, primeira inf\u00e2ncia e conviv\u00eancia familiar\" \/>\n<meta name=\"robots\" content=\"noindex, follow, max-snippet:-1, max-image-preview:large, max-video-preview:-1\" \/>\n<meta property=\"og:locale\" content=\"pt_BR\" \/>\n<meta property=\"og:type\" content=\"article\" \/>\n<meta property=\"og:title\" content=\"Biblioteca - Instituto Gera\u00e7\u00e3o Amanh\u00e3\" \/>\n<meta property=\"og:description\" content=\"Leia e baixe livros, artigos, newsletter, manuais, guias e cartilhas sobre acolhimento familiar, ado\u00e7\u00e3o, primeira inf\u00e2ncia e conviv\u00eancia familiar\" \/>\n<meta property=\"og:url\" content=\"https:\/\/geracaoamanha.org.br\/teste\/biblioteca\/\" \/>\n<meta property=\"og:site_name\" content=\"Instituto Gera\u00e7\u00e3o Amanh\u00e3\" \/>\n<meta property=\"article:modified_time\" content=\"2024-05-10T21:14:24+00:00\" \/>\n<meta name=\"twitter:card\" content=\"summary_large_image\" \/>\n<meta name=\"twitter:label1\" content=\"Est. tempo de leitura\" \/>\n\t<meta name=\"twitter:data1\" content=\"2 minutos\" \/>\n<script type=\"application\/ld+json\" class=\"yoast-schema-graph\">{\"@context\":\"https:\/\/schema.org\",\"@graph\":[{\"@type\":\"WebPage\",\"@id\":\"https:\/\/geracaoamanha.org.br\/teste\/biblioteca\/\",\"url\":\"https:\/\/geracaoamanha.org.br\/teste\/biblioteca\/\",\"name\":\"Biblioteca - Instituto Gera\u00e7\u00e3o Amanh\u00e3\",\"isPartOf\":{\"@id\":\"https:\/\/geracaoamanha.org.br\/teste\/#website\"},\"datePublished\":\"2024-05-09T23:03:27+00:00\",\"dateModified\":\"2024-05-10T21:14:24+00:00\",\"description\":\"Leia e baixe livros, artigos, newsletter, manuais, guias e cartilhas sobre acolhimento familiar, ado\u00e7\u00e3o, primeira inf\u00e2ncia e conviv\u00eancia familiar\",\"breadcrumb\":{\"@id\":\"https:\/\/geracaoamanha.org.br\/teste\/biblioteca\/#breadcrumb\"},\"inLanguage\":\"pt-BR\",\"potentialAction\":[{\"@type\":\"ReadAction\",\"target\":[\"https:\/\/geracaoamanha.org.br\/teste\/biblioteca\/\"]}]},{\"@type\":\"BreadcrumbList\",\"@id\":\"https:\/\/geracaoamanha.org.br\/teste\/biblioteca\/#breadcrumb\",\"itemListElement\":[{\"@type\":\"ListItem\",\"position\":1,\"name\":\"Home\",\"item\":\"https:\/\/geracaoamanha.org.br\/teste\/\"},{\"@type\":\"ListItem\",\"position\":2,\"name\":\"Biblioteca\"}]},{\"@type\":\"WebSite\",\"@id\":\"https:\/\/geracaoamanha.org.br\/teste\/#website\",\"url\":\"https:\/\/geracaoamanha.org.br\/teste\/\",\"name\":\"Instituto Gera\u00e7\u00e3o Amanh\u00e3\",\"description\":\"Tudo sobre acolhimento familiar e ado\u00e7\u00e3o\",\"potentialAction\":[{\"@type\":\"SearchAction\",\"target\":{\"@type\":\"EntryPoint\",\"urlTemplate\":\"https:\/\/geracaoamanha.org.br\/teste\/?s={search_term_string}\"},\"query-input\":{\"@type\":\"PropertyValueSpecification\",\"valueRequired\":true,\"valueName\":\"search_term_string\"}}],\"inLanguage\":\"pt-BR\"}]}<\/script>\n<!-- \/ Yoast SEO plugin. -->","yoast_head_json":{"title":"Biblioteca - Instituto Gera\u00e7\u00e3o Amanh\u00e3","description":"Leia e baixe livros, artigos, newsletter, manuais, guias e cartilhas sobre acolhimento familiar, ado\u00e7\u00e3o, primeira inf\u00e2ncia e conviv\u00eancia familiar","robots":{"index":"noindex","follow":"follow","max-snippet":"max-snippet:-1","max-image-preview":"max-image-preview:large","max-video-preview":"max-video-preview:-1"},"og_locale":"pt_BR","og_type":"article","og_title":"Biblioteca - Instituto Gera\u00e7\u00e3o Amanh\u00e3","og_description":"Leia e baixe livros, artigos, newsletter, manuais, guias e cartilhas sobre acolhimento familiar, ado\u00e7\u00e3o, primeira inf\u00e2ncia e conviv\u00eancia familiar","og_url":"https:\/\/geracaoamanha.org.br\/teste\/biblioteca\/","og_site_name":"Instituto Gera\u00e7\u00e3o Amanh\u00e3","article_modified_time":"2024-05-10T21:14:24+00:00","twitter_card":"summary_large_image","twitter_misc":{"Est. tempo de leitura":"2 minutos"},"schema":{"@context":"https:\/\/schema.org","@graph":[{"@type":"WebPage","@id":"https:\/\/geracaoamanha.org.br\/teste\/biblioteca\/","url":"https:\/\/geracaoamanha.org.br\/teste\/biblioteca\/","name":"Biblioteca - Instituto Gera\u00e7\u00e3o Amanh\u00e3","isPartOf":{"@id":"https:\/\/geracaoamanha.org.br\/teste\/#website"},"datePublished":"2024-05-09T23:03:27+00:00","dateModified":"2024-05-10T21:14:24+00:00","description":"Leia e baixe livros, artigos, newsletter, manuais, guias e cartilhas sobre acolhimento familiar, ado\u00e7\u00e3o, primeira inf\u00e2ncia e conviv\u00eancia familiar","breadcrumb":{"@id":"https:\/\/geracaoamanha.org.br\/teste\/biblioteca\/#breadcrumb"},"inLanguage":"pt-BR","potentialAction":[{"@type":"ReadAction","target":["https:\/\/geracaoamanha.org.br\/teste\/biblioteca\/"]}]},{"@type":"BreadcrumbList","@id":"https:\/\/geracaoamanha.org.br\/teste\/biblioteca\/#breadcrumb","itemListElement":[{"@type":"ListItem","position":1,"name":"Home","item":"https:\/\/geracaoamanha.org.br\/teste\/"},{"@type":"ListItem","position":2,"name":"Biblioteca"}]},{"@type":"WebSite","@id":"https:\/\/geracaoamanha.org.br\/teste\/#website","url":"https:\/\/geracaoamanha.org.br\/teste\/","name":"Instituto Gera\u00e7\u00e3o Amanh\u00e3","description":"Tudo sobre acolhimento familiar e ado\u00e7\u00e3o","potentialAction":[{"@type":"SearchAction","target":{"@type":"EntryPoint","urlTemplate":"https:\/\/geracaoamanha.org.br\/teste\/?s={search_term_string}"},"query-input":{"@type":"PropertyValueSpecification","valueRequired":true,"valueName":"search_term_string"}}],"inLanguage":"pt-BR"}]}},"campaignId":"","_links":{"self":[{"href":"https:\/\/geracaoamanha.org.br\/teste\/wp-json\/wp\/v2\/pages\/6767","targetHints":{"allow":["GET"]}}],"collection":[{"href":"https:\/\/geracaoamanha.org.br\/teste\/wp-json\/wp\/v2\/pages"}],"about":[{"href":"https:\/\/geracaoamanha.org.br\/teste\/wp-json\/wp\/v2\/types\/page"}],"author":[{"embeddable":true,"href":"https:\/\/geracaoamanha.org.br\/teste\/wp-json\/wp\/v2\/users\/1"}],"replies":[{"embeddable":true,"href":"https:\/\/geracaoamanha.org.br\/teste\/wp-json\/wp\/v2\/comments?post=6767"}],"version-history":[{"count":12,"href":"https:\/\/geracaoamanha.org.br\/teste\/wp-json\/wp\/v2\/pages\/6767\/revisions"}],"predecessor-version":[{"id":7302,"href":"https:\/\/geracaoamanha.org.br\/teste\/wp-json\/wp\/v2\/pages\/6767\/revisions\/7302"}],"wp:attachment":[{"href":"https:\/\/geracaoamanha.org.br\/teste\/wp-json\/wp\/v2\/media?parent=6767"}],"curies":[{"name":"wp","href":"https:\/\/api.w.org\/{rel}","templated":true}]}}