{"id":6451,"date":"2023-03-31T08:40:02","date_gmt":"2023-03-31T11:40:02","guid":{"rendered":"https:\/\/geracaoamanha.org.br\/teste\/?page_id=6451"},"modified":"2023-04-03T12:15:09","modified_gmt":"2023-04-03T15:15:09","slug":"doacao","status":"publish","type":"page","link":"https:\/\/geracaoamanha.org.br\/teste\/doacao\/","title":{"rendered":"Doa\u00e7\u00e3o"},"content":{"rendered":"<div class=\"wpb-content-wrapper\"><p>[vc_row][vc_column icons_position=&#8221;left&#8221;][vc_column_text]<\/p>\n<h2 style=\"text-align: center;\">Toda ajuda \u00e9 bem vinda<\/h2>\n<p style=\"text-align: center;\"><span style=\"font-size: 14pt;\">Quando voc\u00ea doa para o Instituto Gera\u00e7\u00e3o Amanh\u00e3, seu dinheiro \u00e9 destinado a projetos que ajudam a implantar e disseminar o <strong>Acolhimento Familiar, <\/strong>contribuem com a causa da <strong>Ado\u00e7\u00e3o <\/strong>e atuam na <strong>Preven\u00e7\u00e3o e Combate \u00e0 Viol\u00eancia<\/strong> contra crian\u00e7as e adolescentes, sempre com \u00eanfase na <strong>Conviv\u00eancia Familiar\/Comunit\u00e1ria<\/strong> e na <strong>Primeira Inf\u00e2ncia<\/strong>.<\/span><\/p>\n<p>[\/vc_column_text][\/vc_column][\/vc_row][vc_row][vc_column icons_position=&#8221;left&#8221;][vc_empty_space height=&#8221;&#8221; alter_height=&#8221;medium&#8221; hide_on_mobile=&#8221;&#8221; hide_on_desktop=&#8221;&#8221; hide_on_notebook=&#8221;&#8221; hide_on_tablet=&#8221;&#8221;]<div id=\"sc_title_915990385\"\n\t\tclass=\"sc_title sc_title_default\"><h3 class=\"sc_item_title sc_title_title sc_align_center sc_item_title_style_default sc_item_title_tag\">Escolha o valor e o per\u00edodo da sua doa\u00e7\u00e3o<\/h3><\/div><!-- \/.sc_title -->[vc_empty_space height=&#8221;&#8221; alter_height=&#8221;small&#8221; hide_on_mobile=&#8221;&#8221; hide_on_desktop=&#8221;&#8221; hide_on_notebook=&#8221;&#8221; hide_on_tablet=&#8221;&#8221;][\/vc_column][\/vc_row][vc_row][vc_column width=&#8221;1\/4&#8243;][vc_single_image image=&#8221;6457&#8243; img_size=&#8221;medium&#8221; alignment=&#8221;center&#8221; style=&#8221;vc_box_shadow_3d&#8221;][vc_cta h2=&#8221;&#8221; h4=&#8221;R$ 50,00&#8243; txt_align=&#8221;center&#8221; css=&#8221;.vc_custom_1677834642664{background-color: #f2f2f2 !important;}&#8221;][\/vc_cta][vc_btn title=&#8221;DOA\u00c7\u00c3O MENSAL&#8221; color=&#8221;warning&#8221; align=&#8221;center&#8221; button_block=&#8221;true&#8221; link=&#8221;url:https%3A%2F%2Fwww.asaas.com%2Fc%2F598368489386||target:%20_blank|&#8221;][vc_btn title=&#8221;DOA\u00c7\u00c3O \u00daNICA&#8221; color=&#8221;warning&#8221; align=&#8221;center&#8221; button_block=&#8221;true&#8221; link=&#8221;url:https%3A%2F%2Fwww.asaas.com%2Fc%2F089014571893||target:%20_blank|&#8221;][vc_empty_space height=&#8221;20px&#8221; alter_height=&#8221;none&#8221; hide_on_mobile=&#8221;&#8221;][\/vc_column][vc_column width=&#8221;1\/4&#8243;][vc_single_image image=&#8221;6463&#8243; img_size=&#8221;medium&#8221; alignment=&#8221;center&#8221; style=&#8221;vc_box_shadow_3d&#8221;][vc_cta h2=&#8221;&#8221; h4=&#8221;R$ 100,00&#8243; txt_align=&#8221;center&#8221; css=&#8221;.vc_custom_1677831861595{background-color: #f2f2f2 !important;}&#8221;][\/vc_cta][vc_btn title=&#8221;DOA\u00c7\u00c3O MENSAL&#8221; color=&#8221;warning&#8221; align=&#8221;center&#8221; button_block=&#8221;true&#8221; link=&#8221;url:https%3A%2F%2Fwww.asaas.com%2Fc%2F970878342494||target:%20_blank|&#8221;][vc_btn title=&#8221;DOA\u00c7\u00c3O \u00daNICA&#8221; color=&#8221;warning&#8221; align=&#8221;center&#8221; button_block=&#8221;true&#8221; link=&#8221;url:https%3A%2F%2Fwww.asaas.com%2Fc%2F529497038683||target:%20_blank|&#8221;][vc_empty_space height=&#8221;20px&#8221; alter_height=&#8221;none&#8221; hide_on_mobile=&#8221;&#8221;][\/vc_column][vc_column width=&#8221;1\/4&#8243;][vc_single_image image=&#8221;6462&#8243; img_size=&#8221;medium&#8221; alignment=&#8221;center&#8221; style=&#8221;vc_box_shadow_3d&#8221;][vc_cta h2=&#8221;&#8221; h4=&#8221;R$ 200,00&#8243; txt_align=&#8221;center&#8221; css=&#8221;.vc_custom_1677831876025{background-color: #f2f2f2 !important;}&#8221;][\/vc_cta][vc_btn title=&#8221;DOA\u00c7\u00c3O MENSAL&#8221; color=&#8221;warning&#8221; align=&#8221;center&#8221; button_block=&#8221;true&#8221; link=&#8221;url:https%3A%2F%2Fwww.asaas.com%2Fc%2F085473601153||target:%20_blank|&#8221;][vc_btn title=&#8221;DOA\u00c7\u00c3O \u00daNICA&#8221; color=&#8221;warning&#8221; align=&#8221;center&#8221; button_block=&#8221;true&#8221; link=&#8221;url:https%3A%2F%2Fwww.asaas.com%2Fc%2F490736824660||target:%20_blank|&#8221;][vc_empty_space height=&#8221;20px&#8221; alter_height=&#8221;none&#8221; hide_on_mobile=&#8221;&#8221;][\/vc_column][vc_column width=&#8221;1\/4&#8243;][vc_single_image image=&#8221;6464&#8243; img_size=&#8221;medium&#8221; alignment=&#8221;center&#8221; style=&#8221;vc_box_shadow_3d&#8221;][vc_cta h2=&#8221;&#8221; h4=&#8221;Doe outro valor&#8221; txt_align=&#8221;center&#8221; css=&#8221;.vc_custom_1677832645391{background-color: #f2f2f2 !important;}&#8221;][\/vc_cta][vc_btn title=&#8221;DOA\u00c7\u00c3O MENSAL&#8221; color=&#8221;warning&#8221; align=&#8221;center&#8221; button_block=&#8221;true&#8221; link=&#8221;url:https%3A%2F%2Fwww.asaas.com%2Fc%2F179195902905||target:%20_blank|&#8221;][vc_btn title=&#8221;DOA\u00c7\u00c3O \u00daNICA&#8221; color=&#8221;warning&#8221; align=&#8221;center&#8221; button_block=&#8221;true&#8221; link=&#8221;url:https%3A%2F%2Fwww.asaas.com%2Fc%2F280849654108||target:%20_blank|&#8221;][vc_empty_space height=&#8221;20px&#8221; alter_height=&#8221;none&#8221; hide_on_mobile=&#8221;&#8221;][\/vc_column][\/vc_row][vc_row][vc_column][vc_empty_space height=&#8221;&#8221; alter_height=&#8221;medium&#8221; hide_on_mobile=&#8221;&#8221; hide_on_desktop=&#8221;&#8221; hide_on_notebook=&#8221;&#8221; hide_on_tablet=&#8221;&#8221;]<div id=\"sc_title_1229093713\"\n\t\tclass=\"sc_title sc_title_default\"><h3 class=\"sc_item_title sc_title_title sc_align_center sc_item_title_style_default\">Doe com o seu imposto<\/h3><\/div><!-- \/.sc_title -->[vc_empty_space height=&#8221;&#8221; hide_on_mobile=&#8221;&#8221; hide_on_desktop=&#8221;&#8221; hide_on_notebook=&#8221;&#8221; hide_on_tablet=&#8221;&#8221;][vc_column_text]<\/p>\n<p style=\"text-align: center;\"><span style=\"font-size: 14pt;\"><a href=\"http:\/\/fumcad.prefeitura.sp.gov.br\/Colaboracoes\/Projetos?busca=REDE+QUE+PROTEGE\" target=\"_blank\" rel=\"noopener noreferrer\"> <span style=\"color: #0000ff;\">Clique aqui para doar<\/span><\/a> utilizando seu imposto de renda, Pessoa F\u00edsica ou Pessoa Jur\u00eddica e ajude a combater a viol\u00eancia contra nossas crian\u00e7as e adolescentes.\u00a0<\/span><\/p>\n<p>[\/vc_column_text][\/vc_column][\/vc_row]<\/p>\n<\/div>","protected":false},"excerpt":{"rendered":"<p>[vc_row][vc_column icons_position=&#8221;left&#8221;][vc_column_text] Toda ajuda \u00e9 bem vinda Quando voc\u00ea doa para o Instituto Gera\u00e7\u00e3o Amanh\u00e3, seu dinheiro \u00e9 destinado a projetos que ajudam a implantar e disseminar o Acolhimento Familiar, contribuem com a causa da Ado\u00e7\u00e3o e atuam na Preven\u00e7\u00e3o e Combate \u00e0 Viol\u00eancia contra crian\u00e7as e adolescentes, sempre com \u00eanfase na Conviv\u00eancia Familiar\/Comunit\u00e1ria e na Primeira Inf\u00e2ncia. [\/vc_column_text][\/vc_column][\/vc_row][vc_row][vc_column icons_position=&#8221;left&#8221;][vc_empty_space&hellip;<\/p>\n","protected":false},"author":4,"featured_media":0,"parent":0,"menu_order":0,"comment_status":"closed","ping_status":"closed","template":"","meta":{"give_campaign_id":0,"footnotes":""},"class_list":["post-6451","page","type-page","status-publish","hentry"],"yoast_head":"<!-- This site is optimized with the Yoast SEO plugin v27.2 - https:\/\/yoast.com\/product\/yoast-seo-wordpress\/ -->\n<title>Doa\u00e7\u00e3o - Instituto Gera\u00e7\u00e3o Amanh\u00e3<\/title>\n<meta name=\"robots\" content=\"noindex, follow, max-snippet:-1, max-image-preview:large, max-video-preview:-1\" \/>\n<meta property=\"og:locale\" content=\"pt_BR\" \/>\n<meta property=\"og:type\" content=\"article\" \/>\n<meta property=\"og:title\" content=\"Doa\u00e7\u00e3o - Instituto Gera\u00e7\u00e3o Amanh\u00e3\" \/>\n<meta property=\"og:description\" content=\"[vc_row][vc_column icons_position=&#8221;left&#8221;][vc_column_text] Toda ajuda \u00e9 bem vinda Quando voc\u00ea doa para o Instituto Gera\u00e7\u00e3o Amanh\u00e3, seu dinheiro \u00e9 destinado a projetos que ajudam a implantar e disseminar o Acolhimento Familiar, contribuem com a causa da Ado\u00e7\u00e3o e atuam na Preven\u00e7\u00e3o e Combate \u00e0 Viol\u00eancia contra crian\u00e7as e adolescentes, sempre com \u00eanfase na Conviv\u00eancia Familiar\/Comunit\u00e1ria e na Primeira Inf\u00e2ncia. [\/vc_column_text][\/vc_column][\/vc_row][vc_row][vc_column icons_position=&#8221;left&#8221;][vc_empty_space&hellip;\" \/>\n<meta property=\"og:url\" content=\"https:\/\/geracaoamanha.org.br\/teste\/doacao\/\" \/>\n<meta property=\"og:site_name\" content=\"Instituto Gera\u00e7\u00e3o Amanh\u00e3\" \/>\n<meta property=\"article:modified_time\" content=\"2023-04-03T15:15:09+00:00\" \/>\n<meta name=\"twitter:card\" content=\"summary_large_image\" \/>\n<meta name=\"twitter:label1\" content=\"Est. tempo de leitura\" \/>\n\t<meta name=\"twitter:data1\" content=\"3 minutos\" \/>\n<script type=\"application\/ld+json\" class=\"yoast-schema-graph\">{\"@context\":\"https:\/\/schema.org\",\"@graph\":[{\"@type\":\"WebPage\",\"@id\":\"https:\/\/geracaoamanha.org.br\/teste\/doacao\/\",\"url\":\"https:\/\/geracaoamanha.org.br\/teste\/doacao\/\",\"name\":\"Doa\u00e7\u00e3o - Instituto Gera\u00e7\u00e3o Amanh\u00e3\",\"isPartOf\":{\"@id\":\"https:\/\/geracaoamanha.org.br\/teste\/#website\"},\"datePublished\":\"2023-03-31T11:40:02+00:00\",\"dateModified\":\"2023-04-03T15:15:09+00:00\",\"breadcrumb\":{\"@id\":\"https:\/\/geracaoamanha.org.br\/teste\/doacao\/#breadcrumb\"},\"inLanguage\":\"pt-BR\",\"potentialAction\":[{\"@type\":\"ReadAction\",\"target\":[\"https:\/\/geracaoamanha.org.br\/teste\/doacao\/\"]}]},{\"@type\":\"BreadcrumbList\",\"@id\":\"https:\/\/geracaoamanha.org.br\/teste\/doacao\/#breadcrumb\",\"itemListElement\":[{\"@type\":\"ListItem\",\"position\":1,\"name\":\"Home\",\"item\":\"https:\/\/geracaoamanha.org.br\/teste\/\"},{\"@type\":\"ListItem\",\"position\":2,\"name\":\"Doa\u00e7\u00e3o\"}]},{\"@type\":\"WebSite\",\"@id\":\"https:\/\/geracaoamanha.org.br\/teste\/#website\",\"url\":\"https:\/\/geracaoamanha.org.br\/teste\/\",\"name\":\"Instituto Gera\u00e7\u00e3o Amanh\u00e3\",\"description\":\"Tudo sobre acolhimento familiar e ado\u00e7\u00e3o\",\"potentialAction\":[{\"@type\":\"SearchAction\",\"target\":{\"@type\":\"EntryPoint\",\"urlTemplate\":\"https:\/\/geracaoamanha.org.br\/teste\/?s={search_term_string}\"},\"query-input\":{\"@type\":\"PropertyValueSpecification\",\"valueRequired\":true,\"valueName\":\"search_term_string\"}}],\"inLanguage\":\"pt-BR\"}]}<\/script>\n<!-- \/ Yoast SEO plugin. -->","yoast_head_json":{"title":"Doa\u00e7\u00e3o - Instituto Gera\u00e7\u00e3o Amanh\u00e3","robots":{"index":"noindex","follow":"follow","max-snippet":"max-snippet:-1","max-image-preview":"max-image-preview:large","max-video-preview":"max-video-preview:-1"},"og_locale":"pt_BR","og_type":"article","og_title":"Doa\u00e7\u00e3o - Instituto Gera\u00e7\u00e3o Amanh\u00e3","og_description":"[vc_row][vc_column icons_position=&#8221;left&#8221;][vc_column_text] Toda ajuda \u00e9 bem vinda Quando voc\u00ea doa para o Instituto Gera\u00e7\u00e3o Amanh\u00e3, seu dinheiro \u00e9 destinado a projetos que ajudam a implantar e disseminar o Acolhimento Familiar, contribuem com a causa da Ado\u00e7\u00e3o e atuam na Preven\u00e7\u00e3o e Combate \u00e0 Viol\u00eancia contra crian\u00e7as e adolescentes, sempre com \u00eanfase na Conviv\u00eancia Familiar\/Comunit\u00e1ria e na Primeira Inf\u00e2ncia. [\/vc_column_text][\/vc_column][\/vc_row][vc_row][vc_column icons_position=&#8221;left&#8221;][vc_empty_space&hellip;","og_url":"https:\/\/geracaoamanha.org.br\/teste\/doacao\/","og_site_name":"Instituto Gera\u00e7\u00e3o Amanh\u00e3","article_modified_time":"2023-04-03T15:15:09+00:00","twitter_card":"summary_large_image","twitter_misc":{"Est. tempo de leitura":"3 minutos"},"schema":{"@context":"https:\/\/schema.org","@graph":[{"@type":"WebPage","@id":"https:\/\/geracaoamanha.org.br\/teste\/doacao\/","url":"https:\/\/geracaoamanha.org.br\/teste\/doacao\/","name":"Doa\u00e7\u00e3o - Instituto Gera\u00e7\u00e3o Amanh\u00e3","isPartOf":{"@id":"https:\/\/geracaoamanha.org.br\/teste\/#website"},"datePublished":"2023-03-31T11:40:02+00:00","dateModified":"2023-04-03T15:15:09+00:00","breadcrumb":{"@id":"https:\/\/geracaoamanha.org.br\/teste\/doacao\/#breadcrumb"},"inLanguage":"pt-BR","potentialAction":[{"@type":"ReadAction","target":["https:\/\/geracaoamanha.org.br\/teste\/doacao\/"]}]},{"@type":"BreadcrumbList","@id":"https:\/\/geracaoamanha.org.br\/teste\/doacao\/#breadcrumb","itemListElement":[{"@type":"ListItem","position":1,"name":"Home","item":"https:\/\/geracaoamanha.org.br\/teste\/"},{"@type":"ListItem","position":2,"name":"Doa\u00e7\u00e3o"}]},{"@type":"WebSite","@id":"https:\/\/geracaoamanha.org.br\/teste\/#website","url":"https:\/\/geracaoamanha.org.br\/teste\/","name":"Instituto Gera\u00e7\u00e3o Amanh\u00e3","description":"Tudo sobre acolhimento familiar e ado\u00e7\u00e3o","potentialAction":[{"@type":"SearchAction","target":{"@type":"EntryPoint","urlTemplate":"https:\/\/geracaoamanha.org.br\/teste\/?s={search_term_string}"},"query-input":{"@type":"PropertyValueSpecification","valueRequired":true,"valueName":"search_term_string"}}],"inLanguage":"pt-BR"}]}},"campaignId":"","_links":{"self":[{"href":"https:\/\/geracaoamanha.org.br\/teste\/wp-json\/wp\/v2\/pages\/6451","targetHints":{"allow":["GET"]}}],"collection":[{"href":"https:\/\/geracaoamanha.org.br\/teste\/wp-json\/wp\/v2\/pages"}],"about":[{"href":"https:\/\/geracaoamanha.org.br\/teste\/wp-json\/wp\/v2\/types\/page"}],"author":[{"embeddable":true,"href":"https:\/\/geracaoamanha.org.br\/teste\/wp-json\/wp\/v2\/users\/4"}],"replies":[{"embeddable":true,"href":"https:\/\/geracaoamanha.org.br\/teste\/wp-json\/wp\/v2\/comments?post=6451"}],"version-history":[{"count":16,"href":"https:\/\/geracaoamanha.org.br\/teste\/wp-json\/wp\/v2\/pages\/6451\/revisions"}],"predecessor-version":[{"id":6497,"href":"https:\/\/geracaoamanha.org.br\/teste\/wp-json\/wp\/v2\/pages\/6451\/revisions\/6497"}],"wp:attachment":[{"href":"https:\/\/geracaoamanha.org.br\/teste\/wp-json\/wp\/v2\/media?parent=6451"}],"curies":[{"name":"wp","href":"https:\/\/api.w.org\/{rel}","templated":true}]}}