{"id":5425,"date":"2021-01-27T10:19:37","date_gmt":"2021-01-27T13:19:37","guid":{"rendered":"https:\/\/geracaoamanha.org.br\/teste\/?page_id=5425"},"modified":"2024-07-10T12:52:16","modified_gmt":"2024-07-10T15:52:16","slug":"acolhimento-familiar","status":"publish","type":"page","link":"https:\/\/geracaoamanha.org.br\/teste\/acolhimento-familiar\/","title":{"rendered":"Acolhimento Familiar"},"content":{"rendered":"<div class=\"wpb-content-wrapper\"><p>[vc_row][vc_column width=&#8221;2\/3&#8243;][vc_empty_space alter_height=&#8221;small&#8221; hide_on_mobile=&#8221;&#8221;][vc_empty_space alter_height=&#8221;small&#8221; hide_on_mobile=&#8221;&#8221;][vc_column_text]O acolhimento familiar \u00e9 uma medida de prote\u00e7\u00e3o, prevista no Estatuto da Crian\u00e7a e do Adolescente (ECA), para crian\u00e7as e adolescentes que precisam ser afastados temporariamente de sua fam\u00edlia de origem (medida excepcional e provis\u00f3ria, que n\u00e3o deve ultrapassar 18 meses). Por lei, o acolhimento em fam\u00edlia acolhedora \u00e9 preferencial ao acolhimento institucional (quando crian\u00e7as\/adolescentes s\u00e3o encaminhadas para os abrigos). As fam\u00edlias acolhedoras s\u00e3o previamente cadastradas, preparadas e vinculadas ao Servi\u00e7o de Acolhimento em Fam\u00edlia Acolhedora (SFA) da comarca\/munic\u00edpio da crian\u00e7a que ser\u00e1 acolhida. A fam\u00edlia acolhedora ter\u00e1 a guarda provis\u00f3ria da crian\u00e7a\/adolescente at\u00e9 que sua situa\u00e7\u00e3o seja definida: retornar \u00e0 fam\u00edlia de origem, encaminhar para a fam\u00edlia extensa ou habilitar para a ado\u00e7\u00e3o. Durante esse per\u00edodo a fam\u00edlia acolhedora, bem como a fam\u00edlia de origem recebe o acompanhamento dos t\u00e9cnicos do SFA.<\/p>\n<p>Esta modalidade de acolhimento ainda n\u00e3o representa nem 10% dos acolhimentos realizados em nosso pa\u00eds, embora seja preferencial e priorit\u00e1ria. Est\u00e1 comprovado por diversas pesquisas pelo mundo e pela pr\u00e1tica dos profissionais, que a conviv\u00eancia familiar e comunit\u00e1ria, aliada ao cuidado individualizado, com o desenvolvimento de v\u00ednculos, cuidado e prote\u00e7\u00e3o com afeto, poder\u00e1 fazer toda a diferen\u00e7a no presente e no futuro dessas crian\u00e7as e adolescentes.[\/vc_column_text][\/vc_column][vc_column width=&#8221;1\/3&#8243;][vc_column_text][\/vc_column_text][vc_empty_space alter_height=&#8221;huge&#8221; hide_on_mobile=&#8221;&#8221;][vc_single_image image=&#8221;7141&#8243; img_size=&#8221;medium&#8221; alignment=&#8221;center&#8221; onclick=&#8221;custom_link&#8221; img_link_target=&#8221;_blank&#8221;][\/vc_column][\/vc_row][vc_row][vc_column][vc_separator color=&#8221;turquoise&#8221;][\/vc_column][\/vc_row][vc_row][vc_column]<div id=\"sc_title_301174095\"\n\t\tclass=\"sc_title sc_title_default\"><h1 class=\"sc_item_title sc_title_title sc_align_center sc_item_title_style_default sc_item_title_tag\">Quer saber mais?<\/h1><\/div><!-- \/.sc_title -->[vc_empty_space alter_height=&#8221;medium&#8221; hide_on_mobile=&#8221;&#8221;][\/vc_column][\/vc_row][vc_row][vc_column width=&#8221;2\/3&#8243;][vc_column_text]<\/p>\n<h3 style=\"text-align: center;\">Forma\u00e7\u00e3o Completa SFA<\/h3>\n<p>[\/vc_column_text][vc_empty_space alter_height=&#8221;small&#8221; hide_on_mobile=&#8221;&#8221;][vc_single_image image=&#8221;7429&#8243; img_size=&#8221;large&#8221; alignment=&#8221;center&#8221; onclick=&#8221;custom_link&#8221; img_link_target=&#8221;_blank&#8221; link=&#8221;https:\/\/www.eadgeracaoamanha.com.br\/categoria\/2\/1\/familia-acolhedora\/&#8221;][vc_empty_space alter_height=&#8221;small&#8221; hide_on_mobile=&#8221;&#8221;][vc_column_text]<\/p>\n<p style=\"text-align: center;\">O Servi\u00e7o de Acolhimento em Fam\u00edlia Acolhedora (SFA) \u00e9 um servi\u00e7o que evolui diariamente em nosso pa\u00eds e, os profissionais que atuam na rede de prote\u00e7\u00e3o e est\u00e3o sempre interessados no melhor interesse das crian\u00e7as, t\u00eam buscado formas de se aprofundar no tema. Do b\u00e1sico ao avan\u00e7ado, a Forma\u00e7\u00e3o Completa em SFA do IGA, \u00e9 composta de 60 horas\/aula com certificado, aulas em v\u00eddeos, apostilas + diversos materiais para baixar e consultar na pr\u00e1tica di\u00e1ria, apresenta\u00e7\u00e3o de fluxos, ferramentais e metodologias consolidadas, se\u00e7\u00e3o tira-d\u00favidas e b\u00f4nus exclusivos, entre eles um roteiro com o passo a passo para a capacita\u00e7\u00e3o das fam\u00edlias (avan\u00e7ado). Com a coordena\u00e7\u00e3o da Dra. Jane Valente e a participa\u00e7\u00e3o da especialista Adriana Pinheiro, essa forma\u00e7\u00e3o prepara o profissional para conhecer, entender, divulgar, implantar, gerir e realizar a prote\u00e7\u00e3o de crian\u00e7as e adolescentes.<\/p>\n<p>[\/vc_column_text][vc_empty_space alter_height=&#8221;small&#8221; hide_on_mobile=&#8221;&#8221;][vc_btn title=&#8221;VER OS CURSOS&#8221; style=&#8221;custom&#8221; custom_background=&#8221;#ffe164&#8243; custom_text=&#8221;#1b7091&#8243; align=&#8221;center&#8221; link=&#8221;url:https%3A%2F%2Fwww.eadgeracaoamanha.com.br%2Fcategoria%2F2%2F1%2Ffamilia-acolhedora%2F||target:%20_blank|&#8221; el_class=&#8221;sc_item_button&#8221;][\/vc_column][vc_column width=&#8221;1\/3&#8243;][vc_column_text]<\/p>\n<h3 style=\"text-align: center;\">Baixe o E-book<\/h3>\n<p>[\/vc_column_text][vc_empty_space alter_height=&#8221;small&#8221; hide_on_mobile=&#8221;&#8221;][vc_single_image image=&#8221;7195&#8243; img_size=&#8221;large&#8221; alignment=&#8221;center&#8221; onclick=&#8221;custom_link&#8221; img_link_target=&#8221;_blank&#8221; link=&#8221;https:\/\/geracaoamanha.org.br\/teste\/ebookaf\/&#8221;][vc_empty_space alter_height=&#8221;small&#8221; hide_on_mobile=&#8221;&#8221;][vc_column_text]<\/p>\n<p style=\"text-align: center;\">O que \u00e9 o acolhimento familiar, como \u00e9 realizado, o que \u00e9 preciso para ser uma fam\u00edlia acolhedora.<\/p>\n<p style=\"text-align: center;\">Essas e outras d\u00favidas s\u00e3o respondidas no E-book\u00a0<strong>\u201cAcolhimento Familiar: caracter\u00edsticas, vantagens e como funciona. Saiba tudo!\u201d<\/strong><\/p>\n<p style=\"text-align: center;\">Clique no bot\u00e3o abaixo e baixe o seu exemplar gratuitamente.<\/p>\n<p>[\/vc_column_text][vc_empty_space alter_height=&#8221;small&#8221; hide_on_mobile=&#8221;&#8221;][vc_btn title=&#8221;BAIXAR E-BOOK&#8221; style=&#8221;custom&#8221; custom_background=&#8221;#ffe164&#8243; custom_text=&#8221;#1b7091&#8243; align=&#8221;center&#8221; link=&#8221;url:https%3A%2F%2Fgeracaoamanha.org.br%2Fteste%2Febookaf%2F||target:%20_blank|&#8221; el_class=&#8221;sc_item_button&#8221;][vc_empty_space alter_height=&#8221;small&#8221; hide_on_mobile=&#8221;&#8221;][vc_empty_space alter_height=&#8221;small&#8221; hide_on_mobile=&#8221;&#8221;][\/vc_column][\/vc_row][vc_row][vc_column width=&#8221;2\/3&#8243;][vc_empty_space alter_height=&#8221;small&#8221; hide_on_mobile=&#8221;&#8221;][vc_column_text]<\/p>\n<h3 style=\"text-align: center;\">Informa\u00e7\u00f5es Relevantes<\/h3>\n<p>[\/vc_column_text][vc_empty_space alter_height=&#8221;small&#8221; hide_on_mobile=&#8221;&#8221;][vc_single_image image=&#8221;7432&#8243; img_size=&#8221;large&#8221; alignment=&#8221;center&#8221; onclick=&#8221;custom_link&#8221; img_link_target=&#8221;_blank&#8221; link=&#8221;https:\/\/geracaoamanha.org.br\/teste\/categoria\/acolhimento-familiar\/&#8221;][vc_empty_space alter_height=&#8221;small&#8221; hide_on_mobile=&#8221;&#8221;][vc_column_text]<\/p>\n<p style=\"text-align: center;\">Atualiza\u00e7\u00f5es nas leis, novidades sobre eventos e demais informa\u00e7\u00f5es relevantes sobre acolhimento familiar s\u00e3o temas dos artigos do nosso blog.<\/p>\n<p style=\"text-align: center;\">E para consultar publica\u00e7\u00f5es especializadas, orienta\u00e7\u00f5es t\u00e9cnicas, estat\u00edsticas e outros conte\u00fados acesse tamb\u00e9m a nossa <span style=\"color: #00ccff;\"><strong><a style=\"color: #00ccff;\" href=\"https:\/\/geracaoamanha.org.br\/teste\/biblioteca\/\" target=\"_blank\" rel=\"noopener noreferrer\">biblioteca<\/a><\/strong><\/span><\/p>\n<p>[\/vc_column_text][vc_empty_space height=&#8221;10px&#8221; alter_height=&#8221;small&#8221; hide_on_mobile=&#8221;&#8221;][vc_btn title=&#8221;LER O BLOG&#8221; style=&#8221;custom&#8221; custom_background=&#8221;#ffe164&#8243; custom_text=&#8221;#1b7091&#8243; align=&#8221;center&#8221; link=&#8221;url:https%3A%2F%2Fgeracaoamanha.org.br%2Fteste%2Fcategoria%2Facolhimento-familiar%2F||target:%20_blank|&#8221; el_class=&#8221;sc_item_button&#8221;][\/vc_column][vc_column width=&#8221;1\/3&#8243;][vc_empty_space alter_height=&#8221;small&#8221; hide_on_mobile=&#8221;&#8221;][vc_column_text]<\/p>\n<h3 style=\"text-align: center;\">V\u00eddeos<\/h3>\n<p>[\/vc_column_text][vc_empty_space alter_height=&#8221;small&#8221; hide_on_mobile=&#8221;&#8221;][vc_single_image image=&#8221;7433&#8243; img_size=&#8221;large&#8221; alignment=&#8221;center&#8221; onclick=&#8221;custom_link&#8221; img_link_target=&#8221;_blank&#8221; link=&#8221;https:\/\/www.youtube.com\/playlist?list=PLvL7fvVsqLGq-Dx3iMdbQwk_ZHxQSMf9P&#8221;][vc_empty_space alter_height=&#8221;small&#8221; hide_on_mobile=&#8221;&#8221;][vc_column_text]<\/p>\n<p style=\"text-align: center;\">&#8220;A Voz do Especialista&#8221; \u00e9 uma playlist que re\u00fane o conhecimento de diversos profissionais com experi\u00eancia em acolhimento familiar no Brasil e no mundo. Imperd\u00edvel.<\/p>\n<p>[\/vc_column_text][vc_empty_space alter_height=&#8221;small&#8221; hide_on_mobile=&#8221;&#8221;][vc_btn title=&#8221;ASSISTIR&#8221; style=&#8221;custom&#8221; custom_background=&#8221;#ffe164&#8243; custom_text=&#8221;#1b7091&#8243; align=&#8221;center&#8221; link=&#8221;url:https%3A%2F%2Fwww.youtube.com%2Fplaylist%3Flist%3DPLvL7fvVsqLGq-Dx3iMdbQwk_ZHxQSMf9P||target:%20_blank|&#8221; el_class=&#8221;sc_item_button&#8221;][\/vc_column][\/vc_row][vc_row][vc_column][\/vc_column][\/vc_row]<\/p>\n<\/div>","protected":false},"excerpt":{"rendered":"<p>[vc_row][vc_column width=&#8221;2\/3&#8243;][vc_empty_space alter_height=&#8221;small&#8221; hide_on_mobile=&#8221;&#8221;][vc_empty_space alter_height=&#8221;small&#8221; hide_on_mobile=&#8221;&#8221;][vc_column_text]O acolhimento familiar \u00e9 uma medida de prote\u00e7\u00e3o, prevista no Estatuto da Crian\u00e7a e do Adolescente (ECA), para crian\u00e7as e adolescentes que precisam ser afastados temporariamente de sua fam\u00edlia de origem (medida excepcional e provis\u00f3ria, que n\u00e3o deve ultrapassar 18 meses). Por lei, o acolhimento em fam\u00edlia acolhedora \u00e9 preferencial ao acolhimento institucional (quando crian\u00e7as\/adolescentes&hellip;<\/p>\n","protected":false},"author":4,"featured_media":0,"parent":0,"menu_order":0,"comment_status":"closed","ping_status":"closed","template":"","meta":{"give_campaign_id":0,"footnotes":""},"class_list":["post-5425","page","type-page","status-publish","hentry"],"yoast_head":"<!-- This site is optimized with the Yoast SEO plugin v27.2 - https:\/\/yoast.com\/product\/yoast-seo-wordpress\/ -->\n<title>Acolhimento Familiar - Instituto Gera\u00e7\u00e3o Amanh\u00e3<\/title>\n<meta name=\"robots\" content=\"noindex, follow, max-snippet:-1, max-image-preview:large, max-video-preview:-1\" \/>\n<meta property=\"og:locale\" content=\"pt_BR\" \/>\n<meta property=\"og:type\" content=\"article\" \/>\n<meta property=\"og:title\" content=\"Acolhimento Familiar - Instituto Gera\u00e7\u00e3o Amanh\u00e3\" \/>\n<meta property=\"og:description\" content=\"[vc_row][vc_column width=&#8221;2\/3&#8243;][vc_empty_space alter_height=&#8221;small&#8221; hide_on_mobile=&#8221;&#8221;][vc_empty_space alter_height=&#8221;small&#8221; hide_on_mobile=&#8221;&#8221;][vc_column_text]O acolhimento familiar \u00e9 uma medida de prote\u00e7\u00e3o, prevista no Estatuto da Crian\u00e7a e do Adolescente (ECA), para crian\u00e7as e adolescentes que precisam ser afastados temporariamente de sua fam\u00edlia de origem (medida excepcional e provis\u00f3ria, que n\u00e3o deve ultrapassar 18 meses). Por lei, o acolhimento em fam\u00edlia acolhedora \u00e9 preferencial ao acolhimento institucional (quando crian\u00e7as\/adolescentes&hellip;\" \/>\n<meta property=\"og:url\" content=\"https:\/\/geracaoamanha.org.br\/teste\/acolhimento-familiar\/\" \/>\n<meta property=\"og:site_name\" content=\"Instituto Gera\u00e7\u00e3o Amanh\u00e3\" \/>\n<meta property=\"article:modified_time\" content=\"2024-07-10T15:52:16+00:00\" \/>\n<meta name=\"twitter:card\" content=\"summary_large_image\" \/>\n<meta name=\"twitter:label1\" content=\"Est. tempo de leitura\" \/>\n\t<meta name=\"twitter:data1\" content=\"6 minutos\" \/>\n<script type=\"application\/ld+json\" class=\"yoast-schema-graph\">{\"@context\":\"https:\/\/schema.org\",\"@graph\":[{\"@type\":\"WebPage\",\"@id\":\"https:\/\/geracaoamanha.org.br\/teste\/acolhimento-familiar\/\",\"url\":\"https:\/\/geracaoamanha.org.br\/teste\/acolhimento-familiar\/\",\"name\":\"Acolhimento Familiar - Instituto Gera\u00e7\u00e3o Amanh\u00e3\",\"isPartOf\":{\"@id\":\"https:\/\/geracaoamanha.org.br\/teste\/#website\"},\"datePublished\":\"2021-01-27T13:19:37+00:00\",\"dateModified\":\"2024-07-10T15:52:16+00:00\",\"breadcrumb\":{\"@id\":\"https:\/\/geracaoamanha.org.br\/teste\/acolhimento-familiar\/#breadcrumb\"},\"inLanguage\":\"pt-BR\",\"potentialAction\":[{\"@type\":\"ReadAction\",\"target\":[\"https:\/\/geracaoamanha.org.br\/teste\/acolhimento-familiar\/\"]}]},{\"@type\":\"BreadcrumbList\",\"@id\":\"https:\/\/geracaoamanha.org.br\/teste\/acolhimento-familiar\/#breadcrumb\",\"itemListElement\":[{\"@type\":\"ListItem\",\"position\":1,\"name\":\"Home\",\"item\":\"https:\/\/geracaoamanha.org.br\/teste\/\"},{\"@type\":\"ListItem\",\"position\":2,\"name\":\"Acolhimento Familiar\"}]},{\"@type\":\"WebSite\",\"@id\":\"https:\/\/geracaoamanha.org.br\/teste\/#website\",\"url\":\"https:\/\/geracaoamanha.org.br\/teste\/\",\"name\":\"Instituto Gera\u00e7\u00e3o Amanh\u00e3\",\"description\":\"Tudo sobre acolhimento familiar e ado\u00e7\u00e3o\",\"potentialAction\":[{\"@type\":\"SearchAction\",\"target\":{\"@type\":\"EntryPoint\",\"urlTemplate\":\"https:\/\/geracaoamanha.org.br\/teste\/?s={search_term_string}\"},\"query-input\":{\"@type\":\"PropertyValueSpecification\",\"valueRequired\":true,\"valueName\":\"search_term_string\"}}],\"inLanguage\":\"pt-BR\"}]}<\/script>\n<!-- \/ Yoast SEO plugin. -->","yoast_head_json":{"title":"Acolhimento Familiar - Instituto Gera\u00e7\u00e3o Amanh\u00e3","robots":{"index":"noindex","follow":"follow","max-snippet":"max-snippet:-1","max-image-preview":"max-image-preview:large","max-video-preview":"max-video-preview:-1"},"og_locale":"pt_BR","og_type":"article","og_title":"Acolhimento Familiar - Instituto Gera\u00e7\u00e3o Amanh\u00e3","og_description":"[vc_row][vc_column width=&#8221;2\/3&#8243;][vc_empty_space alter_height=&#8221;small&#8221; hide_on_mobile=&#8221;&#8221;][vc_empty_space alter_height=&#8221;small&#8221; hide_on_mobile=&#8221;&#8221;][vc_column_text]O acolhimento familiar \u00e9 uma medida de prote\u00e7\u00e3o, prevista no Estatuto da Crian\u00e7a e do Adolescente (ECA), para crian\u00e7as e adolescentes que precisam ser afastados temporariamente de sua fam\u00edlia de origem (medida excepcional e provis\u00f3ria, que n\u00e3o deve ultrapassar 18 meses). Por lei, o acolhimento em fam\u00edlia acolhedora \u00e9 preferencial ao acolhimento institucional (quando crian\u00e7as\/adolescentes&hellip;","og_url":"https:\/\/geracaoamanha.org.br\/teste\/acolhimento-familiar\/","og_site_name":"Instituto Gera\u00e7\u00e3o Amanh\u00e3","article_modified_time":"2024-07-10T15:52:16+00:00","twitter_card":"summary_large_image","twitter_misc":{"Est. tempo de leitura":"6 minutos"},"schema":{"@context":"https:\/\/schema.org","@graph":[{"@type":"WebPage","@id":"https:\/\/geracaoamanha.org.br\/teste\/acolhimento-familiar\/","url":"https:\/\/geracaoamanha.org.br\/teste\/acolhimento-familiar\/","name":"Acolhimento Familiar - Instituto Gera\u00e7\u00e3o Amanh\u00e3","isPartOf":{"@id":"https:\/\/geracaoamanha.org.br\/teste\/#website"},"datePublished":"2021-01-27T13:19:37+00:00","dateModified":"2024-07-10T15:52:16+00:00","breadcrumb":{"@id":"https:\/\/geracaoamanha.org.br\/teste\/acolhimento-familiar\/#breadcrumb"},"inLanguage":"pt-BR","potentialAction":[{"@type":"ReadAction","target":["https:\/\/geracaoamanha.org.br\/teste\/acolhimento-familiar\/"]}]},{"@type":"BreadcrumbList","@id":"https:\/\/geracaoamanha.org.br\/teste\/acolhimento-familiar\/#breadcrumb","itemListElement":[{"@type":"ListItem","position":1,"name":"Home","item":"https:\/\/geracaoamanha.org.br\/teste\/"},{"@type":"ListItem","position":2,"name":"Acolhimento Familiar"}]},{"@type":"WebSite","@id":"https:\/\/geracaoamanha.org.br\/teste\/#website","url":"https:\/\/geracaoamanha.org.br\/teste\/","name":"Instituto Gera\u00e7\u00e3o Amanh\u00e3","description":"Tudo sobre acolhimento familiar e ado\u00e7\u00e3o","potentialAction":[{"@type":"SearchAction","target":{"@type":"EntryPoint","urlTemplate":"https:\/\/geracaoamanha.org.br\/teste\/?s={search_term_string}"},"query-input":{"@type":"PropertyValueSpecification","valueRequired":true,"valueName":"search_term_string"}}],"inLanguage":"pt-BR"}]}},"campaignId":"","_links":{"self":[{"href":"https:\/\/geracaoamanha.org.br\/teste\/wp-json\/wp\/v2\/pages\/5425","targetHints":{"allow":["GET"]}}],"collection":[{"href":"https:\/\/geracaoamanha.org.br\/teste\/wp-json\/wp\/v2\/pages"}],"about":[{"href":"https:\/\/geracaoamanha.org.br\/teste\/wp-json\/wp\/v2\/types\/page"}],"author":[{"embeddable":true,"href":"https:\/\/geracaoamanha.org.br\/teste\/wp-json\/wp\/v2\/users\/4"}],"replies":[{"embeddable":true,"href":"https:\/\/geracaoamanha.org.br\/teste\/wp-json\/wp\/v2\/comments?post=5425"}],"version-history":[{"count":40,"href":"https:\/\/geracaoamanha.org.br\/teste\/wp-json\/wp\/v2\/pages\/5425\/revisions"}],"predecessor-version":[{"id":7528,"href":"https:\/\/geracaoamanha.org.br\/teste\/wp-json\/wp\/v2\/pages\/5425\/revisions\/7528"}],"wp:attachment":[{"href":"https:\/\/geracaoamanha.org.br\/teste\/wp-json\/wp\/v2\/media?parent=5425"}],"curies":[{"name":"wp","href":"https:\/\/api.w.org\/{rel}","templated":true}]}}