{"id":4750,"date":"2020-07-31T09:40:19","date_gmt":"2020-07-31T12:40:19","guid":{"rendered":"https:\/\/geracaoamanha.org.br\/teste\/site\/?page_id=4750"},"modified":"2024-02-27T15:10:41","modified_gmt":"2024-02-27T18:10:41","slug":"doecomseu_ir","status":"publish","type":"page","link":"https:\/\/geracaoamanha.org.br\/teste\/doecomseu_ir\/","title":{"rendered":"Doe com seu IR"},"content":{"rendered":"<div class=\"wpb-content-wrapper\"><p>[vc_row][vc_column icons_position=&#8221;left&#8221;][vc_column_text]<\/p>\n<h2 style=\"text-align: center;\">Quem pode doar usando o imposto<\/h2>\n<p style=\"text-align: center;\"><span style=\"font-size: 14pt;\"><strong>PESSOA F\u00cdSICA <\/strong>que faz a Declara\u00e7\u00e3o Anual Completa, pode doar a quantia que quiser. Doando at\u00e9 o dia 31 de maio de 2024 (data final para a entrega da declara\u00e7\u00e3o desse ano), ser\u00e1 restitu\u00eddo at\u00e9 3% do imposto a pagar. Doa\u00e7\u00f5es feitas do dia 1\u00ba.<\/span> <span style=\"font-size: 14pt;\">de junho at\u00e9 31 de dezembro de 2024, restitui\u00e7\u00e3o de at\u00e9 3%, a ser contabilizada no pr\u00f3ximo per\u00edodo, totalizando at\u00e9 6% de restitui\u00e7\u00e3o, que ser\u00e1 destinado para o combate da viol\u00eancia contra crian\u00e7as e adolescentes. Essa \u00e9 uma importante ajuda para as crian\u00e7as e uma forma de voc\u00ea decidir para onde vai parte do seu imposto.<\/span><\/p>\n<p style=\"text-align: center;\"><span style=\"font-size: 14pt;\"><strong>PESSOA JUR\u00cdDICA <\/strong>que faz a Declara\u00e7\u00e3o pelo Lucro Real, com restitui\u00e7\u00e3o de at\u00e9 1% do Imposto a pagar.<\/span><\/p>\n<p>[\/vc_column_text][\/vc_column][\/vc_row][vc_row][vc_column icons_position=&#8221;left&#8221;][vc_empty_space height=&#8221;&#8221; alter_height=&#8221;small&#8221; hide_on_mobile=&#8221;&#8221; hide_on_desktop=&#8221;&#8221; hide_on_notebook=&#8221;&#8221; hide_on_tablet=&#8221;&#8221;][vc_btn title=&#8221;QUERO DOAR UTILIZANDO O IMPOSTO&#8221; style=&#8221;3d&#8221; color=&#8221;warning&#8221; size=&#8221;lg&#8221; align=&#8221;center&#8221; link=&#8221;url:http%3A%2F%2Ffumcad.prefeitura.sp.gov.br%2FColaboracoes%2FProjetos%3Fbusca%3DREDE%2BQUE%2BPROTEGE||target:%20_blank|&#8221;][\/vc_column][\/vc_row][vc_row][vc_column icons_position=&#8221;left&#8221;][vc_empty_space height=&#8221;&#8221; alter_height=&#8221;medium&#8221; hide_on_mobile=&#8221;&#8221; hide_on_desktop=&#8221;&#8221; hide_on_notebook=&#8221;&#8221; hide_on_tablet=&#8221;&#8221;]<div id=\"sc_title_613724328\"\n\t\tclass=\"sc_title sc_title_default\"><h3 class=\"sc_item_title sc_title_title sc_align_center sc_item_title_style_default sc_item_title_tag\">Quero doar de outra forma<\/h3><\/div><!-- \/.sc_title -->[vc_empty_space height=&#8221;&#8221; alter_height=&#8221;small&#8221; hide_on_mobile=&#8221;&#8221; hide_on_desktop=&#8221;&#8221; hide_on_notebook=&#8221;&#8221; hide_on_tablet=&#8221;&#8221;][vc_btn title=&#8221;PIX, BOLETO OU CART\u00c3O&#8221; style=&#8221;3d&#8221; color=&#8221;warning&#8221; size=&#8221;lg&#8221; align=&#8221;center&#8221; link=&#8221;url:https%3A%2F%2Fgeracaoamanha.org.br%2Fteste%2Fdoacao%2F||target:%20_blank|&#8221;][\/vc_column][\/vc_row]<\/p>\n<\/div>","protected":false},"excerpt":{"rendered":"<p>[vc_row][vc_column icons_position=&#8221;left&#8221;][vc_column_text] Quem pode doar usando o imposto PESSOA F\u00cdSICA que faz a Declara\u00e7\u00e3o Anual Completa, pode doar a quantia que quiser. Doando at\u00e9 o dia 31 de maio de 2024 (data final para a entrega da declara\u00e7\u00e3o desse ano), ser\u00e1 restitu\u00eddo at\u00e9 3% do imposto a pagar. Doa\u00e7\u00f5es feitas do dia 1\u00ba. de junho at\u00e9 31 de dezembro de&hellip;<\/p>\n","protected":false},"author":1,"featured_media":0,"parent":0,"menu_order":0,"comment_status":"closed","ping_status":"closed","template":"","meta":{"give_campaign_id":0,"footnotes":""},"class_list":["post-4750","page","type-page","status-publish","hentry"],"yoast_head":"<!-- This site is optimized with the Yoast SEO plugin v27.2 - https:\/\/yoast.com\/product\/yoast-seo-wordpress\/ -->\n<title>Doe com seu IR - Instituto Gera\u00e7\u00e3o Amanh\u00e3<\/title>\n<meta name=\"robots\" content=\"noindex, follow, max-snippet:-1, max-image-preview:large, max-video-preview:-1\" \/>\n<meta property=\"og:locale\" content=\"pt_BR\" \/>\n<meta property=\"og:type\" content=\"article\" \/>\n<meta property=\"og:title\" content=\"Doe com seu IR - Instituto Gera\u00e7\u00e3o Amanh\u00e3\" \/>\n<meta property=\"og:description\" content=\"[vc_row][vc_column icons_position=&#8221;left&#8221;][vc_column_text] Quem pode doar usando o imposto PESSOA F\u00cdSICA que faz a Declara\u00e7\u00e3o Anual Completa, pode doar a quantia que quiser. Doando at\u00e9 o dia 31 de maio de 2024 (data final para a entrega da declara\u00e7\u00e3o desse ano), ser\u00e1 restitu\u00eddo at\u00e9 3% do imposto a pagar. Doa\u00e7\u00f5es feitas do dia 1\u00ba. de junho at\u00e9 31 de dezembro de&hellip;\" \/>\n<meta property=\"og:url\" content=\"https:\/\/geracaoamanha.org.br\/teste\/doecomseu_ir\/\" \/>\n<meta property=\"og:site_name\" content=\"Instituto Gera\u00e7\u00e3o Amanh\u00e3\" \/>\n<meta property=\"article:modified_time\" content=\"2024-02-27T18:10:41+00:00\" \/>\n<meta name=\"twitter:card\" content=\"summary_large_image\" \/>\n<meta name=\"twitter:label1\" content=\"Est. tempo de leitura\" \/>\n\t<meta name=\"twitter:data1\" content=\"2 minutos\" \/>\n<script type=\"application\/ld+json\" class=\"yoast-schema-graph\">{\"@context\":\"https:\/\/schema.org\",\"@graph\":[{\"@type\":\"WebPage\",\"@id\":\"https:\/\/geracaoamanha.org.br\/teste\/doecomseu_ir\/\",\"url\":\"https:\/\/geracaoamanha.org.br\/teste\/doecomseu_ir\/\",\"name\":\"Doe com seu IR - Instituto Gera\u00e7\u00e3o Amanh\u00e3\",\"isPartOf\":{\"@id\":\"https:\/\/geracaoamanha.org.br\/teste\/#website\"},\"datePublished\":\"2020-07-31T12:40:19+00:00\",\"dateModified\":\"2024-02-27T18:10:41+00:00\",\"breadcrumb\":{\"@id\":\"https:\/\/geracaoamanha.org.br\/teste\/doecomseu_ir\/#breadcrumb\"},\"inLanguage\":\"pt-BR\",\"potentialAction\":[{\"@type\":\"ReadAction\",\"target\":[\"https:\/\/geracaoamanha.org.br\/teste\/doecomseu_ir\/\"]}]},{\"@type\":\"BreadcrumbList\",\"@id\":\"https:\/\/geracaoamanha.org.br\/teste\/doecomseu_ir\/#breadcrumb\",\"itemListElement\":[{\"@type\":\"ListItem\",\"position\":1,\"name\":\"Home\",\"item\":\"https:\/\/geracaoamanha.org.br\/teste\/\"},{\"@type\":\"ListItem\",\"position\":2,\"name\":\"Doe com seu IR\"}]},{\"@type\":\"WebSite\",\"@id\":\"https:\/\/geracaoamanha.org.br\/teste\/#website\",\"url\":\"https:\/\/geracaoamanha.org.br\/teste\/\",\"name\":\"Instituto Gera\u00e7\u00e3o Amanh\u00e3\",\"description\":\"Tudo sobre acolhimento familiar e ado\u00e7\u00e3o\",\"potentialAction\":[{\"@type\":\"SearchAction\",\"target\":{\"@type\":\"EntryPoint\",\"urlTemplate\":\"https:\/\/geracaoamanha.org.br\/teste\/?s={search_term_string}\"},\"query-input\":{\"@type\":\"PropertyValueSpecification\",\"valueRequired\":true,\"valueName\":\"search_term_string\"}}],\"inLanguage\":\"pt-BR\"}]}<\/script>\n<!-- \/ Yoast SEO plugin. -->","yoast_head_json":{"title":"Doe com seu IR - Instituto Gera\u00e7\u00e3o Amanh\u00e3","robots":{"index":"noindex","follow":"follow","max-snippet":"max-snippet:-1","max-image-preview":"max-image-preview:large","max-video-preview":"max-video-preview:-1"},"og_locale":"pt_BR","og_type":"article","og_title":"Doe com seu IR - Instituto Gera\u00e7\u00e3o Amanh\u00e3","og_description":"[vc_row][vc_column icons_position=&#8221;left&#8221;][vc_column_text] Quem pode doar usando o imposto PESSOA F\u00cdSICA que faz a Declara\u00e7\u00e3o Anual Completa, pode doar a quantia que quiser. Doando at\u00e9 o dia 31 de maio de 2024 (data final para a entrega da declara\u00e7\u00e3o desse ano), ser\u00e1 restitu\u00eddo at\u00e9 3% do imposto a pagar. Doa\u00e7\u00f5es feitas do dia 1\u00ba. de junho at\u00e9 31 de dezembro de&hellip;","og_url":"https:\/\/geracaoamanha.org.br\/teste\/doecomseu_ir\/","og_site_name":"Instituto Gera\u00e7\u00e3o Amanh\u00e3","article_modified_time":"2024-02-27T18:10:41+00:00","twitter_card":"summary_large_image","twitter_misc":{"Est. tempo de leitura":"2 minutos"},"schema":{"@context":"https:\/\/schema.org","@graph":[{"@type":"WebPage","@id":"https:\/\/geracaoamanha.org.br\/teste\/doecomseu_ir\/","url":"https:\/\/geracaoamanha.org.br\/teste\/doecomseu_ir\/","name":"Doe com seu IR - Instituto Gera\u00e7\u00e3o Amanh\u00e3","isPartOf":{"@id":"https:\/\/geracaoamanha.org.br\/teste\/#website"},"datePublished":"2020-07-31T12:40:19+00:00","dateModified":"2024-02-27T18:10:41+00:00","breadcrumb":{"@id":"https:\/\/geracaoamanha.org.br\/teste\/doecomseu_ir\/#breadcrumb"},"inLanguage":"pt-BR","potentialAction":[{"@type":"ReadAction","target":["https:\/\/geracaoamanha.org.br\/teste\/doecomseu_ir\/"]}]},{"@type":"BreadcrumbList","@id":"https:\/\/geracaoamanha.org.br\/teste\/doecomseu_ir\/#breadcrumb","itemListElement":[{"@type":"ListItem","position":1,"name":"Home","item":"https:\/\/geracaoamanha.org.br\/teste\/"},{"@type":"ListItem","position":2,"name":"Doe com seu IR"}]},{"@type":"WebSite","@id":"https:\/\/geracaoamanha.org.br\/teste\/#website","url":"https:\/\/geracaoamanha.org.br\/teste\/","name":"Instituto Gera\u00e7\u00e3o Amanh\u00e3","description":"Tudo sobre acolhimento familiar e ado\u00e7\u00e3o","potentialAction":[{"@type":"SearchAction","target":{"@type":"EntryPoint","urlTemplate":"https:\/\/geracaoamanha.org.br\/teste\/?s={search_term_string}"},"query-input":{"@type":"PropertyValueSpecification","valueRequired":true,"valueName":"search_term_string"}}],"inLanguage":"pt-BR"}]}},"campaignId":"","_links":{"self":[{"href":"https:\/\/geracaoamanha.org.br\/teste\/wp-json\/wp\/v2\/pages\/4750","targetHints":{"allow":["GET"]}}],"collection":[{"href":"https:\/\/geracaoamanha.org.br\/teste\/wp-json\/wp\/v2\/pages"}],"about":[{"href":"https:\/\/geracaoamanha.org.br\/teste\/wp-json\/wp\/v2\/types\/page"}],"author":[{"embeddable":true,"href":"https:\/\/geracaoamanha.org.br\/teste\/wp-json\/wp\/v2\/users\/1"}],"replies":[{"embeddable":true,"href":"https:\/\/geracaoamanha.org.br\/teste\/wp-json\/wp\/v2\/comments?post=4750"}],"version-history":[{"count":44,"href":"https:\/\/geracaoamanha.org.br\/teste\/wp-json\/wp\/v2\/pages\/4750\/revisions"}],"predecessor-version":[{"id":6924,"href":"https:\/\/geracaoamanha.org.br\/teste\/wp-json\/wp\/v2\/pages\/4750\/revisions\/6924"}],"wp:attachment":[{"href":"https:\/\/geracaoamanha.org.br\/teste\/wp-json\/wp\/v2\/media?parent=4750"}],"curies":[{"name":"wp","href":"https:\/\/api.w.org\/{rel}","templated":true}]}}