{"id":3802,"date":"2018-08-17T20:49:11","date_gmt":"2018-08-17T23:49:11","guid":{"rendered":"https:\/\/geracaoamanha.org.br\/teste\/teste\/?page_id=988"},"modified":"2024-04-25T11:37:50","modified_gmt":"2024-04-25T14:37:50","slug":"situacao-atual","status":"publish","type":"page","link":"https:\/\/geracaoamanha.org.br\/teste\/situacao-atual\/","title":{"rendered":"Situa\u00e7\u00e3o Atual"},"content":{"rendered":"<div class=\"wpb-content-wrapper\"><p>[vc_row full_width=&#8221;stretch_row_content&#8221;][vc_column width=&#8221;2\/3&#8243;]<div id=\"sc_skills_659693040\"\n\t\tclass=\"sc_skills sc_skills_counter\"\n\t\t\t\tdata-type=\"counter\"\n\t\t><h6 class=\"sc_item_subtitle sc_skills_subtitle sc_align_center sc_item_title_style_default\">Fonte: SNA - CNJ<\/h6><h3 class=\"sc_item_title sc_skills_title sc_align_center sc_item_title_style_default sc_item_title_tag\">Em 24 de Abril de 2024<\/h3><div class=\"sc_skills_columns sc_item_columns trx_addons_columns_wrap columns_padding_bottom\"><div class=\"sc_skills_column trx_addons_column-1_3\"><div class=\"sc_skills_item_wrap\"><div class=\"sc_skills_item\"><div class=\"sc_skills_total\" data-start=\"0\" data-stop=\"33.622\" data-step=\"1\" data-max=\"100\" data-speed=\"24\" data-duration=\"807\" data-ed=\"\">0<\/div><\/div><div class=\"sc_skills_item_title\">Total de Acolhidos no Brasil<\/div><\/div><\/div><div class=\"sc_skills_column trx_addons_column-1_3\"><div class=\"sc_skills_item_wrap\"><div class=\"sc_skills_item\"><div class=\"sc_skills_total\" data-start=\"0\" data-stop=\"31.675\" data-step=\"1\" data-max=\"100\" data-speed=\"35\" data-duration=\"1109\" data-ed=\"\">0<\/div><\/div><div class=\"sc_skills_item_title\">Em acolhimento Institucional<\/div><\/div><\/div><div class=\"sc_skills_column trx_addons_column-1_3\"><div class=\"sc_skills_item_wrap\"><div class=\"sc_skills_item\"><div class=\"sc_skills_total\" data-start=\"0\" data-stop=\"1.947\" data-step=\"1\" data-max=\"100\" data-speed=\"34\" data-duration=\"66\" data-ed=\"\">0<\/div><\/div><div class=\"sc_skills_item_title\">Em Fam\u00edlia Acolhedora<\/div><\/div><\/div><div class=\"sc_skills_column trx_addons_column-1_3\"><div class=\"sc_skills_item_wrap\"><div class=\"sc_skills_item\"><div class=\"sc_skills_total\" data-start=\"0\" data-stop=\"36.324\" data-step=\"1\" data-max=\"100\" data-speed=\"16\" data-duration=\"581\" data-ed=\"\">0<\/div><\/div><div class=\"sc_skills_item_title\">Pretendentes cadastrados para adotar<\/div><\/div><\/div><div class=\"sc_skills_column trx_addons_column-1_3\"><div class=\"sc_skills_item_wrap\"><div class=\"sc_skills_item\"><div class=\"sc_skills_total\" data-start=\"0\" data-stop=\"4.681\" data-step=\"1\" data-max=\"100\" data-speed=\"13\" data-duration=\"61\" data-ed=\"\">0<\/div><\/div><div class=\"sc_skills_item_title\">Crian\u00e7as e adolescentes dispon\u00edveis para ado\u00e7\u00e3o<\/div><\/div><\/div><div class=\"sc_skills_column trx_addons_column-1_3\"><div class=\"sc_skills_item_wrap\"><div class=\"sc_skills_item\"><div class=\"sc_skills_total\" data-start=\"0\" data-stop=\"5.715\" data-step=\"1\" data-max=\"100\" data-speed=\"23\" data-duration=\"131\" data-ed=\"\">0<\/div><\/div><div class=\"sc_skills_item_title\">Crian\u00e7as e adolescentes em processo de ado\u00e7\u00e3o<\/div><\/div><\/div><\/div><\/div>[vc_column_text][\/vc_column_text][\/vc_column][vc_column width=&#8221;1\/3&#8243;][vc_column_text]A obten\u00e7\u00e3o de dados estat\u00edsticos precisos e atualizados, da ado\u00e7\u00e3o e do acolhimento familiar no Brasil, tem sido um enorme desafio.<\/p>\n<p>J\u00e1 existem n\u00fameros confi\u00e1veis em rela\u00e7\u00e3o ao total de crian\u00e7as e adolescentes acolhidos no Brasil. Tamb\u00e9m h\u00e1 dados dos que est\u00e3o dispon\u00edveis e\/ou em processo de ado\u00e7\u00e3o, assim como dados sobre o perfil dos pretendentes\/habilitados que desejam adotar. Embora seja uma obriga\u00e7\u00e3o legal abrir um processo judicial e cadastrar no SNA\/CNJ qualquer acolhimento ou ado\u00e7\u00e3o, temos consci\u00eancia de que vivemos em um pa\u00eds com dimens\u00f5es continentais, onde os recursos tecnol\u00f3gicos, humanos e financeiros n\u00e3o s\u00e3o equalizados.<\/p>\n<p>Em agosto de 2018, o Conselho Nacional de Justi\u00e7a lan\u00e7ou o Sistema Nacional de Ado\u00e7\u00e3o e Acolhimento (SNA), que uniu em uma mesma plataforma dados atualizados diariamente do acolhimento e da ado\u00e7\u00e3o no Brasil \u2013 e pela primeira vez passou a discriminar se o acolhimento \u00e9 institucional ou familiar. A partir de mar\u00e7o de 2020, abriu ao p\u00fablico o acesso sobre dados do acolhimento de crian\u00e7as e adolescentes, ado\u00e7\u00f5es realizadas a partir de 2019, pretendentes cadastrados para adotar e crian\u00e7as dispon\u00edveis para ado\u00e7\u00e3o. Para ter acesso ao primeiro relat\u00f3rio completo sobre os dados da ado\u00e7\u00e3o e do acolhimento, <span style=\"text-decoration: underline; color: #00ccff;\"><a style=\"color: #00ccff; text-decoration: underline;\" href=\"https:\/\/geracaoamanha.org.br\/teste\/dados-do-acolhimento-e-da-adocao\/\" target=\"_blank\" rel=\"noopener noreferrer\">clique\u00a0aqui.<\/a><\/span><\/p>\n<p>O compromisso do Instituto Gera\u00e7\u00e3o Amanh\u00e3 \u00e9 tornar p\u00fablicas essas informa\u00e7\u00f5es e divulg\u00e1-las amplamente. A realidade \u00e9 que hoje os n\u00fameros de acolhimento e de ado\u00e7\u00e3o no Brasil traduzem uma tr\u00e1gica realidade e a necessidade urgente de mudan\u00e7as.[\/vc_column_text][\/vc_column][\/vc_row][vc_row][vc_column][vc_empty_space height=&#8221;12px&#8221; hide_on_mobile=&#8221;&#8221;][\/vc_column][\/vc_row]<\/p>\n<\/div>","protected":false},"excerpt":{"rendered":"<p>[vc_row full_width=&#8221;stretch_row_content&#8221;][vc_column width=&#8221;2\/3&#8243;][vc_column_text][\/vc_column_text][\/vc_column][vc_column width=&#8221;1\/3&#8243;][vc_column_text]A obten\u00e7\u00e3o de dados estat\u00edsticos precisos e atualizados, da ado\u00e7\u00e3o e do acolhimento familiar no Brasil, tem sido um enorme desafio. J\u00e1 existem n\u00fameros confi\u00e1veis em rela\u00e7\u00e3o ao total de crian\u00e7as e adolescentes acolhidos no Brasil. Tamb\u00e9m h\u00e1 dados dos que est\u00e3o dispon\u00edveis e\/ou em processo de ado\u00e7\u00e3o, assim como dados sobre o perfil dos pretendentes\/habilitados que&hellip;<\/p>\n","protected":false},"author":1,"featured_media":0,"parent":0,"menu_order":0,"comment_status":"closed","ping_status":"closed","template":"","meta":{"give_campaign_id":0,"footnotes":""},"class_list":["post-3802","page","type-page","status-publish","hentry"],"yoast_head":"<!-- This site is optimized with the Yoast SEO plugin v27.2 - https:\/\/yoast.com\/product\/yoast-seo-wordpress\/ -->\n<title>Situa\u00e7\u00e3o Atual - Instituto Gera\u00e7\u00e3o Amanh\u00e3<\/title>\n<meta name=\"robots\" content=\"noindex, follow, max-snippet:-1, max-image-preview:large, max-video-preview:-1\" \/>\n<meta property=\"og:locale\" content=\"pt_BR\" \/>\n<meta property=\"og:type\" content=\"article\" \/>\n<meta property=\"og:title\" content=\"Situa\u00e7\u00e3o Atual - Instituto Gera\u00e7\u00e3o Amanh\u00e3\" \/>\n<meta property=\"og:description\" content=\"[vc_row full_width=&#8221;stretch_row_content&#8221;][vc_column width=&#8221;2\/3&#8243;][vc_column_text][\/vc_column_text][\/vc_column][vc_column width=&#8221;1\/3&#8243;][vc_column_text]A obten\u00e7\u00e3o de dados estat\u00edsticos precisos e atualizados, da ado\u00e7\u00e3o e do acolhimento familiar no Brasil, tem sido um enorme desafio. J\u00e1 existem n\u00fameros confi\u00e1veis em rela\u00e7\u00e3o ao total de crian\u00e7as e adolescentes acolhidos no Brasil. Tamb\u00e9m h\u00e1 dados dos que est\u00e3o dispon\u00edveis e\/ou em processo de ado\u00e7\u00e3o, assim como dados sobre o perfil dos pretendentes\/habilitados que&hellip;\" \/>\n<meta property=\"og:url\" content=\"https:\/\/geracaoamanha.org.br\/teste\/situacao-atual\/\" \/>\n<meta property=\"og:site_name\" content=\"Instituto Gera\u00e7\u00e3o Amanh\u00e3\" \/>\n<meta property=\"article:modified_time\" content=\"2024-04-25T14:37:50+00:00\" \/>\n<meta name=\"twitter:card\" content=\"summary_large_image\" \/>\n<meta name=\"twitter:label1\" content=\"Est. tempo de leitura\" \/>\n\t<meta name=\"twitter:data1\" content=\"2 minutos\" \/>\n<script type=\"application\/ld+json\" class=\"yoast-schema-graph\">{\"@context\":\"https:\/\/schema.org\",\"@graph\":[{\"@type\":\"WebPage\",\"@id\":\"https:\/\/geracaoamanha.org.br\/teste\/situacao-atual\/\",\"url\":\"https:\/\/geracaoamanha.org.br\/teste\/situacao-atual\/\",\"name\":\"Situa\u00e7\u00e3o Atual - Instituto Gera\u00e7\u00e3o Amanh\u00e3\",\"isPartOf\":{\"@id\":\"https:\/\/geracaoamanha.org.br\/teste\/#website\"},\"datePublished\":\"2018-08-17T23:49:11+00:00\",\"dateModified\":\"2024-04-25T14:37:50+00:00\",\"breadcrumb\":{\"@id\":\"https:\/\/geracaoamanha.org.br\/teste\/situacao-atual\/#breadcrumb\"},\"inLanguage\":\"pt-BR\",\"potentialAction\":[{\"@type\":\"ReadAction\",\"target\":[\"https:\/\/geracaoamanha.org.br\/teste\/situacao-atual\/\"]}]},{\"@type\":\"BreadcrumbList\",\"@id\":\"https:\/\/geracaoamanha.org.br\/teste\/situacao-atual\/#breadcrumb\",\"itemListElement\":[{\"@type\":\"ListItem\",\"position\":1,\"name\":\"Home\",\"item\":\"https:\/\/geracaoamanha.org.br\/teste\/\"},{\"@type\":\"ListItem\",\"position\":2,\"name\":\"Situa\u00e7\u00e3o Atual\"}]},{\"@type\":\"WebSite\",\"@id\":\"https:\/\/geracaoamanha.org.br\/teste\/#website\",\"url\":\"https:\/\/geracaoamanha.org.br\/teste\/\",\"name\":\"Instituto Gera\u00e7\u00e3o Amanh\u00e3\",\"description\":\"Tudo sobre acolhimento familiar e ado\u00e7\u00e3o\",\"potentialAction\":[{\"@type\":\"SearchAction\",\"target\":{\"@type\":\"EntryPoint\",\"urlTemplate\":\"https:\/\/geracaoamanha.org.br\/teste\/?s={search_term_string}\"},\"query-input\":{\"@type\":\"PropertyValueSpecification\",\"valueRequired\":true,\"valueName\":\"search_term_string\"}}],\"inLanguage\":\"pt-BR\"}]}<\/script>\n<!-- \/ Yoast SEO plugin. -->","yoast_head_json":{"title":"Situa\u00e7\u00e3o Atual - Instituto Gera\u00e7\u00e3o Amanh\u00e3","robots":{"index":"noindex","follow":"follow","max-snippet":"max-snippet:-1","max-image-preview":"max-image-preview:large","max-video-preview":"max-video-preview:-1"},"og_locale":"pt_BR","og_type":"article","og_title":"Situa\u00e7\u00e3o Atual - Instituto Gera\u00e7\u00e3o Amanh\u00e3","og_description":"[vc_row full_width=&#8221;stretch_row_content&#8221;][vc_column width=&#8221;2\/3&#8243;][vc_column_text][\/vc_column_text][\/vc_column][vc_column width=&#8221;1\/3&#8243;][vc_column_text]A obten\u00e7\u00e3o de dados estat\u00edsticos precisos e atualizados, da ado\u00e7\u00e3o e do acolhimento familiar no Brasil, tem sido um enorme desafio. J\u00e1 existem n\u00fameros confi\u00e1veis em rela\u00e7\u00e3o ao total de crian\u00e7as e adolescentes acolhidos no Brasil. Tamb\u00e9m h\u00e1 dados dos que est\u00e3o dispon\u00edveis e\/ou em processo de ado\u00e7\u00e3o, assim como dados sobre o perfil dos pretendentes\/habilitados que&hellip;","og_url":"https:\/\/geracaoamanha.org.br\/teste\/situacao-atual\/","og_site_name":"Instituto Gera\u00e7\u00e3o Amanh\u00e3","article_modified_time":"2024-04-25T14:37:50+00:00","twitter_card":"summary_large_image","twitter_misc":{"Est. tempo de leitura":"2 minutos"},"schema":{"@context":"https:\/\/schema.org","@graph":[{"@type":"WebPage","@id":"https:\/\/geracaoamanha.org.br\/teste\/situacao-atual\/","url":"https:\/\/geracaoamanha.org.br\/teste\/situacao-atual\/","name":"Situa\u00e7\u00e3o Atual - Instituto Gera\u00e7\u00e3o Amanh\u00e3","isPartOf":{"@id":"https:\/\/geracaoamanha.org.br\/teste\/#website"},"datePublished":"2018-08-17T23:49:11+00:00","dateModified":"2024-04-25T14:37:50+00:00","breadcrumb":{"@id":"https:\/\/geracaoamanha.org.br\/teste\/situacao-atual\/#breadcrumb"},"inLanguage":"pt-BR","potentialAction":[{"@type":"ReadAction","target":["https:\/\/geracaoamanha.org.br\/teste\/situacao-atual\/"]}]},{"@type":"BreadcrumbList","@id":"https:\/\/geracaoamanha.org.br\/teste\/situacao-atual\/#breadcrumb","itemListElement":[{"@type":"ListItem","position":1,"name":"Home","item":"https:\/\/geracaoamanha.org.br\/teste\/"},{"@type":"ListItem","position":2,"name":"Situa\u00e7\u00e3o Atual"}]},{"@type":"WebSite","@id":"https:\/\/geracaoamanha.org.br\/teste\/#website","url":"https:\/\/geracaoamanha.org.br\/teste\/","name":"Instituto Gera\u00e7\u00e3o Amanh\u00e3","description":"Tudo sobre acolhimento familiar e ado\u00e7\u00e3o","potentialAction":[{"@type":"SearchAction","target":{"@type":"EntryPoint","urlTemplate":"https:\/\/geracaoamanha.org.br\/teste\/?s={search_term_string}"},"query-input":{"@type":"PropertyValueSpecification","valueRequired":true,"valueName":"search_term_string"}}],"inLanguage":"pt-BR"}]}},"campaignId":"","_links":{"self":[{"href":"https:\/\/geracaoamanha.org.br\/teste\/wp-json\/wp\/v2\/pages\/3802","targetHints":{"allow":["GET"]}}],"collection":[{"href":"https:\/\/geracaoamanha.org.br\/teste\/wp-json\/wp\/v2\/pages"}],"about":[{"href":"https:\/\/geracaoamanha.org.br\/teste\/wp-json\/wp\/v2\/types\/page"}],"author":[{"embeddable":true,"href":"https:\/\/geracaoamanha.org.br\/teste\/wp-json\/wp\/v2\/users\/1"}],"replies":[{"embeddable":true,"href":"https:\/\/geracaoamanha.org.br\/teste\/wp-json\/wp\/v2\/comments?post=3802"}],"version-history":[{"count":16,"href":"https:\/\/geracaoamanha.org.br\/teste\/wp-json\/wp\/v2\/pages\/3802\/revisions"}],"predecessor-version":[{"id":6957,"href":"https:\/\/geracaoamanha.org.br\/teste\/wp-json\/wp\/v2\/pages\/3802\/revisions\/6957"}],"wp:attachment":[{"href":"https:\/\/geracaoamanha.org.br\/teste\/wp-json\/wp\/v2\/media?parent=3802"}],"curies":[{"name":"wp","href":"https:\/\/api.w.org\/{rel}","templated":true}]}}