{"id":3498,"date":"2020-06-22T14:03:51","date_gmt":"2020-06-22T17:03:51","guid":{"rendered":"https:\/\/geracaoamanha.org.br\/teste\/?page_id=3498"},"modified":"2024-07-10T11:23:40","modified_gmt":"2024-07-10T14:23:40","slug":"primeira-infancia","status":"publish","type":"page","link":"https:\/\/geracaoamanha.org.br\/teste\/primeira-infancia\/","title":{"rendered":"Primeira Inf\u00e2ncia"},"content":{"rendered":"<div class=\"wpb-content-wrapper\"><p>[vc_row][vc_column width=&#8221;2\/3&#8243;][vc_column_text]<\/p>\n<h3>A import\u00e2ncia da Primeira Inf\u00e2ncia<\/h3>\n<p>A neuroci\u00eancia comprova o que muitos estudos da psicologia j\u00e1 afirmavam: o que acontece nos primeiros anos far\u00e1 diferen\u00e7a para toda a vida! Entre os 0 e os 6 anos, per\u00edodo conhecido como Primeira Inf\u00e2ncia, \u00e9 a \u00e9poca que o c\u00e9rebro est\u00e1 em desenvolvimento mais intenso, mais aberto a novos aprendizados e, principalmente, \u00e9 quando se constr\u00f3i a base para o funcionamento do nosso c\u00e9rebro ao longo de toda a vida.<\/p>\n<p>Por isso \u00e9 t\u00e3o importante entender os conceitos como neuroplasticidade, per\u00edodos sens\u00edveis, janelas de oportunidade e outros conhecimentos com \u00eanfase na Primeira Inf\u00e2ncia. Cuidadores com esses conhecimentos conseguem atuar de maneira mais efetiva para ajudar no desenvolvimento das crian\u00e7as, para que se tornem adultos saud\u00e1veis.[\/vc_column_text][\/vc_column][vc_column width=&#8221;1\/3&#8243;][vc_empty_space alter_height=&#8221;medium&#8221; hide_on_mobile=&#8221;&#8221;][vc_single_image image=&#8221;7143&#8243; img_size=&#8221;medium&#8221; alignment=&#8221;center&#8221;][\/vc_column][\/vc_row][vc_row][vc_column][vc_separator color=&#8221;turquoise&#8221;]<div id=\"sc_title_1239690295\"\n\t\tclass=\"sc_title sc_title_default\"><h1 class=\"sc_item_title sc_title_title sc_align_center sc_item_title_style_default sc_item_title_tag\">Quer saber mais?<\/h1><\/div><!-- \/.sc_title -->[\/vc_column][\/vc_row][vc_row][vc_column][vc_column_text]Desenvolvemos uma s\u00e9rie de v\u00eddeos e materiais complementares dentro do tema da Primeira Inf\u00e2ncia para que\u00a0 profissionais, pais e cuidadores tenham acesso a esses importantes estudos e descobertas. Basta clicar nos links abaixo.[\/vc_column_text][vc_empty_space alter_height=&#8221;small&#8221; hide_on_mobile=&#8221;&#8221;][\/vc_column][\/vc_row][vc_row][vc_column width=&#8221;1\/3&#8243;]<div id=\"widget_video_423749967\" class=\"widget_area sc_widget_video vc_widget_video wpb_content_element\"><aside id=\"widget_video_423749967_widget\" class=\"widget widget_video\"><div class=\"trx_addons_video_player without_cover\"><div class=\"video_embed video_frame\"><iframe loading=\"lazy\" title=\"S\u00c9RIE SABER+ #04 - A IMPORT\u00c2NCIA DA PRIMEIRA INF\u00c2NCIA SEGUNDO A NEUROCI\u00caNCIA\" width=\"1170\" height=\"658\" src=\"https:\/\/www.youtube.com\/embed\/jrCRy2lKaYM?start=1&feature=oembed\" frameborder=\"0\" allow=\"accelerometer; autoplay; encrypted-media; gyroscope; picture-in-picture\" allowfullscreen><\/iframe><\/div><\/div><\/aside><\/div>[vc_empty_space alter_height=&#8221;small&#8221; hide_on_mobile=&#8221;&#8221;][\/vc_column][vc_column width=&#8221;1\/3&#8243;]<div id=\"widget_video_888331194\" class=\"widget_area sc_widget_video vc_widget_video wpb_content_element\"><aside id=\"widget_video_888331194_widget\" class=\"widget widget_video\"><div class=\"trx_addons_video_player without_cover\"><div class=\"video_embed video_frame\"><iframe loading=\"lazy\" title=\"S\u00c9RIE SABER+ #05 - ESTRESSE T\u00d3XICO: O QUE \u00c9 E QUAIS SUAS CONSEQU\u00caNCIAS\" width=\"1170\" height=\"658\" src=\"https:\/\/www.youtube.com\/embed\/wBmdPYxM5vw?start=2&feature=oembed\" frameborder=\"0\" allow=\"accelerometer; autoplay; encrypted-media; gyroscope; picture-in-picture\" allowfullscreen><\/iframe><\/div><\/div><\/aside><\/div>[vc_empty_space alter_height=&#8221;small&#8221; hide_on_mobile=&#8221;&#8221;][\/vc_column][vc_column width=&#8221;1\/3&#8243;]<div id=\"widget_video_747098206\" class=\"widget_area sc_widget_video vc_widget_video wpb_content_element\"><aside id=\"widget_video_747098206_widget\" class=\"widget widget_video\"><div class=\"trx_addons_video_player without_cover\"><div class=\"video_embed video_frame\"><iframe loading=\"lazy\" title=\"S\u00c9RIE SABER+ #06 - A CRIAN\u00c7A COMO SUJEITO DE DIREITO E O PACTO NACIONAL PELA PRIMEIRA INF\u00c2NCIA\" width=\"1170\" height=\"658\" src=\"https:\/\/www.youtube.com\/embed\/_xWEqvSZeBo?start=2&feature=oembed\" frameborder=\"0\" allow=\"accelerometer; autoplay; encrypted-media; gyroscope; picture-in-picture\" allowfullscreen><\/iframe><\/div><\/div><\/aside><\/div>[vc_empty_space alter_height=&#8221;small&#8221; hide_on_mobile=&#8221;&#8221;][\/vc_column][\/vc_row][vc_row][vc_column width=&#8221;1\/3&#8243;][vc_column_text]<\/p>\n<h4 style=\"text-align: center;\"><span style=\"color: #006685; font-size: 18pt;\">Primeira Inf\u00e2ncia e neuroci\u00eancia<\/span><\/h4>\n<p>[\/vc_column_text][vc_single_image image=&#8221;5106&#8243; img_size=&#8221;medium&#8221; add_caption=&#8221;yes&#8221; alignment=&#8221;center&#8221; onclick=&#8221;custom_link&#8221; img_link_target=&#8221;_blank&#8221; link=&#8221;https:\/\/geracaoamanha.org.br\/teste\/wp-content\/uploads\/2020\/04\/Serie-Saber-Mais-Episodio_4-1.pdf&#8221;][\/vc_column][vc_column width=&#8221;1\/3&#8243;][vc_column_text]<\/p>\n<h4 style=\"text-align: center;\"><span style=\"color: #006685; font-size: 18pt;\">Teorias do <\/span><span style=\"color: #006685; font-size: 18pt;\">Desenvolvimento Humano<br \/>\n<\/span><\/h4>\n<p>[\/vc_column_text][vc_single_image image=&#8221;5105&#8243; img_size=&#8221;medium&#8221; alignment=&#8221;center&#8221; onclick=&#8221;custom_link&#8221; img_link_target=&#8221;_blank&#8221; link=&#8221;https:\/\/geracaoamanha.org.br\/teste\/wp-content\/uploads\/2020\/04\/EPISODIO-4-MATL-COMPL-TEORIAS-DESENV-1.pdf&#8221;][\/vc_column][vc_column width=&#8221;1\/3&#8243;][vc_column_text]<\/p>\n<h4 style=\"text-align: center;\"><span style=\"color: #006685; font-size: 18pt;\">Primeira Inf\u00e2ncia e a crian\u00e7a como sujeito de direito<\/span><\/h4>\n<p>[\/vc_column_text][vc_single_image image=&#8221;5107&#8243; img_size=&#8221;medium&#8221; alignment=&#8221;center&#8221; onclick=&#8221;custom_link&#8221; img_link_target=&#8221;_blank&#8221; link=&#8221;https:\/\/geracaoamanha.org.br\/teste\/wp-content\/uploads\/2020\/05\/Serie-Saber-Mais-Episodio_6.pdf&#8221;][\/vc_column][\/vc_row][vc_row][vc_column][vc_empty_space alter_height=&#8221;large&#8221; hide_on_mobile=&#8221;&#8221;]<div id=\"sc_title_1484608050\"\n\t\tclass=\"sc_title sc_title_default\"><h4 class=\"sc_item_title sc_title_title sc_align_center sc_item_title_style_default sc_item_title_tag\">Outros V\u00eddeos<\/h4><\/div><!-- \/.sc_title -->[vc_column_text]<\/p>\n<p style=\"text-align: center;\">Veja outras produ\u00e7\u00f5es sobre o tema da Primeira Inf\u00e2ncia<\/p>\n<p>[\/vc_column_text][vc_empty_space alter_height=&#8221;small&#8221; hide_on_mobile=&#8221;&#8221;][\/vc_column][\/vc_row][vc_row][vc_column width=&#8221;1\/2&#8243;]<div id=\"widget_video_170490053\" class=\"widget_area sc_widget_video vc_widget_video wpb_content_element\"><aside id=\"widget_video_170490053_widget\" class=\"widget widget_video\"><div class=\"trx_addons_video_player with_cover hover_play\"><img loading=\"lazy\" decoding=\"async\" src=\"https:\/\/geracaoamanha.org.br\/teste\/wp-content\/uploads\/2021\/01\/comeco-da-vida-770x428.jpg\" alt=\"\" width=\"770\" height=\"428\"><div class=\"video_mask\"><\/div><div class=\"video_hover\" data-video=\"&lt;iframe title=&quot;O Come\u00e7o da Vida | Trailer Oficial&quot; width=&quot;1170&quot; height=&quot;658&quot; src=&quot;https:\/\/www.youtube.com\/embed\/lxw7pV3I2SU?list=PLvfZHqGPp_MtCK623cABUZ9nftEfYXc4y&amp;autoplay=1&quot; frameborder=&quot;0&quot; allow=&quot;accelerometer; autoplay; clipboard-write; encrypted-media; gyroscope; picture-in-picture&quot; allowfullscreen&gt;&lt;\/iframe&gt;\"><\/div><div class=\"video_embed video_frame\"><\/div><\/div><\/aside><\/div>[vc_empty_space alter_height=&#8221;small&#8221; hide_on_mobile=&#8221;&#8221;][vc_column_text]<\/p>\n<p style=\"text-align: center;\"><span style=\"text-decoration: underline;\"><span style=\"color: #00ccff;\"><a style=\"color: #00ccff; text-decoration: underline;\" href=\"https:\/\/ocomecodavida.com.br\/filme-completo\/\" target=\"_blank\" rel=\"noopener noreferrer\">Saiba mais sobre o filme completo clicando aqui<\/a><\/span><\/span><\/p>\n<p>[\/vc_column_text][\/vc_column][vc_column width=&#8221;1\/2&#8243;]<div id=\"widget_video_1211607529\" class=\"widget_area sc_widget_video vc_widget_video wpb_content_element\"><aside id=\"widget_video_1211607529_widget\" class=\"widget widget_video\"><div class=\"trx_addons_video_player with_cover hover_play\"><img loading=\"lazy\" decoding=\"async\" src=\"https:\/\/geracaoamanha.org.br\/teste\/wp-content\/uploads\/2021\/01\/contato-fisico.jpg\" alt=\"\" width=\"320\" height=\"180\"><div class=\"video_mask\"><\/div><div class=\"video_hover\" data-video=\"&lt;iframe title=&quot;A IMPORT\u00c2NCIA DO CONTATO F\u00cdSICO - O Come\u00e7o da Vida&quot; width=&quot;1170&quot; height=&quot;658&quot; src=&quot;https:\/\/www.youtube.com\/embed\/0xzy4TnO7HU?feature=oembed&amp;autoplay=1&quot; frameborder=&quot;0&quot; allow=&quot;accelerometer; autoplay; clipboard-write; encrypted-media; gyroscope; picture-in-picture&quot; allowfullscreen&gt;&lt;\/iframe&gt;\"><\/div><div class=\"video_embed video_frame\"><\/div><\/div><\/aside><\/div>[vc_empty_space alter_height=&#8221;small&#8221; hide_on_mobile=&#8221;&#8221;][vc_column_text]<\/p>\n<p style=\"text-align: center;\"><span style=\"color: #00ccff;\">&#8221; A import\u00e2ncia do contato f\u00edsico&#8221; &#8211; P\u00edlula do filme O Come\u00e7o da Vida<\/span><\/p>\n<p>[\/vc_column_text][\/vc_column][\/vc_row][vc_row disable_element=&#8221;yes&#8221;][vc_column width=&#8221;1\/3&#8243;]<div id=\"widget_video_367335841\" class=\"widget_area sc_widget_video vc_widget_video wpb_content_element\"><aside id=\"widget_video_367335841_widget\" class=\"widget widget_video\"><div class=\"trx_addons_video_player with_cover hover_play\"><img loading=\"lazy\" decoding=\"async\" src=\"https:\/\/geracaoamanha.org.br\/teste\/wp-content\/uploads\/2021\/01\/comeco-da-vida-770x428.jpg\" alt=\"\" width=\"770\" height=\"428\"><div class=\"video_mask\"><\/div><div class=\"video_hover\" data-video=\"&lt;iframe title=&quot;O Come\u00e7o da Vida | Trailer Oficial&quot; width=&quot;1170&quot; height=&quot;658&quot; src=&quot;https:\/\/www.youtube.com\/embed\/lxw7pV3I2SU?list=PLvfZHqGPp_MtCK623cABUZ9nftEfYXc4y&amp;autoplay=1&quot; frameborder=&quot;0&quot; allow=&quot;accelerometer; autoplay; clipboard-write; encrypted-media; gyroscope; picture-in-picture&quot; allowfullscreen&gt;&lt;\/iframe&gt;\"><\/div><div class=\"video_embed video_frame\"><\/div><\/div><\/aside><\/div>[vc_empty_space alter_height=&#8221;small&#8221; hide_on_mobile=&#8221;&#8221;][vc_column_text]<\/p>\n<p style=\"text-align: center;\"><span style=\"text-decoration: underline;\"><span style=\"color: #00ccff;\"><a style=\"color: #00ccff; text-decoration: underline;\" href=\"https:\/\/ocomecodavida.com.br\/filme-completo\/\" target=\"_blank\" rel=\"noopener noreferrer\">Saiba mais sobre o filme completo clicando aqui<\/a><\/span><\/span><\/p>\n<p>[\/vc_column_text][\/vc_column][vc_column width=&#8221;1\/3&#8243;]<div id=\"widget_video_1025802107\" class=\"widget_area sc_widget_video vc_widget_video wpb_content_element\"><aside id=\"widget_video_1025802107_widget\" class=\"widget widget_video\"><div class=\"trx_addons_video_player with_cover hover_play\"><img loading=\"lazy\" decoding=\"async\" src=\"https:\/\/geracaoamanha.org.br\/teste\/wp-content\/uploads\/2021\/01\/estress-toxico.jpg\" alt=\"\" width=\"320\" height=\"180\"><div class=\"video_mask\"><\/div><div class=\"video_hover\" data-video=\"&lt;iframe title=&quot;O stress toxico prejudica o desenvolvimento saud\u00e1vel&quot; width=&quot;1170&quot; height=&quot;658&quot; src=&quot;https:\/\/www.youtube.com\/embed\/svCevxoonFE?feature=oembed&amp;autoplay=1&quot; frameborder=&quot;0&quot; allow=&quot;accelerometer; autoplay; clipboard-write; encrypted-media; gyroscope; picture-in-picture&quot; allowfullscreen&gt;&lt;\/iframe&gt;\"><\/div><div class=\"video_embed video_frame\"><\/div><\/div><\/aside><\/div>[vc_empty_space alter_height=&#8221;small&#8221; hide_on_mobile=&#8221;&#8221;][vc_column_text]<\/p>\n<p style=\"text-align: center;\"><span style=\"color: #00ccff;\">&#8220;O estresse t\u00f3xico prejudica o desenvolimento saud\u00e1vel&#8221; &#8211; V<\/span><span style=\"color: #00ccff;\">\u00eddeo produzido pelo Center on the Developing Child e traduzido \/adaptado pelo NCPI<\/span><\/p>\n<p>[\/vc_column_text][\/vc_column][vc_column width=&#8221;1\/3&#8243;]<div id=\"widget_video_657010715\" class=\"widget_area sc_widget_video vc_widget_video wpb_content_element\"><aside id=\"widget_video_657010715_widget\" class=\"widget widget_video\"><div class=\"trx_addons_video_player with_cover hover_play\"><img loading=\"lazy\" decoding=\"async\" src=\"https:\/\/geracaoamanha.org.br\/teste\/wp-content\/uploads\/2021\/01\/contato-fisico.jpg\" alt=\"\" width=\"320\" height=\"180\"><div class=\"video_mask\"><\/div><div class=\"video_hover\" data-video=\"&lt;iframe title=&quot;A IMPORT\u00c2NCIA DO CONTATO F\u00cdSICO - O Come\u00e7o da Vida&quot; width=&quot;1170&quot; height=&quot;658&quot; src=&quot;https:\/\/www.youtube.com\/embed\/0xzy4TnO7HU?feature=oembed&amp;autoplay=1&quot; frameborder=&quot;0&quot; allow=&quot;accelerometer; autoplay; clipboard-write; encrypted-media; gyroscope; picture-in-picture&quot; allowfullscreen&gt;&lt;\/iframe&gt;\"><\/div><div class=\"video_embed video_frame\"><\/div><\/div><\/aside><\/div>[vc_empty_space alter_height=&#8221;small&#8221; hide_on_mobile=&#8221;&#8221;][vc_column_text]<\/p>\n<p style=\"text-align: center;\"><span style=\"color: #00ccff;\">&#8221; A import\u00e2ncia do contato f\u00edsico&#8221; &#8211; P\u00edlula do filme O Come\u00e7o da Vida<\/span><\/p>\n<p>[\/vc_column_text][\/vc_column][\/vc_row][vc_row][vc_column][vc_empty_space alter_height=&#8221;medium&#8221; hide_on_mobile=&#8221;&#8221;]<div id=\"sc_title_183308705\"\n\t\tclass=\"sc_title sc_title_default\"><h4 class=\"sc_item_title sc_title_title sc_align_center sc_item_title_style_default sc_item_title_tag\">Artigos<\/h4><\/div><!-- \/.sc_title -->[vc_column_text]<\/p>\n<p style=\"text-align: center;\">Clique nas fotos para ver os t\u00edtulos e ler os artigos que publicamos sobre o tema da Primeira Inf\u00e2ncia.<\/p>\n<p>[\/vc_column_text][vc_empty_space alter_height=&#8221;small&#8221; hide_on_mobile=&#8221;&#8221;][vc_masonry_grid post_type=&#8221;post&#8221; max_items=&#8221;09&#8243; item=&#8221;masonryGrid_OverlayWithRotation&#8221; grid_id=&#8221;vc_gid:1720621390928-1084ffcd-209e-6&#8243; taxonomies=&#8221;8&#8243;][\/vc_column][\/vc_row]<\/p>\n<\/div>","protected":false},"excerpt":{"rendered":"<p>[vc_row][vc_column width=&#8221;2\/3&#8243;][vc_column_text] A import\u00e2ncia da Primeira Inf\u00e2ncia A neuroci\u00eancia comprova o que muitos estudos da psicologia j\u00e1 afirmavam: o que acontece nos primeiros anos far\u00e1 diferen\u00e7a para toda a vida! Entre os 0 e os 6 anos, per\u00edodo conhecido como Primeira Inf\u00e2ncia, \u00e9 a \u00e9poca que o c\u00e9rebro est\u00e1 em desenvolvimento mais intenso, mais aberto a novos aprendizados e, principalmente,&hellip;<\/p>\n","protected":false},"author":1,"featured_media":0,"parent":0,"menu_order":0,"comment_status":"closed","ping_status":"closed","template":"","meta":{"give_campaign_id":0,"footnotes":""},"class_list":["post-3498","page","type-page","status-publish","hentry"],"yoast_head":"<!-- This site is optimized with the Yoast SEO plugin v27.2 - https:\/\/yoast.com\/product\/yoast-seo-wordpress\/ -->\n<title>Primeira Inf\u00e2ncia - Instituto Gera\u00e7\u00e3o Amanh\u00e3<\/title>\n<meta name=\"robots\" content=\"noindex, follow, max-snippet:-1, max-image-preview:large, max-video-preview:-1\" \/>\n<meta property=\"og:locale\" content=\"pt_BR\" \/>\n<meta property=\"og:type\" content=\"article\" \/>\n<meta property=\"og:title\" content=\"Primeira Inf\u00e2ncia - Instituto Gera\u00e7\u00e3o Amanh\u00e3\" \/>\n<meta property=\"og:description\" content=\"[vc_row][vc_column width=&#8221;2\/3&#8243;][vc_column_text] A import\u00e2ncia da Primeira Inf\u00e2ncia A neuroci\u00eancia comprova o que muitos estudos da psicologia j\u00e1 afirmavam: o que acontece nos primeiros anos far\u00e1 diferen\u00e7a para toda a vida! Entre os 0 e os 6 anos, per\u00edodo conhecido como Primeira Inf\u00e2ncia, \u00e9 a \u00e9poca que o c\u00e9rebro est\u00e1 em desenvolvimento mais intenso, mais aberto a novos aprendizados e, principalmente,&hellip;\" \/>\n<meta property=\"og:url\" content=\"https:\/\/geracaoamanha.org.br\/teste\/primeira-infancia\/\" \/>\n<meta property=\"og:site_name\" content=\"Instituto Gera\u00e7\u00e3o Amanh\u00e3\" \/>\n<meta property=\"article:modified_time\" content=\"2024-07-10T14:23:40+00:00\" \/>\n<meta name=\"twitter:card\" content=\"summary_large_image\" \/>\n<meta name=\"twitter:label1\" content=\"Est. tempo de leitura\" \/>\n\t<meta name=\"twitter:data1\" content=\"4 minutos\" \/>\n<script type=\"application\/ld+json\" class=\"yoast-schema-graph\">{\"@context\":\"https:\/\/schema.org\",\"@graph\":[{\"@type\":\"WebPage\",\"@id\":\"https:\/\/geracaoamanha.org.br\/teste\/primeira-infancia\/\",\"url\":\"https:\/\/geracaoamanha.org.br\/teste\/primeira-infancia\/\",\"name\":\"Primeira Inf\u00e2ncia - Instituto Gera\u00e7\u00e3o Amanh\u00e3\",\"isPartOf\":{\"@id\":\"https:\/\/geracaoamanha.org.br\/teste\/#website\"},\"datePublished\":\"2020-06-22T17:03:51+00:00\",\"dateModified\":\"2024-07-10T14:23:40+00:00\",\"breadcrumb\":{\"@id\":\"https:\/\/geracaoamanha.org.br\/teste\/primeira-infancia\/#breadcrumb\"},\"inLanguage\":\"pt-BR\",\"potentialAction\":[{\"@type\":\"ReadAction\",\"target\":[\"https:\/\/geracaoamanha.org.br\/teste\/primeira-infancia\/\"]}]},{\"@type\":\"BreadcrumbList\",\"@id\":\"https:\/\/geracaoamanha.org.br\/teste\/primeira-infancia\/#breadcrumb\",\"itemListElement\":[{\"@type\":\"ListItem\",\"position\":1,\"name\":\"Home\",\"item\":\"https:\/\/geracaoamanha.org.br\/teste\/\"},{\"@type\":\"ListItem\",\"position\":2,\"name\":\"Primeira Inf\u00e2ncia\"}]},{\"@type\":\"WebSite\",\"@id\":\"https:\/\/geracaoamanha.org.br\/teste\/#website\",\"url\":\"https:\/\/geracaoamanha.org.br\/teste\/\",\"name\":\"Instituto Gera\u00e7\u00e3o Amanh\u00e3\",\"description\":\"Tudo sobre acolhimento familiar e ado\u00e7\u00e3o\",\"potentialAction\":[{\"@type\":\"SearchAction\",\"target\":{\"@type\":\"EntryPoint\",\"urlTemplate\":\"https:\/\/geracaoamanha.org.br\/teste\/?s={search_term_string}\"},\"query-input\":{\"@type\":\"PropertyValueSpecification\",\"valueRequired\":true,\"valueName\":\"search_term_string\"}}],\"inLanguage\":\"pt-BR\"}]}<\/script>\n<!-- \/ Yoast SEO plugin. -->","yoast_head_json":{"title":"Primeira Inf\u00e2ncia - Instituto Gera\u00e7\u00e3o Amanh\u00e3","robots":{"index":"noindex","follow":"follow","max-snippet":"max-snippet:-1","max-image-preview":"max-image-preview:large","max-video-preview":"max-video-preview:-1"},"og_locale":"pt_BR","og_type":"article","og_title":"Primeira Inf\u00e2ncia - Instituto Gera\u00e7\u00e3o Amanh\u00e3","og_description":"[vc_row][vc_column width=&#8221;2\/3&#8243;][vc_column_text] A import\u00e2ncia da Primeira Inf\u00e2ncia A neuroci\u00eancia comprova o que muitos estudos da psicologia j\u00e1 afirmavam: o que acontece nos primeiros anos far\u00e1 diferen\u00e7a para toda a vida! Entre os 0 e os 6 anos, per\u00edodo conhecido como Primeira Inf\u00e2ncia, \u00e9 a \u00e9poca que o c\u00e9rebro est\u00e1 em desenvolvimento mais intenso, mais aberto a novos aprendizados e, principalmente,&hellip;","og_url":"https:\/\/geracaoamanha.org.br\/teste\/primeira-infancia\/","og_site_name":"Instituto Gera\u00e7\u00e3o Amanh\u00e3","article_modified_time":"2024-07-10T14:23:40+00:00","twitter_card":"summary_large_image","twitter_misc":{"Est. tempo de leitura":"4 minutos"},"schema":{"@context":"https:\/\/schema.org","@graph":[{"@type":"WebPage","@id":"https:\/\/geracaoamanha.org.br\/teste\/primeira-infancia\/","url":"https:\/\/geracaoamanha.org.br\/teste\/primeira-infancia\/","name":"Primeira Inf\u00e2ncia - Instituto Gera\u00e7\u00e3o Amanh\u00e3","isPartOf":{"@id":"https:\/\/geracaoamanha.org.br\/teste\/#website"},"datePublished":"2020-06-22T17:03:51+00:00","dateModified":"2024-07-10T14:23:40+00:00","breadcrumb":{"@id":"https:\/\/geracaoamanha.org.br\/teste\/primeira-infancia\/#breadcrumb"},"inLanguage":"pt-BR","potentialAction":[{"@type":"ReadAction","target":["https:\/\/geracaoamanha.org.br\/teste\/primeira-infancia\/"]}]},{"@type":"BreadcrumbList","@id":"https:\/\/geracaoamanha.org.br\/teste\/primeira-infancia\/#breadcrumb","itemListElement":[{"@type":"ListItem","position":1,"name":"Home","item":"https:\/\/geracaoamanha.org.br\/teste\/"},{"@type":"ListItem","position":2,"name":"Primeira Inf\u00e2ncia"}]},{"@type":"WebSite","@id":"https:\/\/geracaoamanha.org.br\/teste\/#website","url":"https:\/\/geracaoamanha.org.br\/teste\/","name":"Instituto Gera\u00e7\u00e3o Amanh\u00e3","description":"Tudo sobre acolhimento familiar e ado\u00e7\u00e3o","potentialAction":[{"@type":"SearchAction","target":{"@type":"EntryPoint","urlTemplate":"https:\/\/geracaoamanha.org.br\/teste\/?s={search_term_string}"},"query-input":{"@type":"PropertyValueSpecification","valueRequired":true,"valueName":"search_term_string"}}],"inLanguage":"pt-BR"}]}},"campaignId":"","_links":{"self":[{"href":"https:\/\/geracaoamanha.org.br\/teste\/wp-json\/wp\/v2\/pages\/3498","targetHints":{"allow":["GET"]}}],"collection":[{"href":"https:\/\/geracaoamanha.org.br\/teste\/wp-json\/wp\/v2\/pages"}],"about":[{"href":"https:\/\/geracaoamanha.org.br\/teste\/wp-json\/wp\/v2\/types\/page"}],"author":[{"embeddable":true,"href":"https:\/\/geracaoamanha.org.br\/teste\/wp-json\/wp\/v2\/users\/1"}],"replies":[{"embeddable":true,"href":"https:\/\/geracaoamanha.org.br\/teste\/wp-json\/wp\/v2\/comments?post=3498"}],"version-history":[{"count":20,"href":"https:\/\/geracaoamanha.org.br\/teste\/wp-json\/wp\/v2\/pages\/3498\/revisions"}],"predecessor-version":[{"id":7509,"href":"https:\/\/geracaoamanha.org.br\/teste\/wp-json\/wp\/v2\/pages\/3498\/revisions\/7509"}],"wp:attachment":[{"href":"https:\/\/geracaoamanha.org.br\/teste\/wp-json\/wp\/v2\/media?parent=3498"}],"curies":[{"name":"wp","href":"https:\/\/api.w.org\/{rel}","templated":true}]}}