{"id":3412,"date":"2020-06-21T10:14:22","date_gmt":"2020-06-21T13:14:22","guid":{"rendered":"https:\/\/geracaoamanha.org.br\/teste\/?page_id=3412"},"modified":"2024-07-10T17:20:09","modified_gmt":"2024-07-10T20:20:09","slug":"trauma-e-estresse","status":"publish","type":"page","link":"https:\/\/geracaoamanha.org.br\/teste\/trauma-e-estresse\/","title":{"rendered":"Trauma e Estresse T\u00f3xico"},"content":{"rendered":"<div class=\"wpb-content-wrapper\"><p>[vc_row][vc_column width=&#8221;2\/3&#8243;][vc_column_text]<span style=\"font-size: 14pt;\">Estudos realizados na d\u00e9cada de 1990 nos Estados Unidos revelaram que a exposi\u00e7\u00e3o a traumas na inf\u00e2ncia implicam em consequ\u00eancias severas na vida adulta. Em altas doses, os traumas sofridos na inf\u00e2ncia afetam o desenvolvimento do c\u00e9rebro, o sistema imunol\u00f3gico, o sistema end\u00f3crino e at\u00e9 a forma como o nosso DNA \u00e9 lido e replicado. Esses traumas n\u00e3o s\u00e3o causados por frustra\u00e7\u00f5es leves como por exemplo, ir mal em uma prova. Os traumas aqui relatados referem-se \u00e0 situa\u00e7\u00f5es graves tais como aqueles sofridos por neglig\u00eancia severa, abuso e viol\u00eancia, que v\u00e3o interferir diretamente na forma\u00e7\u00e3o do indiv\u00edduo em termos f\u00edsicos e psicol\u00f3gicos. Pessoas expostas a doses muito altas de estresse t\u00f3xico e traumas na inf\u00e2ncia, t\u00eam tr\u00eas vezes mais risco de morrer de doen\u00e7as card\u00edacas e de c\u00e2ncer de pulm\u00e3o e t\u00eam uma redu\u00e7\u00e3o de 20 anos em sua expectativa de vida, al\u00e9m \u00e9 claro de problemas de confian\u00e7a, afeto e vincula\u00e7\u00e3o.\u00a0<\/span>[\/vc_column_text][\/vc_column][vc_column width=&#8221;1\/3&#8243;][vc_empty_space alter_height=&#8221;medium&#8221; hide_on_mobile=&#8221;&#8221;][vc_single_image image=&#8221;7144&#8243; img_size=&#8221;medium&#8221;][\/vc_column][\/vc_row][vc_row][vc_column][vc_separator color=&#8221;turquoise&#8221;]<div id=\"sc_title_1212223944\"\n\t\tclass=\"sc_title sc_title_default\"><h1 class=\"sc_item_title sc_title_title sc_align_center sc_item_title_style_default sc_item_title_tag\">Quer saber mais?<\/h1><\/div><!-- \/.sc_title -->[vc_empty_space alter_height=&#8221;medium&#8221; hide_on_mobile=&#8221;&#8221;][\/vc_column][\/vc_row][vc_row][vc_column width=&#8221;1\/2&#8243;]<div id=\"sc_title_1110130474\"\n\t\tclass=\"sc_title sc_title_default\"><h5 class=\"sc_item_title sc_title_title sc_align_left sc_item_title_style_default sc_item_title_tag\">Como o trauma na inf\u00e2ncia afeta a sa\u00fade ao longo da vida<\/h5><\/div><!-- \/.sc_title --><div id=\"widget_video_188874637\" class=\"widget_area sc_widget_video vc_widget_video wpb_content_element\"><aside id=\"widget_video_188874637_widget\" class=\"widget widget_video\"><div class=\"trx_addons_video_player without_cover\"><div class=\"video_embed video_frame\"><iframe loading=\"lazy\" width=\"560\" height=\"315\" src=\"https:\/\/www.youtube.com\/embed\/95ovIJ3dsNk\" frameborder=\"0\" allow=\"accelerometer; autoplay; encrypted-media; gyroscope; picture-in-picture\" allowfullscreen><\/iframe><\/div><\/div><\/aside><\/div>[vc_empty_space alter_height=&#8221;small&#8221; hide_on_mobile=&#8221;&#8221;][\/vc_column][vc_column width=&#8221;1\/2&#8243;][vc_column_text]<\/p>\n<figure id=\"attachment_4836\" aria-describedby=\"caption-attachment-4836\" style=\"width: 300px\" class=\"wp-caption aligncenter\"><a href=\"https:\/\/geracaoamanha.org.br\/teste\/wp-content\/uploads\/2020\/04\/Serie-Saber-Mais-Episodio_5-1.pdf\" target=\"_blank\" rel=\"noopener noreferrer\"><img loading=\"lazy\" decoding=\"async\" class=\"wp-image-4836 size-full\" src=\"https:\/\/geracaoamanha.org.br\/teste\/wp-content\/uploads\/2020\/08\/paper-estresse-toxico.jpg\" alt=\"\" width=\"300\" height=\"400\" \/><\/a><figcaption id=\"caption-attachment-4836\" class=\"wp-caption-text\">Estresse T\u00f3xico na Primeira Inf\u00e2ncia<\/figcaption><\/figure>\n<p>[\/vc_column_text][\/vc_column][\/vc_row][vc_row][vc_column width=&#8221;1\/3&#8243;][vc_empty_space alter_height=&#8221;medium&#8221; hide_on_mobile=&#8221;&#8221;]<div id=\"sc_title_1495197036\"\n\t\tclass=\"sc_title sc_title_default\"><h5 class=\"sc_item_title sc_title_title sc_align_left sc_item_title_style_default sc_item_title_tag\">Os v\u00ednculos afetivos no cotidiano<\/h5><\/div><!-- \/.sc_title --><div id=\"widget_video_1726716914\" class=\"widget_area sc_widget_video vc_widget_video wpb_content_element\"><aside id=\"widget_video_1726716914_widget\" class=\"widget widget_video\"><div class=\"trx_addons_video_player without_cover\"><div class=\"video_embed video_frame\"><iframe loading=\"lazy\" width=\"560\" height=\"315\" src=\"https:\/\/www.youtube.com\/embed\/1uUx_y7KqcQ\" frameborder=\"0\" allow=\"accelerometer; autoplay; encrypted-media; gyroscope; picture-in-picture\" allowfullscreen><\/iframe><\/div><\/div><\/aside><\/div>[\/vc_column][vc_column width=&#8221;1\/3&#8243;][vc_empty_space alter_height=&#8221;medium&#8221; hide_on_mobile=&#8221;&#8221;]<div id=\"sc_title_2133634745\"\n\t\tclass=\"sc_title sc_title_default\"><h5 class=\"sc_item_title sc_title_title sc_align_left sc_item_title_style_default sc_item_title_tag\">O caso dos \u00d3rf\u00e3os da Rom\u00eania<\/h5><\/div><!-- \/.sc_title --><div id=\"widget_video_1471527872\" class=\"widget_area sc_widget_video vc_widget_video wpb_content_element\"><aside id=\"widget_video_1471527872_widget\" class=\"widget widget_video\"><div class=\"trx_addons_video_player without_cover\"><div class=\"video_embed video_frame\"><iframe loading=\"lazy\" width=\"560\" height=\"315\" src=\"https:\/\/www.youtube.com\/embed\/QmKggL2oJeo\" frameborder=\"0\" allow=\"accelerometer; autoplay; encrypted-media; gyroscope; picture-in-picture\" allowfullscreen><\/iframe><\/div><\/div><\/aside><\/div>[\/vc_column][vc_column width=&#8221;1\/3&#8243;][vc_empty_space alter_height=&#8221;medium&#8221; hide_on_mobile=&#8221;&#8221;]<div id=\"sc_title_1170741128\"\n\t\tclass=\"sc_title sc_title_default\"><h5 class=\"sc_item_title sc_title_title sc_align_left sc_item_title_style_default sc_item_title_tag\">Crian\u00e7as e experi\u00eancias traum\u00e1ticas<\/h5><\/div><!-- \/.sc_title --><div id=\"widget_video_464508165\" class=\"widget_area sc_widget_video vc_widget_video wpb_content_element\"><aside id=\"widget_video_464508165_widget\" class=\"widget widget_video\"><div class=\"trx_addons_video_player without_cover\"><div class=\"video_embed video_frame\"><iframe loading=\"lazy\" width=\"560\" height=\"315\" src=\"https:\/\/www.youtube.com\/embed\/vHIVKRqGTz4\" frameborder=\"0\" allow=\"accelerometer; autoplay; encrypted-media; gyroscope; picture-in-picture\" allowfullscreen><\/iframe><\/div><\/div><\/aside><\/div>[\/vc_column][\/vc_row][vc_row][vc_column width=&#8221;5\/6&#8243;][vc_empty_space alter_height=&#8221;large&#8221; hide_on_mobile=&#8221;&#8221;][vc_column_text]<\/p>\n<h3 style=\"text-align: center;\">Informa\u00e7\u00f5es Relevantes<\/h3>\n<p>[\/vc_column_text][vc_single_image image=&#8221;7558&#8243; img_size=&#8221;full&#8221; onclick=&#8221;custom_link&#8221; link=&#8221;https:\/\/geracaoamanha.org.br\/teste\/categoria\/vinculo\/page\/2\/&#8221;][vc_empty_space alter_height=&#8221;small&#8221; hide_on_mobile=&#8221;&#8221;][vc_column_text]<\/p>\n<p style=\"text-align: center;\">Novidades sobre descobertas da ci\u00eancia, realiza\u00e7\u00e3o de eventos e demais informa\u00e7\u00f5es relevantes sobre trauma e estresse t\u00f3xico, s\u00e3o temas dos artigos do nosso blog.<\/p>\n<p style=\"text-align: center;\">E para consultar publica\u00e7\u00f5es especializadas, orienta\u00e7\u00f5es t\u00e9cnicas, estat\u00edsticas e outros conte\u00fados acesse tamb\u00e9m a nossa\u00a0<span style=\"color: #00ccff;\"><strong><a style=\"color: #00ccff;\" href=\"https:\/\/geracaoamanha.org.br\/teste\/biblioteca\/\" target=\"_blank\" rel=\"noopener noreferrer\">biblioteca<\/a><\/strong><\/span><\/p>\n<p>[\/vc_column_text][vc_empty_space alter_height=&#8221;small&#8221; hide_on_mobile=&#8221;&#8221;][vc_btn title=&#8221;LER O BLOG&#8221; style=&#8221;custom&#8221; custom_background=&#8221;#ffe164&#8243; custom_text=&#8221;#1b7091&#8243; align=&#8221;center&#8221; link=&#8221;url:https%3A%2F%2Fgeracaoamanha.org.br%2Fteste%2Fcategoria%2Fvinculo%2Fpage%2F2%2F||target:%20_blank|&#8221; el_class=&#8221;sc_item_button&#8221;][\/vc_column][vc_column width=&#8221;1\/6&#8243;][\/vc_column][\/vc_row]<\/p>\n<\/div>","protected":false},"excerpt":{"rendered":"<p>[vc_row][vc_column width=&#8221;2\/3&#8243;][vc_column_text]Estudos realizados na d\u00e9cada de 1990 nos Estados Unidos revelaram que a exposi\u00e7\u00e3o a traumas na inf\u00e2ncia implicam em consequ\u00eancias severas na vida adulta. Em altas doses, os traumas sofridos na inf\u00e2ncia afetam o desenvolvimento do c\u00e9rebro, o sistema imunol\u00f3gico, o sistema end\u00f3crino e at\u00e9 a forma como o nosso DNA \u00e9 lido e replicado. Esses traumas n\u00e3o s\u00e3o&hellip;<\/p>\n","protected":false},"author":1,"featured_media":0,"parent":0,"menu_order":0,"comment_status":"closed","ping_status":"closed","template":"","meta":{"give_campaign_id":0,"footnotes":""},"class_list":["post-3412","page","type-page","status-publish","hentry"],"yoast_head":"<!-- This site is optimized with the Yoast SEO plugin v27.2 - https:\/\/yoast.com\/product\/yoast-seo-wordpress\/ -->\n<title>Trauma e Estresse T\u00f3xico - Instituto Gera\u00e7\u00e3o Amanh\u00e3<\/title>\n<meta name=\"robots\" content=\"noindex, follow, max-snippet:-1, max-image-preview:large, max-video-preview:-1\" \/>\n<meta property=\"og:locale\" content=\"pt_BR\" \/>\n<meta property=\"og:type\" content=\"article\" \/>\n<meta property=\"og:title\" content=\"Trauma e Estresse T\u00f3xico - Instituto Gera\u00e7\u00e3o Amanh\u00e3\" \/>\n<meta property=\"og:description\" content=\"[vc_row][vc_column width=&#8221;2\/3&#8243;][vc_column_text]Estudos realizados na d\u00e9cada de 1990 nos Estados Unidos revelaram que a exposi\u00e7\u00e3o a traumas na inf\u00e2ncia implicam em consequ\u00eancias severas na vida adulta. Em altas doses, os traumas sofridos na inf\u00e2ncia afetam o desenvolvimento do c\u00e9rebro, o sistema imunol\u00f3gico, o sistema end\u00f3crino e at\u00e9 a forma como o nosso DNA \u00e9 lido e replicado. Esses traumas n\u00e3o s\u00e3o&hellip;\" \/>\n<meta property=\"og:url\" content=\"https:\/\/geracaoamanha.org.br\/teste\/trauma-e-estresse\/\" \/>\n<meta property=\"og:site_name\" content=\"Instituto Gera\u00e7\u00e3o Amanh\u00e3\" \/>\n<meta property=\"article:modified_time\" content=\"2024-07-10T20:20:09+00:00\" \/>\n<meta property=\"og:image\" content=\"https:\/\/geracaoamanha.org.br\/teste\/wp-content\/uploads\/2020\/08\/paper-estresse-toxico.jpg\" \/>\n<meta name=\"twitter:card\" content=\"summary_large_image\" \/>\n<meta name=\"twitter:label1\" content=\"Est. tempo de leitura\" \/>\n\t<meta name=\"twitter:data1\" content=\"4 minutos\" \/>\n<script type=\"application\/ld+json\" class=\"yoast-schema-graph\">{\"@context\":\"https:\/\/schema.org\",\"@graph\":[{\"@type\":\"WebPage\",\"@id\":\"https:\/\/geracaoamanha.org.br\/teste\/trauma-e-estresse\/\",\"url\":\"https:\/\/geracaoamanha.org.br\/teste\/trauma-e-estresse\/\",\"name\":\"Trauma e Estresse T\u00f3xico - Instituto Gera\u00e7\u00e3o Amanh\u00e3\",\"isPartOf\":{\"@id\":\"https:\/\/geracaoamanha.org.br\/teste\/#website\"},\"primaryImageOfPage\":{\"@id\":\"https:\/\/geracaoamanha.org.br\/teste\/trauma-e-estresse\/#primaryimage\"},\"image\":{\"@id\":\"https:\/\/geracaoamanha.org.br\/teste\/trauma-e-estresse\/#primaryimage\"},\"thumbnailUrl\":\"https:\/\/geracaoamanha.org.br\/teste\/wp-content\/uploads\/2020\/08\/paper-estresse-toxico.jpg\",\"datePublished\":\"2020-06-21T13:14:22+00:00\",\"dateModified\":\"2024-07-10T20:20:09+00:00\",\"breadcrumb\":{\"@id\":\"https:\/\/geracaoamanha.org.br\/teste\/trauma-e-estresse\/#breadcrumb\"},\"inLanguage\":\"pt-BR\",\"potentialAction\":[{\"@type\":\"ReadAction\",\"target\":[\"https:\/\/geracaoamanha.org.br\/teste\/trauma-e-estresse\/\"]}]},{\"@type\":\"ImageObject\",\"inLanguage\":\"pt-BR\",\"@id\":\"https:\/\/geracaoamanha.org.br\/teste\/trauma-e-estresse\/#primaryimage\",\"url\":\"https:\/\/geracaoamanha.org.br\/teste\/wp-content\/uploads\/2020\/08\/paper-estresse-toxico.jpg\",\"contentUrl\":\"https:\/\/geracaoamanha.org.br\/teste\/wp-content\/uploads\/2020\/08\/paper-estresse-toxico.jpg\"},{\"@type\":\"BreadcrumbList\",\"@id\":\"https:\/\/geracaoamanha.org.br\/teste\/trauma-e-estresse\/#breadcrumb\",\"itemListElement\":[{\"@type\":\"ListItem\",\"position\":1,\"name\":\"Home\",\"item\":\"https:\/\/geracaoamanha.org.br\/teste\/\"},{\"@type\":\"ListItem\",\"position\":2,\"name\":\"Trauma e Estresse T\u00f3xico\"}]},{\"@type\":\"WebSite\",\"@id\":\"https:\/\/geracaoamanha.org.br\/teste\/#website\",\"url\":\"https:\/\/geracaoamanha.org.br\/teste\/\",\"name\":\"Instituto Gera\u00e7\u00e3o Amanh\u00e3\",\"description\":\"Tudo sobre acolhimento familiar e ado\u00e7\u00e3o\",\"potentialAction\":[{\"@type\":\"SearchAction\",\"target\":{\"@type\":\"EntryPoint\",\"urlTemplate\":\"https:\/\/geracaoamanha.org.br\/teste\/?s={search_term_string}\"},\"query-input\":{\"@type\":\"PropertyValueSpecification\",\"valueRequired\":true,\"valueName\":\"search_term_string\"}}],\"inLanguage\":\"pt-BR\"}]}<\/script>\n<!-- \/ Yoast SEO plugin. -->","yoast_head_json":{"title":"Trauma e Estresse T\u00f3xico - Instituto Gera\u00e7\u00e3o Amanh\u00e3","robots":{"index":"noindex","follow":"follow","max-snippet":"max-snippet:-1","max-image-preview":"max-image-preview:large","max-video-preview":"max-video-preview:-1"},"og_locale":"pt_BR","og_type":"article","og_title":"Trauma e Estresse T\u00f3xico - Instituto Gera\u00e7\u00e3o Amanh\u00e3","og_description":"[vc_row][vc_column width=&#8221;2\/3&#8243;][vc_column_text]Estudos realizados na d\u00e9cada de 1990 nos Estados Unidos revelaram que a exposi\u00e7\u00e3o a traumas na inf\u00e2ncia implicam em consequ\u00eancias severas na vida adulta. Em altas doses, os traumas sofridos na inf\u00e2ncia afetam o desenvolvimento do c\u00e9rebro, o sistema imunol\u00f3gico, o sistema end\u00f3crino e at\u00e9 a forma como o nosso DNA \u00e9 lido e replicado. Esses traumas n\u00e3o s\u00e3o&hellip;","og_url":"https:\/\/geracaoamanha.org.br\/teste\/trauma-e-estresse\/","og_site_name":"Instituto Gera\u00e7\u00e3o Amanh\u00e3","article_modified_time":"2024-07-10T20:20:09+00:00","og_image":[{"url":"https:\/\/geracaoamanha.org.br\/teste\/wp-content\/uploads\/2020\/08\/paper-estresse-toxico.jpg","type":"","width":"","height":""}],"twitter_card":"summary_large_image","twitter_misc":{"Est. tempo de leitura":"4 minutos"},"schema":{"@context":"https:\/\/schema.org","@graph":[{"@type":"WebPage","@id":"https:\/\/geracaoamanha.org.br\/teste\/trauma-e-estresse\/","url":"https:\/\/geracaoamanha.org.br\/teste\/trauma-e-estresse\/","name":"Trauma e Estresse T\u00f3xico - Instituto Gera\u00e7\u00e3o Amanh\u00e3","isPartOf":{"@id":"https:\/\/geracaoamanha.org.br\/teste\/#website"},"primaryImageOfPage":{"@id":"https:\/\/geracaoamanha.org.br\/teste\/trauma-e-estresse\/#primaryimage"},"image":{"@id":"https:\/\/geracaoamanha.org.br\/teste\/trauma-e-estresse\/#primaryimage"},"thumbnailUrl":"https:\/\/geracaoamanha.org.br\/teste\/wp-content\/uploads\/2020\/08\/paper-estresse-toxico.jpg","datePublished":"2020-06-21T13:14:22+00:00","dateModified":"2024-07-10T20:20:09+00:00","breadcrumb":{"@id":"https:\/\/geracaoamanha.org.br\/teste\/trauma-e-estresse\/#breadcrumb"},"inLanguage":"pt-BR","potentialAction":[{"@type":"ReadAction","target":["https:\/\/geracaoamanha.org.br\/teste\/trauma-e-estresse\/"]}]},{"@type":"ImageObject","inLanguage":"pt-BR","@id":"https:\/\/geracaoamanha.org.br\/teste\/trauma-e-estresse\/#primaryimage","url":"https:\/\/geracaoamanha.org.br\/teste\/wp-content\/uploads\/2020\/08\/paper-estresse-toxico.jpg","contentUrl":"https:\/\/geracaoamanha.org.br\/teste\/wp-content\/uploads\/2020\/08\/paper-estresse-toxico.jpg"},{"@type":"BreadcrumbList","@id":"https:\/\/geracaoamanha.org.br\/teste\/trauma-e-estresse\/#breadcrumb","itemListElement":[{"@type":"ListItem","position":1,"name":"Home","item":"https:\/\/geracaoamanha.org.br\/teste\/"},{"@type":"ListItem","position":2,"name":"Trauma e Estresse T\u00f3xico"}]},{"@type":"WebSite","@id":"https:\/\/geracaoamanha.org.br\/teste\/#website","url":"https:\/\/geracaoamanha.org.br\/teste\/","name":"Instituto Gera\u00e7\u00e3o Amanh\u00e3","description":"Tudo sobre acolhimento familiar e ado\u00e7\u00e3o","potentialAction":[{"@type":"SearchAction","target":{"@type":"EntryPoint","urlTemplate":"https:\/\/geracaoamanha.org.br\/teste\/?s={search_term_string}"},"query-input":{"@type":"PropertyValueSpecification","valueRequired":true,"valueName":"search_term_string"}}],"inLanguage":"pt-BR"}]}},"campaignId":"","_links":{"self":[{"href":"https:\/\/geracaoamanha.org.br\/teste\/wp-json\/wp\/v2\/pages\/3412","targetHints":{"allow":["GET"]}}],"collection":[{"href":"https:\/\/geracaoamanha.org.br\/teste\/wp-json\/wp\/v2\/pages"}],"about":[{"href":"https:\/\/geracaoamanha.org.br\/teste\/wp-json\/wp\/v2\/types\/page"}],"author":[{"embeddable":true,"href":"https:\/\/geracaoamanha.org.br\/teste\/wp-json\/wp\/v2\/users\/1"}],"replies":[{"embeddable":true,"href":"https:\/\/geracaoamanha.org.br\/teste\/wp-json\/wp\/v2\/comments?post=3412"}],"version-history":[{"count":26,"href":"https:\/\/geracaoamanha.org.br\/teste\/wp-json\/wp\/v2\/pages\/3412\/revisions"}],"predecessor-version":[{"id":7565,"href":"https:\/\/geracaoamanha.org.br\/teste\/wp-json\/wp\/v2\/pages\/3412\/revisions\/7565"}],"wp:attachment":[{"href":"https:\/\/geracaoamanha.org.br\/teste\/wp-json\/wp\/v2\/media?parent=3412"}],"curies":[{"name":"wp","href":"https:\/\/api.w.org\/{rel}","templated":true}]}}