{"id":318,"date":"2017-06-26T09:52:14","date_gmt":"2017-06-26T09:52:14","guid":{"rendered":"http:\/\/lighthouse.ancorathemes.com\/?page_id=318"},"modified":"2024-05-10T17:59:56","modified_gmt":"2024-05-10T20:59:56","slug":"quem-somos","status":"publish","type":"page","link":"https:\/\/geracaoamanha.org.br\/teste\/quem-somos\/","title":{"rendered":"Quem Somos"},"content":{"rendered":"<div class=\"wpb-content-wrapper\"><p>[vc_row][vc_column css=&#8221;.vc_custom_1595947860853{padding-bottom: 2rem !important;}&#8221;][vc_tta_accordion c_icon=&#8221;triangle&#8221; c_position=&#8221;right&#8221; active_section=&#8221;1&#8243;][vc_tta_section title=&#8221;Quem Somos&#8221; tab_id=&#8221;texto-quem-somos&#8221;][vc_column_text]O <strong>Instituto Gera\u00e7\u00e3o Amanh\u00e3 <\/strong>\u00e9 uma Organiza\u00e7\u00e3o da Sociedade Civil (OSC), sem fins lucrativos, que luta pelo direito de toda crian\u00e7a e adolescente viver em fam\u00edlia, de maneira integral, saud\u00e1vel e segura. Para isso realizamos atividades que visam incentivar e promover o acolhimento familiar, a ado\u00e7\u00e3o e a conviv\u00eancia familiar e comunit\u00e1ria, com \u00eanfase na Primeira Inf\u00e2ncia.<\/p>\n<p><strong>Somos uma institui\u00e7\u00e3o pioneira <\/strong>no sentido de informar e conscientizar toda a sociedade no tema do acolhimento familiar, da ado\u00e7\u00e3o, da conviv\u00eancia familiar e Primeira Inf\u00e2ncia. Temos como foco a produ\u00e7\u00e3o de informa\u00e7\u00f5es e conte\u00fados s\u00e9rios, de qualidade e aprofundados sobre esses temas.[\/vc_column_text][\/vc_tta_section][vc_tta_section title=&#8221;Miss\u00e3o&#8221; tab_id=&#8221;texto-missao&#8221;][vc_column_text]Nossa miss\u00e3o \u00e9 lutar pelo <strong>direito<\/strong> de toda <strong>crian\u00e7<\/strong>a e <strong>adolescente\u00a0<\/strong>viver em <strong>fam\u00edlia<\/strong>, de forma <strong>integral<\/strong>, <strong>saud\u00e1vel<\/strong> e <strong>segura<\/strong>.[\/vc_column_text][\/vc_tta_section][vc_tta_section title=&#8221;Vis\u00e3o&#8221; tab_id=&#8221;texto-visao&#8221;][vc_column_text]Contribuir para tornar o Brasil um pa\u00eds que assegura a todas as crian\u00e7as e adolescentes o <strong>direito constitucional de viver em fam\u00edlia<\/strong>.[\/vc_column_text][\/vc_tta_section][vc_tta_section title=&#8221;Valores&#8221; tab_id=&#8221;texto-valores&#8221;][vc_column_text]Respeito, Justi\u00e7a, V\u00ednculos, Legalidade, Humaniza\u00e7\u00e3o, Amor, Integridade, \u00c9tica, Transpar\u00eancia.[\/vc_column_text][\/vc_tta_section][\/vc_tta_accordion][\/vc_column][\/vc_row][vc_row full_width=&#8221;stretch_row&#8221; css=&#8221;.vc_custom_1596046748435{padding-top: 7.2rem !important;padding-right: 7.2rem !important;padding-bottom: 7.2rem !important;padding-left: 7.2rem !important;background-image: url(https:\/\/geracaoamanha.org.br\/teste\/wp-content\/uploads\/2020\/07\/banner-4-vertentes.jpg?id=4479) !important;background-position: center !important;background-repeat: no-repeat !important;background-size: cover !important;}&#8221;][vc_column][vc_row_inner][vc_column_inner width=&#8221;1\/3&#8243;][\/vc_column_inner][vc_column_inner width=&#8221;2\/3&#8243;][vc_column_text css=&#8221;.vc_custom_1595948558886{margin-bottom: 4.6rem !important;}&#8221;]<\/p>\n<h2><span class=\"trx_addons_hover\">As<\/span> 4 vertentes<br \/>\nde atua\u00e7\u00e3o do <span class=\"trx_addons_hover\">IGA<\/span><\/h2>\n<p>[\/vc_column_text][\/vc_column_inner][\/vc_row_inner][vc_row_inner][vc_column_inner width=&#8221;1\/3&#8243;][\/vc_column_inner][vc_column_inner width=&#8221;1\/3&#8243;]<div class=\"sc_services sc_services_light\"><div class=\"sc_services_content sc_item_content sc_item_columns_1\"><div class=\"sc_services_item with_content with_number sc_services_item_featured_left\">\n\t<span class=\"sc_services_item_number\"> 1<\/span>\t\n\t<div class=\"sc_services_item_info\">\n\t\t<div class=\"sc_services_item_header\">\n\t\t\t\t\t\t<h4 class=\"sc_services_item_title\"><a href=\"https:\/\/geracaoamanha.org.br\/teste\/services\/100-success-stories\/\">Sensibilizar a sociedade<\/a><\/h4>\n\t\t\t<div class=\"sc_services_item_subtitle\"><\/div>\t\t<\/div>\n\t\t\t\t\t<div class=\"sc_services_item_content\"><p>Atrav\u00e9s da imprensa e das m\u00eddias sociais<\/p>\n<\/div>\n\t\t\t<div class=\"sc_services_item_button sc_item_button\"><a href=\"https:\/\/geracaoamanha.org.br\/teste\/services\/100-success-stories\/\" class=\"sc_button sc_button_simple\">Saiba mais<\/a><\/div>\n\t\t\t<\/div>\n<\/div>\n<div class=\"sc_services_item with_content with_number sc_services_item_featured_left\">\n\t<span class=\"sc_services_item_number\"> 2<\/span>\t\n\t<div class=\"sc_services_item_info\">\n\t\t<div class=\"sc_services_item_header\">\n\t\t\t\t\t\t<h4 class=\"sc_services_item_title\"><a href=\"https:\/\/geracaoamanha.org.br\/teste\/services\/consultation\/\">Mobilizar as lideran\u00e7as<\/a><\/h4>\n\t\t\t<div class=\"sc_services_item_subtitle\"><\/div>\t\t<\/div>\n\t\t\t\t\t<div class=\"sc_services_item_content\"><p>Com governan\u00e7a, pesquisa, cursos, palestras e congressos<\/p>\n<\/div>\n\t\t\t<div class=\"sc_services_item_button sc_item_button\"><a href=\"https:\/\/geracaoamanha.org.br\/teste\/services\/consultation\/\" class=\"sc_button sc_button_simple\">Saiba mais<\/a><\/div>\n\t\t\t<\/div>\n<\/div>\n<\/div><\/div><!-- \/.sc_services -->[\/vc_column_inner][vc_column_inner width=&#8221;1\/3&#8243;]<div class=\"sc_services sc_services_light\"><div class=\"sc_services_content sc_item_content sc_item_columns_1\"><div class=\"sc_services_item with_content with_number sc_services_item_featured_left\">\n\t<span class=\"sc_services_item_number\"> 3<\/span>\t\n\t<div class=\"sc_services_item_info\">\n\t\t<div class=\"sc_services_item_header\">\n\t\t\t\t\t\t<h4 class=\"sc_services_item_title\"><a href=\"https:\/\/geracaoamanha.org.br\/teste\/services\/information\/\">Promover mudan\u00e7as<\/a><\/h4>\n\t\t\t<div class=\"sc_services_item_subtitle\"><\/div>\t\t<\/div>\n\t\t\t\t\t<div class=\"sc_services_item_content\"><p>Sendo catalisador de projetos de impacto social<\/p>\n<\/div>\n\t\t\t<div class=\"sc_services_item_button sc_item_button\"><a href=\"https:\/\/geracaoamanha.org.br\/teste\/services\/information\/\" class=\"sc_button sc_button_simple\">Saiba mais<\/a><\/div>\n\t\t\t<\/div>\n<\/div>\n<div class=\"sc_services_item with_content with_number sc_services_item_featured_left\">\n\t<span class=\"sc_services_item_number\"> 4<\/span>\t\n\t<div class=\"sc_services_item_info\">\n\t\t<div class=\"sc_services_item_header\">\n\t\t\t\t\t\t<h4 class=\"sc_services_item_title\"><a href=\"https:\/\/geracaoamanha.org.br\/teste\/services\/happy-children\/\">Fazer parcerias<\/a><\/h4>\n\t\t\t<div class=\"sc_services_item_subtitle\"><\/div>\t\t<\/div>\n\t\t\t\t\t<div class=\"sc_services_item_content\"><p>Para contribuir com a\u00e7\u00f5es na sociedade<\/p>\n<\/div>\n\t\t\t<div class=\"sc_services_item_button sc_item_button\"><a href=\"https:\/\/geracaoamanha.org.br\/teste\/services\/happy-children\/\" class=\"sc_button sc_button_simple\">Saiba mais<\/a><\/div>\n\t\t\t<\/div>\n<\/div>\n<\/div><\/div><!-- \/.sc_services -->[\/vc_column_inner][\/vc_row_inner][\/vc_column][\/vc_row][vc_row full_width=&#8221;stretch_row_content_no_spaces&#8221; disable_element=&#8221;yes&#8221;][vc_column]<div class=\"sc_layouts sc_layouts_default sc_layouts_651\"><\/div>[\/vc_column][\/vc_row][vc_row full_width=&#8221;stretch_row&#8221; disable_element=&#8221;yes&#8221; css=&#8221;.vc_custom_1595947779164{background-color: #f7f7f7 !important;}&#8221;][vc_column]<div class=\"sc_layouts sc_layouts_default sc_layouts_698\"><\/div>[vc_empty_space height=&#8221;22px&#8221; alter_height=&#8221;small&#8221; hide_on_mobile=&#8221;&#8221; css=&#8221;.vc_custom_1534446280629{margin-top: -0.25rem !important;}&#8221;][\/vc_column][\/vc_row][vc_row][vc_column]<div class=\"sc_layouts sc_layouts_default sc_layouts_3805\">[vc_row full_width=\"stretch_row\" row_delimiter=\"\" row_fixed=\"\" hide_on_tablet=\"\" hide_on_mobile=\"\" hide_on_frontpage=\"\" css=\".vc_custom_1715286683085{background-color: #0f6292 !important;}\"][vc_column width=\"1\/2\" icons_position=\"left\"][vc_empty_space height=\"10px\" alter_height=\"small\" hide_on_mobile=\"\" css=\".vc_custom_1534447033021{margin-top: 1.05rem !important;}\"]<div class=\"sc_layouts_item\"><div class=\"sc_team sc_team_short\"><h6 class=\"sc_item_title sc_team_title sc_align_left sc_item_title_style_shadow sc_item_title_tag\">Presidente do IGA<\/h6><div class=\"sc_team_columns sc_item_columns trx_addons_columns_wrap columns_padding_bottom\"><div class=\"trx_addons_column-1_2\"><div class=\"sc_team_item\">\n\t<div class=\"post_featured sc_team_item_thumb trx_addons_hover trx_addons_hover_style_info\">\n\t\t\t\t\t\t\t\t\t\t<a href=\"https:\/\/geracaoamanha.org.br\/teste\/team\/sandra-sobral\/\" aria-hidden=\"true\"><img loading=\"lazy\" decoding=\"async\" width=\"370\" height=\"370\" src=\"https:\/\/geracaoamanha.org.br\/teste\/wp-content\/uploads\/2024\/05\/SS-370x370.jpg\" class=\"attachment-trx_addons-thumb-avatar size-trx_addons-thumb-avatar wp-post-image\" alt=\"Sandra Sobral\" srcset=\"https:\/\/geracaoamanha.org.br\/teste\/wp-content\/uploads\/2024\/05\/SS-370x370.jpg 370w, https:\/\/geracaoamanha.org.br\/teste\/wp-content\/uploads\/2024\/05\/SS-300x300.jpg 300w, https:\/\/geracaoamanha.org.br\/teste\/wp-content\/uploads\/2024\/05\/SS-1024x1024.jpg 1024w, https:\/\/geracaoamanha.org.br\/teste\/wp-content\/uploads\/2024\/05\/SS-150x150.jpg 150w, https:\/\/geracaoamanha.org.br\/teste\/wp-content\/uploads\/2024\/05\/SS-768x768.jpg 768w, https:\/\/geracaoamanha.org.br\/teste\/wp-content\/uploads\/2024\/05\/SS-555x555.jpg 555w, https:\/\/geracaoamanha.org.br\/teste\/wp-content\/uploads\/2024\/05\/SS-90x90.jpg 90w, https:\/\/geracaoamanha.org.br\/teste\/wp-content\/uploads\/2024\/05\/SS-760x760.jpg 760w, https:\/\/geracaoamanha.org.br\/teste\/wp-content\/uploads\/2024\/05\/SS.jpg 1080w\" sizes=\"auto, (max-width: 370px) 100vw, 370px\" \/><\/a>\n\t\t\t\t\t<div class=\"trx_addons_hover_content\"><div class=\"sc_team_item_socials trx_addons_hover_info\"><\/div><\/div><div class=\"trx_addons_hover_mask\"><\/div><\/div>\t<div class=\"sc_team_item_info\">\n\t\t<div class=\"sc_team_item_header\">\n\t\t\t<h4 class=\"sc_team_item_title\"><a href=\"https:\/\/geracaoamanha.org.br\/teste\/team\/sandra-sobral\/\">Sandra Sobral<\/a><\/h4>\n\t\t\t<div class=\"sc_team_item_subtitle\"><\/div>\n\t\t<\/div>\n\t<\/div>\n<\/div>\n<\/div><\/div><\/div><!-- \/.sc_team --><\/div>[vc_empty_space height=\"10px\" hide_on_mobile=\"\" css=\".vc_custom_1534447168701{margin-top: 1.5rem !important;}\"][\/vc_column][vc_column width=\"1\/2\" column_align=\"left\" icons_position=\"left\"][vc_empty_space height=\"10px\" alter_height=\"small\" hide_on_mobile=\"\" css=\".vc_custom_1534447033021{margin-top: 1.05rem !important;}\"][vc_column_text]\r\n<p style=\"text-align: justify;\"><span style=\"color: #e4f5f5;\"><strong><span style=\"font-size: 16px;\">Com\u00a0<\/span><\/strong><strong><span style=\"font-size: 16px;\">ampla ex<\/span><\/strong><strong><span style=\"font-size: 16px;\">peri\u00eancia em comunica\u00e7\u00e3o corporativa, Sandra Sobral fundou o Instituto Gera\u00e7\u00e3o Amanh\u00e3 em 2016, para contribuir de forma mais efetiva para mudar a realidade das crian\u00e7as e adolescentes que est\u00e3o acolhidos.<\/span><\/strong><\/span><\/p>\r\n<p style=\"text-align: justify;\"><span style=\"color: #e4f5f5;\"><strong><span style=\"font-size: 16px;\">Nos \u00faltimos anos, especializou-se em acolhimento familiar e ado\u00e7\u00e3o, com \u00eanfase especial no estudo da neuroci\u00eancia e do trauma, com p\u00f3s-gradua\u00e7\u00e3o em neuroci\u00eancia pelo Instituto de Ensino e Pesquisa Albert Einstein de S\u00e3o Paulo.<\/span><\/strong><\/span><\/p>\r\n<p style=\"text-align: justify;\"><span style=\"color: #e4f5f5;\"><strong><span style=\"font-size: 16px;\">Com o Instituto Gera\u00e7\u00e3o Amanh\u00e3 pretende sensibilizar e informar a sociedade e os profissionais do Sistema de Garantia de Direitos para a import\u00e2ncia de toda crian\u00e7a viver em fam\u00edlia.<\/span><\/strong><\/span><\/p>\r\n<p style=\"text-align: justify;\"><span style=\"color: #e4f5f5;\"><strong><span style=\"font-size: 16px;\">Hoje tem a presid\u00eancia do IGA como sua prioridade e vis\u00e3o de futuro.<\/span><\/strong><\/span><\/p>\r\n[\/vc_column_text][vc_empty_space height=\"10px\" alter_height=\"small\" hide_on_mobile=\"\" css=\".vc_custom_1534447033021{margin-top: 1.05rem !important;}\"][\/vc_column][\/vc_row]<\/div>[\/vc_column][\/vc_row][vc_row][vc_column][vc_empty_space alter_height=&#8221;medium&#8221; hide_on_mobile=&#8221;&#8221;][vc_column_text]<\/p>\n<h2><span class=\"trx_addons_hover\">Corpo<\/span> Diretivo<\/h2>\n<p><span style=\"font-size: 14pt;\">Presidente \u2013 Sandra Regina Sobral<\/span><\/p>\n<p><span style=\"font-size: 14pt;\">1\u00ba Conselheiro Fiscal \u2013 Luciana Maria C\u00e2mara dos Santos<\/span><\/p>\n<p><span style=\"font-size: 14pt;\">2\u00ba Conselheiro Fiscal\u00a0\u2013\u00a0Marcelo\u00a0Sarno<\/span>[\/vc_column_text][vc_separator style=&#8221;shadow&#8221;][vc_column_text]<\/p>\n<h2><span class=\"trx_addons_hover\">Conselho<\/span> Consultivo <span class=\"trx_addons_hover\">Estrat\u00e9gico<\/span><\/h2>\n<p>[\/vc_column_text][vc_empty_space alter_height=&#8221;small&#8221; hide_on_mobile=&#8221;&#8221;][vc_column_text]<img loading=\"lazy\" decoding=\"async\" class=\"alignleft wp-image-7292\" src=\"https:\/\/geracaoamanha.org.br\/teste\/wp-content\/uploads\/2024\/05\/jane-270x152.jpg\" alt=\"\" width=\"200\" height=\"200\" srcset=\"https:\/\/geracaoamanha.org.br\/teste\/wp-content\/uploads\/2024\/05\/jane-300x300.jpg 300w, https:\/\/geracaoamanha.org.br\/teste\/wp-content\/uploads\/2024\/05\/jane-150x150.jpg 150w, https:\/\/geracaoamanha.org.br\/teste\/wp-content\/uploads\/2024\/05\/jane-370x370.jpg 370w, https:\/\/geracaoamanha.org.br\/teste\/wp-content\/uploads\/2024\/05\/jane.jpg 555w, https:\/\/geracaoamanha.org.br\/teste\/wp-content\/uploads\/2024\/05\/jane-90x90.jpg 90w\" sizes=\"auto, (max-width: 200px) 100vw, 200px\" \/><\/p>\n<p><strong>JANE VALENTE<\/strong><\/p>\n<p>Mestre e Doutora em Servi\u00e7o Social, Pesquisadora e Membro do Observat\u00f3rio da Inf\u00e2ncia e Adolesc\u00eancia, OIA \u2013 N\u00facleo de Pol\u00edticas P\u00fablicas, NEPP, da UNICAMP- Campinas\/SP. Especialista em Viol\u00eancia Dom\u00e9stica contra Crian\u00e7as e Adolescentes pelo LACRI-USP. Autora do livro Fam\u00edlia Acolhedora: Rela\u00e7\u00f5es de Cuidado e de Prote\u00e7\u00e3o no Servi\u00e7o de Acolhimento, Paulus Editora, 2014[\/vc_column_text][vc_empty_space alter_height=&#8221;large&#8221; hide_on_mobile=&#8221;&#8221;][vc_column_text]<img loading=\"lazy\" decoding=\"async\" class=\"alignleft wp-image-7293\" src=\"https:\/\/geracaoamanha.org.br\/teste\/wp-content\/uploads\/2024\/05\/poiani-300x300.jpg\" alt=\"\" width=\"200\" height=\"200\" srcset=\"https:\/\/geracaoamanha.org.br\/teste\/wp-content\/uploads\/2024\/05\/poiani-300x300.jpg 300w, https:\/\/geracaoamanha.org.br\/teste\/wp-content\/uploads\/2024\/05\/poiani-150x150.jpg 150w, https:\/\/geracaoamanha.org.br\/teste\/wp-content\/uploads\/2024\/05\/poiani-370x370.jpg 370w, https:\/\/geracaoamanha.org.br\/teste\/wp-content\/uploads\/2024\/05\/poiani.jpg 555w, https:\/\/geracaoamanha.org.br\/teste\/wp-content\/uploads\/2024\/05\/poiani-90x90.jpg 90w\" sizes=\"auto, (max-width: 200px) 100vw, 200px\" \/><strong>JOS\u00c9 ROBERTO POIANI<\/strong><\/p>\n<p>Juiz da Vara da Inf\u00e2ncia e da Juventude de Uberl\u00e2ndia, Tutor do Curso Marco Legal da Primeira Inf\u00e2ncia (CNJ) e Membro da Coordenadoria da Inf\u00e2ncia e da Juventude do Tribunal de Justi\u00e7a de Minas Gerais (TJMG).[\/vc_column_text][vc_empty_space alter_height=&#8221;large&#8221; hide_on_mobile=&#8221;&#8221;][vc_column_text]<strong><img loading=\"lazy\" decoding=\"async\" class=\"alignleft wp-image-7294\" src=\"https:\/\/geracaoamanha.org.br\/teste\/wp-content\/uploads\/2024\/05\/suzana-300x300.jpg\" alt=\"\" width=\"200\" height=\"200\" srcset=\"https:\/\/geracaoamanha.org.br\/teste\/wp-content\/uploads\/2024\/05\/suzana-300x300.jpg 300w, https:\/\/geracaoamanha.org.br\/teste\/wp-content\/uploads\/2024\/05\/suzana-150x150.jpg 150w, https:\/\/geracaoamanha.org.br\/teste\/wp-content\/uploads\/2024\/05\/suzana-370x370.jpg 370w, https:\/\/geracaoamanha.org.br\/teste\/wp-content\/uploads\/2024\/05\/suzana.jpg 555w, https:\/\/geracaoamanha.org.br\/teste\/wp-content\/uploads\/2024\/05\/suzana-90x90.jpg 90w\" sizes=\"auto, (max-width: 200px) 100vw, 200px\" \/>SUZANA SOFIA MOELLER SCHETTINI<\/strong><\/p>\n<p>Mestre em Psicologia Cl\u00ednica, Psicoterapeuta, Diretora T\u00e9cnica da APEGA &#8211; Associa\u00e7\u00e3o Pernambucana de Grupos de Apoio \u00e0 Ado\u00e7\u00e3o, Vice-presidente, Diretora de Rela\u00e7\u00f5es Institucionais e Coordenadora do NAPA &#8211; N\u00facleo de Apoio no P\u00f3s Ado\u00e7\u00e3o da Associa\u00e7\u00e3o Pr\u00f3 Ado\u00e7\u00e3o e Conviv\u00eancia Familiar GEAD de Recife\/PE.[\/vc_column_text][\/vc_column][\/vc_row]<\/p>\n<\/div>","protected":false},"excerpt":{"rendered":"<p>[vc_row][vc_column css=&#8221;.vc_custom_1595947860853{padding-bottom: 2rem !important;}&#8221;][vc_tta_accordion c_icon=&#8221;triangle&#8221; c_position=&#8221;right&#8221; active_section=&#8221;1&#8243;][vc_tta_section title=&#8221;Quem Somos&#8221; tab_id=&#8221;texto-quem-somos&#8221;][vc_column_text]O Instituto Gera\u00e7\u00e3o Amanh\u00e3 \u00e9 uma Organiza\u00e7\u00e3o da Sociedade Civil (OSC), sem fins lucrativos, que luta pelo direito de toda crian\u00e7a e adolescente viver em fam\u00edlia, de maneira integral, saud\u00e1vel e segura. Para isso realizamos atividades que visam incentivar e promover o acolhimento familiar, a ado\u00e7\u00e3o e a conviv\u00eancia familiar e&hellip;<\/p>\n","protected":false},"author":1,"featured_media":0,"parent":0,"menu_order":0,"comment_status":"closed","ping_status":"closed","template":"","meta":{"give_campaign_id":0,"footnotes":""},"class_list":["post-318","page","type-page","status-publish","hentry"],"yoast_head":"<!-- This site is optimized with the Yoast SEO plugin v27.2 - https:\/\/yoast.com\/product\/yoast-seo-wordpress\/ -->\n<title>Quem Somos - Instituto Gera\u00e7\u00e3o Amanh\u00e3<\/title>\n<meta name=\"robots\" content=\"noindex, follow, max-snippet:-1, max-image-preview:large, max-video-preview:-1\" \/>\n<meta property=\"og:locale\" content=\"pt_BR\" \/>\n<meta property=\"og:type\" content=\"article\" \/>\n<meta property=\"og:title\" content=\"Quem Somos - Instituto Gera\u00e7\u00e3o Amanh\u00e3\" \/>\n<meta property=\"og:description\" content=\"[vc_row][vc_column css=&#8221;.vc_custom_1595947860853{padding-bottom: 2rem !important;}&#8221;][vc_tta_accordion c_icon=&#8221;triangle&#8221; c_position=&#8221;right&#8221; active_section=&#8221;1&#8243;][vc_tta_section title=&#8221;Quem Somos&#8221; tab_id=&#8221;texto-quem-somos&#8221;][vc_column_text]O Instituto Gera\u00e7\u00e3o Amanh\u00e3 \u00e9 uma Organiza\u00e7\u00e3o da Sociedade Civil (OSC), sem fins lucrativos, que luta pelo direito de toda crian\u00e7a e adolescente viver em fam\u00edlia, de maneira integral, saud\u00e1vel e segura. Para isso realizamos atividades que visam incentivar e promover o acolhimento familiar, a ado\u00e7\u00e3o e a conviv\u00eancia familiar e&hellip;\" \/>\n<meta property=\"og:url\" content=\"https:\/\/geracaoamanha.org.br\/teste\/quem-somos\/\" \/>\n<meta property=\"og:site_name\" content=\"Instituto Gera\u00e7\u00e3o Amanh\u00e3\" \/>\n<meta property=\"article:modified_time\" content=\"2024-05-10T20:59:56+00:00\" \/>\n<meta property=\"og:image\" content=\"https:\/\/geracaoamanha.org.br\/teste\/wp-content\/uploads\/2024\/05\/jane-270x152.jpg\" \/>\n<meta name=\"twitter:card\" content=\"summary_large_image\" \/>\n<meta name=\"twitter:label1\" content=\"Est. tempo de leitura\" \/>\n\t<meta name=\"twitter:data1\" content=\"4 minutos\" \/>\n<script type=\"application\/ld+json\" class=\"yoast-schema-graph\">{\"@context\":\"https:\/\/schema.org\",\"@graph\":[{\"@type\":\"WebPage\",\"@id\":\"https:\/\/geracaoamanha.org.br\/teste\/quem-somos\/\",\"url\":\"https:\/\/geracaoamanha.org.br\/teste\/quem-somos\/\",\"name\":\"Quem Somos - Instituto Gera\u00e7\u00e3o Amanh\u00e3\",\"isPartOf\":{\"@id\":\"https:\/\/geracaoamanha.org.br\/teste\/#website\"},\"primaryImageOfPage\":{\"@id\":\"https:\/\/geracaoamanha.org.br\/teste\/quem-somos\/#primaryimage\"},\"image\":{\"@id\":\"https:\/\/geracaoamanha.org.br\/teste\/quem-somos\/#primaryimage\"},\"thumbnailUrl\":\"https:\/\/geracaoamanha.org.br\/teste\/wp-content\/uploads\/2024\/05\/jane-270x152.jpg\",\"datePublished\":\"2017-06-26T09:52:14+00:00\",\"dateModified\":\"2024-05-10T20:59:56+00:00\",\"breadcrumb\":{\"@id\":\"https:\/\/geracaoamanha.org.br\/teste\/quem-somos\/#breadcrumb\"},\"inLanguage\":\"pt-BR\",\"potentialAction\":[{\"@type\":\"ReadAction\",\"target\":[\"https:\/\/geracaoamanha.org.br\/teste\/quem-somos\/\"]}]},{\"@type\":\"ImageObject\",\"inLanguage\":\"pt-BR\",\"@id\":\"https:\/\/geracaoamanha.org.br\/teste\/quem-somos\/#primaryimage\",\"url\":\"https:\/\/geracaoamanha.org.br\/teste\/wp-content\/uploads\/2024\/05\/jane-270x152.jpg\",\"contentUrl\":\"https:\/\/geracaoamanha.org.br\/teste\/wp-content\/uploads\/2024\/05\/jane-270x152.jpg\"},{\"@type\":\"BreadcrumbList\",\"@id\":\"https:\/\/geracaoamanha.org.br\/teste\/quem-somos\/#breadcrumb\",\"itemListElement\":[{\"@type\":\"ListItem\",\"position\":1,\"name\":\"Home\",\"item\":\"https:\/\/geracaoamanha.org.br\/teste\/\"},{\"@type\":\"ListItem\",\"position\":2,\"name\":\"Quem Somos\"}]},{\"@type\":\"WebSite\",\"@id\":\"https:\/\/geracaoamanha.org.br\/teste\/#website\",\"url\":\"https:\/\/geracaoamanha.org.br\/teste\/\",\"name\":\"Instituto Gera\u00e7\u00e3o Amanh\u00e3\",\"description\":\"Tudo sobre acolhimento familiar e ado\u00e7\u00e3o\",\"potentialAction\":[{\"@type\":\"SearchAction\",\"target\":{\"@type\":\"EntryPoint\",\"urlTemplate\":\"https:\/\/geracaoamanha.org.br\/teste\/?s={search_term_string}\"},\"query-input\":{\"@type\":\"PropertyValueSpecification\",\"valueRequired\":true,\"valueName\":\"search_term_string\"}}],\"inLanguage\":\"pt-BR\"}]}<\/script>\n<!-- \/ Yoast SEO plugin. -->","yoast_head_json":{"title":"Quem Somos - Instituto Gera\u00e7\u00e3o Amanh\u00e3","robots":{"index":"noindex","follow":"follow","max-snippet":"max-snippet:-1","max-image-preview":"max-image-preview:large","max-video-preview":"max-video-preview:-1"},"og_locale":"pt_BR","og_type":"article","og_title":"Quem Somos - Instituto Gera\u00e7\u00e3o Amanh\u00e3","og_description":"[vc_row][vc_column css=&#8221;.vc_custom_1595947860853{padding-bottom: 2rem !important;}&#8221;][vc_tta_accordion c_icon=&#8221;triangle&#8221; c_position=&#8221;right&#8221; active_section=&#8221;1&#8243;][vc_tta_section title=&#8221;Quem Somos&#8221; tab_id=&#8221;texto-quem-somos&#8221;][vc_column_text]O Instituto Gera\u00e7\u00e3o Amanh\u00e3 \u00e9 uma Organiza\u00e7\u00e3o da Sociedade Civil (OSC), sem fins lucrativos, que luta pelo direito de toda crian\u00e7a e adolescente viver em fam\u00edlia, de maneira integral, saud\u00e1vel e segura. Para isso realizamos atividades que visam incentivar e promover o acolhimento familiar, a ado\u00e7\u00e3o e a conviv\u00eancia familiar e&hellip;","og_url":"https:\/\/geracaoamanha.org.br\/teste\/quem-somos\/","og_site_name":"Instituto Gera\u00e7\u00e3o Amanh\u00e3","article_modified_time":"2024-05-10T20:59:56+00:00","og_image":[{"url":"https:\/\/geracaoamanha.org.br\/teste\/wp-content\/uploads\/2024\/05\/jane-270x152.jpg","type":"","width":"","height":""}],"twitter_card":"summary_large_image","twitter_misc":{"Est. tempo de leitura":"4 minutos"},"schema":{"@context":"https:\/\/schema.org","@graph":[{"@type":"WebPage","@id":"https:\/\/geracaoamanha.org.br\/teste\/quem-somos\/","url":"https:\/\/geracaoamanha.org.br\/teste\/quem-somos\/","name":"Quem Somos - Instituto Gera\u00e7\u00e3o Amanh\u00e3","isPartOf":{"@id":"https:\/\/geracaoamanha.org.br\/teste\/#website"},"primaryImageOfPage":{"@id":"https:\/\/geracaoamanha.org.br\/teste\/quem-somos\/#primaryimage"},"image":{"@id":"https:\/\/geracaoamanha.org.br\/teste\/quem-somos\/#primaryimage"},"thumbnailUrl":"https:\/\/geracaoamanha.org.br\/teste\/wp-content\/uploads\/2024\/05\/jane-270x152.jpg","datePublished":"2017-06-26T09:52:14+00:00","dateModified":"2024-05-10T20:59:56+00:00","breadcrumb":{"@id":"https:\/\/geracaoamanha.org.br\/teste\/quem-somos\/#breadcrumb"},"inLanguage":"pt-BR","potentialAction":[{"@type":"ReadAction","target":["https:\/\/geracaoamanha.org.br\/teste\/quem-somos\/"]}]},{"@type":"ImageObject","inLanguage":"pt-BR","@id":"https:\/\/geracaoamanha.org.br\/teste\/quem-somos\/#primaryimage","url":"https:\/\/geracaoamanha.org.br\/teste\/wp-content\/uploads\/2024\/05\/jane-270x152.jpg","contentUrl":"https:\/\/geracaoamanha.org.br\/teste\/wp-content\/uploads\/2024\/05\/jane-270x152.jpg"},{"@type":"BreadcrumbList","@id":"https:\/\/geracaoamanha.org.br\/teste\/quem-somos\/#breadcrumb","itemListElement":[{"@type":"ListItem","position":1,"name":"Home","item":"https:\/\/geracaoamanha.org.br\/teste\/"},{"@type":"ListItem","position":2,"name":"Quem Somos"}]},{"@type":"WebSite","@id":"https:\/\/geracaoamanha.org.br\/teste\/#website","url":"https:\/\/geracaoamanha.org.br\/teste\/","name":"Instituto Gera\u00e7\u00e3o Amanh\u00e3","description":"Tudo sobre acolhimento familiar e ado\u00e7\u00e3o","potentialAction":[{"@type":"SearchAction","target":{"@type":"EntryPoint","urlTemplate":"https:\/\/geracaoamanha.org.br\/teste\/?s={search_term_string}"},"query-input":{"@type":"PropertyValueSpecification","valueRequired":true,"valueName":"search_term_string"}}],"inLanguage":"pt-BR"}]}},"campaignId":"","_links":{"self":[{"href":"https:\/\/geracaoamanha.org.br\/teste\/wp-json\/wp\/v2\/pages\/318","targetHints":{"allow":["GET"]}}],"collection":[{"href":"https:\/\/geracaoamanha.org.br\/teste\/wp-json\/wp\/v2\/pages"}],"about":[{"href":"https:\/\/geracaoamanha.org.br\/teste\/wp-json\/wp\/v2\/types\/page"}],"author":[{"embeddable":true,"href":"https:\/\/geracaoamanha.org.br\/teste\/wp-json\/wp\/v2\/users\/1"}],"replies":[{"embeddable":true,"href":"https:\/\/geracaoamanha.org.br\/teste\/wp-json\/wp\/v2\/comments?post=318"}],"version-history":[{"count":10,"href":"https:\/\/geracaoamanha.org.br\/teste\/wp-json\/wp\/v2\/pages\/318\/revisions"}],"predecessor-version":[{"id":7296,"href":"https:\/\/geracaoamanha.org.br\/teste\/wp-json\/wp\/v2\/pages\/318\/revisions\/7296"}],"wp:attachment":[{"href":"https:\/\/geracaoamanha.org.br\/teste\/wp-json\/wp\/v2\/media?parent=318"}],"curies":[{"name":"wp","href":"https:\/\/api.w.org\/{rel}","templated":true}]}}