{"id":3039,"date":"2020-04-04T09:13:39","date_gmt":"2020-04-04T12:13:39","guid":{"rendered":"https:\/\/geracaoamanha.org.br\/teste\/?page_id=3039"},"modified":"2020-09-26T13:42:16","modified_gmt":"2020-09-26T16:42:16","slug":"clube-do-livro","status":"publish","type":"page","link":"https:\/\/geracaoamanha.org.br\/teste\/clube-do-livro\/","title":{"rendered":"Clube do Livro"},"content":{"rendered":"<div class='content-column one_fourth'><figure id=\"attachment_5187\" aria-describedby=\"caption-attachment-5187\" style=\"width: 200px\" class=\"wp-caption alignnone\"><a href=\"https:\/\/geracaoamanha.org.br\/teste\/wp-content\/uploads\/2020\/09\/joaoprest_atencao.pdf\" target=\"_blank\" rel=\"noopener noreferrer\"><img loading=\"lazy\" decoding=\"async\" class=\"wp-image-5187 size-full\" src=\"https:\/\/geracaoamanha.org.br\/teste\/wp-content\/uploads\/2020\/09\/JOAO-PRESTA-ATENCAO.jpg\" alt=\"\" width=\"200\" height=\"301\" \/><\/a><figcaption id=\"caption-attachment-5187\" class=\"wp-caption-text\">Jo\u00e3o, preste aten\u00e7\u00e3o!<\/figcaption><\/figure><\/div>\n<div class='content-column one_fourth'><figure id=\"attachment_5195\" aria-describedby=\"caption-attachment-5195\" style=\"width: 200px\" class=\"wp-caption alignnone\"><a href=\"https:\/\/geracaoamanha.org.br\/teste\/wp-content\/uploads\/2020\/09\/a-bruxa.pdf\" target=\"_blank\" rel=\"noopener noreferrer\"><img loading=\"lazy\" decoding=\"async\" class=\"wp-image-5195 size-full\" src=\"https:\/\/geracaoamanha.org.br\/teste\/wp-content\/uploads\/2020\/09\/a-bruxa.png\" alt=\"\" width=\"200\" height=\"300\" \/><\/a><figcaption id=\"caption-attachment-5195\" class=\"wp-caption-text\">A bruxa e o caldeir\u00e3o<\/figcaption><\/figure><\/div>\n<div class='content-column one_fourth'><figure id=\"attachment_5184\" aria-describedby=\"caption-attachment-5184\" style=\"width: 200px\" class=\"wp-caption alignnone\"><a href=\"https:\/\/geracaoamanha.org.br\/teste\/wp-content\/uploads\/2020\/09\/Chegadas-Despedidas-Sandra-Aymone.pdf\" target=\"_blank\" rel=\"noopener noreferrer\"><img loading=\"lazy\" decoding=\"async\" class=\"wp-image-5184 size-full\" src=\"https:\/\/geracaoamanha.org.br\/teste\/wp-content\/uploads\/2020\/09\/chegadas-e-despedidas.png\" alt=\"\" width=\"200\" height=\"300\" \/><\/a><figcaption id=\"caption-attachment-5184\" class=\"wp-caption-text\">Chegadas e despedidas<\/figcaption><\/figure><\/div>\n<div class='content-column one_fourth'><figure id=\"attachment_5183\" aria-describedby=\"caption-attachment-5183\" style=\"width: 200px\" class=\"wp-caption alignnone\"><a href=\"https:\/\/geracaoamanha.org.br\/teste\/wp-content\/uploads\/2020\/09\/A-borboleta-Azul-Lenira-Almeida-Heck.pdf\" target=\"_blank\" rel=\"noopener noreferrer\"><img loading=\"lazy\" decoding=\"async\" class=\"wp-image-5183 size-full\" src=\"https:\/\/geracaoamanha.org.br\/teste\/wp-content\/uploads\/2020\/09\/a-borboleta-azul.png\" alt=\"\" width=\"200\" height=\"300\" \/><\/a><figcaption id=\"caption-attachment-5183\" class=\"wp-caption-text\">A borboleta azul<\/figcaption><\/figure><\/div>\n<p>&nbsp;<\/p>\n<div class='content-column one_fourth'><figure id=\"attachment_5185\" aria-describedby=\"caption-attachment-5185\" style=\"width: 200px\" class=\"wp-caption alignnone\"><a href=\"https:\/\/geracaoamanha.org.br\/teste\/wp-content\/uploads\/2020\/09\/Conto-ou-nao-conto-Abel-Sidney.pdf\" target=\"_blank\" rel=\"noopener noreferrer\"><img loading=\"lazy\" decoding=\"async\" class=\"wp-image-5185 size-full\" src=\"https:\/\/geracaoamanha.org.br\/teste\/wp-content\/uploads\/2020\/09\/conto-ou-nao-conto.png\" alt=\"\" width=\"200\" height=\"300\" \/><\/a><figcaption id=\"caption-attachment-5185\" class=\"wp-caption-text\">Conto ou nao conto?<\/figcaption><\/figure><\/div>\n<div class='content-column one_fourth'><figure id=\"attachment_5186\" aria-describedby=\"caption-attachment-5186\" style=\"width: 200px\" class=\"wp-caption alignnone\"><a href=\"https:\/\/geracaoamanha.org.br\/teste\/wp-content\/uploads\/2020\/09\/O-Direito-de-ser-crianca-Luciana-de-Almeida.pdf\" target=\"_blank\" rel=\"noopener noreferrer\"><img loading=\"lazy\" decoding=\"async\" class=\"wp-image-5186 size-full\" src=\"https:\/\/geracaoamanha.org.br\/teste\/wp-content\/uploads\/2020\/09\/o-direito-de-ser-crian\u00e7a.png\" alt=\"\" width=\"200\" height=\"300\" \/><\/a><figcaption id=\"caption-attachment-5186\" class=\"wp-caption-text\">O direito de ser crian\u00e7a<\/figcaption><\/figure>\n<p><span style=\"color: #333333; font-size: 14px;\"><\/div><\/span><\/p>\n<p>&nbsp;<\/p>\n","protected":false},"excerpt":{"rendered":"<p>&nbsp; &nbsp;<\/p>\n","protected":false},"author":1,"featured_media":0,"parent":0,"menu_order":0,"comment_status":"closed","ping_status":"closed","template":"","meta":{"give_campaign_id":0,"footnotes":""},"class_list":["post-3039","page","type-page","status-publish","hentry"],"yoast_head":"<!-- This site is optimized with the Yoast SEO plugin v27.2 - https:\/\/yoast.com\/product\/yoast-seo-wordpress\/ -->\n<title>Clube do Livro - Instituto Gera\u00e7\u00e3o Amanh\u00e3<\/title>\n<meta name=\"description\" content=\"Baixe aqui a mais recente edi\u00e7\u00e3o do ECA - Estatuto da Crian\u00e7a e do Adolescente, al\u00e9m de outras leis e manuais que asseguram os direitos das crian\u00e7as\" \/>\n<meta name=\"robots\" content=\"noindex, follow, max-snippet:-1, max-image-preview:large, max-video-preview:-1\" \/>\n<meta property=\"og:locale\" content=\"pt_BR\" \/>\n<meta property=\"og:type\" content=\"article\" \/>\n<meta property=\"og:title\" content=\"Clube do Livro - Instituto Gera\u00e7\u00e3o Amanh\u00e3\" \/>\n<meta property=\"og:description\" content=\"Baixe aqui a mais recente edi\u00e7\u00e3o do ECA - Estatuto da Crian\u00e7a e do Adolescente, al\u00e9m de outras leis e manuais que asseguram os direitos das crian\u00e7as\" \/>\n<meta property=\"og:url\" content=\"https:\/\/geracaoamanha.org.br\/teste\/clube-do-livro\/\" \/>\n<meta property=\"og:site_name\" content=\"Instituto Gera\u00e7\u00e3o Amanh\u00e3\" \/>\n<meta property=\"article:modified_time\" content=\"2020-09-26T16:42:16+00:00\" \/>\n<meta property=\"og:image\" content=\"https:\/\/geracaoamanha.org.br\/teste\/wp-content\/uploads\/2020\/09\/JOAO-PRESTA-ATENCAO.jpg\" \/>\n<meta name=\"twitter:card\" content=\"summary_large_image\" \/>\n<script type=\"application\/ld+json\" class=\"yoast-schema-graph\">{\"@context\":\"https:\/\/schema.org\",\"@graph\":[{\"@type\":\"WebPage\",\"@id\":\"https:\/\/geracaoamanha.org.br\/teste\/clube-do-livro\/\",\"url\":\"https:\/\/geracaoamanha.org.br\/teste\/clube-do-livro\/\",\"name\":\"Clube do Livro - Instituto Gera\u00e7\u00e3o Amanh\u00e3\",\"isPartOf\":{\"@id\":\"https:\/\/geracaoamanha.org.br\/teste\/#website\"},\"primaryImageOfPage\":{\"@id\":\"https:\/\/geracaoamanha.org.br\/teste\/clube-do-livro\/#primaryimage\"},\"image\":{\"@id\":\"https:\/\/geracaoamanha.org.br\/teste\/clube-do-livro\/#primaryimage\"},\"thumbnailUrl\":\"https:\/\/geracaoamanha.org.br\/teste\/wp-content\/uploads\/2020\/09\/JOAO-PRESTA-ATENCAO.jpg\",\"datePublished\":\"2020-04-04T12:13:39+00:00\",\"dateModified\":\"2020-09-26T16:42:16+00:00\",\"description\":\"Baixe aqui a mais recente edi\u00e7\u00e3o do ECA - Estatuto da Crian\u00e7a e do Adolescente, al\u00e9m de outras leis e manuais que asseguram os direitos das crian\u00e7as\",\"breadcrumb\":{\"@id\":\"https:\/\/geracaoamanha.org.br\/teste\/clube-do-livro\/#breadcrumb\"},\"inLanguage\":\"pt-BR\",\"potentialAction\":[{\"@type\":\"ReadAction\",\"target\":[\"https:\/\/geracaoamanha.org.br\/teste\/clube-do-livro\/\"]}]},{\"@type\":\"ImageObject\",\"inLanguage\":\"pt-BR\",\"@id\":\"https:\/\/geracaoamanha.org.br\/teste\/clube-do-livro\/#primaryimage\",\"url\":\"https:\/\/geracaoamanha.org.br\/teste\/wp-content\/uploads\/2020\/09\/JOAO-PRESTA-ATENCAO.jpg\",\"contentUrl\":\"https:\/\/geracaoamanha.org.br\/teste\/wp-content\/uploads\/2020\/09\/JOAO-PRESTA-ATENCAO.jpg\",\"width\":200,\"height\":301},{\"@type\":\"BreadcrumbList\",\"@id\":\"https:\/\/geracaoamanha.org.br\/teste\/clube-do-livro\/#breadcrumb\",\"itemListElement\":[{\"@type\":\"ListItem\",\"position\":1,\"name\":\"Home\",\"item\":\"https:\/\/geracaoamanha.org.br\/teste\/\"},{\"@type\":\"ListItem\",\"position\":2,\"name\":\"Clube do Livro\"}]},{\"@type\":\"WebSite\",\"@id\":\"https:\/\/geracaoamanha.org.br\/teste\/#website\",\"url\":\"https:\/\/geracaoamanha.org.br\/teste\/\",\"name\":\"Instituto Gera\u00e7\u00e3o Amanh\u00e3\",\"description\":\"Tudo sobre acolhimento familiar e ado\u00e7\u00e3o\",\"potentialAction\":[{\"@type\":\"SearchAction\",\"target\":{\"@type\":\"EntryPoint\",\"urlTemplate\":\"https:\/\/geracaoamanha.org.br\/teste\/?s={search_term_string}\"},\"query-input\":{\"@type\":\"PropertyValueSpecification\",\"valueRequired\":true,\"valueName\":\"search_term_string\"}}],\"inLanguage\":\"pt-BR\"}]}<\/script>\n<!-- \/ Yoast SEO plugin. -->","yoast_head_json":{"title":"Clube do Livro - Instituto Gera\u00e7\u00e3o Amanh\u00e3","description":"Baixe aqui a mais recente edi\u00e7\u00e3o do ECA - Estatuto da Crian\u00e7a e do Adolescente, al\u00e9m de outras leis e manuais que asseguram os direitos das crian\u00e7as","robots":{"index":"noindex","follow":"follow","max-snippet":"max-snippet:-1","max-image-preview":"max-image-preview:large","max-video-preview":"max-video-preview:-1"},"og_locale":"pt_BR","og_type":"article","og_title":"Clube do Livro - Instituto Gera\u00e7\u00e3o Amanh\u00e3","og_description":"Baixe aqui a mais recente edi\u00e7\u00e3o do ECA - Estatuto da Crian\u00e7a e do Adolescente, al\u00e9m de outras leis e manuais que asseguram os direitos das crian\u00e7as","og_url":"https:\/\/geracaoamanha.org.br\/teste\/clube-do-livro\/","og_site_name":"Instituto Gera\u00e7\u00e3o Amanh\u00e3","article_modified_time":"2020-09-26T16:42:16+00:00","og_image":[{"url":"https:\/\/geracaoamanha.org.br\/teste\/wp-content\/uploads\/2020\/09\/JOAO-PRESTA-ATENCAO.jpg","type":"","width":"","height":""}],"twitter_card":"summary_large_image","schema":{"@context":"https:\/\/schema.org","@graph":[{"@type":"WebPage","@id":"https:\/\/geracaoamanha.org.br\/teste\/clube-do-livro\/","url":"https:\/\/geracaoamanha.org.br\/teste\/clube-do-livro\/","name":"Clube do Livro - Instituto Gera\u00e7\u00e3o Amanh\u00e3","isPartOf":{"@id":"https:\/\/geracaoamanha.org.br\/teste\/#website"},"primaryImageOfPage":{"@id":"https:\/\/geracaoamanha.org.br\/teste\/clube-do-livro\/#primaryimage"},"image":{"@id":"https:\/\/geracaoamanha.org.br\/teste\/clube-do-livro\/#primaryimage"},"thumbnailUrl":"https:\/\/geracaoamanha.org.br\/teste\/wp-content\/uploads\/2020\/09\/JOAO-PRESTA-ATENCAO.jpg","datePublished":"2020-04-04T12:13:39+00:00","dateModified":"2020-09-26T16:42:16+00:00","description":"Baixe aqui a mais recente edi\u00e7\u00e3o do ECA - Estatuto da Crian\u00e7a e do Adolescente, al\u00e9m de outras leis e manuais que asseguram os direitos das crian\u00e7as","breadcrumb":{"@id":"https:\/\/geracaoamanha.org.br\/teste\/clube-do-livro\/#breadcrumb"},"inLanguage":"pt-BR","potentialAction":[{"@type":"ReadAction","target":["https:\/\/geracaoamanha.org.br\/teste\/clube-do-livro\/"]}]},{"@type":"ImageObject","inLanguage":"pt-BR","@id":"https:\/\/geracaoamanha.org.br\/teste\/clube-do-livro\/#primaryimage","url":"https:\/\/geracaoamanha.org.br\/teste\/wp-content\/uploads\/2020\/09\/JOAO-PRESTA-ATENCAO.jpg","contentUrl":"https:\/\/geracaoamanha.org.br\/teste\/wp-content\/uploads\/2020\/09\/JOAO-PRESTA-ATENCAO.jpg","width":200,"height":301},{"@type":"BreadcrumbList","@id":"https:\/\/geracaoamanha.org.br\/teste\/clube-do-livro\/#breadcrumb","itemListElement":[{"@type":"ListItem","position":1,"name":"Home","item":"https:\/\/geracaoamanha.org.br\/teste\/"},{"@type":"ListItem","position":2,"name":"Clube do Livro"}]},{"@type":"WebSite","@id":"https:\/\/geracaoamanha.org.br\/teste\/#website","url":"https:\/\/geracaoamanha.org.br\/teste\/","name":"Instituto Gera\u00e7\u00e3o Amanh\u00e3","description":"Tudo sobre acolhimento familiar e ado\u00e7\u00e3o","potentialAction":[{"@type":"SearchAction","target":{"@type":"EntryPoint","urlTemplate":"https:\/\/geracaoamanha.org.br\/teste\/?s={search_term_string}"},"query-input":{"@type":"PropertyValueSpecification","valueRequired":true,"valueName":"search_term_string"}}],"inLanguage":"pt-BR"}]}},"campaignId":"","_links":{"self":[{"href":"https:\/\/geracaoamanha.org.br\/teste\/wp-json\/wp\/v2\/pages\/3039","targetHints":{"allow":["GET"]}}],"collection":[{"href":"https:\/\/geracaoamanha.org.br\/teste\/wp-json\/wp\/v2\/pages"}],"about":[{"href":"https:\/\/geracaoamanha.org.br\/teste\/wp-json\/wp\/v2\/types\/page"}],"author":[{"embeddable":true,"href":"https:\/\/geracaoamanha.org.br\/teste\/wp-json\/wp\/v2\/users\/1"}],"replies":[{"embeddable":true,"href":"https:\/\/geracaoamanha.org.br\/teste\/wp-json\/wp\/v2\/comments?post=3039"}],"version-history":[{"count":6,"href":"https:\/\/geracaoamanha.org.br\/teste\/wp-json\/wp\/v2\/pages\/3039\/revisions"}],"predecessor-version":[{"id":5197,"href":"https:\/\/geracaoamanha.org.br\/teste\/wp-json\/wp\/v2\/pages\/3039\/revisions\/5197"}],"wp:attachment":[{"href":"https:\/\/geracaoamanha.org.br\/teste\/wp-json\/wp\/v2\/media?parent=3039"}],"curies":[{"name":"wp","href":"https:\/\/api.w.org\/{rel}","templated":true}]}}