{"id":2775,"date":"2020-01-20T08:09:44","date_gmt":"2020-01-20T11:09:44","guid":{"rendered":"https:\/\/geracaoamanha.org.br\/teste\/?page_id=2775"},"modified":"2024-12-11T09:41:38","modified_gmt":"2024-12-11T12:41:38","slug":"transparencia","status":"publish","type":"page","link":"https:\/\/geracaoamanha.org.br\/teste\/transparencia\/","title":{"rendered":"Transpar\u00eancia"},"content":{"rendered":"<div class=\"wpb-content-wrapper\"><p>[vc_row full_width=&#8221;stretch_row&#8221; css=&#8221;.vc_custom_1595949642960{padding-right: 15px !important;padding-left: 15px !important;}&#8221;][vc_column]<div class=\"sc_layouts sc_layouts_default sc_layouts_2777\">[vc_row][vc_column icons_position=\"left\"][vc_empty_space height=\"12px\" alter_height=\"small\" hide_on_mobile=\"\" css=\".vc_custom_1648726785847{margin-top: -0.1rem !important;}\"]<div class=\"sc_layouts_item\"><div id=\"sc_title_868393544\"\n\t\tclass=\"sc_title sc_title_default\"><h4 class=\"sc_item_title sc_title_title sc_align_center sc_item_title_style_default sc_item_title_tag\">Transpar\u00eancia<\/h4><\/div><!-- \/.sc_title --><\/div>[vc_empty_space height=\"12px\" hide_on_mobile=\"\" css=\".vc_custom_1648726733300{margin-top: -0.1rem !important;}\"]<div class=\"sc_layouts_item\"><div id=\"sc_title_1348567022\"\n\t\tclass=\"sc_title sc_title_default\"><h6 class=\"sc_item_subtitle sc_title_subtitle sc_align_center sc_item_title_style_default\">Somos uma Institui\u00e7\u00e3o sem fins lucrativos, fundada em 2016 sob o CNPJ 27.465.909\/0001-71. Para mais informa\u00e7\u00f5es clique nos itens abaixo.<\/h6><\/div><!-- \/.sc_title --><\/div>[vc_empty_space height=\"12px\" alter_height=\"small\" hide_on_mobile=\"\" css=\".vc_custom_1648727014526{margin-top: -0.1rem !important;}\"][vc_row_inner][vc_column_inner icons_position=\"left\"][vc_tta_tabs style=\"outline\" color=\"turquoise\" spacing=\"\" alignment=\"center\" active_section=\"1\" no_fill_content_area=\"true\"][vc_tta_section title=\"EMENDAS \/ EDITAIS UTILIZADOS EM PROJETOS AT\u00c9 JUNHO\/2025\" tab_id=\"1579514869424-78859d2c-ef2c\"][vc_column_text css=\"\"]\r\n<p style=\"text-align: center;\"><span style=\"color: #000000;\"><strong>EDITAL<\/strong> <strong>DE CHAMAMENTO P\u00daBLICO DO ESTADO DE SANTA CATARINA<\/strong><\/span><\/p>\r\n<p style=\"text-align: center;\"><strong>Edital de Chamamento P\u00fablico: <\/strong>n\u00ba003\/2021 - Processo Eletr\u00f4nico SPGE SST 417\/2021<\/p>\r\n<p style=\"text-align: center;\"><strong>Realiza\u00e7\u00e3o: <\/strong>Estado de Santa Catarina, por meio da Secretaria de Estado da Assist\u00eancia Social, Mulher e Fam\u00edlia (SAS), com recursos do Fundo para a Inf\u00e2ncia e Adolesc\u00eancia\u00a0\u2013\u00a0FIA\/SC<\/p>\r\n<p style=\"text-align: center;\"><strong>Termo de Fomento: 2024TR238 \/ Processo: SCC 13260\/2022<\/strong><\/p>\r\n<p style=\"text-align: center;\"><strong>Firmado e assinado com:<\/strong>\u00a0Instituto Gera\u00e7\u00e3o Amanh\u00e3 (CNPJ 27.465.909\/0001-71) em 24 de abril de 2024.<\/p>\r\n<p style=\"text-align: center;\"><strong>Objeto: <\/strong>Capacita\u00e7\u00e3o de 20h\/aula para os profissionais da rede sobre preven\u00e7\u00e3o e enfrentamento da viol\u00eancia contra crian\u00e7as e adolescentes, em curso a ser ministrado em EAD para os integrantes da rede da Regi\u00e3o AMAI. Inclui material de apoio e apostilas\u2013 as aulas ficar\u00e3o gravadas, dispon\u00edveis por tr\u00eas meses.<\/p>\r\n<p style=\"text-align: center;\"><strong>Nome do Projeto: <\/strong>PROTE\u00c7\u00c3O EM A\u00c7\u00c3O: A Rede no enfrentamento \u00e0 viol\u00eancia contra crian\u00e7as e adolescentes.<\/p>\r\n<p style=\"text-align: center;\"><strong>Valor total do projeto e da parceria:<\/strong> R$ 197.245,00 (cento e noventa e sete mil, duzentos e quarenta e cinco reais)<\/p>\r\n<p style=\"text-align: center;\"><strong>Presta\u00e7\u00e3o de Contas: <\/strong>prazo at\u00e9 30 de junho de 2025 \/ apresentada em 26 de junho de 2025 - aguardando an\u00e1lise e resultado conclusivo.<\/p>\r\n<p style=\"text-align: center;\"><span style=\"text-decoration: underline;\"><span style=\"color: #000000;\"><a style=\"color: #000000; text-decoration: underline;\" href=\"https:\/\/geracaoamanha.org.br\/teste\/wp-content\/uploads\/2025\/06\/Termo_de_Fomento_2024TR00238.pdf\" target=\"_blank\" rel=\"noopener\">CLIQUE AQUI PARA VER O TERMO DE FOMENTO 2024TR238 NA \u00cdNTEGRA<\/a><\/span><\/span><\/p>\r\n[\/vc_column_text][vc_separator color=\"turquoise\" style=\"shadow\" css=\"\"][vc_column_text css=\"\"]\r\n<p style=\"text-align: center;\"><span style=\"color: #000000;\"><strong>EMENDA <\/strong><\/span><\/p>\r\n<p style=\"text-align: center;\"><strong>N\u00famero e Autoria<\/strong>: Emenda Individual 28130021, de autoria do parlamentar Paulo Freire Costa<\/p>\r\n<p style=\"text-align: center;\"><strong>Valor da Emenda:<\/strong> R$ 200.000,00<\/p>\r\n<p style=\"text-align: center;\"><strong>Valor Global do(s) Projeto(s):<\/strong> R$ 619.912,12 (pagos com patroc\u00ednios e apoios de outras institui\u00e7\u00f5es)<\/p>\r\n<p style=\"text-align: center;\"><strong>N\u00famero do(s) Termo(s) de Fomento:<\/strong>\u00a0 920534\/2021<\/p>\r\n<p style=\"text-align: center;\"><strong>Objeto do(s) Termo(s) de Fomento:<\/strong> Informar e sensibilizar sobre o servi\u00e7o de acolhimento em fam\u00edlia acolhedora, com o objetivo de promover essa modalidade de acolhimento, garantindo o direito de conviv\u00eancia familiar e comunit\u00e1ria, e contribuir para o aumento da implanta\u00e7\u00e3o de servi\u00e7os de fam\u00edlia acolhedora.<\/p>\r\n<p style=\"text-align: center;\"><strong>Nome do Projeto:<\/strong> Semin\u00e1rio Internacional de Acolhimento Familiar<\/p>\r\n<p style=\"text-align: center;\"><strong>N\u00famero da proposta:<\/strong>\u00a0\u00a0049231\/2021<\/p>\r\n<p style=\"text-align: center;\"><span style=\"text-decoration: underline;\"><a href=\"https:\/\/geracaoamanha.org.br\/teste\/wp-content\/uploads\/2024\/12\/TERMO-DE-FOMENTO-920534.pdf\" target=\"_blank\" rel=\"noopener\"><span style=\"color: #000000; text-decoration: underline;\">CLIQUE AQUI PARA VER O TERMO DE FOMENTO No. 920534\/2021 NA INTEGRA<\/span><\/a><\/span><\/p>\r\n[\/vc_column_text][\/vc_tta_section][\/vc_tta_tabs][vc_tta_tabs style=\"outline\" color=\"turquoise\" spacing=\"\" alignment=\"center\" active_section=\"1\" no_fill_content_area=\"true\"][vc_tta_section title=\"DOCUMENTOS\" tab_id=\"1733949301188-42865807-e5ab\"][vc_column_text css=\"\"]\r\n<p style=\"text-align: center;\"><span style=\"color: #000000; font-family: helvetica, arial, sans-serif;\"><a style=\"color: #000000;\" href=\"https:\/\/geracaoamanha.org.br\/teste\/wp-content\/uploads\/2024\/12\/IGA-BALANCE-2023.pdf\" target=\"_blank\" rel=\"noopener\"><span style=\"font-size: 12pt;\">Balancete 2023<\/span><\/a><\/span><\/p>\r\n<p style=\"text-align: center;\"><span style=\"font-size: 12pt; color: #000000;\"><a style=\"color: #000000;\" href=\"https:\/\/geracaoamanha.org.br\/teste\/wp-content\/uploads\/2024\/05\/BALANCETE-2022.pdf\" target=\"_blank\" rel=\"noopener noreferrer\"><span style=\"font-family: helvetica, arial, sans-serif;\">Balancete<\/span> 2022<\/a><\/span><\/p>\r\n<p style=\"text-align: center;\"><a href=\"https:\/\/geracaoamanha.org.br\/teste\/wp-content\/uploads\/2024\/05\/ESTATUTO-IGA-VERSAO-4-2023.pdf\" target=\"_blank\" rel=\"noopener noreferrer\"><span style=\"font-size: 16px; color: #01254a; font-family: helvetica, arial, sans-serif;\">Estatuto Social<\/span><\/a><\/p>\r\n<p style=\"text-align: center;\"><a href=\"https:\/\/geracaoamanha.org.br\/teste\/wp-content\/uploads\/2024\/05\/ATA-ASSEMBLEIA-2023.pdf\" target=\"_blank\" rel=\"noopener noreferrer\"><span style=\"font-family: helvetica, arial, sans-serif; font-size: 16px; color: #01254a;\">Ata da Assembl\u00e9ia Geral Extraordin\u00e1ria<\/span><\/a><\/p>\r\n<p style=\"text-align: center;\"><a href=\"https:\/\/geracaoamanha.org.br\/teste\/wp-content\/uploads\/2021\/01\/CNPJ-IGA.pdf\" target=\"_blank\" rel=\"noopener noreferrer\"><span style=\"font-family: helvetica, arial, sans-serif; font-size: 16px; color: #01254a;\">Cart\u00e3o CNPJ<\/span><\/a><\/p>\r\n[\/vc_column_text][vc_column_text][\/vc_column_text][\/vc_tta_section][\/vc_tta_tabs][vc_tta_tabs style=\"outline\" color=\"turquoise\" spacing=\"\" alignment=\"center\" active_section=\"1\" no_fill_content_area=\"true\"][vc_tta_section title=\"RELAT\u00d3RIOS DE ATIVIDADES\" tab_id=\"1579517897407-649526a2-70d9\"][vc_column_text css=\"\"]\r\n<p style=\"text-align: center;\"><span style=\"color: #000080;\"><strong><span style=\"font-family: helvetica, arial, sans-serif; font-size: 12pt;\">Relat\u00f3rio de Atividades 2024<\/span><\/strong><\/span><\/p>\r\n<p style=\"text-align: center;\"><span style=\"font-family: helvetica, arial, sans-serif; font-size: 12pt; color: #000000;\"><a style=\"color: #000000;\" href=\"https:\/\/geracaoamanha.org.br\/teste\/wp-content\/uploads\/2025\/09\/Relat-Ativ-IGA-2024-Final.pdf\" target=\"_blank\" rel=\"noopener noreferrer\"><span style=\"text-decoration: underline;\">BAIXAR PDF<\/span><\/a><\/span> <span style=\"font-family: helvetica, arial, sans-serif; font-size: 12pt; color: #000000;\">ou <span style=\"text-decoration: underline;\"><a style=\"color: #000000; text-decoration: underline;\" href=\"https:\/\/bit.ly\/igarelatorio2024\" target=\"_blank\" rel=\"noopener noreferrer\">VISUALIZAR<\/a><\/span><\/span><\/p>\r\n[\/vc_column_text][vc_empty_space height=\"20px\" alter_height=\"small\" hide_on_mobile=\"\" css=\".vc_custom_1648726285313{margin-top: -0.1rem !important;}\"][vc_column_text]\r\n<p style=\"text-align: center;\"><span style=\"color: #000080;\"><strong><span style=\"font-family: helvetica, arial, sans-serif; font-size: 12pt;\">Relat\u00f3rio de Atividades 2023<\/span><\/strong><\/span><\/p>\r\n<p style=\"text-align: center;\"><span style=\"font-family: helvetica, arial, sans-serif; font-size: 12pt; color: #000000;\"><a style=\"color: #000000;\" href=\"https:\/\/geracaoamanha.org.br\/teste\/relatorio-atividades-2023-iga\/\" target=\"_blank\" rel=\"noopener noreferrer\"><span style=\"text-decoration: underline;\">BAIXAR PDF<\/span><\/a><\/span> <span style=\"font-family: helvetica, arial, sans-serif; font-size: 12pt; color: #000000;\">ou <span style=\"text-decoration: underline;\"><a style=\"color: #000000; text-decoration: underline;\" href=\"https:\/\/issuu.com\/geracaoamanha\/docs\/relatorio_atividades_2023_-_iga\" target=\"_blank\" rel=\"noopener noreferrer\">VISUALIZAR<\/a><\/span><\/span><\/p>\r\n[\/vc_column_text][vc_empty_space height=\"20px\" alter_height=\"small\" hide_on_mobile=\"\" css=\".vc_custom_1648726285313{margin-top: -0.1rem !important;}\"][vc_column_text]\r\n<p style=\"text-align: center;\"><span style=\"color: #000080;\"><strong><span style=\"font-family: helvetica, arial, sans-serif; font-size: 12pt;\">Relat\u00f3rio de Atividades 2022 <\/span><\/strong><\/span><\/p>\r\n<p style=\"text-align: center;\"><span style=\"font-family: helvetica, arial, sans-serif; font-size: 12pt; color: #000000;\"><a style=\"color: #000000;\" href=\"https:\/\/geracaoamanha.org.br\/teste\/wp-content\/uploads\/2023\/04\/Relatorio-Atividades-2022-IGA.pdf\" target=\"_blank\" rel=\"noopener noreferrer\"><span style=\"text-decoration: underline;\">BAIXAR PDF<\/span><\/a><\/span> <span style=\"font-family: helvetica, arial, sans-serif; font-size: 12pt; color: #000000;\">ou <span style=\"text-decoration: underline;\"><a style=\"color: #000000; text-decoration: underline;\" href=\"https:\/\/www.flipsnack.com\/geracaoamanha\/relatorio-atividades-2022-instituto-geracao-amanha.html\" target=\"_blank\" rel=\"noopener noreferrer\">VISUALIZAR<\/a><\/span><\/span><\/p>\r\n[\/vc_column_text][vc_empty_space height=\"20px\" alter_height=\"small\" hide_on_mobile=\"\" css=\".vc_custom_1648726285313{margin-top: -0.1rem !important;}\"][vc_column_text]\r\n<p style=\"text-align: center;\"><span style=\"color: #000080;\"><strong><span style=\"font-family: helvetica, arial, sans-serif; font-size: 12pt;\">Relat\u00f3rio de Atividades 2021 <\/span><\/strong><\/span><\/p>\r\n<p style=\"text-align: center;\"><span style=\"font-family: helvetica, arial, sans-serif; font-size: 12pt; color: #01254a;\"><span style=\"color: #000000;\"><span style=\"text-decoration: underline;\"><a style=\"color: #000000; text-decoration: underline;\" href=\"https:\/\/geracaoamanha.org.br\/teste\/wp-content\/uploads\/2022\/03\/RELAT-ATIV-2021-FINAL-REDUZIDO.pdf\" target=\"_blank\" rel=\"noopener noreferrer\">BAIXAR PDF<\/a><\/span> ou<\/span> <span style=\"text-decoration: underline; color: #000000;\"><a style=\"color: #000000; text-decoration: underline;\" href=\"https:\/\/www.flipsnack.com\/geracaoamanha\/relat-rio-de-atividades-2021-instituto-gera-o-amanh.html\" target=\"_blank\" rel=\"noopener noreferrer\">VISUALIZAR<\/a><\/span><\/span><\/p>\r\n[\/vc_column_text][vc_empty_space height=\"20px\" alter_height=\"small\" hide_on_mobile=\"\" css=\".vc_custom_1648726285313{margin-top: -0.1rem !important;}\"][vc_column_text css=\"\"]\r\n<p style=\"text-align: center;\"><span style=\"color: #000080;\"><strong><span style=\"font-family: helvetica, arial, sans-serif; font-size: 12pt;\">Relat\u00f3rio de Atividades 2020 <\/span><\/strong><\/span><\/p>\r\n<p style=\"text-align: center;\"><span style=\"font-family: helvetica, arial, sans-serif; font-size: 12pt; color: #000000;\"><span style=\"text-decoration: underline;\"><a style=\"color: #000000; text-decoration: underline;\" href=\"https:\/\/geracaoamanha.org.br\/teste\/wp-content\/uploads\/2021\/03\/Relatorio-Atividade-2020-IGA.pdf\" target=\"_blank\" rel=\"noopener noreferrer\">BAIXAR PDF\u00a0<\/a><\/span><\/span><\/p>\r\n[\/vc_column_text][vc_empty_space height=\"20px\" alter_height=\"small\" hide_on_mobile=\"\" css=\".vc_custom_1648726416370{margin-top: -0.1rem !important;}\"][vc_column_text]\r\n<p style=\"text-align: center;\"><span style=\"color: #000080;\"><strong><span style=\"font-family: helvetica, arial, sans-serif; font-size: 16px;\">Relat\u00f3rio de Atividades 2019<\/span><\/strong><\/span><\/p>\r\n<p style=\"text-align: center;\"><span style=\"font-family: helvetica, arial, sans-serif; font-size: 12pt; color: #000000;\"><a style=\"color: #000000;\" href=\"https:\/\/geracaoamanha.org.br\/teste\/wp-content\/uploads\/2020\/08\/FINAL-RELATORIO-DE-ATIVIDADES-2019.pdf\" target=\"_blank\" rel=\"noopener noreferrer\"><span style=\"text-decoration: underline;\">BAIXAR PDF<\/span><\/a><\/span><\/p>\r\n[\/vc_column_text][\/vc_tta_section][\/vc_tta_tabs][\/vc_column_inner][\/vc_row_inner][vc_empty_space height=\"12px\" alter_height=\"large\" hide_on_mobile=\"\" css=\".vc_custom_1534528648901{margin-top: -0.1rem !important;}\"][\/vc_column][\/vc_row]<\/div>[vc_empty_space height=&#8221;22px&#8221; alter_height=&#8221;small&#8221; hide_on_mobile=&#8221;&#8221; css=&#8221;.vc_custom_1534446280629{margin-top: -0.25rem !important;}&#8221;][\/vc_column][\/vc_row][vc_row full_width=&#8221;stretch_row&#8221; css=&#8221;.vc_custom_1498469327335{background-color: #f7f7f7 !important;}&#8221;][vc_column]<div class=\"sc_layouts sc_layouts_default sc_layouts_698\"><\/div>[vc_empty_space height=&#8221;22px&#8221; alter_height=&#8221;small&#8221; hide_on_mobile=&#8221;&#8221; css=&#8221;.vc_custom_1534446280629{margin-top: -0.25rem !important;}&#8221;][\/vc_column][\/vc_row]<\/p>\n<\/div>","protected":false},"excerpt":{"rendered":"<p>[vc_row full_width=&#8221;stretch_row&#8221; css=&#8221;.vc_custom_1595949642960{padding-right: 15px !important;padding-left: 15px !important;}&#8221;][vc_column][vc_empty_space height=&#8221;22px&#8221; alter_height=&#8221;small&#8221; hide_on_mobile=&#8221;&#8221; css=&#8221;.vc_custom_1534446280629{margin-top: -0.25rem !important;}&#8221;][\/vc_column][\/vc_row][vc_row full_width=&#8221;stretch_row&#8221; css=&#8221;.vc_custom_1498469327335{background-color: #f7f7f7 !important;}&#8221;][vc_column][vc_empty_space height=&#8221;22px&#8221; alter_height=&#8221;small&#8221; hide_on_mobile=&#8221;&#8221; css=&#8221;.vc_custom_1534446280629{margin-top: -0.25rem !important;}&#8221;][\/vc_column][\/vc_row]<\/p>\n","protected":false},"author":1,"featured_media":0,"parent":0,"menu_order":0,"comment_status":"closed","ping_status":"closed","template":"","meta":{"give_campaign_id":0,"footnotes":""},"class_list":["post-2775","page","type-page","status-publish","hentry"],"yoast_head":"<!-- This site is optimized with the Yoast SEO plugin v27.2 - https:\/\/yoast.com\/product\/yoast-seo-wordpress\/ -->\n<title>Transpar\u00eancia - Instituto Gera\u00e7\u00e3o Amanh\u00e3<\/title>\n<meta name=\"description\" content=\"Veja aqui os nossos documentos tais como estatuto social, balan\u00e7os, relat\u00f3rios de atividades entre outros.\" \/>\n<meta name=\"robots\" content=\"noindex, follow, max-snippet:-1, max-image-preview:large, max-video-preview:-1\" \/>\n<meta property=\"og:locale\" content=\"pt_BR\" \/>\n<meta property=\"og:type\" content=\"article\" \/>\n<meta property=\"og:title\" content=\"Transpar\u00eancia - Instituto Gera\u00e7\u00e3o Amanh\u00e3\" \/>\n<meta property=\"og:description\" content=\"Veja aqui os nossos documentos tais como estatuto social, balan\u00e7os, relat\u00f3rios de atividades entre outros.\" \/>\n<meta property=\"og:url\" content=\"https:\/\/geracaoamanha.org.br\/teste\/transparencia\/\" \/>\n<meta property=\"og:site_name\" content=\"Instituto Gera\u00e7\u00e3o Amanh\u00e3\" \/>\n<meta property=\"article:modified_time\" content=\"2024-12-11T12:41:38+00:00\" \/>\n<meta name=\"twitter:card\" content=\"summary_large_image\" \/>\n<script type=\"application\/ld+json\" class=\"yoast-schema-graph\">{\"@context\":\"https:\/\/schema.org\",\"@graph\":[{\"@type\":\"WebPage\",\"@id\":\"https:\/\/geracaoamanha.org.br\/teste\/transparencia\/\",\"url\":\"https:\/\/geracaoamanha.org.br\/teste\/transparencia\/\",\"name\":\"Transpar\u00eancia - Instituto Gera\u00e7\u00e3o Amanh\u00e3\",\"isPartOf\":{\"@id\":\"https:\/\/geracaoamanha.org.br\/teste\/#website\"},\"datePublished\":\"2020-01-20T11:09:44+00:00\",\"dateModified\":\"2024-12-11T12:41:38+00:00\",\"description\":\"Veja aqui os nossos documentos tais como estatuto social, balan\u00e7os, relat\u00f3rios de atividades entre outros.\",\"breadcrumb\":{\"@id\":\"https:\/\/geracaoamanha.org.br\/teste\/transparencia\/#breadcrumb\"},\"inLanguage\":\"pt-BR\",\"potentialAction\":[{\"@type\":\"ReadAction\",\"target\":[\"https:\/\/geracaoamanha.org.br\/teste\/transparencia\/\"]}]},{\"@type\":\"BreadcrumbList\",\"@id\":\"https:\/\/geracaoamanha.org.br\/teste\/transparencia\/#breadcrumb\",\"itemListElement\":[{\"@type\":\"ListItem\",\"position\":1,\"name\":\"Home\",\"item\":\"https:\/\/geracaoamanha.org.br\/teste\/\"},{\"@type\":\"ListItem\",\"position\":2,\"name\":\"Transpar\u00eancia\"}]},{\"@type\":\"WebSite\",\"@id\":\"https:\/\/geracaoamanha.org.br\/teste\/#website\",\"url\":\"https:\/\/geracaoamanha.org.br\/teste\/\",\"name\":\"Instituto Gera\u00e7\u00e3o Amanh\u00e3\",\"description\":\"Tudo sobre acolhimento familiar e ado\u00e7\u00e3o\",\"potentialAction\":[{\"@type\":\"SearchAction\",\"target\":{\"@type\":\"EntryPoint\",\"urlTemplate\":\"https:\/\/geracaoamanha.org.br\/teste\/?s={search_term_string}\"},\"query-input\":{\"@type\":\"PropertyValueSpecification\",\"valueRequired\":true,\"valueName\":\"search_term_string\"}}],\"inLanguage\":\"pt-BR\"}]}<\/script>\n<!-- \/ Yoast SEO plugin. -->","yoast_head_json":{"title":"Transpar\u00eancia - Instituto Gera\u00e7\u00e3o Amanh\u00e3","description":"Veja aqui os nossos documentos tais como estatuto social, balan\u00e7os, relat\u00f3rios de atividades entre outros.","robots":{"index":"noindex","follow":"follow","max-snippet":"max-snippet:-1","max-image-preview":"max-image-preview:large","max-video-preview":"max-video-preview:-1"},"og_locale":"pt_BR","og_type":"article","og_title":"Transpar\u00eancia - Instituto Gera\u00e7\u00e3o Amanh\u00e3","og_description":"Veja aqui os nossos documentos tais como estatuto social, balan\u00e7os, relat\u00f3rios de atividades entre outros.","og_url":"https:\/\/geracaoamanha.org.br\/teste\/transparencia\/","og_site_name":"Instituto Gera\u00e7\u00e3o Amanh\u00e3","article_modified_time":"2024-12-11T12:41:38+00:00","twitter_card":"summary_large_image","schema":{"@context":"https:\/\/schema.org","@graph":[{"@type":"WebPage","@id":"https:\/\/geracaoamanha.org.br\/teste\/transparencia\/","url":"https:\/\/geracaoamanha.org.br\/teste\/transparencia\/","name":"Transpar\u00eancia - Instituto Gera\u00e7\u00e3o Amanh\u00e3","isPartOf":{"@id":"https:\/\/geracaoamanha.org.br\/teste\/#website"},"datePublished":"2020-01-20T11:09:44+00:00","dateModified":"2024-12-11T12:41:38+00:00","description":"Veja aqui os nossos documentos tais como estatuto social, balan\u00e7os, relat\u00f3rios de atividades entre outros.","breadcrumb":{"@id":"https:\/\/geracaoamanha.org.br\/teste\/transparencia\/#breadcrumb"},"inLanguage":"pt-BR","potentialAction":[{"@type":"ReadAction","target":["https:\/\/geracaoamanha.org.br\/teste\/transparencia\/"]}]},{"@type":"BreadcrumbList","@id":"https:\/\/geracaoamanha.org.br\/teste\/transparencia\/#breadcrumb","itemListElement":[{"@type":"ListItem","position":1,"name":"Home","item":"https:\/\/geracaoamanha.org.br\/teste\/"},{"@type":"ListItem","position":2,"name":"Transpar\u00eancia"}]},{"@type":"WebSite","@id":"https:\/\/geracaoamanha.org.br\/teste\/#website","url":"https:\/\/geracaoamanha.org.br\/teste\/","name":"Instituto Gera\u00e7\u00e3o Amanh\u00e3","description":"Tudo sobre acolhimento familiar e ado\u00e7\u00e3o","potentialAction":[{"@type":"SearchAction","target":{"@type":"EntryPoint","urlTemplate":"https:\/\/geracaoamanha.org.br\/teste\/?s={search_term_string}"},"query-input":{"@type":"PropertyValueSpecification","valueRequired":true,"valueName":"search_term_string"}}],"inLanguage":"pt-BR"}]}},"campaignId":"","_links":{"self":[{"href":"https:\/\/geracaoamanha.org.br\/teste\/wp-json\/wp\/v2\/pages\/2775","targetHints":{"allow":["GET"]}}],"collection":[{"href":"https:\/\/geracaoamanha.org.br\/teste\/wp-json\/wp\/v2\/pages"}],"about":[{"href":"https:\/\/geracaoamanha.org.br\/teste\/wp-json\/wp\/v2\/types\/page"}],"author":[{"embeddable":true,"href":"https:\/\/geracaoamanha.org.br\/teste\/wp-json\/wp\/v2\/users\/1"}],"replies":[{"embeddable":true,"href":"https:\/\/geracaoamanha.org.br\/teste\/wp-json\/wp\/v2\/comments?post=2775"}],"version-history":[{"count":1,"href":"https:\/\/geracaoamanha.org.br\/teste\/wp-json\/wp\/v2\/pages\/2775\/revisions"}],"predecessor-version":[{"id":7576,"href":"https:\/\/geracaoamanha.org.br\/teste\/wp-json\/wp\/v2\/pages\/2775\/revisions\/7576"}],"wp:attachment":[{"href":"https:\/\/geracaoamanha.org.br\/teste\/wp-json\/wp\/v2\/media?parent=2775"}],"curies":[{"name":"wp","href":"https:\/\/api.w.org\/{rel}","templated":true}]}}