{"id":2587,"date":"2019-08-02T08:30:00","date_gmt":"2019-08-02T11:30:00","guid":{"rendered":"https:\/\/geracaoamanha.org.br\/teste\/?page_id=2587"},"modified":"2020-08-10T06:17:28","modified_gmt":"2020-08-10T09:17:28","slug":"ebookaf","status":"publish","type":"page","link":"https:\/\/geracaoamanha.org.br\/teste\/ebookaf\/","title":{"rendered":"E-Book Acolhimento Familiar"},"content":{"rendered":"<div class=\"wpb-content-wrapper\"><p>[vc_row][vc_column]<div id=\"sc_title_1948280344\"\n\t\tclass=\"sc_title sc_title_default\"><h6 class=\"sc_item_subtitle sc_title_subtitle sc_align_center sc_item_title_style_default\">Caracter\u00edsticas, vantagens e como funciona. Saiba tudo!<\/h6><h3 class=\"sc_item_title sc_title_title sc_align_center sc_item_title_style_default sc_item_title_tag\">Acolhimento Familiar<\/h3><\/div><!-- \/.sc_title -->[vc_column_text]<\/p>\n<p style=\"text-align: center;\"><span style=\"font-size: 16px; background-color: #ffffff; color: #050554;\">As d\u00favidas mais frequentes respondidas de forma simples e direta. Leis atualizadas, diferen\u00e7as sobre as modalidades e muito mais.<\/span><\/p>\n<p style=\"margin-top: 11.85pt; line-height: 157%; text-align: center;\"><span style=\"font-size: 20px; line-height: 157%; color: #444444;\">Criamos esse E-Book com o objetivo de esclarecer as principais d\u00favidas sobre essa modalidade de prote\u00e7\u00e3o a crian\u00e7as e adolescentes, que precisaram ser afastados de suas fam\u00edlias de origem por causa de situa\u00e7\u00f5es de risco e vulnerabilidade. Nele voc\u00ea vai encontrar informa\u00e7\u00f5es completas, com linguagem simples e direta, al\u00e9m de conte\u00fados complementares, tais como leis e links para diversos artigos e sites. Baixe o seu exemplar e fique atualizado sobre esse importante tema.<\/span><\/p>\n<p>[\/vc_column_text][vc_empty_space height=&#8221;12px&#8221; alter_height=&#8221;small&#8221; hide_on_mobile=&#8221;&#8221;][\/vc_column][\/vc_row][vc_row gap=&#8221;20&#8243;][vc_column width=&#8221;1\/2&#8243;]<div id=\"sc_title_670554885\"\n\t\tclass=\"sc_title sc_title_default\"><h5 class=\"sc_item_title sc_title_title sc_align_left sc_item_title_style_default sc_item_title_tag\">Voc\u00ea vai ler aqui<\/h5><\/div><!-- \/.sc_title -->[vc_empty_space alter_height=&#8221;small&#8221; hide_on_mobile=&#8221;&#8221;][vc_single_image image=&#8221;5069&#8243; img_size=&#8221;full&#8221; style=&#8221;vc_box_shadow&#8221; onclick=&#8221;zoom&#8221;][vc_empty_space alter_height=&#8221;small&#8221; hide_on_mobile=&#8221;&#8221;][\/vc_column][vc_column width=&#8221;1\/2&#8243;]<div id=\"sc_title_1432960144\"\n\t\tclass=\"sc_title sc_title_default\"><h5 class=\"sc_item_title sc_title_title sc_align_left sc_item_title_style_default sc_item_title_tag\">Preencha e baixe o seu<\/h5><\/div><!-- \/.sc_title -->[vc_empty_space height=&#8221;12px&#8221; alter_height=&#8221;small&#8221; hide_on_mobile=&#8221;&#8221;]\n<div class=\"wpcf7 no-js\" id=\"wpcf7-f3816-o1\" lang=\"pt-BR\" dir=\"ltr\" data-wpcf7-id=\"3816\">\n<div class=\"screen-reader-response\"><p role=\"status\" aria-live=\"polite\" aria-atomic=\"true\"><\/p> <ul><\/ul><\/div>\n<form action=\"\/teste\/wp-json\/wp\/v2\/pages\/2587#wpcf7-f3816-o1\" method=\"post\" class=\"wpcf7-form init\" aria-label=\"Formul\u00e1rios de contato\" novalidate=\"novalidate\" data-status=\"init\">\n<fieldset class=\"hidden-fields-container\"><input type=\"hidden\" name=\"_wpcf7\" value=\"3816\" \/><input type=\"hidden\" name=\"_wpcf7_version\" value=\"6.1.1\" \/><input type=\"hidden\" name=\"_wpcf7_locale\" value=\"pt_BR\" \/><input type=\"hidden\" name=\"_wpcf7_unit_tag\" value=\"wpcf7-f3816-o1\" \/><input type=\"hidden\" name=\"_wpcf7_container_post\" value=\"0\" \/><input type=\"hidden\" name=\"_wpcf7_posted_data_hash\" value=\"\" \/>\n<\/fieldset>\n<p><label> Seu nome<br \/>\n<span class=\"wpcf7-form-control-wrap\" data-name=\"remetente\"><input size=\"40\" maxlength=\"400\" class=\"wpcf7-form-control wpcf7-text wpcf7-validates-as-required\" id=\"remetente\" aria-required=\"true\" aria-invalid=\"false\" value=\"\" type=\"text\" name=\"remetente\" \/><\/span> <\/label>\n<\/p>\n<p><label> Seu e-mail<br \/>\n<span class=\"wpcf7-form-control-wrap\" data-name=\"emailremetente\"><input size=\"40\" maxlength=\"400\" class=\"wpcf7-form-control wpcf7-email wpcf7-validates-as-required wpcf7-text wpcf7-validates-as-email\" id=\"emailremetente\" aria-required=\"true\" aria-invalid=\"false\" value=\"\" type=\"email\" name=\"emailremetente\" \/><\/span> <\/label>\n<\/p>\n<p><label> Sua cidade<br \/>\n<span class=\"wpcf7-form-control-wrap\" data-name=\"your-city\"><input size=\"40\" maxlength=\"400\" class=\"wpcf7-form-control wpcf7-text wpcf7-validates-as-required\" id=\"your-city\" aria-required=\"true\" aria-invalid=\"false\" value=\"\" type=\"text\" name=\"your-city\" \/><\/span> <\/label>\n<\/p>\n<p><label> Seu estado<br \/>\n<span class=\"wpcf7-form-control-wrap\" data-name=\"your-state\"><input size=\"40\" maxlength=\"400\" class=\"wpcf7-form-control wpcf7-text wpcf7-validates-as-required\" id=\"your-state\" aria-required=\"true\" aria-invalid=\"false\" value=\"\" type=\"text\" name=\"your-state\" \/><\/span> <\/label>\n<\/p>\n<p><input class=\"wpcf7-form-control wpcf7-submit has-spinner\" type=\"submit\" value=\"Enviar\" \/>\n<\/p><noscript>\n\t\t\t<div class=\"wpcf7-response-output wpcf7-spam-blocked\">Your browser does not support JavaScript!. Please enable javascript in your browser in order to get form work properly.<\/div>\n\t<\/noscript><script type='text\/javascript'>\n\n\t\t\t\t\t\tif(contactform === undefined){\n\t\t\t\t\t\t\tvar contactform = [];\n\t\t\t\t\t\t}\n\t\t\t\t\t\tvar innerVal = [3816,'mail_sent_ok','SEU PDF EST&Aacute; DISPON&Iacute;VEL. SE N&Atilde;O ABRIR AUTOMATICAMENTE, VERIFIQUE NA PASTA DOWNLOAD DO SEU COMPUTADOR'];\n\t\t\t\t\t\tcontactform.push(innerVal);\n\t\t\t\t\t\tvar innerVal = [3816,'mail_sent_ng','Ocorreu um erro ao tentar enviar sua mensagem. Tente novamente mais tarde.'];\n\t\t\t\t\t\tcontactform.push(innerVal);\n\t\t\t\t\t\tvar innerVal = [3816,'validation_error','Um ou mais campos possuem um erro. Verifique e tente novamente.'];\n\t\t\t\t\t\tcontactform.push(innerVal);\n\t\t\t\t\t\tvar innerVal = [3816,'spam','Ocorreu um erro ao tentar enviar sua mensagem. Tente novamente mais tarde.'];\n\t\t\t\t\t\tcontactform.push(innerVal);\n\t\t\t\t\t\tvar innerVal = [3816,'accept_terms','Voc&ecirc; deve aceitar os termos e condi&ccedil;&otilde;es antes de enviar sua mensagem.'];\n\t\t\t\t\t\tcontactform.push(innerVal);\n\t\t\t\t\t\tvar innerVal = [3816,'invalid_required','O campo &eacute; obrigat&oacute;rio.'];\n\t\t\t\t\t\tcontactform.push(innerVal);\n\t\t\t\t\t\tvar innerVal = [3816,'invalid_too_long','O campo &eacute; muito longo.'];\n\t\t\t\t\t\tcontactform.push(innerVal);\n\t\t\t\t\t\tvar innerVal = [3816,'invalid_too_short','O campo &eacute; muito curto.'];\n\t\t\t\t\t\tcontactform.push(innerVal);\n\t\t\t\t\t\tvar innerVal = [3816,'invalid_email','O endere&ccedil;o de e-mail informado &eacute; inv&aacute;lido.'];\n\t\t\t\t\t\tcontactform.push(innerVal);\n\t\t\t\t\t\tvar innerVal = [3816,'invalid_url','A URL &eacute; inv&aacute;lida.'];\n\t\t\t\t\t\tcontactform.push(innerVal);\n\t\t\t\t\t\tvar innerVal = [3816,'invalid_tel','O n&uacute;mero de telefone &eacute; inv&aacute;lido.'];\n\t\t\t\t\t\tcontactform.push(innerVal);\n\t\t\t\t\t\tvar innerVal = [3816,'invalid_date','O formato de data est&aacute; incorreto.'];\n\t\t\t\t\t\tcontactform.push(innerVal);\n\t\t\t\t\t\tvar innerVal = [3816,'date_too_early','A data &eacute; anterior &agrave; mais antiga permitida.'];\n\t\t\t\t\t\tcontactform.push(innerVal);\n\t\t\t\t\t\tvar innerVal = [3816,'date_too_late','A data &eacute; posterior &agrave; maior data permitida.'];\n\t\t\t\t\t\tcontactform.push(innerVal);\n\t\t\t\t\t\tvar innerVal = [3816,'upload_failed','Ocorreu um erro desconhecido ao enviar o arquivo.'];\n\t\t\t\t\t\tcontactform.push(innerVal);\n\t\t\t\t\t\tvar innerVal = [3816,'upload_file_type_invalid','Voc&ecirc; n&atilde;o tem permiss&atilde;o para enviar esse tipo de arquivo.'];\n\t\t\t\t\t\tcontactform.push(innerVal);\n\t\t\t\t\t\tvar innerVal = [3816,'upload_file_too_large','O arquivo &eacute; muito grande.'];\n\t\t\t\t\t\tcontactform.push(innerVal);\n\t\t\t\t\t\tvar innerVal = [3816,'upload_failed_php_error','Ocorreu um erro ao enviar o arquivo.'];\n\t\t\t\t\t\tcontactform.push(innerVal);\n\t\t\t\t\t\tvar innerVal = [3816,'invalid_number','O formato de n&uacute;mero &eacute; inv&aacute;lido.'];\n\t\t\t\t\t\tcontactform.push(innerVal);\n\t\t\t\t\t\tvar innerVal = [3816,'number_too_small','O n&uacute;mero &eacute; menor do que o m&iacute;nimo permitido.'];\n\t\t\t\t\t\tcontactform.push(innerVal);\n\t\t\t\t\t\tvar innerVal = [3816,'number_too_large','O n&uacute;mero &eacute; maior do que o m&aacute;ximo permitido.'];\n\t\t\t\t\t\tcontactform.push(innerVal);\n\t\t\t\t\t\tvar innerVal = [3816,'quiz_answer_not_correct','A resposta para o quiz est&aacute; incorreta.'];\n\t\t\t\t\t\tcontactform.push(innerVal);\n\t\t\t\t\t\tvar innerVal = [3816,'gdpr',''];\n\t\t\t\t\t\tcontactform.push(innerVal);\n\t\t\t\t\t\t<\/script><div class=\"wpcf7-response-output\" aria-hidden=\"true\"><\/div>\n<\/form>\n<\/div>\n[\/vc_column][\/vc_row][vc_row][vc_column][vc_empty_space height=&#8221;12px&#8221; hide_on_mobile=&#8221;&#8221;][vc_column_text]<\/p>\n<p><span style=\"font-size: 16px; color: #333333;\">Esse E-Book foi redigido e produzido pelo Instituto Gera\u00e7\u00e3o Amanh\u00e3,\u00a0uma organiza\u00e7\u00e3o sem fins lucrativos, de apoio ao acolhimento familiar e \u00e0 ado\u00e7\u00e3o. Uma institui\u00e7\u00e3o pioneira no sentido de informar e conscientizar toda a sociedade sobre esses temas.<\/span><\/p>\n<p><span style=\"font-size: 16px; color: #333333;\">Temos como foco a produ\u00e7\u00e3o de informa\u00e7\u00f5es e conte\u00fados s\u00e9rios e de qualidade sobre Acolhimento Familiar e Ado\u00e7\u00e3o, porque acreditamos que para mudar \u00e9 preciso conscientiza\u00e7\u00e3o. E que n\u00e3o se pode exigir conscientiza\u00e7\u00e3o se n\u00e3o houver acesso \u00e0 informa\u00e7\u00e3o.<\/span><\/p>\n<p><img loading=\"lazy\" decoding=\"async\" class=\"aligncenter wp-image-2635 size-trx_addons-thumb-small\" src=\"https:\/\/geracaoamanha.org.br\/teste\/wp-content\/uploads\/2019\/08\/meninos-assinatura-1-270x152.png\" alt=\"\" width=\"270\" height=\"152\" \/>[\/vc_column_text][\/vc_column][\/vc_row]<\/p>\n<\/div>","protected":false},"excerpt":{"rendered":"<p>[vc_row][vc_column][vc_column_text] As d\u00favidas mais frequentes respondidas de forma simples e direta. Leis atualizadas, diferen\u00e7as sobre as modalidades e muito mais. Criamos esse E-Book com o objetivo de esclarecer as principais d\u00favidas sobre essa modalidade de prote\u00e7\u00e3o a crian\u00e7as e adolescentes, que precisaram ser afastados de suas fam\u00edlias de origem por causa de situa\u00e7\u00f5es de risco e vulnerabilidade. Nele voc\u00ea vai&hellip;<\/p>\n","protected":false},"author":1,"featured_media":0,"parent":0,"menu_order":0,"comment_status":"closed","ping_status":"closed","template":"","meta":{"give_campaign_id":0,"footnotes":""},"class_list":["post-2587","page","type-page","status-publish","hentry"],"yoast_head":"<!-- This site is optimized with the Yoast SEO plugin v27.2 - https:\/\/yoast.com\/product\/yoast-seo-wordpress\/ -->\n<title>E-Book Acolhimento Familiar - Instituto Gera\u00e7\u00e3o Amanh\u00e3<\/title>\n<meta name=\"robots\" content=\"noindex, follow, max-snippet:-1, max-image-preview:large, max-video-preview:-1\" \/>\n<meta property=\"og:locale\" content=\"pt_BR\" \/>\n<meta property=\"og:type\" content=\"article\" \/>\n<meta property=\"og:title\" content=\"E-Book Acolhimento Familiar - Instituto Gera\u00e7\u00e3o Amanh\u00e3\" \/>\n<meta property=\"og:description\" content=\"[vc_row][vc_column][vc_column_text] As d\u00favidas mais frequentes respondidas de forma simples e direta. Leis atualizadas, diferen\u00e7as sobre as modalidades e muito mais. Criamos esse E-Book com o objetivo de esclarecer as principais d\u00favidas sobre essa modalidade de prote\u00e7\u00e3o a crian\u00e7as e adolescentes, que precisaram ser afastados de suas fam\u00edlias de origem por causa de situa\u00e7\u00f5es de risco e vulnerabilidade. Nele voc\u00ea vai&hellip;\" \/>\n<meta property=\"og:url\" content=\"https:\/\/geracaoamanha.org.br\/teste\/ebookaf\/\" \/>\n<meta property=\"og:site_name\" content=\"Instituto Gera\u00e7\u00e3o Amanh\u00e3\" \/>\n<meta property=\"article:modified_time\" content=\"2020-08-10T09:17:28+00:00\" \/>\n<meta property=\"og:image\" content=\"https:\/\/geracaoamanha.org.br\/teste\/wp-content\/uploads\/2019\/08\/meninos-assinatura-1-270x152.png\" \/>\n<meta name=\"twitter:card\" content=\"summary_large_image\" \/>\n<meta name=\"twitter:label1\" content=\"Est. tempo de leitura\" \/>\n\t<meta name=\"twitter:data1\" content=\"2 minutos\" \/>\n<script type=\"application\/ld+json\" class=\"yoast-schema-graph\">{\"@context\":\"https:\/\/schema.org\",\"@graph\":[{\"@type\":\"WebPage\",\"@id\":\"https:\/\/geracaoamanha.org.br\/teste\/ebookaf\/\",\"url\":\"https:\/\/geracaoamanha.org.br\/teste\/ebookaf\/\",\"name\":\"E-Book Acolhimento Familiar - Instituto Gera\u00e7\u00e3o Amanh\u00e3\",\"isPartOf\":{\"@id\":\"https:\/\/geracaoamanha.org.br\/teste\/#website\"},\"primaryImageOfPage\":{\"@id\":\"https:\/\/geracaoamanha.org.br\/teste\/ebookaf\/#primaryimage\"},\"image\":{\"@id\":\"https:\/\/geracaoamanha.org.br\/teste\/ebookaf\/#primaryimage\"},\"thumbnailUrl\":\"https:\/\/geracaoamanha.org.br\/teste\/wp-content\/uploads\/2019\/08\/meninos-assinatura-1-270x152.png\",\"datePublished\":\"2019-08-02T11:30:00+00:00\",\"dateModified\":\"2020-08-10T09:17:28+00:00\",\"breadcrumb\":{\"@id\":\"https:\/\/geracaoamanha.org.br\/teste\/ebookaf\/#breadcrumb\"},\"inLanguage\":\"pt-BR\",\"potentialAction\":[{\"@type\":\"ReadAction\",\"target\":[\"https:\/\/geracaoamanha.org.br\/teste\/ebookaf\/\"]}]},{\"@type\":\"ImageObject\",\"inLanguage\":\"pt-BR\",\"@id\":\"https:\/\/geracaoamanha.org.br\/teste\/ebookaf\/#primaryimage\",\"url\":\"https:\/\/geracaoamanha.org.br\/teste\/wp-content\/uploads\/2019\/08\/meninos-assinatura-1-270x152.png\",\"contentUrl\":\"https:\/\/geracaoamanha.org.br\/teste\/wp-content\/uploads\/2019\/08\/meninos-assinatura-1-270x152.png\"},{\"@type\":\"BreadcrumbList\",\"@id\":\"https:\/\/geracaoamanha.org.br\/teste\/ebookaf\/#breadcrumb\",\"itemListElement\":[{\"@type\":\"ListItem\",\"position\":1,\"name\":\"Home\",\"item\":\"https:\/\/geracaoamanha.org.br\/teste\/\"},{\"@type\":\"ListItem\",\"position\":2,\"name\":\"E-Book Acolhimento Familiar\"}]},{\"@type\":\"WebSite\",\"@id\":\"https:\/\/geracaoamanha.org.br\/teste\/#website\",\"url\":\"https:\/\/geracaoamanha.org.br\/teste\/\",\"name\":\"Instituto Gera\u00e7\u00e3o Amanh\u00e3\",\"description\":\"Tudo sobre acolhimento familiar e ado\u00e7\u00e3o\",\"potentialAction\":[{\"@type\":\"SearchAction\",\"target\":{\"@type\":\"EntryPoint\",\"urlTemplate\":\"https:\/\/geracaoamanha.org.br\/teste\/?s={search_term_string}\"},\"query-input\":{\"@type\":\"PropertyValueSpecification\",\"valueRequired\":true,\"valueName\":\"search_term_string\"}}],\"inLanguage\":\"pt-BR\"}]}<\/script>\n<!-- \/ Yoast SEO plugin. -->","yoast_head_json":{"title":"E-Book Acolhimento Familiar - Instituto Gera\u00e7\u00e3o Amanh\u00e3","robots":{"index":"noindex","follow":"follow","max-snippet":"max-snippet:-1","max-image-preview":"max-image-preview:large","max-video-preview":"max-video-preview:-1"},"og_locale":"pt_BR","og_type":"article","og_title":"E-Book Acolhimento Familiar - Instituto Gera\u00e7\u00e3o Amanh\u00e3","og_description":"[vc_row][vc_column][vc_column_text] As d\u00favidas mais frequentes respondidas de forma simples e direta. Leis atualizadas, diferen\u00e7as sobre as modalidades e muito mais. Criamos esse E-Book com o objetivo de esclarecer as principais d\u00favidas sobre essa modalidade de prote\u00e7\u00e3o a crian\u00e7as e adolescentes, que precisaram ser afastados de suas fam\u00edlias de origem por causa de situa\u00e7\u00f5es de risco e vulnerabilidade. Nele voc\u00ea vai&hellip;","og_url":"https:\/\/geracaoamanha.org.br\/teste\/ebookaf\/","og_site_name":"Instituto Gera\u00e7\u00e3o Amanh\u00e3","article_modified_time":"2020-08-10T09:17:28+00:00","og_image":[{"url":"https:\/\/geracaoamanha.org.br\/teste\/wp-content\/uploads\/2019\/08\/meninos-assinatura-1-270x152.png","type":"","width":"","height":""}],"twitter_card":"summary_large_image","twitter_misc":{"Est. tempo de leitura":"2 minutos"},"schema":{"@context":"https:\/\/schema.org","@graph":[{"@type":"WebPage","@id":"https:\/\/geracaoamanha.org.br\/teste\/ebookaf\/","url":"https:\/\/geracaoamanha.org.br\/teste\/ebookaf\/","name":"E-Book Acolhimento Familiar - Instituto Gera\u00e7\u00e3o Amanh\u00e3","isPartOf":{"@id":"https:\/\/geracaoamanha.org.br\/teste\/#website"},"primaryImageOfPage":{"@id":"https:\/\/geracaoamanha.org.br\/teste\/ebookaf\/#primaryimage"},"image":{"@id":"https:\/\/geracaoamanha.org.br\/teste\/ebookaf\/#primaryimage"},"thumbnailUrl":"https:\/\/geracaoamanha.org.br\/teste\/wp-content\/uploads\/2019\/08\/meninos-assinatura-1-270x152.png","datePublished":"2019-08-02T11:30:00+00:00","dateModified":"2020-08-10T09:17:28+00:00","breadcrumb":{"@id":"https:\/\/geracaoamanha.org.br\/teste\/ebookaf\/#breadcrumb"},"inLanguage":"pt-BR","potentialAction":[{"@type":"ReadAction","target":["https:\/\/geracaoamanha.org.br\/teste\/ebookaf\/"]}]},{"@type":"ImageObject","inLanguage":"pt-BR","@id":"https:\/\/geracaoamanha.org.br\/teste\/ebookaf\/#primaryimage","url":"https:\/\/geracaoamanha.org.br\/teste\/wp-content\/uploads\/2019\/08\/meninos-assinatura-1-270x152.png","contentUrl":"https:\/\/geracaoamanha.org.br\/teste\/wp-content\/uploads\/2019\/08\/meninos-assinatura-1-270x152.png"},{"@type":"BreadcrumbList","@id":"https:\/\/geracaoamanha.org.br\/teste\/ebookaf\/#breadcrumb","itemListElement":[{"@type":"ListItem","position":1,"name":"Home","item":"https:\/\/geracaoamanha.org.br\/teste\/"},{"@type":"ListItem","position":2,"name":"E-Book Acolhimento Familiar"}]},{"@type":"WebSite","@id":"https:\/\/geracaoamanha.org.br\/teste\/#website","url":"https:\/\/geracaoamanha.org.br\/teste\/","name":"Instituto Gera\u00e7\u00e3o Amanh\u00e3","description":"Tudo sobre acolhimento familiar e ado\u00e7\u00e3o","potentialAction":[{"@type":"SearchAction","target":{"@type":"EntryPoint","urlTemplate":"https:\/\/geracaoamanha.org.br\/teste\/?s={search_term_string}"},"query-input":{"@type":"PropertyValueSpecification","valueRequired":true,"valueName":"search_term_string"}}],"inLanguage":"pt-BR"}]}},"campaignId":"","_links":{"self":[{"href":"https:\/\/geracaoamanha.org.br\/teste\/wp-json\/wp\/v2\/pages\/2587","targetHints":{"allow":["GET"]}}],"collection":[{"href":"https:\/\/geracaoamanha.org.br\/teste\/wp-json\/wp\/v2\/pages"}],"about":[{"href":"https:\/\/geracaoamanha.org.br\/teste\/wp-json\/wp\/v2\/types\/page"}],"author":[{"embeddable":true,"href":"https:\/\/geracaoamanha.org.br\/teste\/wp-json\/wp\/v2\/users\/1"}],"replies":[{"embeddable":true,"href":"https:\/\/geracaoamanha.org.br\/teste\/wp-json\/wp\/v2\/comments?post=2587"}],"version-history":[{"count":3,"href":"https:\/\/geracaoamanha.org.br\/teste\/wp-json\/wp\/v2\/pages\/2587\/revisions"}],"predecessor-version":[{"id":5071,"href":"https:\/\/geracaoamanha.org.br\/teste\/wp-json\/wp\/v2\/pages\/2587\/revisions\/5071"}],"wp:attachment":[{"href":"https:\/\/geracaoamanha.org.br\/teste\/wp-json\/wp\/v2\/media?parent=2587"}],"curies":[{"name":"wp","href":"https:\/\/api.w.org\/{rel}","templated":true}]}}