{"id":2023,"date":"2019-05-24T07:58:45","date_gmt":"2019-05-24T10:58:45","guid":{"rendered":"https:\/\/geracaoamanha.org.br\/teste\/?page_id=2023"},"modified":"2019-05-24T07:58:45","modified_gmt":"2019-05-24T10:58:45","slug":"programacao","status":"publish","type":"page","link":"https:\/\/geracaoamanha.org.br\/teste\/programacao\/","title":{"rendered":"Programa\u00e7\u00e3o"},"content":{"rendered":"<div class=\"wpb-content-wrapper\"><p>[vc_row full_width=&#8221;stretch_row&#8221;][vc_column]<div class=\"sc_layouts sc_layouts_default sc_layouts_2028\">[vc_row][vc_column icons_position=\"left\"][vc_single_image image=\"2409\" img_size=\"full\" alignment=\"center\" onclick=\"custom_link\" img_link_target=\"_blank\" link=\"https:\/\/www.sympla.com.br\/iii-congresso-internacional-de-acolhimento-familiar__534022\"][\/vc_column][\/vc_row]<\/div>[\/vc_column][\/vc_row][vc_row full_width=&#8221;stretch_row&#8221; css=&#8221;.vc_custom_1498209213967{background-color: #f7f7f7 !important;}&#8221;][vc_column][vc_empty_space alter_height=&#8221;medium&#8221; hide_on_mobile=&#8221;&#8221; css=&#8221;.vc_custom_1502719594191{margin-top: -0.25rem !important;}&#8221;][vc_empty_space alter_height=&#8221;medium&#8221; hide_on_mobile=&#8221;&#8221; css=&#8221;.vc_custom_1502719594191{margin-top: -0.25rem !important;}&#8221;][vc_column_text]<\/p>\n<p style=\"text-align: left;\"><span style=\"font-size: 16px; font-family: roboto, geneva, sans-serif; color: #43414f;\"><span style=\"font-family: 'andale mono', monospace;\">Ap\u00f3s o sucesso das duas primeiras edi\u00e7\u00f5es, o<\/span> <strong><span style=\"font-family: 'arial black', sans-serif;\">Congresso Internacional de Acolhimento Familiar<\/span>,<\/strong> <span style=\"font-family: 'andale mono', monospace;\">realizado respectivamente em 2017 e 2018 na cidade de Cascavel\/PR, esse ano acontecer\u00e1 na cidade de Curitiba\/PR.<\/span><\/span><\/p>\n<p style=\"text-align: left;\"><span style=\"font-size: 16px; font-family: roboto, geneva, sans-serif; color: #43414f;\"><span style=\"font-family: 'andale mono', monospace;\">O<\/span> <span style=\"font-family: 'arial black', sans-serif;\"><strong>III Congresso Internacional de Acolhimento Familiar<\/strong><\/span> <span style=\"font-family: 'andale mono', monospace;\">receber\u00e1 renomados palestrantes nacionais com grande experi\u00eancia em acolhimento familiar no Poder Judici\u00e1rio e nas \u00e1reas de assist\u00eancia social, psicologia e direito. Como palestrantes internacionais destacamos os coordenadores do \u201cPrograma de Interven\u00e7\u00e3o Precoce de Bucareste\u201d, conhecido tamb\u00e9m como \u201c\u00d3rf\u00e3os da Rom\u00eania\u201d.<\/span><\/span><\/p>\n<p style=\"text-align: left;\"><span style=\"font-size: 16px; font-family: roboto, geneva, sans-serif; color: #43414f;\"><span style=\"font-family: 'andale mono', monospace;\">Agora em Curitiba, o<\/span> <span style=\"font-family: 'arial black', sans-serif;\"><strong>III Congresso Internacional de Acolhimento Familiar<\/strong><\/span> <span style=\"font-family: 'andale mono', monospace;\">conta com maior disponibilidade de voos, flexibilidade nos padr\u00f5es de hospedagem e amplia\u00e7\u00e3o na capacidade do n\u00famero de inscri\u00e7\u00f5es. Ainda assim, a procura \u00e9 grande e as vagas s\u00e3o limitadas, garanta j\u00e1 a sua.<\/span><\/span><\/p>\n<p>[\/vc_column_text][vc_empty_space alter_height=&#8221;medium&#8221; hide_on_mobile=&#8221;&#8221; css=&#8221;.vc_custom_1502719594191{margin-top: -0.25rem !important;}&#8221;][vc_btn title=&#8221;VAGAS LIMITADAS ! INSCRI\u00c7\u00d5ES AQUI !&#8221; style=&#8221;custom&#8221; custom_background=&#8221;#e8336f&#8221; custom_text=&#8221;#f7f7f7&#8243; shape=&#8221;round&#8221; size=&#8221;lg&#8221; align=&#8221;center&#8221; button_block=&#8221;true&#8221; link=&#8221;url:https%3A%2F%2Fwww.sympla.com.br%2Fiii-congresso-internacional-de-acolhimento-familiar__534022|title:NA%20COMPRA%20DO%20INGRESSO%20VOC%C3%8A%20TEM%20DIREITO%20A%20UMA%20OFICINA.%20GARANTA%20O%20SEU%20LUGAR%2C%20POUCAS%20VAGAS%20DISPON%C3%8DVEIS!|target:%20_blank|&#8221;][\/vc_column][\/vc_row][vc_row full_width=&#8221;stretch_row&#8221; css=&#8221;.vc_custom_1498209213967{background-color: #f7f7f7 !important;}&#8221;][vc_column width=&#8221;1\/2&#8243;][vc_empty_space height=&#8221;12px&#8221; hide_on_mobile=&#8221;&#8221; css=&#8221;.vc_custom_1558695751124{margin-top: 1rem !important;}&#8221;][vc_single_image image=&#8221;2655&#8243; img_size=&#8221;full&#8221; alignment=&#8221;center&#8221; style=&#8221;vc_box_shadow_3d&#8221;][\/vc_column][vc_column width=&#8221;1\/2&#8243;][vc_empty_space height=&#8221;12px&#8221; hide_on_mobile=&#8221;&#8221; css=&#8221;.vc_custom_1558695751124{margin-top: 1rem !important;}&#8221;][vc_single_image image=&#8221;2656&#8243; img_size=&#8221;full&#8221; alignment=&#8221;center&#8221; style=&#8221;vc_box_shadow_3d&#8221;][\/vc_column][\/vc_row][vc_row full_width=&#8221;stretch_row&#8221; css=&#8221;.vc_custom_1498209213967{background-color: #f7f7f7 !important;}&#8221;][vc_column][vc_empty_space alter_height=&#8221;small&#8221; hide_on_mobile=&#8221;&#8221; css=&#8221;.vc_custom_1559441491413{margin-top: -0.25rem !important;}&#8221;][vc_btn title=&#8221;COMPRE O INGRESSO PARA AS PALESTRAS E GANHE UMA OFICINA. GARANTA O SEU LUGAR, VAGAS LIMITADAS&#8221; style=&#8221;custom&#8221; custom_background=&#8221;#e8336f&#8221; custom_text=&#8221;#f7f7f7&#8243; shape=&#8221;round&#8221; size=&#8221;lg&#8221; align=&#8221;center&#8221; button_block=&#8221;true&#8221; link=&#8221;url:https%3A%2F%2Fwww.sympla.com.br%2Fiii-congresso-internacional-de-acolhimento-familiar__534022|title:VAGAS%20LIMITADAS!%20INSCRI%C3%87%C3%95ES%20AQUI!|target:%20_blank|&#8221;][vc_single_image image=&#8221;2365&#8243; img_size=&#8221;large&#8221; alignment=&#8221;center&#8221; style=&#8221;vc_box_shadow_3d&#8221;][vc_empty_space alter_height=&#8221;medium&#8221; hide_on_mobile=&#8221;&#8221; css=&#8221;.vc_custom_1502719594191{margin-top: -0.25rem !important;}&#8221;][vc_btn title=&#8221;RESERVE SEU HOTEL AQUI &#8211; PAGAMENTO EM AT\u00c9 6X SEM JUROS&#8221; style=&#8221;custom&#8221; custom_background=&#8221;#e03e87&#8243; custom_text=&#8221;#ffffff&#8221; shape=&#8221;round&#8221; size=&#8221;lg&#8221; align=&#8221;center&#8221; button_block=&#8221;true&#8221; link=&#8221;url:http%3A%2F%2Fwww.personalviagens.tur.br%2Facolhimento-familiar|title:ESCOLHA%20AQUI%20A%20SUA%20HOSPEDAGEM|target:%20_blank|&#8221;][vc_empty_space alter_height=&#8221;small&#8221; hide_on_mobile=&#8221;&#8221; css=&#8221;.vc_custom_1559467178008{margin-top: -0.25rem !important;}&#8221;][vc_single_image image=&#8221;2582&#8243; img_size=&#8221;large&#8221; alignment=&#8221;center&#8221; style=&#8221;vc_box_shadow&#8221;][vc_empty_space alter_height=&#8221;medium&#8221; hide_on_mobile=&#8221;&#8221; css=&#8221;.vc_custom_1502719594191{margin-top: -0.25rem !important;}&#8221;][\/vc_column][\/vc_row][vc_row][vc_column][vc_empty_space height=&#8221;12px&#8221; hide_on_mobile=&#8221;&#8221; css=&#8221;.vc_custom_1558698342698{margin-top: 1rem !important;}&#8221;]<div id=\"sc_title_538288789\"\n\t\tclass=\"sc_title sc_title_default\"><h6 class=\"sc_item_subtitle sc_title_subtitle sc_align_center sc_item_title_style_default\">Clique na foto para ver o nome e o curr\u00edculo do palestrante<\/h6><h5 class=\"sc_item_title sc_title_title sc_align_center sc_item_title_style_default sc_item_title_tag\">Palestrantes Internacionais<\/h5><div class=\"sc_item_descr sc_title_descr sc_align_center\">PALESTRAS INTERNACIONAIS COM TRADU\u00c7\u00c3O SIMULT\u00c2NEA<\/div><\/div><!-- \/.sc_title -->[vc_empty_space height=&#8221;12px&#8221; hide_on_mobile=&#8221;&#8221; css=&#8221;.vc_custom_1558699295734{margin-top: 0.6rem !important;}&#8221;]<div class=\"sc_layouts sc_layouts_default sc_layouts_2293\">[vc_row full_width=\"stretch_row\" row_delimiter=\"\" row_fixed=\"\" hide_on_tablet=\"\" hide_on_mobile=\"\" hide_on_frontpage=\"\"][vc_column icons_position=\"left\"][vc_empty_space height=\"10px\" alter_height=\"small\" hide_on_mobile=\"\" css=\".vc_custom_1534447033021{margin-top: 1.05rem !important;}\"][vc_empty_space height=\"10px\" hide_on_mobile=\"\" css=\".vc_custom_1534447168701{margin-top: 1.5rem !important;}\"][\/vc_column][\/vc_row]<\/div>[vc_empty_space height=&#8221;12px&#8221; hide_on_mobile=&#8221;&#8221; css=&#8221;.vc_custom_1558699295734{margin-top: 0.6rem !important;}&#8221;]<div id=\"sc_title_1837612128\"\n\t\tclass=\"sc_title sc_title_default\"><h6 class=\"sc_item_subtitle sc_title_subtitle sc_align_center sc_item_title_style_default\">Ative as legendas \u201cPortugu\u00eas\u201c na configura\u00e7\u00e3o do Youtube<\/h6><h5 class=\"sc_item_title sc_title_title sc_align_center sc_item_title_style_default sc_item_title_tag\">V\u00eddeos<\/h5><\/div><!-- \/.sc_title -->[vc_empty_space alter_height=&#8221;medium&#8221; hide_on_mobile=&#8221;&#8221; css=&#8221;.vc_custom_1559033131592{margin-top: 0.6rem !important;}&#8221;][\/vc_column][vc_column width=&#8221;1\/3&#8243;]<div id=\"widget_video_2001410267\" class=\"widget_area sc_widget_video vc_widget_video wpb_content_element\"><aside id=\"widget_video_2001410267_widget\" class=\"widget widget_video\"><div class=\"trx_addons_video_player without_cover\"><div class=\"video_embed video_frame\"><iframe loading=\"lazy\" width=\"1170\" height=\"658\" src=\"https:\/\/www.youtube.com\/embed\/QmKggL2oJeo?feature=oembed\" frameborder=\"0\" allow=\"accelerometer; autoplay; encrypted-media; gyroscope; picture-in-picture\" allowfullscreen><\/iframe><\/div><\/div><\/aside><\/div>[\/vc_column][vc_column width=&#8221;1\/3&#8243;]<div id=\"widget_video_1489977967\" class=\"widget_area sc_widget_video vc_widget_video wpb_content_element\"><aside id=\"widget_video_1489977967_widget\" class=\"widget widget_video\"><div class=\"trx_addons_video_player without_cover\"><div class=\"video_embed video_frame\"><iframe loading=\"lazy\" width=\"1170\" height=\"658\" src=\"https:\/\/www.youtube.com\/embed\/ZHycFcozxoU?feature=oembed\" frameborder=\"0\" allow=\"accelerometer; autoplay; encrypted-media; gyroscope; picture-in-picture\" allowfullscreen><\/iframe><\/div><\/div><\/aside><\/div>[\/vc_column][vc_column width=&#8221;1\/3&#8243;]<div id=\"widget_video_793374524\" class=\"widget_area sc_widget_video vc_widget_video wpb_content_element\"><aside id=\"widget_video_793374524_widget\" class=\"widget widget_video\"><div class=\"trx_addons_video_player without_cover\"><div class=\"video_embed video_frame\"><iframe loading=\"lazy\" width=\"1170\" height=\"658\" src=\"https:\/\/www.youtube.com\/embed\/ptZ-L3uAXXA?feature=oembed\" frameborder=\"0\" allow=\"accelerometer; autoplay; encrypted-media; gyroscope; picture-in-picture\" allowfullscreen><\/iframe><\/div><\/div><\/aside><\/div>[\/vc_column][\/vc_row][vc_row][vc_column][vc_empty_space hide_on_mobile=&#8221;&#8221; css=&#8221;.vc_custom_1559563630626{margin-top: 0.6rem !important;}&#8221;][vc_btn title=&#8221;MAIS V\u00cdDEOS SOBRE ACOLHIMENTO FAMILIAR&#8221; style=&#8221;custom&#8221; custom_background=&#8221;#e8336f&#8221; custom_text=&#8221;#ffffff&#8221; shape=&#8221;round&#8221; size=&#8221;lg&#8221; align=&#8221;center&#8221; link=&#8221;url:https%3A%2F%2Fwww.youtube.com%2Fwatch%3Fv%3Do52TTgPEp5Q%26list%3DPLvL7fvVsqLGq-Dx3iMdbQwk_ZHxQSMf9P|title:A%20VOZ%20DO%20ESPECIALISTA%20-%20ACOLHIMENTO|target:%20_blank|&#8221;][vc_empty_space alter_height=&#8221;medium&#8221; hide_on_mobile=&#8221;&#8221; css=&#8221;.vc_custom_1559563470110{margin-top: 0.6rem !important;}&#8221;]<div id=\"sc_title_90973820\"\n\t\tclass=\"sc_title sc_title_default\"><h6 class=\"sc_item_subtitle sc_title_subtitle sc_align_center sc_item_title_style_default\">Clique na foto para ver o nome e o curr\u00edculo do palestrante<\/h6><h5 class=\"sc_item_title sc_title_title sc_align_center sc_item_title_style_default sc_item_title_tag\">Palestrantes Nacionais<\/h5><\/div><!-- \/.sc_title --><div class=\"sc_layouts sc_layouts_default sc_layouts_2044\">[vc_row full_width=\"stretch_row\" row_delimiter=\"\" row_fixed=\"\" hide_on_tablet=\"\" hide_on_mobile=\"\" hide_on_frontpage=\"\"][vc_column icons_position=\"left\"][vc_empty_space height=\"10px\" alter_height=\"small\" hide_on_mobile=\"\" css=\".vc_custom_1534447033021{margin-top: 1.05rem !important;}\"][vc_empty_space height=\"10px\" hide_on_mobile=\"\" css=\".vc_custom_1534447168701{margin-top: 1.5rem !important;}\"][\/vc_column][\/vc_row]<\/div>[vc_btn title=&#8221;GOSTOU DOS PALESTRANTES? GARANTA A SUA INSCRI\u00c7\u00c3O. AS VAGAS S\u00c3O LIMITADAS!&#8221; style=&#8221;custom&#8221; custom_background=&#8221;#e8336f&#8221; custom_text=&#8221;#ffffff&#8221; shape=&#8221;round&#8221; size=&#8221;lg&#8221; align=&#8221;center&#8221; link=&#8221;url:https%3A%2F%2Fwww.sympla.com.br%2Fiii-congresso-internacional-de-acolhimento-familiar__534022|title:VAGAS%20LIMITADAS!%20INSCRI%C3%87%C3%95ES%20AQUI!|target:%20_blank|&#8221;][\/vc_column][\/vc_row][vc_row][vc_column][vc_empty_space alter_height=&#8221;medium&#8221; hide_on_mobile=&#8221;&#8221; css=&#8221;.vc_custom_1559563470110{margin-top: 0.6rem !important;}&#8221;]<div id=\"sc_title_89988536\"\n\t\tclass=\"sc_title sc_title_default\"><h6 class=\"sc_item_subtitle sc_title_subtitle sc_align_center sc_item_title_style_default\">Clique na foto para ver o nome e o curr\u00edculo do docente<\/h6><h5 class=\"sc_item_title sc_title_title sc_align_center sc_item_title_style_default sc_item_title_tag\">Oficinas<\/h5><\/div><!-- \/.sc_title --><div class=\"sc_layouts sc_layouts_default sc_layouts_2392\">[vc_row full_width=\"stretch_row\" row_delimiter=\"\" row_fixed=\"\" hide_on_tablet=\"\" hide_on_mobile=\"\" hide_on_frontpage=\"\"][vc_column icons_position=\"left\"][vc_empty_space height=\"10px\" alter_height=\"small\" hide_on_mobile=\"\" css=\".vc_custom_1534447033021{margin-top: 1.05rem !important;}\"][vc_empty_space height=\"10px\" hide_on_mobile=\"\" css=\".vc_custom_1534447168701{margin-top: 1.5rem !important;}\"][\/vc_column][\/vc_row]<\/div>[vc_btn title=&#8221;PARA PARTICIPAR DE UMA OFICINA, INSCREVA-SE NAS PALESTRAS. AS VAGAS S\u00c3O LIMITADAS!&#8221; style=&#8221;custom&#8221; custom_background=&#8221;#e8336f&#8221; custom_text=&#8221;#ffffff&#8221; shape=&#8221;round&#8221; size=&#8221;lg&#8221; align=&#8221;center&#8221; link=&#8221;url:https%3A%2F%2Fwww.sympla.com.br%2Fiii-congresso-internacional-de-acolhimento-familiar__534022|title:VAGAS%20LIMITADAS!%20INSCRI%C3%87%C3%95ES%20AQUI!|target:%20_blank|&#8221;][vc_message message_box_style=&#8221;outline&#8221; message_box_color=&#8221;alert-info&#8221; icon_fontawesome=&#8221;none&#8221; closeable=&#8221;&#8221;]<\/p>\n<p style=\"text-align: center;\"><span style=\"font-size: 16px;\">para d\u00favidas ou informa\u00e7\u00f5es adicionais <a href=\"mailto:contato@geracaoamanha.org.br\" target=\"_blank\" rel=\"noopener noreferrer\">contato@geracaoamanha.org.br<\/a><\/span><\/p>\n<p>[\/vc_message][\/vc_column][\/vc_row][vc_row][vc_column]<div id=\"sc_title_827597180\"\n\t\tclass=\"sc_title sc_title_default\"><h5 class=\"sc_item_title sc_title_title sc_align_center sc_item_title_style_default sc_item_title_tag\">Realiza\u00e7\u00e3o<\/h5><\/div><!-- \/.sc_title -->[vc_empty_space height=&#8221;12px&#8221; hide_on_mobile=&#8221;&#8221; css=&#8221;.vc_custom_1558699295734{margin-top: 0.6rem !important;}&#8221;][vc_single_image image=&#8221;2577&#8243; img_size=&#8221;large&#8221; alignment=&#8221;center&#8221;][vc_separator color=&#8221;turquoise&#8221;][\/vc_column][\/vc_row][vc_row][vc_column]<div id=\"sc_title_490158433\"\n\t\tclass=\"sc_title sc_title_default\"><h5 class=\"sc_item_title sc_title_title sc_align_center sc_item_title_style_default sc_item_title_tag\">Patroc\u00ednio<\/h5><\/div><!-- \/.sc_title -->[vc_single_image image=&#8221;2660&#8243; img_size=&#8221;large&#8221; alignment=&#8221;center&#8221;][vc_separator color=&#8221;turquoise&#8221;]<div id=\"sc_title_1293373584\"\n\t\tclass=\"sc_title sc_title_default\"><h5 class=\"sc_item_title sc_title_title sc_align_center sc_item_title_style_default sc_item_title_tag\">Apoio Institucional<\/h5><\/div><!-- \/.sc_title -->[vc_empty_space height=&#8221;12px&#8221; hide_on_mobile=&#8221;&#8221; css=&#8221;.vc_custom_1558699295734{margin-top: 0.6rem !important;}&#8221;][vc_single_image image=&#8221;2661&#8243; img_size=&#8221;large&#8221; alignment=&#8221;center&#8221;][vc_empty_space height=&#8221;12px&#8221; hide_on_mobile=&#8221;&#8221; css=&#8221;.vc_custom_1558699295734{margin-top: 0.6rem !important;}&#8221;][vc_empty_space height=&#8221;12px&#8221; hide_on_mobile=&#8221;&#8221; css=&#8221;.vc_custom_1558699295734{margin-top: 0.6rem !important;}&#8221;][\/vc_column][\/vc_row]<\/p>\n<\/div>","protected":false},"excerpt":{"rendered":"<p>[vc_row full_width=&#8221;stretch_row&#8221;][vc_column][\/vc_column][\/vc_row][vc_row full_width=&#8221;stretch_row&#8221; css=&#8221;.vc_custom_1498209213967{background-color: #f7f7f7 !important;}&#8221;][vc_column][vc_empty_space alter_height=&#8221;medium&#8221; hide_on_mobile=&#8221;&#8221; css=&#8221;.vc_custom_1502719594191{margin-top: -0.25rem !important;}&#8221;][vc_empty_space alter_height=&#8221;medium&#8221; hide_on_mobile=&#8221;&#8221; css=&#8221;.vc_custom_1502719594191{margin-top: -0.25rem !important;}&#8221;][vc_column_text] Ap\u00f3s o sucesso das duas primeiras edi\u00e7\u00f5es, o Congresso Internacional de Acolhimento Familiar, realizado respectivamente em 2017 e 2018 na cidade de Cascavel\/PR, esse ano acontecer\u00e1 na cidade de Curitiba\/PR. O III Congresso Internacional de Acolhimento Familiar receber\u00e1 renomados palestrantes nacionais com grande experi\u00eancia&hellip;<\/p>\n","protected":false},"author":1,"featured_media":0,"parent":0,"menu_order":0,"comment_status":"closed","ping_status":"closed","template":"","meta":{"give_campaign_id":0,"footnotes":""},"class_list":["post-2023","page","type-page","status-publish","hentry"],"yoast_head":"<!-- This site is optimized with the Yoast SEO plugin v27.2 - https:\/\/yoast.com\/product\/yoast-seo-wordpress\/ -->\n<title>Programa\u00e7\u00e3o - Instituto Gera\u00e7\u00e3o Amanh\u00e3<\/title>\n<meta name=\"robots\" content=\"noindex, follow, max-snippet:-1, max-image-preview:large, max-video-preview:-1\" \/>\n<meta property=\"og:locale\" content=\"pt_BR\" \/>\n<meta property=\"og:type\" content=\"article\" \/>\n<meta property=\"og:title\" content=\"Programa\u00e7\u00e3o - Instituto Gera\u00e7\u00e3o Amanh\u00e3\" \/>\n<meta property=\"og:description\" content=\"[vc_row full_width=&#8221;stretch_row&#8221;][vc_column][\/vc_column][\/vc_row][vc_row full_width=&#8221;stretch_row&#8221; css=&#8221;.vc_custom_1498209213967{background-color: #f7f7f7 !important;}&#8221;][vc_column][vc_empty_space alter_height=&#8221;medium&#8221; hide_on_mobile=&#8221;&#8221; css=&#8221;.vc_custom_1502719594191{margin-top: -0.25rem !important;}&#8221;][vc_empty_space alter_height=&#8221;medium&#8221; hide_on_mobile=&#8221;&#8221; css=&#8221;.vc_custom_1502719594191{margin-top: -0.25rem !important;}&#8221;][vc_column_text] Ap\u00f3s o sucesso das duas primeiras edi\u00e7\u00f5es, o Congresso Internacional de Acolhimento Familiar, realizado respectivamente em 2017 e 2018 na cidade de Cascavel\/PR, esse ano acontecer\u00e1 na cidade de Curitiba\/PR. O III Congresso Internacional de Acolhimento Familiar receber\u00e1 renomados palestrantes nacionais com grande experi\u00eancia&hellip;\" \/>\n<meta property=\"og:url\" content=\"https:\/\/geracaoamanha.org.br\/teste\/programacao\/\" \/>\n<meta property=\"og:site_name\" content=\"Instituto Gera\u00e7\u00e3o Amanh\u00e3\" \/>\n<meta name=\"twitter:card\" content=\"summary_large_image\" \/>\n<meta name=\"twitter:label1\" content=\"Est. tempo de leitura\" \/>\n\t<meta name=\"twitter:data1\" content=\"6 minutos\" \/>\n<script type=\"application\/ld+json\" class=\"yoast-schema-graph\">{\"@context\":\"https:\/\/schema.org\",\"@graph\":[{\"@type\":\"WebPage\",\"@id\":\"https:\/\/geracaoamanha.org.br\/teste\/programacao\/\",\"url\":\"https:\/\/geracaoamanha.org.br\/teste\/programacao\/\",\"name\":\"Programa\u00e7\u00e3o - Instituto Gera\u00e7\u00e3o Amanh\u00e3\",\"isPartOf\":{\"@id\":\"https:\/\/geracaoamanha.org.br\/teste\/#website\"},\"datePublished\":\"2019-05-24T10:58:45+00:00\",\"breadcrumb\":{\"@id\":\"https:\/\/geracaoamanha.org.br\/teste\/programacao\/#breadcrumb\"},\"inLanguage\":\"pt-BR\",\"potentialAction\":[{\"@type\":\"ReadAction\",\"target\":[\"https:\/\/geracaoamanha.org.br\/teste\/programacao\/\"]}]},{\"@type\":\"BreadcrumbList\",\"@id\":\"https:\/\/geracaoamanha.org.br\/teste\/programacao\/#breadcrumb\",\"itemListElement\":[{\"@type\":\"ListItem\",\"position\":1,\"name\":\"Home\",\"item\":\"https:\/\/geracaoamanha.org.br\/teste\/\"},{\"@type\":\"ListItem\",\"position\":2,\"name\":\"Programa\u00e7\u00e3o\"}]},{\"@type\":\"WebSite\",\"@id\":\"https:\/\/geracaoamanha.org.br\/teste\/#website\",\"url\":\"https:\/\/geracaoamanha.org.br\/teste\/\",\"name\":\"Instituto Gera\u00e7\u00e3o Amanh\u00e3\",\"description\":\"Tudo sobre acolhimento familiar e ado\u00e7\u00e3o\",\"potentialAction\":[{\"@type\":\"SearchAction\",\"target\":{\"@type\":\"EntryPoint\",\"urlTemplate\":\"https:\/\/geracaoamanha.org.br\/teste\/?s={search_term_string}\"},\"query-input\":{\"@type\":\"PropertyValueSpecification\",\"valueRequired\":true,\"valueName\":\"search_term_string\"}}],\"inLanguage\":\"pt-BR\"}]}<\/script>\n<!-- \/ Yoast SEO plugin. -->","yoast_head_json":{"title":"Programa\u00e7\u00e3o - Instituto Gera\u00e7\u00e3o Amanh\u00e3","robots":{"index":"noindex","follow":"follow","max-snippet":"max-snippet:-1","max-image-preview":"max-image-preview:large","max-video-preview":"max-video-preview:-1"},"og_locale":"pt_BR","og_type":"article","og_title":"Programa\u00e7\u00e3o - Instituto Gera\u00e7\u00e3o Amanh\u00e3","og_description":"[vc_row full_width=&#8221;stretch_row&#8221;][vc_column][\/vc_column][\/vc_row][vc_row full_width=&#8221;stretch_row&#8221; css=&#8221;.vc_custom_1498209213967{background-color: #f7f7f7 !important;}&#8221;][vc_column][vc_empty_space alter_height=&#8221;medium&#8221; hide_on_mobile=&#8221;&#8221; css=&#8221;.vc_custom_1502719594191{margin-top: -0.25rem !important;}&#8221;][vc_empty_space alter_height=&#8221;medium&#8221; hide_on_mobile=&#8221;&#8221; css=&#8221;.vc_custom_1502719594191{margin-top: -0.25rem !important;}&#8221;][vc_column_text] Ap\u00f3s o sucesso das duas primeiras edi\u00e7\u00f5es, o Congresso Internacional de Acolhimento Familiar, realizado respectivamente em 2017 e 2018 na cidade de Cascavel\/PR, esse ano acontecer\u00e1 na cidade de Curitiba\/PR. O III Congresso Internacional de Acolhimento Familiar receber\u00e1 renomados palestrantes nacionais com grande experi\u00eancia&hellip;","og_url":"https:\/\/geracaoamanha.org.br\/teste\/programacao\/","og_site_name":"Instituto Gera\u00e7\u00e3o Amanh\u00e3","twitter_card":"summary_large_image","twitter_misc":{"Est. tempo de leitura":"6 minutos"},"schema":{"@context":"https:\/\/schema.org","@graph":[{"@type":"WebPage","@id":"https:\/\/geracaoamanha.org.br\/teste\/programacao\/","url":"https:\/\/geracaoamanha.org.br\/teste\/programacao\/","name":"Programa\u00e7\u00e3o - Instituto Gera\u00e7\u00e3o Amanh\u00e3","isPartOf":{"@id":"https:\/\/geracaoamanha.org.br\/teste\/#website"},"datePublished":"2019-05-24T10:58:45+00:00","breadcrumb":{"@id":"https:\/\/geracaoamanha.org.br\/teste\/programacao\/#breadcrumb"},"inLanguage":"pt-BR","potentialAction":[{"@type":"ReadAction","target":["https:\/\/geracaoamanha.org.br\/teste\/programacao\/"]}]},{"@type":"BreadcrumbList","@id":"https:\/\/geracaoamanha.org.br\/teste\/programacao\/#breadcrumb","itemListElement":[{"@type":"ListItem","position":1,"name":"Home","item":"https:\/\/geracaoamanha.org.br\/teste\/"},{"@type":"ListItem","position":2,"name":"Programa\u00e7\u00e3o"}]},{"@type":"WebSite","@id":"https:\/\/geracaoamanha.org.br\/teste\/#website","url":"https:\/\/geracaoamanha.org.br\/teste\/","name":"Instituto Gera\u00e7\u00e3o Amanh\u00e3","description":"Tudo sobre acolhimento familiar e ado\u00e7\u00e3o","potentialAction":[{"@type":"SearchAction","target":{"@type":"EntryPoint","urlTemplate":"https:\/\/geracaoamanha.org.br\/teste\/?s={search_term_string}"},"query-input":{"@type":"PropertyValueSpecification","valueRequired":true,"valueName":"search_term_string"}}],"inLanguage":"pt-BR"}]}},"campaignId":"","_links":{"self":[{"href":"https:\/\/geracaoamanha.org.br\/teste\/wp-json\/wp\/v2\/pages\/2023","targetHints":{"allow":["GET"]}}],"collection":[{"href":"https:\/\/geracaoamanha.org.br\/teste\/wp-json\/wp\/v2\/pages"}],"about":[{"href":"https:\/\/geracaoamanha.org.br\/teste\/wp-json\/wp\/v2\/types\/page"}],"author":[{"embeddable":true,"href":"https:\/\/geracaoamanha.org.br\/teste\/wp-json\/wp\/v2\/users\/1"}],"replies":[{"embeddable":true,"href":"https:\/\/geracaoamanha.org.br\/teste\/wp-json\/wp\/v2\/comments?post=2023"}],"version-history":[{"count":0,"href":"https:\/\/geracaoamanha.org.br\/teste\/wp-json\/wp\/v2\/pages\/2023\/revisions"}],"wp:attachment":[{"href":"https:\/\/geracaoamanha.org.br\/teste\/wp-json\/wp\/v2\/media?parent=2023"}],"curies":[{"name":"wp","href":"https:\/\/api.w.org\/{rel}","templated":true}]}}