{"id":1935,"date":"2019-03-27T17:36:30","date_gmt":"2019-03-27T20:36:30","guid":{"rendered":"https:\/\/geracaoamanha.org.br\/teste\/?page_id=1935"},"modified":"2019-03-27T17:36:30","modified_gmt":"2019-03-27T20:36:30","slug":"pdf-orfaos-da-romenia","status":"publish","type":"page","link":"https:\/\/geracaoamanha.org.br\/teste\/pdf-orfaos-da-romenia\/","title":{"rendered":"PDF &#8211; \u00d3RF\u00c3OS DA ROM\u00caNIA"},"content":{"rendered":"<div class=\"wpb-content-wrapper\"><p>[vc_row][vc_column width=&#8221;1\/2&#8243; offset=&#8221;vc_col-sm-offset-3&#8243;][vc_empty_space height=&#8221;18px&#8221; hide_on_mobile=&#8221;&#8221; css=&#8221;.vc_custom_1534432785162{margin-top: 1.85rem !important;}&#8221;]<div id=\"sc_title_28600317\"\n\t\tclass=\"sc_title sc_title_default\"><h6 class=\"sc_item_subtitle sc_title_subtitle sc_align_center sc_item_title_style_default\">\u00d3rf\u00e3os da Rom\u00eania<\/h6><h4 class=\"sc_item_title sc_title_title sc_align_center sc_item_title_style_default sc_item_title_tag\">Cadastre-se para ter acesso ao PDF<\/h4><\/div><!-- \/.sc_title -->[vc_empty_space alter_height=&#8221;medium&#8221; hide_on_mobile=&#8221;&#8221; css=&#8221;.vc_custom_1502561344471{margin-top: 0.8rem !important;}&#8221;]\n<div class=\"wpcf7 no-js\" id=\"wpcf7-f3823-o1\" lang=\"pt-BR\" dir=\"ltr\" data-wpcf7-id=\"3823\">\n<div class=\"screen-reader-response\"><p role=\"status\" aria-live=\"polite\" aria-atomic=\"true\"><\/p> <ul><\/ul><\/div>\n<form action=\"\/teste\/wp-json\/wp\/v2\/pages\/1935#wpcf7-f3823-o1\" method=\"post\" class=\"wpcf7-form init\" aria-label=\"Formul\u00e1rios de contato\" novalidate=\"novalidate\" data-status=\"init\">\n<fieldset class=\"hidden-fields-container\"><input type=\"hidden\" name=\"_wpcf7\" value=\"3823\" \/><input type=\"hidden\" name=\"_wpcf7_version\" value=\"6.1.1\" \/><input type=\"hidden\" name=\"_wpcf7_locale\" value=\"pt_BR\" \/><input type=\"hidden\" name=\"_wpcf7_unit_tag\" value=\"wpcf7-f3823-o1\" \/><input type=\"hidden\" name=\"_wpcf7_container_post\" value=\"0\" \/><input type=\"hidden\" name=\"_wpcf7_posted_data_hash\" value=\"\" \/>\n<\/fieldset>\n<p><label> Seu nome<br \/>\n<span class=\"wpcf7-form-control-wrap\" data-name=\"remetente\"><input size=\"40\" maxlength=\"400\" class=\"wpcf7-form-control wpcf7-text wpcf7-validates-as-required\" id=\"remetente\" aria-required=\"true\" aria-invalid=\"false\" value=\"\" type=\"text\" name=\"remetente\" \/><\/span> <\/label>\n<\/p>\n<p><label> Seu e-mail<br \/>\n<span class=\"wpcf7-form-control-wrap\" data-name=\"emailremetente\"><input size=\"40\" maxlength=\"400\" class=\"wpcf7-form-control wpcf7-email wpcf7-validates-as-required wpcf7-text wpcf7-validates-as-email\" id=\"emailremetente\" aria-required=\"true\" aria-invalid=\"false\" value=\"\" type=\"email\" name=\"emailremetente\" \/><\/span> <\/label>\n<\/p>\n<p><input class=\"wpcf7-form-control wpcf7-submit has-spinner\" type=\"submit\" value=\"Enviar\" \/>\n<\/p><noscript>\n\t\t\t<div class=\"wpcf7-response-output wpcf7-spam-blocked\">Your browser does not support JavaScript!. Please enable javascript in your browser in order to get form work properly.<\/div>\n\t<\/noscript><script type='text\/javascript'>\n\n\t\t\t\t\t\tif(contactform === undefined){\n\t\t\t\t\t\t\tvar contactform = [];\n\t\t\t\t\t\t}\n\t\t\t\t\t\tvar innerVal = [3823,'mail_sent_ok','SEU PDF EST&Aacute; DISPON&Iacute;VEL. SE N&Atilde;O ABRIR AUTOMATICAMENTE, VERIFIQUE NA PASTA DOWNLOAD DO SEU COMPUTADOR OU VEJA SE TEM BLOQUEIO DE POP UP NO SEU NAVEGADOR'];\n\t\t\t\t\t\tcontactform.push(innerVal);\n\t\t\t\t\t\tvar innerVal = [3823,'mail_sent_ng','Ocorreu um erro ao tentar enviar sua mensagem. Tente novamente mais tarde.'];\n\t\t\t\t\t\tcontactform.push(innerVal);\n\t\t\t\t\t\tvar innerVal = [3823,'validation_error','Um ou mais campos possuem um erro. Verifique e tente novamente.'];\n\t\t\t\t\t\tcontactform.push(innerVal);\n\t\t\t\t\t\tvar innerVal = [3823,'spam','Ocorreu um erro ao tentar enviar sua mensagem. Tente novamente mais tarde.'];\n\t\t\t\t\t\tcontactform.push(innerVal);\n\t\t\t\t\t\tvar innerVal = [3823,'accept_terms','Voc&ecirc; deve aceitar os termos e condi&ccedil;&otilde;es antes de enviar sua mensagem.'];\n\t\t\t\t\t\tcontactform.push(innerVal);\n\t\t\t\t\t\tvar innerVal = [3823,'invalid_required','O campo &eacute; obrigat&oacute;rio.'];\n\t\t\t\t\t\tcontactform.push(innerVal);\n\t\t\t\t\t\tvar innerVal = [3823,'invalid_too_long','O campo &eacute; muito longo.'];\n\t\t\t\t\t\tcontactform.push(innerVal);\n\t\t\t\t\t\tvar innerVal = [3823,'invalid_too_short','O campo &eacute; muito curto.'];\n\t\t\t\t\t\tcontactform.push(innerVal);\n\t\t\t\t\t\tvar innerVal = [3823,'upload_failed','Ocorreu um erro desconhecido ao enviar o arquivo.'];\n\t\t\t\t\t\tcontactform.push(innerVal);\n\t\t\t\t\t\tvar innerVal = [3823,'upload_file_type_invalid','Voc&ecirc; n&atilde;o tem permiss&atilde;o para enviar esse tipo de arquivo.'];\n\t\t\t\t\t\tcontactform.push(innerVal);\n\t\t\t\t\t\tvar innerVal = [3823,'upload_file_too_large','O arquivo &eacute; muito grande.'];\n\t\t\t\t\t\tcontactform.push(innerVal);\n\t\t\t\t\t\tvar innerVal = [3823,'upload_failed_php_error','Ocorreu um erro ao enviar o arquivo.'];\n\t\t\t\t\t\tcontactform.push(innerVal);\n\t\t\t\t\t\tvar innerVal = [3823,'invalid_email','O endere&ccedil;o de e-mail informado &eacute; inv&aacute;lido.'];\n\t\t\t\t\t\tcontactform.push(innerVal);\n\t\t\t\t\t\tvar innerVal = [3823,'invalid_url','A URL &eacute; inv&aacute;lida.'];\n\t\t\t\t\t\tcontactform.push(innerVal);\n\t\t\t\t\t\tvar innerVal = [3823,'invalid_tel','O n&uacute;mero de telefone &eacute; inv&aacute;lido.'];\n\t\t\t\t\t\tcontactform.push(innerVal);\n\t\t\t\t\t\tvar innerVal = [3823,'invalid_date','O formato de data est&aacute; incorreto.'];\n\t\t\t\t\t\tcontactform.push(innerVal);\n\t\t\t\t\t\tvar innerVal = [3823,'date_too_early','A data &eacute; anterior &agrave; mais antiga permitida.'];\n\t\t\t\t\t\tcontactform.push(innerVal);\n\t\t\t\t\t\tvar innerVal = [3823,'date_too_late','A data &eacute; posterior &agrave; maior data permitida.'];\n\t\t\t\t\t\tcontactform.push(innerVal);\n\t\t\t\t\t\tvar innerVal = [3823,'invalid_number','O formato de n&uacute;mero &eacute; inv&aacute;lido.'];\n\t\t\t\t\t\tcontactform.push(innerVal);\n\t\t\t\t\t\tvar innerVal = [3823,'number_too_small','O n&uacute;mero &eacute; menor do que o m&iacute;nimo permitido.'];\n\t\t\t\t\t\tcontactform.push(innerVal);\n\t\t\t\t\t\tvar innerVal = [3823,'number_too_large','O n&uacute;mero &eacute; maior do que o m&aacute;ximo permitido.'];\n\t\t\t\t\t\tcontactform.push(innerVal);\n\t\t\t\t\t\tvar innerVal = [3823,'quiz_answer_not_correct','A resposta para o quiz est&aacute; incorreta.'];\n\t\t\t\t\t\tcontactform.push(innerVal);\n\t\t\t\t\t\tvar innerVal = [3823,'gdpr',''];\n\t\t\t\t\t\tcontactform.push(innerVal);\n\t\t\t\t\t\t<\/script><div class=\"wpcf7-response-output\" aria-hidden=\"true\"><\/div>\n<\/form>\n<\/div>\n[vc_empty_space alter_height=&#8221;huge&#8221; hide_on_mobile=&#8221;&#8221; css=&#8221;.vc_custom_1502563619056{margin-top: 1.95rem !important;}&#8221;][\/vc_column][\/vc_row]<\/p>\n<\/div>","protected":false},"excerpt":{"rendered":"<p>[vc_row][vc_column width=&#8221;1\/2&#8243; offset=&#8221;vc_col-sm-offset-3&#8243;][vc_empty_space height=&#8221;18px&#8221; hide_on_mobile=&#8221;&#8221; css=&#8221;.vc_custom_1534432785162{margin-top: 1.85rem !important;}&#8221;][vc_empty_space alter_height=&#8221;medium&#8221; hide_on_mobile=&#8221;&#8221; css=&#8221;.vc_custom_1502561344471{margin-top: 0.8rem !important;}&#8221;][vc_empty_space alter_height=&#8221;huge&#8221; hide_on_mobile=&#8221;&#8221; css=&#8221;.vc_custom_1502563619056{margin-top: 1.95rem !important;}&#8221;][\/vc_column][\/vc_row]<\/p>\n","protected":false},"author":1,"featured_media":0,"parent":0,"menu_order":0,"comment_status":"closed","ping_status":"closed","template":"","meta":{"give_campaign_id":0,"footnotes":""},"class_list":["post-1935","page","type-page","status-publish","hentry"],"yoast_head":"<!-- This site is optimized with the Yoast SEO plugin v27.2 - https:\/\/yoast.com\/product\/yoast-seo-wordpress\/ -->\n<title>PDF - \u00d3RF\u00c3OS DA ROM\u00caNIA - Instituto Gera\u00e7\u00e3o Amanh\u00e3<\/title>\n<meta name=\"robots\" content=\"noindex, follow, max-snippet:-1, max-image-preview:large, max-video-preview:-1\" \/>\n<meta property=\"og:locale\" content=\"pt_BR\" \/>\n<meta property=\"og:type\" content=\"article\" \/>\n<meta property=\"og:title\" content=\"PDF - \u00d3RF\u00c3OS DA ROM\u00caNIA - Instituto Gera\u00e7\u00e3o Amanh\u00e3\" \/>\n<meta property=\"og:description\" content=\"[vc_row][vc_column width=&#8221;1\/2&#8243; offset=&#8221;vc_col-sm-offset-3&#8243;][vc_empty_space height=&#8221;18px&#8221; hide_on_mobile=&#8221;&#8221; css=&#8221;.vc_custom_1534432785162{margin-top: 1.85rem !important;}&#8221;][vc_empty_space alter_height=&#8221;medium&#8221; hide_on_mobile=&#8221;&#8221; css=&#8221;.vc_custom_1502561344471{margin-top: 0.8rem !important;}&#8221;][vc_empty_space alter_height=&#8221;huge&#8221; hide_on_mobile=&#8221;&#8221; css=&#8221;.vc_custom_1502563619056{margin-top: 1.95rem !important;}&#8221;][\/vc_column][\/vc_row]\" \/>\n<meta property=\"og:url\" content=\"https:\/\/geracaoamanha.org.br\/teste\/pdf-orfaos-da-romenia\/\" \/>\n<meta property=\"og:site_name\" content=\"Instituto Gera\u00e7\u00e3o Amanh\u00e3\" \/>\n<meta name=\"twitter:card\" content=\"summary_large_image\" \/>\n<script type=\"application\/ld+json\" class=\"yoast-schema-graph\">{\"@context\":\"https:\/\/schema.org\",\"@graph\":[{\"@type\":\"WebPage\",\"@id\":\"https:\/\/geracaoamanha.org.br\/teste\/pdf-orfaos-da-romenia\/\",\"url\":\"https:\/\/geracaoamanha.org.br\/teste\/pdf-orfaos-da-romenia\/\",\"name\":\"PDF - \u00d3RF\u00c3OS DA ROM\u00caNIA - Instituto Gera\u00e7\u00e3o Amanh\u00e3\",\"isPartOf\":{\"@id\":\"https:\/\/geracaoamanha.org.br\/teste\/#website\"},\"datePublished\":\"2019-03-27T20:36:30+00:00\",\"breadcrumb\":{\"@id\":\"https:\/\/geracaoamanha.org.br\/teste\/pdf-orfaos-da-romenia\/#breadcrumb\"},\"inLanguage\":\"pt-BR\",\"potentialAction\":[{\"@type\":\"ReadAction\",\"target\":[\"https:\/\/geracaoamanha.org.br\/teste\/pdf-orfaos-da-romenia\/\"]}]},{\"@type\":\"BreadcrumbList\",\"@id\":\"https:\/\/geracaoamanha.org.br\/teste\/pdf-orfaos-da-romenia\/#breadcrumb\",\"itemListElement\":[{\"@type\":\"ListItem\",\"position\":1,\"name\":\"Home\",\"item\":\"https:\/\/geracaoamanha.org.br\/teste\/\"},{\"@type\":\"ListItem\",\"position\":2,\"name\":\"PDF &#8211; \u00d3RF\u00c3OS DA ROM\u00caNIA\"}]},{\"@type\":\"WebSite\",\"@id\":\"https:\/\/geracaoamanha.org.br\/teste\/#website\",\"url\":\"https:\/\/geracaoamanha.org.br\/teste\/\",\"name\":\"Instituto Gera\u00e7\u00e3o Amanh\u00e3\",\"description\":\"Tudo sobre acolhimento familiar e ado\u00e7\u00e3o\",\"potentialAction\":[{\"@type\":\"SearchAction\",\"target\":{\"@type\":\"EntryPoint\",\"urlTemplate\":\"https:\/\/geracaoamanha.org.br\/teste\/?s={search_term_string}\"},\"query-input\":{\"@type\":\"PropertyValueSpecification\",\"valueRequired\":true,\"valueName\":\"search_term_string\"}}],\"inLanguage\":\"pt-BR\"}]}<\/script>\n<!-- \/ Yoast SEO plugin. -->","yoast_head_json":{"title":"PDF - \u00d3RF\u00c3OS DA ROM\u00caNIA - Instituto Gera\u00e7\u00e3o Amanh\u00e3","robots":{"index":"noindex","follow":"follow","max-snippet":"max-snippet:-1","max-image-preview":"max-image-preview:large","max-video-preview":"max-video-preview:-1"},"og_locale":"pt_BR","og_type":"article","og_title":"PDF - \u00d3RF\u00c3OS DA ROM\u00caNIA - Instituto Gera\u00e7\u00e3o Amanh\u00e3","og_description":"[vc_row][vc_column width=&#8221;1\/2&#8243; offset=&#8221;vc_col-sm-offset-3&#8243;][vc_empty_space height=&#8221;18px&#8221; hide_on_mobile=&#8221;&#8221; css=&#8221;.vc_custom_1534432785162{margin-top: 1.85rem !important;}&#8221;][vc_empty_space alter_height=&#8221;medium&#8221; hide_on_mobile=&#8221;&#8221; css=&#8221;.vc_custom_1502561344471{margin-top: 0.8rem !important;}&#8221;][vc_empty_space alter_height=&#8221;huge&#8221; hide_on_mobile=&#8221;&#8221; css=&#8221;.vc_custom_1502563619056{margin-top: 1.95rem !important;}&#8221;][\/vc_column][\/vc_row]","og_url":"https:\/\/geracaoamanha.org.br\/teste\/pdf-orfaos-da-romenia\/","og_site_name":"Instituto Gera\u00e7\u00e3o Amanh\u00e3","twitter_card":"summary_large_image","schema":{"@context":"https:\/\/schema.org","@graph":[{"@type":"WebPage","@id":"https:\/\/geracaoamanha.org.br\/teste\/pdf-orfaos-da-romenia\/","url":"https:\/\/geracaoamanha.org.br\/teste\/pdf-orfaos-da-romenia\/","name":"PDF - \u00d3RF\u00c3OS DA ROM\u00caNIA - Instituto Gera\u00e7\u00e3o Amanh\u00e3","isPartOf":{"@id":"https:\/\/geracaoamanha.org.br\/teste\/#website"},"datePublished":"2019-03-27T20:36:30+00:00","breadcrumb":{"@id":"https:\/\/geracaoamanha.org.br\/teste\/pdf-orfaos-da-romenia\/#breadcrumb"},"inLanguage":"pt-BR","potentialAction":[{"@type":"ReadAction","target":["https:\/\/geracaoamanha.org.br\/teste\/pdf-orfaos-da-romenia\/"]}]},{"@type":"BreadcrumbList","@id":"https:\/\/geracaoamanha.org.br\/teste\/pdf-orfaos-da-romenia\/#breadcrumb","itemListElement":[{"@type":"ListItem","position":1,"name":"Home","item":"https:\/\/geracaoamanha.org.br\/teste\/"},{"@type":"ListItem","position":2,"name":"PDF &#8211; \u00d3RF\u00c3OS DA ROM\u00caNIA"}]},{"@type":"WebSite","@id":"https:\/\/geracaoamanha.org.br\/teste\/#website","url":"https:\/\/geracaoamanha.org.br\/teste\/","name":"Instituto Gera\u00e7\u00e3o Amanh\u00e3","description":"Tudo sobre acolhimento familiar e ado\u00e7\u00e3o","potentialAction":[{"@type":"SearchAction","target":{"@type":"EntryPoint","urlTemplate":"https:\/\/geracaoamanha.org.br\/teste\/?s={search_term_string}"},"query-input":{"@type":"PropertyValueSpecification","valueRequired":true,"valueName":"search_term_string"}}],"inLanguage":"pt-BR"}]}},"campaignId":"","_links":{"self":[{"href":"https:\/\/geracaoamanha.org.br\/teste\/wp-json\/wp\/v2\/pages\/1935","targetHints":{"allow":["GET"]}}],"collection":[{"href":"https:\/\/geracaoamanha.org.br\/teste\/wp-json\/wp\/v2\/pages"}],"about":[{"href":"https:\/\/geracaoamanha.org.br\/teste\/wp-json\/wp\/v2\/types\/page"}],"author":[{"embeddable":true,"href":"https:\/\/geracaoamanha.org.br\/teste\/wp-json\/wp\/v2\/users\/1"}],"replies":[{"embeddable":true,"href":"https:\/\/geracaoamanha.org.br\/teste\/wp-json\/wp\/v2\/comments?post=1935"}],"version-history":[{"count":0,"href":"https:\/\/geracaoamanha.org.br\/teste\/wp-json\/wp\/v2\/pages\/1935\/revisions"}],"wp:attachment":[{"href":"https:\/\/geracaoamanha.org.br\/teste\/wp-json\/wp\/v2\/media?parent=1935"}],"curies":[{"name":"wp","href":"https:\/\/api.w.org\/{rel}","templated":true}]}}